{"id":9848,"date":"2022-02-16T14:40:47","date_gmt":"2022-02-16T13:40:47","guid":{"rendered":"https:\/\/www.allinclusivehotels.it\/hotels-2\/des-bains"},"modified":"2022-08-02T12:23:41","modified_gmt":"2022-08-02T10:23:41","slug":"des-bains","status":"publish","type":"page","link":"https:\/\/www.allinclusivehotels.it\/fr\/hotels\/des-bains","title":{"rendered":"Des Bains"},"content":{"rendered":"\n<p>Id\u00e9alement situ\u00e9 <strong>\u00e0 deux pas de la mer <\/strong>et de la Piazza delle Fontane, l\u2019<b>Hotel Des Bains<\/b> r\u00e9serve \u00e0 ses clients un accueil chaleureux \u00e0 la hauteur de la r\u00e9putation de la Romagne.  Laissez votre voiture au garage et promenez-vous \u00e0 pied ou \u00e0 <strong>v\u00e9lo<\/strong> dans les rues du <b>centre de Cattolica<\/b>. Des v\u00e9los seront \u00e0 disposition tout au long de votre s\u00e9jour.<\/p>\n\n\n\n<p>Au Bagno 89 (notre <b>plage priv\u00e9e am\u00e9nag\u00e9e<\/b>) <b>un parasol et deux transats vous seront r\u00e9serv\u00e9s. <\/b>Vos enfants y trouveront aussi de nombreux jeux.  Situ\u00e9e \u00e0 proximit\u00e9 imm\u00e9diate du Bagno 89, la plage 90-93 est \u00e9quip\u00e9e d\u2019une piscine avec petit bassin.<\/p>\n\n\n\n<!--more-->\n\n\n\n<p>Bien manger est essentiel pour passer de bonnes vacances.  Commencez la journ\u00e9e avec un copieux petit-d\u00e9jeuner pour faire le plein d&#8217;\u00e9nergie : vous aurez acc\u00e8s tous les matins \u00e0 un g\u00e9n\u00e9reux buffet sur lequel vous trouverez des tartes et donuts faits maison et de nombreuses options sal\u00e9es. Le midi comme le soir, vous aurez le choix entre <b>trois menus\u00a0: un menu de viande, un menu de poisson et  un menu v\u00e9g\u00e9tarien<\/b>. Quel que soit votre choix, les <b>boissons sont incluses \u00e0 volont\u00e9<\/b>.<\/p>\n\n\n\n<p>L&#8217;h\u00f4tel a \u00e9t\u00e9 r\u00e9nov\u00e9 pendant l\u2019hiver 2021 ; le solarium a \u00e9t\u00e9 agrandi et 2 nouvelles <b>suites avec vue sur la mer<\/b> ont \u00e9t\u00e9 construites. Le <strong>bar avec <b>terrasse<\/b><\/strong><b> sur la promenade<\/b> en front de mer &#8211; un lieu unique \u00e0 Cattolica &#8211; est plus agr\u00e9able que jamais.<\/p>\n\n\n\n<p>Vos petits <b>animaux domestique<\/b><strong>s<\/strong> sont aussi les <b>bienvenus<\/b> \u00e0 l&#8217;h\u00f4tel.<\/p>\n","protected":false},"excerpt":{"rendered":"<p>Id\u00e9alement situ\u00e9 \u00e0 deux pas de la mer et de la Piazza delle Fontane, l\u2019Hotel &hellip;<\/p>\n","protected":false},"author":1,"featured_media":0,"parent":8241,"menu_order":0,"comment_status":"closed","ping_status":"closed","template":"page-templates\/scheda_hotel.php","meta":{"_acf_changed":false,"footnotes":""},"class_list":["post-9848","page","type-page","status-publish","hentry"],"acf":[],"yoast_head":"<!-- This site is optimized with the Yoast SEO plugin v27.0 - https:\/\/yoast.com\/product\/yoast-seo-wordpress\/ -->\n<title>Offres All Inclusive de l&#039;H\u00f4tel Des Bains \u00e0 Cattolica<\/title>\n<meta name=\"description\" content=\"Vacances tout compris en Italie? D\u00e9couvrez les forfaits All Inclusive de l&#039;H\u00f4tel Des Bains \u00e0 Cattolica sur la c\u00f4te Adriatique\" \/>\n<meta name=\"robots\" content=\"index, follow, max-snippet:-1, max-image-preview:large, max-video-preview:-1\" \/>\n<link rel=\"canonical\" href=\"https:\/\/www.allinclusivehotels.it\/fr\/hotels\/des-bains\" \/>\n<meta property=\"og:locale\" content=\"fr_FR\" \/>\n<meta property=\"og:type\" content=\"article\" \/>\n<meta property=\"og:title\" content=\"Offres All Inclusive de l&#039;H\u00f4tel Des Bains \u00e0 Cattolica\" \/>\n<meta property=\"og:description\" content=\"Vacances tout compris en Italie? D\u00e9couvrez les forfaits All Inclusive de l&#039;H\u00f4tel Des Bains \u00e0 Cattolica sur la c\u00f4te Adriatique\" \/>\n<meta property=\"og:url\" content=\"https:\/\/www.allinclusivehotels.it\/fr\/hotels\/des-bains\" \/>\n<meta property=\"og:site_name\" content=\"All Inclusive Hotels\" \/>\n<meta property=\"article:modified_time\" content=\"2022-08-02T10:23:41+00:00\" \/>\n<meta name=\"twitter:card\" content=\"summary_large_image\" \/>\n<meta name=\"twitter:label1\" content=\"Dur\u00e9e de lecture estim\u00e9e\" \/>\n\t<meta name=\"twitter:data1\" content=\"2 minutes\" \/>\n<script type=\"application\/ld+json\" class=\"yoast-schema-graph\">{\"@context\":\"https:\/\/schema.org\",\"@graph\":[{\"@type\":\"WebPage\",\"@id\":\"https:\/\/www.allinclusivehotels.it\/fr\/hotels\/des-bains\",\"url\":\"https:\/\/www.allinclusivehotels.it\/fr\/hotels\/des-bains\",\"name\":\"Offres All Inclusive de l'H\u00f4tel Des Bains \u00e0 Cattolica\",\"isPartOf\":{\"@id\":\"https:\/\/www.allinclusivehotels.it\/fr#website\"},\"datePublished\":\"2022-02-16T13:40:47+00:00\",\"dateModified\":\"2022-08-02T10:23:41+00:00\",\"description\":\"Vacances tout compris en Italie? D\u00e9couvrez les forfaits All Inclusive de l'H\u00f4tel Des Bains \u00e0 Cattolica sur la c\u00f4te Adriatique\",\"breadcrumb\":{\"@id\":\"https:\/\/www.allinclusivehotels.it\/fr\/hotels\/des-bains#breadcrumb\"},\"inLanguage\":\"fr-FR\",\"potentialAction\":[{\"@type\":\"ReadAction\",\"target\":[\"https:\/\/www.allinclusivehotels.it\/fr\/hotels\/des-bains\"]}]},{\"@type\":\"BreadcrumbList\",\"@id\":\"https:\/\/www.allinclusivehotels.it\/fr\/hotels\/des-bains#breadcrumb\",\"itemListElement\":[{\"@type\":\"ListItem\",\"position\":1,\"name\":\"Home\",\"item\":\"https:\/\/www.allinclusivehotels.it\/fr\"},{\"@type\":\"ListItem\",\"position\":2,\"name\":\"H\u00f4tels\",\"item\":\"https:\/\/www.allinclusivehotels.it\/fr\/hotels\"},{\"@type\":\"ListItem\",\"position\":3,\"name\":\"Des Bains\"}]},{\"@type\":\"WebSite\",\"@id\":\"https:\/\/www.allinclusivehotels.it\/fr#website\",\"url\":\"https:\/\/www.allinclusivehotels.it\/fr\",\"name\":\"All Inclusive Hotels\",\"description\":\"\",\"publisher\":{\"@id\":\"https:\/\/www.allinclusivehotels.it\/fr#organization\"},\"potentialAction\":[{\"@type\":\"SearchAction\",\"target\":{\"@type\":\"EntryPoint\",\"urlTemplate\":\"https:\/\/www.allinclusivehotels.it\/fr?s={search_term_string}\"},\"query-input\":{\"@type\":\"PropertyValueSpecification\",\"valueRequired\":true,\"valueName\":\"search_term_string\"}}],\"inLanguage\":\"fr-FR\"},{\"@type\":\"Organization\",\"@id\":\"https:\/\/www.allinclusivehotels.it\/fr#organization\",\"name\":\"All Inclusive Hotels\",\"url\":\"https:\/\/www.allinclusivehotels.it\/fr\",\"logo\":{\"@type\":\"ImageObject\",\"inLanguage\":\"fr-FR\",\"@id\":\"https:\/\/www.allinclusivehotels.it\/fr#\/schema\/logo\/image\/\",\"url\":\"\",\"contentUrl\":\"\",\"caption\":\"All Inclusive Hotels\"},\"image\":{\"@id\":\"https:\/\/www.allinclusivehotels.it\/fr#\/schema\/logo\/image\/\"}}]}<\/script>\n<!-- \/ Yoast SEO plugin. -->","yoast_head_json":{"title":"Offres All Inclusive de l'H\u00f4tel Des Bains \u00e0 Cattolica","description":"Vacances tout compris en Italie? D\u00e9couvrez les forfaits All Inclusive de l'H\u00f4tel Des Bains \u00e0 Cattolica sur la c\u00f4te Adriatique","robots":{"index":"index","follow":"follow","max-snippet":"max-snippet:-1","max-image-preview":"max-image-preview:large","max-video-preview":"max-video-preview:-1"},"canonical":"https:\/\/www.allinclusivehotels.it\/fr\/hotels\/des-bains","og_locale":"fr_FR","og_type":"article","og_title":"Offres All Inclusive de l'H\u00f4tel Des Bains \u00e0 Cattolica","og_description":"Vacances tout compris en Italie? D\u00e9couvrez les forfaits All Inclusive de l'H\u00f4tel Des Bains \u00e0 Cattolica sur la c\u00f4te Adriatique","og_url":"https:\/\/www.allinclusivehotels.it\/fr\/hotels\/des-bains","og_site_name":"All Inclusive Hotels","article_modified_time":"2022-08-02T10:23:41+00:00","twitter_card":"summary_large_image","twitter_misc":{"Dur\u00e9e de lecture estim\u00e9e":"2 minutes"},"schema":{"@context":"https:\/\/schema.org","@graph":[{"@type":"WebPage","@id":"https:\/\/www.allinclusivehotels.it\/fr\/hotels\/des-bains","url":"https:\/\/www.allinclusivehotels.it\/fr\/hotels\/des-bains","name":"Offres All Inclusive de l'H\u00f4tel Des Bains \u00e0 Cattolica","isPartOf":{"@id":"https:\/\/www.allinclusivehotels.it\/fr#website"},"datePublished":"2022-02-16T13:40:47+00:00","dateModified":"2022-08-02T10:23:41+00:00","description":"Vacances tout compris en Italie? D\u00e9couvrez les forfaits All Inclusive de l'H\u00f4tel Des Bains \u00e0 Cattolica sur la c\u00f4te Adriatique","breadcrumb":{"@id":"https:\/\/www.allinclusivehotels.it\/fr\/hotels\/des-bains#breadcrumb"},"inLanguage":"fr-FR","potentialAction":[{"@type":"ReadAction","target":["https:\/\/www.allinclusivehotels.it\/fr\/hotels\/des-bains"]}]},{"@type":"BreadcrumbList","@id":"https:\/\/www.allinclusivehotels.it\/fr\/hotels\/des-bains#breadcrumb","itemListElement":[{"@type":"ListItem","position":1,"name":"Home","item":"https:\/\/www.allinclusivehotels.it\/fr"},{"@type":"ListItem","position":2,"name":"H\u00f4tels","item":"https:\/\/www.allinclusivehotels.it\/fr\/hotels"},{"@type":"ListItem","position":3,"name":"Des Bains"}]},{"@type":"WebSite","@id":"https:\/\/www.allinclusivehotels.it\/fr#website","url":"https:\/\/www.allinclusivehotels.it\/fr","name":"All Inclusive Hotels","description":"","publisher":{"@id":"https:\/\/www.allinclusivehotels.it\/fr#organization"},"potentialAction":[{"@type":"SearchAction","target":{"@type":"EntryPoint","urlTemplate":"https:\/\/www.allinclusivehotels.it\/fr?s={search_term_string}"},"query-input":{"@type":"PropertyValueSpecification","valueRequired":true,"valueName":"search_term_string"}}],"inLanguage":"fr-FR"},{"@type":"Organization","@id":"https:\/\/www.allinclusivehotels.it\/fr#organization","name":"All Inclusive Hotels","url":"https:\/\/www.allinclusivehotels.it\/fr","logo":{"@type":"ImageObject","inLanguage":"fr-FR","@id":"https:\/\/www.allinclusivehotels.it\/fr#\/schema\/logo\/image\/","url":"","contentUrl":"","caption":"All Inclusive Hotels"},"image":{"@id":"https:\/\/www.allinclusivehotels.it\/fr#\/schema\/logo\/image\/"}}]}},"_links":{"self":[{"href":"https:\/\/www.allinclusivehotels.it\/fr\/wp-json\/wp\/v2\/pages\/9848","targetHints":{"allow":["GET"]}}],"collection":[{"href":"https:\/\/www.allinclusivehotels.it\/fr\/wp-json\/wp\/v2\/pages"}],"about":[{"href":"https:\/\/www.allinclusivehotels.it\/fr\/wp-json\/wp\/v2\/types\/page"}],"author":[{"embeddable":true,"href":"https:\/\/www.allinclusivehotels.it\/fr\/wp-json\/wp\/v2\/users\/1"}],"replies":[{"embeddable":true,"href":"https:\/\/www.allinclusivehotels.it\/fr\/wp-json\/wp\/v2\/comments?post=9848"}],"version-history":[{"count":6,"href":"https:\/\/www.allinclusivehotels.it\/fr\/wp-json\/wp\/v2\/pages\/9848\/revisions"}],"predecessor-version":[{"id":22416,"href":"https:\/\/www.allinclusivehotels.it\/fr\/wp-json\/wp\/v2\/pages\/9848\/revisions\/22416"}],"up":[{"embeddable":true,"href":"https:\/\/www.allinclusivehotels.it\/fr\/wp-json\/wp\/v2\/pages\/8241"}],"wp:attachment":[{"href":"https:\/\/www.allinclusivehotels.it\/fr\/wp-json\/wp\/v2\/media?parent=9848"}],"curies":[{"name":"wp","href":"https:\/\/api.w.org\/{rel}","templated":true}]}}