{"id":9801,"date":"2022-02-16T14:40:43","date_gmt":"2022-02-16T13:40:43","guid":{"rendered":"https:\/\/www.allinclusivehotels.it\/hotels-2\/club-hotel-ancora"},"modified":"2022-09-19T16:45:28","modified_gmt":"2022-09-19T14:45:28","slug":"club-hotel-ancora","status":"publish","type":"page","link":"https:\/\/www.allinclusivehotels.it\/fr\/hotels\/club-hotel-ancora","title":{"rendered":"Club Hotel Ancora"},"content":{"rendered":"\n<p>Le Club Hotel Ancora est un \u00e9tablissement d&#8217;exception situ\u00e9 au c\u0153ur d\u2019un <b>parc de plus de 10 000 m\u00e8tres carr\u00e9s<\/b>. Vous y aurez une vue imprenable sur le <b>Golfe d\u2019Asinara<\/b>. Un agr\u00e9able chemin vous conduira aussi jusqu\u2019\u00e0 la <b>plage priv\u00e9e am\u00e9nag\u00e9e<\/b>, o\u00f9 vous trouverez une <b>piscine<\/b>, pourrez prendre part \u00e0 de nombreuses <b>animations<\/b> et activit\u00e9s sportives ou partir pour de superbes excursions en bateau.<\/p>\n\n\n\n<!--more-->\n\n\n\n<p><b>La cuisine<\/b> du Club Hotel Ancora vous laissera sans voix<b>\u00a0<\/b>:<b> <\/b>notre chef s\u00e9lectionne les <b>meilleurs produits \u00e0  kilom\u00e8tre<\/b> 0 pour vous pr\u00e9parer une savoureuse cuisine en revisitant les sp\u00e9cialit\u00e9s r\u00e9gionales. \u00c0 chaque repas vous aurez acc\u00e8s \u00e0 un<b> buffet bien <\/b><strong>garni <\/strong>et pourrez vous r\u00e9galer avec des plats de qualit\u00e9. Le midi, vous pourrez vous accorder un plaisir simple en d\u00e9gustant une d\u00e9licieuse pizza (jusqu\u2019\u00e0 3 fois par semaine). Le soir vous pourrez vous r\u00e9galer avec des <strong>grillades <\/strong><b>de viandes et poissons<\/b>. Les plus gourmands ne doivent en aucun cas passer \u00e0 c\u00f4t\u00e9 de la cerise sur le g\u00e2teau : nos <b>p\u00e2tisseries<\/b>. De nombreux <b>repas \u00e9quilibr\u00e9s peuvent \u00eatre pr\u00e9par\u00e9s pour les enfants<\/b> qui pourront manger en compagnie de leurs animateurs pr\u00e9f\u00e9r\u00e9s. Notre personnel pendra soin de pr\u00e9parer des <b>plats sp\u00e9cifiques<\/b> pour les personnes souffrant d&#8217;<b>intol\u00e9rances alimentaires<\/b>. Ne manquez pas notre <b>soir\u00e9e Sarde<\/b>, un hommage aux saveurs et \u00e0 l\u2019artisanat de l&#8217;\u00eele.<\/p>\n","protected":false},"excerpt":{"rendered":"<p>Le Club Hotel Ancora est un \u00e9tablissement d&#8217;exception situ\u00e9 au c\u0153ur d\u2019un parc de plus &hellip;<\/p>\n","protected":false},"author":1,"featured_media":0,"parent":8241,"menu_order":0,"comment_status":"closed","ping_status":"closed","template":"page-templates\/scheda_hotel.php","meta":{"_acf_changed":false,"footnotes":""},"class_list":["post-9801","page","type-page","status-publish","hentry"],"acf":[],"yoast_head":"<!-- This site is optimized with the Yoast SEO plugin v27.0 - https:\/\/yoast.com\/product\/yoast-seo-wordpress\/ -->\n<title>Offres All Inclusive du Club H\u00f4tel Ancora en Sardaigne<\/title>\n<meta name=\"description\" content=\"Vacances tout compris en Italie? D\u00e9couvrez les forfaits All Inclusive du Club H\u00f4tel Ancora \u00e0 Stintino en Sardaigne\" \/>\n<meta name=\"robots\" content=\"index, follow, max-snippet:-1, max-image-preview:large, max-video-preview:-1\" \/>\n<link rel=\"canonical\" href=\"https:\/\/www.allinclusivehotels.it\/fr\/hotels\/club-hotel-ancora\" \/>\n<meta property=\"og:locale\" content=\"fr_FR\" \/>\n<meta property=\"og:type\" content=\"article\" \/>\n<meta property=\"og:title\" content=\"Offres All Inclusive du Club H\u00f4tel Ancora en Sardaigne\" \/>\n<meta property=\"og:description\" content=\"Vacances tout compris en Italie? D\u00e9couvrez les forfaits All Inclusive du Club H\u00f4tel Ancora \u00e0 Stintino en Sardaigne\" \/>\n<meta property=\"og:url\" content=\"https:\/\/www.allinclusivehotels.it\/fr\/hotels\/club-hotel-ancora\" \/>\n<meta property=\"og:site_name\" content=\"All Inclusive Hotels\" \/>\n<meta property=\"article:modified_time\" content=\"2022-09-19T14:45:28+00:00\" \/>\n<meta name=\"twitter:card\" content=\"summary_large_image\" \/>\n<meta name=\"twitter:label1\" content=\"Dur\u00e9e de lecture estim\u00e9e\" \/>\n\t<meta name=\"twitter:data1\" content=\"2 minutes\" \/>\n<script type=\"application\/ld+json\" class=\"yoast-schema-graph\">{\"@context\":\"https:\/\/schema.org\",\"@graph\":[{\"@type\":\"WebPage\",\"@id\":\"https:\/\/www.allinclusivehotels.it\/fr\/hotels\/club-hotel-ancora\",\"url\":\"https:\/\/www.allinclusivehotels.it\/fr\/hotels\/club-hotel-ancora\",\"name\":\"Offres All Inclusive du Club H\u00f4tel Ancora en Sardaigne\",\"isPartOf\":{\"@id\":\"https:\/\/www.allinclusivehotels.it\/fr#website\"},\"datePublished\":\"2022-02-16T13:40:43+00:00\",\"dateModified\":\"2022-09-19T14:45:28+00:00\",\"description\":\"Vacances tout compris en Italie? D\u00e9couvrez les forfaits All Inclusive du Club H\u00f4tel Ancora \u00e0 Stintino en Sardaigne\",\"breadcrumb\":{\"@id\":\"https:\/\/www.allinclusivehotels.it\/fr\/hotels\/club-hotel-ancora#breadcrumb\"},\"inLanguage\":\"fr-FR\",\"potentialAction\":[{\"@type\":\"ReadAction\",\"target\":[\"https:\/\/www.allinclusivehotels.it\/fr\/hotels\/club-hotel-ancora\"]}]},{\"@type\":\"BreadcrumbList\",\"@id\":\"https:\/\/www.allinclusivehotels.it\/fr\/hotels\/club-hotel-ancora#breadcrumb\",\"itemListElement\":[{\"@type\":\"ListItem\",\"position\":1,\"name\":\"Home\",\"item\":\"https:\/\/www.allinclusivehotels.it\/fr\"},{\"@type\":\"ListItem\",\"position\":2,\"name\":\"H\u00f4tels\",\"item\":\"https:\/\/www.allinclusivehotels.it\/fr\/hotels\"},{\"@type\":\"ListItem\",\"position\":3,\"name\":\"Club Hotel Ancora\"}]},{\"@type\":\"WebSite\",\"@id\":\"https:\/\/www.allinclusivehotels.it\/fr#website\",\"url\":\"https:\/\/www.allinclusivehotels.it\/fr\",\"name\":\"All Inclusive Hotels\",\"description\":\"\",\"publisher\":{\"@id\":\"https:\/\/www.allinclusivehotels.it\/fr#organization\"},\"potentialAction\":[{\"@type\":\"SearchAction\",\"target\":{\"@type\":\"EntryPoint\",\"urlTemplate\":\"https:\/\/www.allinclusivehotels.it\/fr?s={search_term_string}\"},\"query-input\":{\"@type\":\"PropertyValueSpecification\",\"valueRequired\":true,\"valueName\":\"search_term_string\"}}],\"inLanguage\":\"fr-FR\"},{\"@type\":\"Organization\",\"@id\":\"https:\/\/www.allinclusivehotels.it\/fr#organization\",\"name\":\"All Inclusive Hotels\",\"url\":\"https:\/\/www.allinclusivehotels.it\/fr\",\"logo\":{\"@type\":\"ImageObject\",\"inLanguage\":\"fr-FR\",\"@id\":\"https:\/\/www.allinclusivehotels.it\/fr#\/schema\/logo\/image\/\",\"url\":\"\",\"contentUrl\":\"\",\"caption\":\"All Inclusive Hotels\"},\"image\":{\"@id\":\"https:\/\/www.allinclusivehotels.it\/fr#\/schema\/logo\/image\/\"}}]}<\/script>\n<!-- \/ Yoast SEO plugin. -->","yoast_head_json":{"title":"Offres All Inclusive du Club H\u00f4tel Ancora en Sardaigne","description":"Vacances tout compris en Italie? D\u00e9couvrez les forfaits All Inclusive du Club H\u00f4tel Ancora \u00e0 Stintino en Sardaigne","robots":{"index":"index","follow":"follow","max-snippet":"max-snippet:-1","max-image-preview":"max-image-preview:large","max-video-preview":"max-video-preview:-1"},"canonical":"https:\/\/www.allinclusivehotels.it\/fr\/hotels\/club-hotel-ancora","og_locale":"fr_FR","og_type":"article","og_title":"Offres All Inclusive du Club H\u00f4tel Ancora en Sardaigne","og_description":"Vacances tout compris en Italie? D\u00e9couvrez les forfaits All Inclusive du Club H\u00f4tel Ancora \u00e0 Stintino en Sardaigne","og_url":"https:\/\/www.allinclusivehotels.it\/fr\/hotels\/club-hotel-ancora","og_site_name":"All Inclusive Hotels","article_modified_time":"2022-09-19T14:45:28+00:00","twitter_card":"summary_large_image","twitter_misc":{"Dur\u00e9e de lecture estim\u00e9e":"2 minutes"},"schema":{"@context":"https:\/\/schema.org","@graph":[{"@type":"WebPage","@id":"https:\/\/www.allinclusivehotels.it\/fr\/hotels\/club-hotel-ancora","url":"https:\/\/www.allinclusivehotels.it\/fr\/hotels\/club-hotel-ancora","name":"Offres All Inclusive du Club H\u00f4tel Ancora en Sardaigne","isPartOf":{"@id":"https:\/\/www.allinclusivehotels.it\/fr#website"},"datePublished":"2022-02-16T13:40:43+00:00","dateModified":"2022-09-19T14:45:28+00:00","description":"Vacances tout compris en Italie? D\u00e9couvrez les forfaits All Inclusive du Club H\u00f4tel Ancora \u00e0 Stintino en Sardaigne","breadcrumb":{"@id":"https:\/\/www.allinclusivehotels.it\/fr\/hotels\/club-hotel-ancora#breadcrumb"},"inLanguage":"fr-FR","potentialAction":[{"@type":"ReadAction","target":["https:\/\/www.allinclusivehotels.it\/fr\/hotels\/club-hotel-ancora"]}]},{"@type":"BreadcrumbList","@id":"https:\/\/www.allinclusivehotels.it\/fr\/hotels\/club-hotel-ancora#breadcrumb","itemListElement":[{"@type":"ListItem","position":1,"name":"Home","item":"https:\/\/www.allinclusivehotels.it\/fr"},{"@type":"ListItem","position":2,"name":"H\u00f4tels","item":"https:\/\/www.allinclusivehotels.it\/fr\/hotels"},{"@type":"ListItem","position":3,"name":"Club Hotel Ancora"}]},{"@type":"WebSite","@id":"https:\/\/www.allinclusivehotels.it\/fr#website","url":"https:\/\/www.allinclusivehotels.it\/fr","name":"All Inclusive Hotels","description":"","publisher":{"@id":"https:\/\/www.allinclusivehotels.it\/fr#organization"},"potentialAction":[{"@type":"SearchAction","target":{"@type":"EntryPoint","urlTemplate":"https:\/\/www.allinclusivehotels.it\/fr?s={search_term_string}"},"query-input":{"@type":"PropertyValueSpecification","valueRequired":true,"valueName":"search_term_string"}}],"inLanguage":"fr-FR"},{"@type":"Organization","@id":"https:\/\/www.allinclusivehotels.it\/fr#organization","name":"All Inclusive Hotels","url":"https:\/\/www.allinclusivehotels.it\/fr","logo":{"@type":"ImageObject","inLanguage":"fr-FR","@id":"https:\/\/www.allinclusivehotels.it\/fr#\/schema\/logo\/image\/","url":"","contentUrl":"","caption":"All Inclusive Hotels"},"image":{"@id":"https:\/\/www.allinclusivehotels.it\/fr#\/schema\/logo\/image\/"}}]}},"_links":{"self":[{"href":"https:\/\/www.allinclusivehotels.it\/fr\/wp-json\/wp\/v2\/pages\/9801","targetHints":{"allow":["GET"]}}],"collection":[{"href":"https:\/\/www.allinclusivehotels.it\/fr\/wp-json\/wp\/v2\/pages"}],"about":[{"href":"https:\/\/www.allinclusivehotels.it\/fr\/wp-json\/wp\/v2\/types\/page"}],"author":[{"embeddable":true,"href":"https:\/\/www.allinclusivehotels.it\/fr\/wp-json\/wp\/v2\/users\/1"}],"replies":[{"embeddable":true,"href":"https:\/\/www.allinclusivehotels.it\/fr\/wp-json\/wp\/v2\/comments?post=9801"}],"version-history":[{"count":6,"href":"https:\/\/www.allinclusivehotels.it\/fr\/wp-json\/wp\/v2\/pages\/9801\/revisions"}],"predecessor-version":[{"id":22933,"href":"https:\/\/www.allinclusivehotels.it\/fr\/wp-json\/wp\/v2\/pages\/9801\/revisions\/22933"}],"up":[{"embeddable":true,"href":"https:\/\/www.allinclusivehotels.it\/fr\/wp-json\/wp\/v2\/pages\/8241"}],"wp:attachment":[{"href":"https:\/\/www.allinclusivehotels.it\/fr\/wp-json\/wp\/v2\/media?parent=9801"}],"curies":[{"name":"wp","href":"https:\/\/api.w.org\/{rel}","templated":true}]}}