{"id":9778,"date":"2022-02-16T14:40:39","date_gmt":"2022-02-16T13:40:39","guid":{"rendered":"https:\/\/www.allinclusivehotels.it\/hotels-2\/hotel-garisenda"},"modified":"2023-02-01T16:57:58","modified_gmt":"2023-02-01T15:57:58","slug":"hotel-garisenda","status":"publish","type":"page","link":"https:\/\/www.allinclusivehotels.it\/fr\/hotels\/hotel-garisenda","title":{"rendered":"Hotel Garisenda"},"content":{"rendered":"\n<p>\u00c0 l&#8217;<b>Hotel Garisenda,<\/b> l&#8217;hospitalit\u00e9 est une affaire de famille depuis 1968. L&#8217;\u00e9tablissement se situe \u00e0 seulement <b>80 m\u00e8tres de la plage priv\u00e9e <\/b>o\u00f9 <b>un parasol et deux transats<\/b> vous sont r\u00e9serv\u00e9s. Vous aurez aussi acc\u00e8s \u00e0 la <b>piscine avec jacuzzi<\/b>. Notre \u00e9quipe d\u2019<b>animateurs <\/b>divertira vos enfants \u00e0 la plage comme \u00e0 l\u2019h\u00f4tel et organisera des activit\u00e9s vari\u00e9es apr\u00e8s les repas (notamment du baby dance). L&#8217;h\u00f4tel dispose de plusieurs aires de jeux, et vous trouverez des baby kit dans les chambres comme au restaurant.<\/p>\n\n\n\n<!--more-->\n\n\n\n<p>\u00c0 l\u2019h\u00f4tel vous trouvez de nombreux <strong>services sp\u00e9cifiques pour les familles<\/strong>, m\u00eame pour celles qui sont en vacances avec de <strong>tr\u00e8s jeunes<\/strong> <strong>enfants <\/strong>: dans la salle \u00e0 manger et dans la chambre, tout le n\u00e9cessaire pour voyager l\u00e9ger ; des <strong>plats <\/strong>et des <strong>bouillies <\/strong>personnalis\u00e9s selon les exigences des plus petits ; une <strong>aire de jeux color\u00e9e <\/strong>et s\u00fbre. En outre les chambres sont grandes, confortables et disponibles m\u00eame avec des <strong>espaces distincts<\/strong>.<\/p>\n\n\n\n<p>Le Garisenda a une <strong>terrasse <\/strong>et un <strong>espace ext\u00e9rieur<\/strong>, o\u00f9 vous pouvez vous d\u00e9tendre avec un ap\u00e9ritif ou un bon livre. Si vous souhaitez vous d\u00e9placer sur le territoire, l&#8217;h\u00f4tel met \u00e0 disposition les <strong>bicyclettes<\/strong>, m\u00eame avec des si\u00e8ges-enfants et de petits casques, et une <strong>remise pour votre v\u00e9lo de course ou votre VTT<\/strong>.<\/p>\n","protected":false},"excerpt":{"rendered":"<p>\u00c0 l&#8217;Hotel Garisenda, l&#8217;hospitalit\u00e9 est une affaire de famille depuis 1968. L&#8217;\u00e9tablissement se situe \u00e0 &hellip;<\/p>\n","protected":false},"author":1,"featured_media":0,"parent":8241,"menu_order":0,"comment_status":"closed","ping_status":"closed","template":"page-templates\/scheda_hotel.php","meta":{"_acf_changed":false,"footnotes":""},"class_list":["post-9778","page","type-page","status-publish","hentry"],"acf":[],"yoast_head":"<!-- This site is optimized with the Yoast SEO plugin v27.0 - https:\/\/yoast.com\/product\/yoast-seo-wordpress\/ -->\n<title>Offres All Inclusive de l&#039;H\u00f4tel Garisenda \u00e0 Misano<\/title>\n<meta name=\"description\" content=\"Vacances tout compris en Italie? D\u00e9couvrez les forfaits All Inclusive de l&#039;H\u00f4tel Garisenda \u00e0 Misano sur la c\u00f4te Adriatique !\" \/>\n<meta name=\"robots\" content=\"index, follow, max-snippet:-1, max-image-preview:large, max-video-preview:-1\" \/>\n<link rel=\"canonical\" href=\"https:\/\/www.allinclusivehotels.it\/fr\/hotels\/hotel-garisenda\" \/>\n<meta property=\"og:locale\" content=\"fr_FR\" \/>\n<meta property=\"og:type\" content=\"article\" \/>\n<meta property=\"og:title\" content=\"Offres All Inclusive de l&#039;H\u00f4tel Garisenda \u00e0 Misano\" \/>\n<meta property=\"og:description\" content=\"Vacances tout compris en Italie? D\u00e9couvrez les forfaits All Inclusive de l&#039;H\u00f4tel Garisenda \u00e0 Misano sur la c\u00f4te Adriatique !\" \/>\n<meta property=\"og:url\" content=\"https:\/\/www.allinclusivehotels.it\/fr\/hotels\/hotel-garisenda\" \/>\n<meta property=\"og:site_name\" content=\"All Inclusive Hotels\" \/>\n<meta property=\"article:modified_time\" content=\"2023-02-01T15:57:58+00:00\" \/>\n<meta name=\"twitter:card\" content=\"summary_large_image\" \/>\n<meta name=\"twitter:label1\" content=\"Dur\u00e9e de lecture estim\u00e9e\" \/>\n\t<meta name=\"twitter:data1\" content=\"2 minutes\" \/>\n<script type=\"application\/ld+json\" class=\"yoast-schema-graph\">{\"@context\":\"https:\/\/schema.org\",\"@graph\":[{\"@type\":\"WebPage\",\"@id\":\"https:\/\/www.allinclusivehotels.it\/fr\/hotels\/hotel-garisenda\",\"url\":\"https:\/\/www.allinclusivehotels.it\/fr\/hotels\/hotel-garisenda\",\"name\":\"Offres All Inclusive de l'H\u00f4tel Garisenda \u00e0 Misano\",\"isPartOf\":{\"@id\":\"https:\/\/www.allinclusivehotels.it\/fr#website\"},\"datePublished\":\"2022-02-16T13:40:39+00:00\",\"dateModified\":\"2023-02-01T15:57:58+00:00\",\"description\":\"Vacances tout compris en Italie? D\u00e9couvrez les forfaits All Inclusive de l'H\u00f4tel Garisenda \u00e0 Misano sur la c\u00f4te Adriatique !\",\"breadcrumb\":{\"@id\":\"https:\/\/www.allinclusivehotels.it\/fr\/hotels\/hotel-garisenda#breadcrumb\"},\"inLanguage\":\"fr-FR\",\"potentialAction\":[{\"@type\":\"ReadAction\",\"target\":[\"https:\/\/www.allinclusivehotels.it\/fr\/hotels\/hotel-garisenda\"]}]},{\"@type\":\"BreadcrumbList\",\"@id\":\"https:\/\/www.allinclusivehotels.it\/fr\/hotels\/hotel-garisenda#breadcrumb\",\"itemListElement\":[{\"@type\":\"ListItem\",\"position\":1,\"name\":\"Home\",\"item\":\"https:\/\/www.allinclusivehotels.it\/fr\"},{\"@type\":\"ListItem\",\"position\":2,\"name\":\"H\u00f4tels\",\"item\":\"https:\/\/www.allinclusivehotels.it\/fr\/hotels\"},{\"@type\":\"ListItem\",\"position\":3,\"name\":\"Hotel Garisenda\"}]},{\"@type\":\"WebSite\",\"@id\":\"https:\/\/www.allinclusivehotels.it\/fr#website\",\"url\":\"https:\/\/www.allinclusivehotels.it\/fr\",\"name\":\"All Inclusive Hotels\",\"description\":\"\",\"publisher\":{\"@id\":\"https:\/\/www.allinclusivehotels.it\/fr#organization\"},\"potentialAction\":[{\"@type\":\"SearchAction\",\"target\":{\"@type\":\"EntryPoint\",\"urlTemplate\":\"https:\/\/www.allinclusivehotels.it\/fr?s={search_term_string}\"},\"query-input\":{\"@type\":\"PropertyValueSpecification\",\"valueRequired\":true,\"valueName\":\"search_term_string\"}}],\"inLanguage\":\"fr-FR\"},{\"@type\":\"Organization\",\"@id\":\"https:\/\/www.allinclusivehotels.it\/fr#organization\",\"name\":\"All Inclusive Hotels\",\"url\":\"https:\/\/www.allinclusivehotels.it\/fr\",\"logo\":{\"@type\":\"ImageObject\",\"inLanguage\":\"fr-FR\",\"@id\":\"https:\/\/www.allinclusivehotels.it\/fr#\/schema\/logo\/image\/\",\"url\":\"\",\"contentUrl\":\"\",\"caption\":\"All Inclusive Hotels\"},\"image\":{\"@id\":\"https:\/\/www.allinclusivehotels.it\/fr#\/schema\/logo\/image\/\"}}]}<\/script>\n<!-- \/ Yoast SEO plugin. -->","yoast_head_json":{"title":"Offres All Inclusive de l'H\u00f4tel Garisenda \u00e0 Misano","description":"Vacances tout compris en Italie? D\u00e9couvrez les forfaits All Inclusive de l'H\u00f4tel Garisenda \u00e0 Misano sur la c\u00f4te Adriatique !","robots":{"index":"index","follow":"follow","max-snippet":"max-snippet:-1","max-image-preview":"max-image-preview:large","max-video-preview":"max-video-preview:-1"},"canonical":"https:\/\/www.allinclusivehotels.it\/fr\/hotels\/hotel-garisenda","og_locale":"fr_FR","og_type":"article","og_title":"Offres All Inclusive de l'H\u00f4tel Garisenda \u00e0 Misano","og_description":"Vacances tout compris en Italie? D\u00e9couvrez les forfaits All Inclusive de l'H\u00f4tel Garisenda \u00e0 Misano sur la c\u00f4te Adriatique !","og_url":"https:\/\/www.allinclusivehotels.it\/fr\/hotels\/hotel-garisenda","og_site_name":"All Inclusive Hotels","article_modified_time":"2023-02-01T15:57:58+00:00","twitter_card":"summary_large_image","twitter_misc":{"Dur\u00e9e de lecture estim\u00e9e":"2 minutes"},"schema":{"@context":"https:\/\/schema.org","@graph":[{"@type":"WebPage","@id":"https:\/\/www.allinclusivehotels.it\/fr\/hotels\/hotel-garisenda","url":"https:\/\/www.allinclusivehotels.it\/fr\/hotels\/hotel-garisenda","name":"Offres All Inclusive de l'H\u00f4tel Garisenda \u00e0 Misano","isPartOf":{"@id":"https:\/\/www.allinclusivehotels.it\/fr#website"},"datePublished":"2022-02-16T13:40:39+00:00","dateModified":"2023-02-01T15:57:58+00:00","description":"Vacances tout compris en Italie? D\u00e9couvrez les forfaits All Inclusive de l'H\u00f4tel Garisenda \u00e0 Misano sur la c\u00f4te Adriatique !","breadcrumb":{"@id":"https:\/\/www.allinclusivehotels.it\/fr\/hotels\/hotel-garisenda#breadcrumb"},"inLanguage":"fr-FR","potentialAction":[{"@type":"ReadAction","target":["https:\/\/www.allinclusivehotels.it\/fr\/hotels\/hotel-garisenda"]}]},{"@type":"BreadcrumbList","@id":"https:\/\/www.allinclusivehotels.it\/fr\/hotels\/hotel-garisenda#breadcrumb","itemListElement":[{"@type":"ListItem","position":1,"name":"Home","item":"https:\/\/www.allinclusivehotels.it\/fr"},{"@type":"ListItem","position":2,"name":"H\u00f4tels","item":"https:\/\/www.allinclusivehotels.it\/fr\/hotels"},{"@type":"ListItem","position":3,"name":"Hotel Garisenda"}]},{"@type":"WebSite","@id":"https:\/\/www.allinclusivehotels.it\/fr#website","url":"https:\/\/www.allinclusivehotels.it\/fr","name":"All Inclusive Hotels","description":"","publisher":{"@id":"https:\/\/www.allinclusivehotels.it\/fr#organization"},"potentialAction":[{"@type":"SearchAction","target":{"@type":"EntryPoint","urlTemplate":"https:\/\/www.allinclusivehotels.it\/fr?s={search_term_string}"},"query-input":{"@type":"PropertyValueSpecification","valueRequired":true,"valueName":"search_term_string"}}],"inLanguage":"fr-FR"},{"@type":"Organization","@id":"https:\/\/www.allinclusivehotels.it\/fr#organization","name":"All Inclusive Hotels","url":"https:\/\/www.allinclusivehotels.it\/fr","logo":{"@type":"ImageObject","inLanguage":"fr-FR","@id":"https:\/\/www.allinclusivehotels.it\/fr#\/schema\/logo\/image\/","url":"","contentUrl":"","caption":"All Inclusive Hotels"},"image":{"@id":"https:\/\/www.allinclusivehotels.it\/fr#\/schema\/logo\/image\/"}}]}},"_links":{"self":[{"href":"https:\/\/www.allinclusivehotels.it\/fr\/wp-json\/wp\/v2\/pages\/9778","targetHints":{"allow":["GET"]}}],"collection":[{"href":"https:\/\/www.allinclusivehotels.it\/fr\/wp-json\/wp\/v2\/pages"}],"about":[{"href":"https:\/\/www.allinclusivehotels.it\/fr\/wp-json\/wp\/v2\/types\/page"}],"author":[{"embeddable":true,"href":"https:\/\/www.allinclusivehotels.it\/fr\/wp-json\/wp\/v2\/users\/1"}],"replies":[{"embeddable":true,"href":"https:\/\/www.allinclusivehotels.it\/fr\/wp-json\/wp\/v2\/comments?post=9778"}],"version-history":[{"count":11,"href":"https:\/\/www.allinclusivehotels.it\/fr\/wp-json\/wp\/v2\/pages\/9778\/revisions"}],"predecessor-version":[{"id":24976,"href":"https:\/\/www.allinclusivehotels.it\/fr\/wp-json\/wp\/v2\/pages\/9778\/revisions\/24976"}],"up":[{"embeddable":true,"href":"https:\/\/www.allinclusivehotels.it\/fr\/wp-json\/wp\/v2\/pages\/8241"}],"wp:attachment":[{"href":"https:\/\/www.allinclusivehotels.it\/fr\/wp-json\/wp\/v2\/media?parent=9778"}],"curies":[{"name":"wp","href":"https:\/\/api.w.org\/{rel}","templated":true}]}}