{"id":9658,"date":"2022-02-16T14:40:30","date_gmt":"2022-02-16T13:40:30","guid":{"rendered":"https:\/\/www.allinclusivehotels.it\/hotels-2\/hotel-helios"},"modified":"2022-08-03T12:03:25","modified_gmt":"2022-08-03T10:03:25","slug":"hotel-helios","status":"publish","type":"page","link":"https:\/\/www.allinclusivehotels.it\/fr\/hotels\/hotel-helios","title":{"rendered":"Hotel Helios"},"content":{"rendered":"\n<p>Situ\u00e9 <strong>en bord de mer, dans une zone tranquille \u00e0 proximit\u00e9 des thermes de Riccione<\/strong>, l\u2019<b>h\u00f4tel Helios<\/b> est un \u00e9tablissement familial qui r\u00e9serve \u00e0 ses clients un accueil chaleureux tout en leur proposant <b>les services d\u2019un village <\/b><strong>de vacances<\/strong>.<b> <\/b>Depuis l&#8217;h\u00f4tel, vous pourrez facilement rejoindre le Viale Ceccarini et vous rendre sur la plage priv\u00e9e o\u00f9 vous sont r\u00e9serv\u00e9s <b>un parasol et deux transats<\/b>. Si vous pr\u00e9f\u00e9rez les espaces verts \u00e0 la plage, vous pourrez vous d\u00e9tendre dans notre <b>grand jardin<\/b> cl\u00f4tur\u00e9. Vos enfants adoreront s&#8217;amuser dans les structures gonflables qui s&#8217;y trouvent.<\/p>\n\n\n\n<!--more-->\n\n\n\n<p>Vous voyagez en famille\u00a0? N&#8217;emportez que vos v\u00eatements, vous trouverez tout ce dont vous avez besoin directement \u00e0 l&#8217;h\u00f4tel\u00a0: <b>services pour b\u00e9b\u00e9s<\/b> en chambre comme au restaurant, <b>poussettes et v\u00e9los<\/b> <strong>avec si\u00e8ge enfant<\/strong>, <b>coin <\/b><strong>cuisine<\/strong><b> <\/b>pour pr\u00e9parer les repas de vos b\u00e9b\u00e9s, <b>p\u00e9diatre<\/b> et <b>animation<\/b><strong>s<\/strong> \u00e0 la plage et \u00e0 l\u2019h\u00f4tel\u00a0!<\/p>\n\n\n\n<p>\u00c0 l\u2019Hotel Helios vous passerez des vacances sous le signe de la <strong>gourmandise<\/strong>. Les repas vous seront servis \u00e0 horaires flexibles et le personnel de l&#8217;h\u00f4tel s&#8217;adaptera \u00e0 vos <b>intol\u00e9rances alimentaires<\/b>. Pour bien commencer la journ\u00e9e, vous pourrez vous r\u00e9galer avec un copieux petit-d\u00e9jeuner sucr\u00e9 ou sal\u00e9. Au d\u00e9jeuner comme au d\u00eener, vous pourrez go\u00fbter des sp\u00e9cialit\u00e9s romagnoles. Vous appr\u00e9cierez aussi nos <b>soir\u00e9es gastronomiques \u00e0 th<\/b><strong>\u00e8mes<\/strong>\u00a0et pourrez <b>r\u00e9server un d\u00e9licieux pique-nique<\/b> \u00e0 d\u00e9guster \u00e0 l&#8217;ombre d&#8217;un parasol. <\/p>\n","protected":false},"excerpt":{"rendered":"<p>Situ\u00e9 en bord de mer, dans une zone tranquille \u00e0 proximit\u00e9 des thermes de Riccione, &hellip;<\/p>\n","protected":false},"author":1,"featured_media":0,"parent":8241,"menu_order":0,"comment_status":"closed","ping_status":"closed","template":"page-templates\/scheda_hotel.php","meta":{"_acf_changed":false,"footnotes":""},"class_list":["post-9658","page","type-page","status-publish","hentry"],"acf":[],"yoast_head":"<!-- This site is optimized with the Yoast SEO plugin v27.0 - https:\/\/yoast.com\/product\/yoast-seo-wordpress\/ -->\n<title>Offres All Inclusive de l&#039;H\u00f4tel Helios \u00e0 Riccione<\/title>\n<meta name=\"description\" content=\"Vacances tout compris en Italie? D\u00e9couvrez les forfaits All Inclusive de l&#039;H\u00f4tel Helios \u00e0 Riccione sur la c\u00f4te Adriatique !\" \/>\n<meta name=\"robots\" content=\"index, follow, max-snippet:-1, max-image-preview:large, max-video-preview:-1\" \/>\n<link rel=\"canonical\" href=\"https:\/\/www.allinclusivehotels.it\/fr\/hotels\/hotel-helios\" \/>\n<meta property=\"og:locale\" content=\"fr_FR\" \/>\n<meta property=\"og:type\" content=\"article\" \/>\n<meta property=\"og:title\" content=\"Offres All Inclusive de l&#039;H\u00f4tel Helios \u00e0 Riccione\" \/>\n<meta property=\"og:description\" content=\"Vacances tout compris en Italie? D\u00e9couvrez les forfaits All Inclusive de l&#039;H\u00f4tel Helios \u00e0 Riccione sur la c\u00f4te Adriatique !\" \/>\n<meta property=\"og:url\" content=\"https:\/\/www.allinclusivehotels.it\/fr\/hotels\/hotel-helios\" \/>\n<meta property=\"og:site_name\" content=\"All Inclusive Hotels\" \/>\n<meta property=\"article:modified_time\" content=\"2022-08-03T10:03:25+00:00\" \/>\n<meta name=\"twitter:card\" content=\"summary_large_image\" \/>\n<meta name=\"twitter:label1\" content=\"Dur\u00e9e de lecture estim\u00e9e\" \/>\n\t<meta name=\"twitter:data1\" content=\"2 minutes\" \/>\n<script type=\"application\/ld+json\" class=\"yoast-schema-graph\">{\"@context\":\"https:\/\/schema.org\",\"@graph\":[{\"@type\":\"WebPage\",\"@id\":\"https:\/\/www.allinclusivehotels.it\/fr\/hotels\/hotel-helios\",\"url\":\"https:\/\/www.allinclusivehotels.it\/fr\/hotels\/hotel-helios\",\"name\":\"Offres All Inclusive de l'H\u00f4tel Helios \u00e0 Riccione\",\"isPartOf\":{\"@id\":\"https:\/\/www.allinclusivehotels.it\/fr#website\"},\"datePublished\":\"2022-02-16T13:40:30+00:00\",\"dateModified\":\"2022-08-03T10:03:25+00:00\",\"description\":\"Vacances tout compris en Italie? D\u00e9couvrez les forfaits All Inclusive de l'H\u00f4tel Helios \u00e0 Riccione sur la c\u00f4te Adriatique !\",\"breadcrumb\":{\"@id\":\"https:\/\/www.allinclusivehotels.it\/fr\/hotels\/hotel-helios#breadcrumb\"},\"inLanguage\":\"fr-FR\",\"potentialAction\":[{\"@type\":\"ReadAction\",\"target\":[\"https:\/\/www.allinclusivehotels.it\/fr\/hotels\/hotel-helios\"]}]},{\"@type\":\"BreadcrumbList\",\"@id\":\"https:\/\/www.allinclusivehotels.it\/fr\/hotels\/hotel-helios#breadcrumb\",\"itemListElement\":[{\"@type\":\"ListItem\",\"position\":1,\"name\":\"Home\",\"item\":\"https:\/\/www.allinclusivehotels.it\/fr\"},{\"@type\":\"ListItem\",\"position\":2,\"name\":\"H\u00f4tels\",\"item\":\"https:\/\/www.allinclusivehotels.it\/fr\/hotels\"},{\"@type\":\"ListItem\",\"position\":3,\"name\":\"Hotel Helios\"}]},{\"@type\":\"WebSite\",\"@id\":\"https:\/\/www.allinclusivehotels.it\/fr#website\",\"url\":\"https:\/\/www.allinclusivehotels.it\/fr\",\"name\":\"All Inclusive Hotels\",\"description\":\"\",\"publisher\":{\"@id\":\"https:\/\/www.allinclusivehotels.it\/fr#organization\"},\"potentialAction\":[{\"@type\":\"SearchAction\",\"target\":{\"@type\":\"EntryPoint\",\"urlTemplate\":\"https:\/\/www.allinclusivehotels.it\/fr?s={search_term_string}\"},\"query-input\":{\"@type\":\"PropertyValueSpecification\",\"valueRequired\":true,\"valueName\":\"search_term_string\"}}],\"inLanguage\":\"fr-FR\"},{\"@type\":\"Organization\",\"@id\":\"https:\/\/www.allinclusivehotels.it\/fr#organization\",\"name\":\"All Inclusive Hotels\",\"url\":\"https:\/\/www.allinclusivehotels.it\/fr\",\"logo\":{\"@type\":\"ImageObject\",\"inLanguage\":\"fr-FR\",\"@id\":\"https:\/\/www.allinclusivehotels.it\/fr#\/schema\/logo\/image\/\",\"url\":\"\",\"contentUrl\":\"\",\"caption\":\"All Inclusive Hotels\"},\"image\":{\"@id\":\"https:\/\/www.allinclusivehotels.it\/fr#\/schema\/logo\/image\/\"}}]}<\/script>\n<!-- \/ Yoast SEO plugin. -->","yoast_head_json":{"title":"Offres All Inclusive de l'H\u00f4tel Helios \u00e0 Riccione","description":"Vacances tout compris en Italie? D\u00e9couvrez les forfaits All Inclusive de l'H\u00f4tel Helios \u00e0 Riccione sur la c\u00f4te Adriatique !","robots":{"index":"index","follow":"follow","max-snippet":"max-snippet:-1","max-image-preview":"max-image-preview:large","max-video-preview":"max-video-preview:-1"},"canonical":"https:\/\/www.allinclusivehotels.it\/fr\/hotels\/hotel-helios","og_locale":"fr_FR","og_type":"article","og_title":"Offres All Inclusive de l'H\u00f4tel Helios \u00e0 Riccione","og_description":"Vacances tout compris en Italie? D\u00e9couvrez les forfaits All Inclusive de l'H\u00f4tel Helios \u00e0 Riccione sur la c\u00f4te Adriatique !","og_url":"https:\/\/www.allinclusivehotels.it\/fr\/hotels\/hotel-helios","og_site_name":"All Inclusive Hotels","article_modified_time":"2022-08-03T10:03:25+00:00","twitter_card":"summary_large_image","twitter_misc":{"Dur\u00e9e de lecture estim\u00e9e":"2 minutes"},"schema":{"@context":"https:\/\/schema.org","@graph":[{"@type":"WebPage","@id":"https:\/\/www.allinclusivehotels.it\/fr\/hotels\/hotel-helios","url":"https:\/\/www.allinclusivehotels.it\/fr\/hotels\/hotel-helios","name":"Offres All Inclusive de l'H\u00f4tel Helios \u00e0 Riccione","isPartOf":{"@id":"https:\/\/www.allinclusivehotels.it\/fr#website"},"datePublished":"2022-02-16T13:40:30+00:00","dateModified":"2022-08-03T10:03:25+00:00","description":"Vacances tout compris en Italie? D\u00e9couvrez les forfaits All Inclusive de l'H\u00f4tel Helios \u00e0 Riccione sur la c\u00f4te Adriatique !","breadcrumb":{"@id":"https:\/\/www.allinclusivehotels.it\/fr\/hotels\/hotel-helios#breadcrumb"},"inLanguage":"fr-FR","potentialAction":[{"@type":"ReadAction","target":["https:\/\/www.allinclusivehotels.it\/fr\/hotels\/hotel-helios"]}]},{"@type":"BreadcrumbList","@id":"https:\/\/www.allinclusivehotels.it\/fr\/hotels\/hotel-helios#breadcrumb","itemListElement":[{"@type":"ListItem","position":1,"name":"Home","item":"https:\/\/www.allinclusivehotels.it\/fr"},{"@type":"ListItem","position":2,"name":"H\u00f4tels","item":"https:\/\/www.allinclusivehotels.it\/fr\/hotels"},{"@type":"ListItem","position":3,"name":"Hotel Helios"}]},{"@type":"WebSite","@id":"https:\/\/www.allinclusivehotels.it\/fr#website","url":"https:\/\/www.allinclusivehotels.it\/fr","name":"All Inclusive Hotels","description":"","publisher":{"@id":"https:\/\/www.allinclusivehotels.it\/fr#organization"},"potentialAction":[{"@type":"SearchAction","target":{"@type":"EntryPoint","urlTemplate":"https:\/\/www.allinclusivehotels.it\/fr?s={search_term_string}"},"query-input":{"@type":"PropertyValueSpecification","valueRequired":true,"valueName":"search_term_string"}}],"inLanguage":"fr-FR"},{"@type":"Organization","@id":"https:\/\/www.allinclusivehotels.it\/fr#organization","name":"All Inclusive Hotels","url":"https:\/\/www.allinclusivehotels.it\/fr","logo":{"@type":"ImageObject","inLanguage":"fr-FR","@id":"https:\/\/www.allinclusivehotels.it\/fr#\/schema\/logo\/image\/","url":"","contentUrl":"","caption":"All Inclusive Hotels"},"image":{"@id":"https:\/\/www.allinclusivehotels.it\/fr#\/schema\/logo\/image\/"}}]}},"_links":{"self":[{"href":"https:\/\/www.allinclusivehotels.it\/fr\/wp-json\/wp\/v2\/pages\/9658","targetHints":{"allow":["GET"]}}],"collection":[{"href":"https:\/\/www.allinclusivehotels.it\/fr\/wp-json\/wp\/v2\/pages"}],"about":[{"href":"https:\/\/www.allinclusivehotels.it\/fr\/wp-json\/wp\/v2\/types\/page"}],"author":[{"embeddable":true,"href":"https:\/\/www.allinclusivehotels.it\/fr\/wp-json\/wp\/v2\/users\/1"}],"replies":[{"embeddable":true,"href":"https:\/\/www.allinclusivehotels.it\/fr\/wp-json\/wp\/v2\/comments?post=9658"}],"version-history":[{"count":6,"href":"https:\/\/www.allinclusivehotels.it\/fr\/wp-json\/wp\/v2\/pages\/9658\/revisions"}],"predecessor-version":[{"id":22541,"href":"https:\/\/www.allinclusivehotels.it\/fr\/wp-json\/wp\/v2\/pages\/9658\/revisions\/22541"}],"up":[{"embeddable":true,"href":"https:\/\/www.allinclusivehotels.it\/fr\/wp-json\/wp\/v2\/pages\/8241"}],"wp:attachment":[{"href":"https:\/\/www.allinclusivehotels.it\/fr\/wp-json\/wp\/v2\/media?parent=9658"}],"curies":[{"name":"wp","href":"https:\/\/api.w.org\/{rel}","templated":true}]}}