{"id":9477,"date":"2022-02-16T14:39:57","date_gmt":"2022-02-16T13:39:57","guid":{"rendered":"https:\/\/www.allinclusivehotels.it\/offerte-all-inclusive\/venetie"},"modified":"2022-04-19T18:06:35","modified_gmt":"2022-04-19T16:06:35","slug":"venetie","status":"publish","type":"page","link":"https:\/\/www.allinclusivehotels.it\/fr\/offres-all-inclusive\/venetie","title":{"rendered":"V\u00e9n\u00e9tie"},"content":{"rendered":"\n<p>Les raisons de choisir une de nos <b>offres All Inclusive V\u00e9n\u00e9tie sont innombrables<\/b>. Le lac de Garde, les belles plages priv\u00e9es de Jesolo, Bibione et Caorle, les Dolomites \u2013 patrimoine de l\u2019Unesco \u00e0 arpenter en toute saison \u2013, les villes d\u2019art comme Venise et Padoue, l\u2019excellence gastronomique\u2026 Venez les d\u00e9couvrir&nbsp;!<\/p>\n","protected":false},"excerpt":{"rendered":"<p>Les raisons de choisir une de nos offres All Inclusive V\u00e9n\u00e9tie sont innombrables. Le lac &hellip;<\/p>\n","protected":false},"author":1,"featured_media":0,"parent":9517,"menu_order":0,"comment_status":"closed","ping_status":"closed","template":"page-templates\/offerte_destinazione.php","meta":{"_acf_changed":false,"footnotes":""},"class_list":["post-9477","page","type-page","status-publish","hentry"],"acf":[],"yoast_head":"<!-- This site is optimized with the Yoast SEO plugin v27.0 - https:\/\/yoast.com\/product\/yoast-seo-wordpress\/ -->\n<title>Forfaits vacances en V\u00e9n\u00e9tie | Offres H\u00f4tels All Inclusive Italie<\/title>\n<meta name=\"description\" content=\"Cherchez-vous des offres vacances tout compris en V\u00e9n\u00e9tie? Consultez les meilleures et choisissez celle qui vous convient!\" \/>\n<meta name=\"robots\" content=\"index, follow, max-snippet:-1, max-image-preview:large, max-video-preview:-1\" \/>\n<link rel=\"canonical\" href=\"https:\/\/www.allinclusivehotels.it\/fr\/offres-all-inclusive\/venetie\" \/>\n<meta property=\"og:locale\" content=\"fr_FR\" \/>\n<meta property=\"og:type\" content=\"article\" \/>\n<meta property=\"og:title\" content=\"Forfaits vacances en V\u00e9n\u00e9tie | Offres H\u00f4tels All Inclusive Italie\" \/>\n<meta property=\"og:description\" content=\"Cherchez-vous des offres vacances tout compris en V\u00e9n\u00e9tie? Consultez les meilleures et choisissez celle qui vous convient!\" \/>\n<meta property=\"og:url\" content=\"https:\/\/www.allinclusivehotels.it\/fr\/offres-all-inclusive\/venetie\" \/>\n<meta property=\"og:site_name\" content=\"All Inclusive Hotels\" \/>\n<meta property=\"article:modified_time\" content=\"2022-04-19T16:06:35+00:00\" \/>\n<meta name=\"twitter:card\" content=\"summary_large_image\" \/>\n<meta name=\"twitter:label1\" content=\"Dur\u00e9e de lecture estim\u00e9e\" \/>\n\t<meta name=\"twitter:data1\" content=\"1 minute\" \/>\n<script type=\"application\/ld+json\" class=\"yoast-schema-graph\">{\"@context\":\"https:\/\/schema.org\",\"@graph\":[{\"@type\":\"WebPage\",\"@id\":\"https:\/\/www.allinclusivehotels.it\/fr\/offres-all-inclusive\/venetie\",\"url\":\"https:\/\/www.allinclusivehotels.it\/fr\/offres-all-inclusive\/venetie\",\"name\":\"Forfaits vacances en V\u00e9n\u00e9tie | Offres H\u00f4tels All Inclusive Italie\",\"isPartOf\":{\"@id\":\"https:\/\/www.allinclusivehotels.it\/fr#website\"},\"datePublished\":\"2022-02-16T13:39:57+00:00\",\"dateModified\":\"2022-04-19T16:06:35+00:00\",\"description\":\"Cherchez-vous des offres vacances tout compris en V\u00e9n\u00e9tie? Consultez les meilleures et choisissez celle qui vous convient!\",\"breadcrumb\":{\"@id\":\"https:\/\/www.allinclusivehotels.it\/fr\/offres-all-inclusive\/venetie#breadcrumb\"},\"inLanguage\":\"fr-FR\",\"potentialAction\":[{\"@type\":\"ReadAction\",\"target\":[\"https:\/\/www.allinclusivehotels.it\/fr\/offres-all-inclusive\/venetie\"]}]},{\"@type\":\"BreadcrumbList\",\"@id\":\"https:\/\/www.allinclusivehotels.it\/fr\/offres-all-inclusive\/venetie#breadcrumb\",\"itemListElement\":[{\"@type\":\"ListItem\",\"position\":1,\"name\":\"Home\",\"item\":\"https:\/\/www.allinclusivehotels.it\/fr\"},{\"@type\":\"ListItem\",\"position\":2,\"name\":\"Offres All Inclusive\",\"item\":\"https:\/\/www.allinclusivehotels.it\/fr\/offres-all-inclusive\"},{\"@type\":\"ListItem\",\"position\":3,\"name\":\"V\u00e9n\u00e9tie\"}]},{\"@type\":\"WebSite\",\"@id\":\"https:\/\/www.allinclusivehotels.it\/fr#website\",\"url\":\"https:\/\/www.allinclusivehotels.it\/fr\",\"name\":\"All Inclusive Hotels\",\"description\":\"\",\"publisher\":{\"@id\":\"https:\/\/www.allinclusivehotels.it\/fr#organization\"},\"potentialAction\":[{\"@type\":\"SearchAction\",\"target\":{\"@type\":\"EntryPoint\",\"urlTemplate\":\"https:\/\/www.allinclusivehotels.it\/fr?s={search_term_string}\"},\"query-input\":{\"@type\":\"PropertyValueSpecification\",\"valueRequired\":true,\"valueName\":\"search_term_string\"}}],\"inLanguage\":\"fr-FR\"},{\"@type\":\"Organization\",\"@id\":\"https:\/\/www.allinclusivehotels.it\/fr#organization\",\"name\":\"All Inclusive Hotels\",\"url\":\"https:\/\/www.allinclusivehotels.it\/fr\",\"logo\":{\"@type\":\"ImageObject\",\"inLanguage\":\"fr-FR\",\"@id\":\"https:\/\/www.allinclusivehotels.it\/fr#\/schema\/logo\/image\/\",\"url\":\"\",\"contentUrl\":\"\",\"caption\":\"All Inclusive Hotels\"},\"image\":{\"@id\":\"https:\/\/www.allinclusivehotels.it\/fr#\/schema\/logo\/image\/\"}}]}<\/script>\n<!-- \/ Yoast SEO plugin. -->","yoast_head_json":{"title":"Forfaits vacances en V\u00e9n\u00e9tie | Offres H\u00f4tels All Inclusive Italie","description":"Cherchez-vous des offres vacances tout compris en V\u00e9n\u00e9tie? Consultez les meilleures et choisissez celle qui vous convient!","robots":{"index":"index","follow":"follow","max-snippet":"max-snippet:-1","max-image-preview":"max-image-preview:large","max-video-preview":"max-video-preview:-1"},"canonical":"https:\/\/www.allinclusivehotels.it\/fr\/offres-all-inclusive\/venetie","og_locale":"fr_FR","og_type":"article","og_title":"Forfaits vacances en V\u00e9n\u00e9tie | Offres H\u00f4tels All Inclusive Italie","og_description":"Cherchez-vous des offres vacances tout compris en V\u00e9n\u00e9tie? Consultez les meilleures et choisissez celle qui vous convient!","og_url":"https:\/\/www.allinclusivehotels.it\/fr\/offres-all-inclusive\/venetie","og_site_name":"All Inclusive Hotels","article_modified_time":"2022-04-19T16:06:35+00:00","twitter_card":"summary_large_image","twitter_misc":{"Dur\u00e9e de lecture estim\u00e9e":"1 minute"},"schema":{"@context":"https:\/\/schema.org","@graph":[{"@type":"WebPage","@id":"https:\/\/www.allinclusivehotels.it\/fr\/offres-all-inclusive\/venetie","url":"https:\/\/www.allinclusivehotels.it\/fr\/offres-all-inclusive\/venetie","name":"Forfaits vacances en V\u00e9n\u00e9tie | Offres H\u00f4tels All Inclusive Italie","isPartOf":{"@id":"https:\/\/www.allinclusivehotels.it\/fr#website"},"datePublished":"2022-02-16T13:39:57+00:00","dateModified":"2022-04-19T16:06:35+00:00","description":"Cherchez-vous des offres vacances tout compris en V\u00e9n\u00e9tie? Consultez les meilleures et choisissez celle qui vous convient!","breadcrumb":{"@id":"https:\/\/www.allinclusivehotels.it\/fr\/offres-all-inclusive\/venetie#breadcrumb"},"inLanguage":"fr-FR","potentialAction":[{"@type":"ReadAction","target":["https:\/\/www.allinclusivehotels.it\/fr\/offres-all-inclusive\/venetie"]}]},{"@type":"BreadcrumbList","@id":"https:\/\/www.allinclusivehotels.it\/fr\/offres-all-inclusive\/venetie#breadcrumb","itemListElement":[{"@type":"ListItem","position":1,"name":"Home","item":"https:\/\/www.allinclusivehotels.it\/fr"},{"@type":"ListItem","position":2,"name":"Offres All Inclusive","item":"https:\/\/www.allinclusivehotels.it\/fr\/offres-all-inclusive"},{"@type":"ListItem","position":3,"name":"V\u00e9n\u00e9tie"}]},{"@type":"WebSite","@id":"https:\/\/www.allinclusivehotels.it\/fr#website","url":"https:\/\/www.allinclusivehotels.it\/fr","name":"All Inclusive Hotels","description":"","publisher":{"@id":"https:\/\/www.allinclusivehotels.it\/fr#organization"},"potentialAction":[{"@type":"SearchAction","target":{"@type":"EntryPoint","urlTemplate":"https:\/\/www.allinclusivehotels.it\/fr?s={search_term_string}"},"query-input":{"@type":"PropertyValueSpecification","valueRequired":true,"valueName":"search_term_string"}}],"inLanguage":"fr-FR"},{"@type":"Organization","@id":"https:\/\/www.allinclusivehotels.it\/fr#organization","name":"All Inclusive Hotels","url":"https:\/\/www.allinclusivehotels.it\/fr","logo":{"@type":"ImageObject","inLanguage":"fr-FR","@id":"https:\/\/www.allinclusivehotels.it\/fr#\/schema\/logo\/image\/","url":"","contentUrl":"","caption":"All Inclusive Hotels"},"image":{"@id":"https:\/\/www.allinclusivehotels.it\/fr#\/schema\/logo\/image\/"}}]}},"_links":{"self":[{"href":"https:\/\/www.allinclusivehotels.it\/fr\/wp-json\/wp\/v2\/pages\/9477","targetHints":{"allow":["GET"]}}],"collection":[{"href":"https:\/\/www.allinclusivehotels.it\/fr\/wp-json\/wp\/v2\/pages"}],"about":[{"href":"https:\/\/www.allinclusivehotels.it\/fr\/wp-json\/wp\/v2\/types\/page"}],"author":[{"embeddable":true,"href":"https:\/\/www.allinclusivehotels.it\/fr\/wp-json\/wp\/v2\/users\/1"}],"replies":[{"embeddable":true,"href":"https:\/\/www.allinclusivehotels.it\/fr\/wp-json\/wp\/v2\/comments?post=9477"}],"version-history":[{"count":4,"href":"https:\/\/www.allinclusivehotels.it\/fr\/wp-json\/wp\/v2\/pages\/9477\/revisions"}],"predecessor-version":[{"id":18944,"href":"https:\/\/www.allinclusivehotels.it\/fr\/wp-json\/wp\/v2\/pages\/9477\/revisions\/18944"}],"up":[{"embeddable":true,"href":"https:\/\/www.allinclusivehotels.it\/fr\/wp-json\/wp\/v2\/pages\/9517"}],"wp:attachment":[{"href":"https:\/\/www.allinclusivehotels.it\/fr\/wp-json\/wp\/v2\/media?parent=9477"}],"curies":[{"name":"wp","href":"https:\/\/api.w.org\/{rel}","templated":true}]}}