{"id":9463,"date":"2022-02-16T14:39:53","date_gmt":"2022-02-16T13:39:53","guid":{"rendered":"https:\/\/www.allinclusivehotels.it\/offerte-all-inclusive\/weekend"},"modified":"2022-04-19T18:06:21","modified_gmt":"2022-04-19T16:06:21","slug":"weekend","status":"publish","type":"page","link":"https:\/\/www.allinclusivehotels.it\/fr\/offres-all-inclusive\/weekend","title":{"rendered":"Weekend"},"content":{"rendered":"\n<p><b>Nos offres All Inclusive weekend<\/b> r\u00e9pondent \u00e0 toutes vos envies d\u2019\u00e9vasion et de repos. Des petites fuites du quotidien pour recharger vos batteries et vous \u00e9loigner avec qui vous voulez. Chaque fois que vous en avez envie, nos <b>offres sp\u00e9ciales weekend<\/b> vous attendent !<\/p>\n","protected":false},"excerpt":{"rendered":"<p>Nos offres All Inclusive weekend r\u00e9pondent \u00e0 toutes vos envies d\u2019\u00e9vasion et de repos. Des &hellip;<\/p>\n","protected":false},"author":1,"featured_media":0,"parent":9517,"menu_order":0,"comment_status":"closed","ping_status":"closed","template":"page-templates\/offerte_periodo.php","meta":{"_acf_changed":false,"footnotes":""},"class_list":["post-9463","page","type-page","status-publish","hentry"],"acf":[],"yoast_head":"<!-- This site is optimized with the Yoast SEO plugin v27.0 - https:\/\/yoast.com\/product\/yoast-seo-wordpress\/ -->\n<title>Forfaits vacances Weekend | Offres H\u00f4tels All Inclusive Italie<\/title>\n<meta name=\"description\" content=\"Cherchez-vous des offres vacances tout compris pour le weekend? Consultez les meilleures et choisissez celle qui vous convient!\" \/>\n<meta name=\"robots\" content=\"index, follow, max-snippet:-1, max-image-preview:large, max-video-preview:-1\" \/>\n<link rel=\"canonical\" href=\"https:\/\/www.allinclusivehotels.it\/fr\/offres-all-inclusive\/weekend\" \/>\n<meta property=\"og:locale\" content=\"fr_FR\" \/>\n<meta property=\"og:type\" content=\"article\" \/>\n<meta property=\"og:title\" content=\"Forfaits vacances Weekend | Offres H\u00f4tels All Inclusive Italie\" \/>\n<meta property=\"og:description\" content=\"Cherchez-vous des offres vacances tout compris pour le weekend? Consultez les meilleures et choisissez celle qui vous convient!\" \/>\n<meta property=\"og:url\" content=\"https:\/\/www.allinclusivehotels.it\/fr\/offres-all-inclusive\/weekend\" \/>\n<meta property=\"og:site_name\" content=\"All Inclusive Hotels\" \/>\n<meta property=\"article:modified_time\" content=\"2022-04-19T16:06:21+00:00\" \/>\n<meta name=\"twitter:card\" content=\"summary_large_image\" \/>\n<meta name=\"twitter:label1\" content=\"Dur\u00e9e de lecture estim\u00e9e\" \/>\n\t<meta name=\"twitter:data1\" content=\"1 minute\" \/>\n<script type=\"application\/ld+json\" class=\"yoast-schema-graph\">{\"@context\":\"https:\/\/schema.org\",\"@graph\":[{\"@type\":\"WebPage\",\"@id\":\"https:\/\/www.allinclusivehotels.it\/fr\/offres-all-inclusive\/weekend\",\"url\":\"https:\/\/www.allinclusivehotels.it\/fr\/offres-all-inclusive\/weekend\",\"name\":\"Forfaits vacances Weekend | Offres H\u00f4tels All Inclusive Italie\",\"isPartOf\":{\"@id\":\"https:\/\/www.allinclusivehotels.it\/fr#website\"},\"datePublished\":\"2022-02-16T13:39:53+00:00\",\"dateModified\":\"2022-04-19T16:06:21+00:00\",\"description\":\"Cherchez-vous des offres vacances tout compris pour le weekend? Consultez les meilleures et choisissez celle qui vous convient!\",\"breadcrumb\":{\"@id\":\"https:\/\/www.allinclusivehotels.it\/fr\/offres-all-inclusive\/weekend#breadcrumb\"},\"inLanguage\":\"fr-FR\",\"potentialAction\":[{\"@type\":\"ReadAction\",\"target\":[\"https:\/\/www.allinclusivehotels.it\/fr\/offres-all-inclusive\/weekend\"]}]},{\"@type\":\"BreadcrumbList\",\"@id\":\"https:\/\/www.allinclusivehotels.it\/fr\/offres-all-inclusive\/weekend#breadcrumb\",\"itemListElement\":[{\"@type\":\"ListItem\",\"position\":1,\"name\":\"Home\",\"item\":\"https:\/\/www.allinclusivehotels.it\/fr\"},{\"@type\":\"ListItem\",\"position\":2,\"name\":\"Offres All Inclusive\",\"item\":\"https:\/\/www.allinclusivehotels.it\/fr\/offres-all-inclusive\"},{\"@type\":\"ListItem\",\"position\":3,\"name\":\"Weekend\"}]},{\"@type\":\"WebSite\",\"@id\":\"https:\/\/www.allinclusivehotels.it\/fr#website\",\"url\":\"https:\/\/www.allinclusivehotels.it\/fr\",\"name\":\"All Inclusive Hotels\",\"description\":\"\",\"publisher\":{\"@id\":\"https:\/\/www.allinclusivehotels.it\/fr#organization\"},\"potentialAction\":[{\"@type\":\"SearchAction\",\"target\":{\"@type\":\"EntryPoint\",\"urlTemplate\":\"https:\/\/www.allinclusivehotels.it\/fr?s={search_term_string}\"},\"query-input\":{\"@type\":\"PropertyValueSpecification\",\"valueRequired\":true,\"valueName\":\"search_term_string\"}}],\"inLanguage\":\"fr-FR\"},{\"@type\":\"Organization\",\"@id\":\"https:\/\/www.allinclusivehotels.it\/fr#organization\",\"name\":\"All Inclusive Hotels\",\"url\":\"https:\/\/www.allinclusivehotels.it\/fr\",\"logo\":{\"@type\":\"ImageObject\",\"inLanguage\":\"fr-FR\",\"@id\":\"https:\/\/www.allinclusivehotels.it\/fr#\/schema\/logo\/image\/\",\"url\":\"\",\"contentUrl\":\"\",\"caption\":\"All Inclusive Hotels\"},\"image\":{\"@id\":\"https:\/\/www.allinclusivehotels.it\/fr#\/schema\/logo\/image\/\"}}]}<\/script>\n<!-- \/ Yoast SEO plugin. -->","yoast_head_json":{"title":"Forfaits vacances Weekend | Offres H\u00f4tels All Inclusive Italie","description":"Cherchez-vous des offres vacances tout compris pour le weekend? Consultez les meilleures et choisissez celle qui vous convient!","robots":{"index":"index","follow":"follow","max-snippet":"max-snippet:-1","max-image-preview":"max-image-preview:large","max-video-preview":"max-video-preview:-1"},"canonical":"https:\/\/www.allinclusivehotels.it\/fr\/offres-all-inclusive\/weekend","og_locale":"fr_FR","og_type":"article","og_title":"Forfaits vacances Weekend | Offres H\u00f4tels All Inclusive Italie","og_description":"Cherchez-vous des offres vacances tout compris pour le weekend? Consultez les meilleures et choisissez celle qui vous convient!","og_url":"https:\/\/www.allinclusivehotels.it\/fr\/offres-all-inclusive\/weekend","og_site_name":"All Inclusive Hotels","article_modified_time":"2022-04-19T16:06:21+00:00","twitter_card":"summary_large_image","twitter_misc":{"Dur\u00e9e de lecture estim\u00e9e":"1 minute"},"schema":{"@context":"https:\/\/schema.org","@graph":[{"@type":"WebPage","@id":"https:\/\/www.allinclusivehotels.it\/fr\/offres-all-inclusive\/weekend","url":"https:\/\/www.allinclusivehotels.it\/fr\/offres-all-inclusive\/weekend","name":"Forfaits vacances Weekend | Offres H\u00f4tels All Inclusive Italie","isPartOf":{"@id":"https:\/\/www.allinclusivehotels.it\/fr#website"},"datePublished":"2022-02-16T13:39:53+00:00","dateModified":"2022-04-19T16:06:21+00:00","description":"Cherchez-vous des offres vacances tout compris pour le weekend? Consultez les meilleures et choisissez celle qui vous convient!","breadcrumb":{"@id":"https:\/\/www.allinclusivehotels.it\/fr\/offres-all-inclusive\/weekend#breadcrumb"},"inLanguage":"fr-FR","potentialAction":[{"@type":"ReadAction","target":["https:\/\/www.allinclusivehotels.it\/fr\/offres-all-inclusive\/weekend"]}]},{"@type":"BreadcrumbList","@id":"https:\/\/www.allinclusivehotels.it\/fr\/offres-all-inclusive\/weekend#breadcrumb","itemListElement":[{"@type":"ListItem","position":1,"name":"Home","item":"https:\/\/www.allinclusivehotels.it\/fr"},{"@type":"ListItem","position":2,"name":"Offres All Inclusive","item":"https:\/\/www.allinclusivehotels.it\/fr\/offres-all-inclusive"},{"@type":"ListItem","position":3,"name":"Weekend"}]},{"@type":"WebSite","@id":"https:\/\/www.allinclusivehotels.it\/fr#website","url":"https:\/\/www.allinclusivehotels.it\/fr","name":"All Inclusive Hotels","description":"","publisher":{"@id":"https:\/\/www.allinclusivehotels.it\/fr#organization"},"potentialAction":[{"@type":"SearchAction","target":{"@type":"EntryPoint","urlTemplate":"https:\/\/www.allinclusivehotels.it\/fr?s={search_term_string}"},"query-input":{"@type":"PropertyValueSpecification","valueRequired":true,"valueName":"search_term_string"}}],"inLanguage":"fr-FR"},{"@type":"Organization","@id":"https:\/\/www.allinclusivehotels.it\/fr#organization","name":"All Inclusive Hotels","url":"https:\/\/www.allinclusivehotels.it\/fr","logo":{"@type":"ImageObject","inLanguage":"fr-FR","@id":"https:\/\/www.allinclusivehotels.it\/fr#\/schema\/logo\/image\/","url":"","contentUrl":"","caption":"All Inclusive Hotels"},"image":{"@id":"https:\/\/www.allinclusivehotels.it\/fr#\/schema\/logo\/image\/"}}]}},"_links":{"self":[{"href":"https:\/\/www.allinclusivehotels.it\/fr\/wp-json\/wp\/v2\/pages\/9463","targetHints":{"allow":["GET"]}}],"collection":[{"href":"https:\/\/www.allinclusivehotels.it\/fr\/wp-json\/wp\/v2\/pages"}],"about":[{"href":"https:\/\/www.allinclusivehotels.it\/fr\/wp-json\/wp\/v2\/types\/page"}],"author":[{"embeddable":true,"href":"https:\/\/www.allinclusivehotels.it\/fr\/wp-json\/wp\/v2\/users\/1"}],"replies":[{"embeddable":true,"href":"https:\/\/www.allinclusivehotels.it\/fr\/wp-json\/wp\/v2\/comments?post=9463"}],"version-history":[{"count":3,"href":"https:\/\/www.allinclusivehotels.it\/fr\/wp-json\/wp\/v2\/pages\/9463\/revisions"}],"predecessor-version":[{"id":18174,"href":"https:\/\/www.allinclusivehotels.it\/fr\/wp-json\/wp\/v2\/pages\/9463\/revisions\/18174"}],"up":[{"embeddable":true,"href":"https:\/\/www.allinclusivehotels.it\/fr\/wp-json\/wp\/v2\/pages\/9517"}],"wp:attachment":[{"href":"https:\/\/www.allinclusivehotels.it\/fr\/wp-json\/wp\/v2\/media?parent=9463"}],"curies":[{"name":"wp","href":"https:\/\/api.w.org\/{rel}","templated":true}]}}