{"id":9437,"date":"2022-02-16T14:39:47","date_gmt":"2022-02-16T13:39:47","guid":{"rendered":"https:\/\/www.allinclusivehotels.it\/hotels-pet-friendly"},"modified":"2022-04-19T17:35:35","modified_gmt":"2022-04-19T15:35:35","slug":"hotels-pet-friendly","status":"publish","type":"page","link":"https:\/\/www.allinclusivehotels.it\/fr\/hotels-pet-friendly","title":{"rendered":"H\u00f4tels pet friendly"},"content":{"rendered":"\n<p>Vous avez h\u00e2te de partir en vacances mais <b>vous ne voulez pas quitter vos compagnons \u00e0 quatre pattes&nbsp;?<\/b>&nbsp;Avec les magnifiques offres All Inclusive Hotels vous pourrez amener avec vous les animaux de la famille, pour un s\u00e9jour sous le signe de la d\u00e9tente et du confort \u00e0 vivre ensemble.<\/p>\n\n\n\n<p>Choisissez quelle r\u00e9gion d&#8217;Italie vous souhaitez visiter, si vous avez plut\u00f4t envie de mer ou de montagne, et d\u00e9couvrez sur notre site toutes les options possibles pour des vacances sans mauvaises surprise&nbsp;! Eh oui, parce que si vous r\u00e9servez avec nous, vous saurez instantan\u00e9ment quels services sont inclus dans le tarif et ce, de fa\u00e7on totalement transparente \u2013 et avantageuse&nbsp;!<\/p>\n\n\n\n<!--more-->\n\n\n\n<p>Vous pourrez choisir parmi de nombreux <b>h\u00f4tels \u00e0 3 ou 4 \u00e9toiles haut de gamme<\/b>,<b> <\/b>habitu\u00e9s \u00e0 garantir un service \u201ctout compris\u201d pour r\u00e9pondre aux exigences de toute la client\u00e8le. Et si vous voulez amener votre chien, votre chat, ou votre hamster avec vous&#8230; il faudra simplement le signaler au moment de la r\u00e9servation. La structure choisie vous proposera imm\u00e9diatement des <b>formules pens\u00e9s exclusivement pour ceux qui voyagent avec leur animal de compagnie<\/b>,<b> <\/b>avec bien s\u00fbr des services d\u00e9di\u00e9s pour rendre leur s\u00e9jour inoubliable autant que le v\u00f4tre.<\/p>\n\n\n\n<p>Confiez-vous au professionnalisme et au s\u00e9rieux du groupe <b>All Inclusive Hotels<\/b> et r\u00e9servez en toute s\u00e9r\u00e9nit\u00e9 vos vacances en famille, animaux inclus. En toute saison plusieurs options d\u2019animations, de loisirs et de d\u00e9tente seront disponibles selon vos d\u00e9sirs.<\/p>\n\n\n\n<p>Des plages avec acc\u00e8s libre aux chiens au pet shop, du toilettage au v\u00e9t\u00e9rinaire conventionn\u00e9\u2026 les offres pour vos animaux sont nombreuses et vari\u00e9es d\u2019un h\u00f4tel \u00e0 l\u2019autre&nbsp;:  choisissez celui qui convient le mieux \u00e0 vos exigences et partez \u00e0 la d\u00e9couverte des plus beaux lieux d\u2019Italie. Des enchantements des mers du sud au dynamisme de la Riviera Romagnole, en passant par l\u2019infinie beaut\u00e9 des Alpes&nbsp;: chaque recoin du Belpaese offre tout ce que vous recherchez \u00e0 des prix tr\u00e8s comp\u00e9titifs.<\/p>\n\n\n\n<p>Qu\u2019attendez-vous&nbsp;? Organisez d\u00e8s \u00e0 pr\u00e9sent vos vacances et prenez vos animaux avec vous pour un weekend relaxant dans un h\u00f4tel avec centre bien-\u00eatre, ou un weekend gourmand dans un h\u00f4tel avec parcours \u0153nogastronomique. Et souvenez-vous, avec nos formules \u201ctout compris\u201d vous n\u2019aurez jamais de mauvaises surprises&nbsp;!<\/p>\n","protected":false},"excerpt":{"rendered":"<p>Vous avez h\u00e2te de partir en vacances mais vous ne voulez pas quitter vos compagnons &hellip;<\/p>\n","protected":false},"author":1,"featured_media":0,"parent":0,"menu_order":0,"comment_status":"closed","ping_status":"closed","template":"page-templates\/scheda_servizio.php","meta":{"_acf_changed":false,"footnotes":""},"class_list":["post-9437","page","type-page","status-publish","hentry"],"acf":[],"yoast_head":"<!-- This site is optimized with the Yoast SEO plugin v27.0 - https:\/\/yoast.com\/product\/yoast-seo-wordpress\/ -->\n<title>Les meilleurs H\u00f4tels Pet friendly tout compris en Italie<\/title>\n<meta name=\"description\" content=\"Vous cherchez des h\u00f4tels ou des villages Pet friendly qui acceptent les animaux ? D\u00e9couvrez les meilleurs avec offres tout compris !\" \/>\n<meta name=\"robots\" content=\"index, follow, max-snippet:-1, max-image-preview:large, max-video-preview:-1\" \/>\n<link rel=\"canonical\" href=\"https:\/\/www.allinclusivehotels.it\/fr\/hotels-pet-friendly\" \/>\n<meta property=\"og:locale\" content=\"fr_FR\" \/>\n<meta property=\"og:type\" content=\"article\" \/>\n<meta property=\"og:title\" content=\"Les meilleurs H\u00f4tels Pet friendly tout compris en Italie\" \/>\n<meta property=\"og:description\" content=\"Vous cherchez des h\u00f4tels ou des villages Pet friendly qui acceptent les animaux ? D\u00e9couvrez les meilleurs avec offres tout compris !\" \/>\n<meta property=\"og:url\" content=\"https:\/\/www.allinclusivehotels.it\/fr\/hotels-pet-friendly\" \/>\n<meta property=\"og:site_name\" content=\"All Inclusive Hotels\" \/>\n<meta property=\"article:modified_time\" content=\"2022-04-19T15:35:35+00:00\" \/>\n<meta name=\"twitter:card\" content=\"summary_large_image\" \/>\n<meta name=\"twitter:label1\" content=\"Dur\u00e9e de lecture estim\u00e9e\" \/>\n\t<meta name=\"twitter:data1\" content=\"2 minutes\" \/>\n<script type=\"application\/ld+json\" class=\"yoast-schema-graph\">{\"@context\":\"https:\/\/schema.org\",\"@graph\":[{\"@type\":\"WebPage\",\"@id\":\"https:\/\/www.allinclusivehotels.it\/fr\/hotels-pet-friendly\",\"url\":\"https:\/\/www.allinclusivehotels.it\/fr\/hotels-pet-friendly\",\"name\":\"Les meilleurs H\u00f4tels Pet friendly tout compris en Italie\",\"isPartOf\":{\"@id\":\"https:\/\/www.allinclusivehotels.it\/fr#website\"},\"datePublished\":\"2022-02-16T13:39:47+00:00\",\"dateModified\":\"2022-04-19T15:35:35+00:00\",\"description\":\"Vous cherchez des h\u00f4tels ou des villages Pet friendly qui acceptent les animaux ? D\u00e9couvrez les meilleurs avec offres tout compris !\",\"breadcrumb\":{\"@id\":\"https:\/\/www.allinclusivehotels.it\/fr\/hotels-pet-friendly#breadcrumb\"},\"inLanguage\":\"fr-FR\",\"potentialAction\":[{\"@type\":\"ReadAction\",\"target\":[\"https:\/\/www.allinclusivehotels.it\/fr\/hotels-pet-friendly\"]}]},{\"@type\":\"BreadcrumbList\",\"@id\":\"https:\/\/www.allinclusivehotels.it\/fr\/hotels-pet-friendly#breadcrumb\",\"itemListElement\":[{\"@type\":\"ListItem\",\"position\":1,\"name\":\"Home\",\"item\":\"https:\/\/www.allinclusivehotels.it\/fr\"},{\"@type\":\"ListItem\",\"position\":2,\"name\":\"H\u00f4tels pet friendly\"}]},{\"@type\":\"WebSite\",\"@id\":\"https:\/\/www.allinclusivehotels.it\/fr#website\",\"url\":\"https:\/\/www.allinclusivehotels.it\/fr\",\"name\":\"All Inclusive Hotels\",\"description\":\"\",\"publisher\":{\"@id\":\"https:\/\/www.allinclusivehotels.it\/fr#organization\"},\"potentialAction\":[{\"@type\":\"SearchAction\",\"target\":{\"@type\":\"EntryPoint\",\"urlTemplate\":\"https:\/\/www.allinclusivehotels.it\/fr?s={search_term_string}\"},\"query-input\":{\"@type\":\"PropertyValueSpecification\",\"valueRequired\":true,\"valueName\":\"search_term_string\"}}],\"inLanguage\":\"fr-FR\"},{\"@type\":\"Organization\",\"@id\":\"https:\/\/www.allinclusivehotels.it\/fr#organization\",\"name\":\"All Inclusive Hotels\",\"url\":\"https:\/\/www.allinclusivehotels.it\/fr\",\"logo\":{\"@type\":\"ImageObject\",\"inLanguage\":\"fr-FR\",\"@id\":\"https:\/\/www.allinclusivehotels.it\/fr#\/schema\/logo\/image\/\",\"url\":\"\",\"contentUrl\":\"\",\"caption\":\"All Inclusive Hotels\"},\"image\":{\"@id\":\"https:\/\/www.allinclusivehotels.it\/fr#\/schema\/logo\/image\/\"}}]}<\/script>\n<!-- \/ Yoast SEO plugin. -->","yoast_head_json":{"title":"Les meilleurs H\u00f4tels Pet friendly tout compris en Italie","description":"Vous cherchez des h\u00f4tels ou des villages Pet friendly qui acceptent les animaux ? D\u00e9couvrez les meilleurs avec offres tout compris !","robots":{"index":"index","follow":"follow","max-snippet":"max-snippet:-1","max-image-preview":"max-image-preview:large","max-video-preview":"max-video-preview:-1"},"canonical":"https:\/\/www.allinclusivehotels.it\/fr\/hotels-pet-friendly","og_locale":"fr_FR","og_type":"article","og_title":"Les meilleurs H\u00f4tels Pet friendly tout compris en Italie","og_description":"Vous cherchez des h\u00f4tels ou des villages Pet friendly qui acceptent les animaux ? D\u00e9couvrez les meilleurs avec offres tout compris !","og_url":"https:\/\/www.allinclusivehotels.it\/fr\/hotels-pet-friendly","og_site_name":"All Inclusive Hotels","article_modified_time":"2022-04-19T15:35:35+00:00","twitter_card":"summary_large_image","twitter_misc":{"Dur\u00e9e de lecture estim\u00e9e":"2 minutes"},"schema":{"@context":"https:\/\/schema.org","@graph":[{"@type":"WebPage","@id":"https:\/\/www.allinclusivehotels.it\/fr\/hotels-pet-friendly","url":"https:\/\/www.allinclusivehotels.it\/fr\/hotels-pet-friendly","name":"Les meilleurs H\u00f4tels Pet friendly tout compris en Italie","isPartOf":{"@id":"https:\/\/www.allinclusivehotels.it\/fr#website"},"datePublished":"2022-02-16T13:39:47+00:00","dateModified":"2022-04-19T15:35:35+00:00","description":"Vous cherchez des h\u00f4tels ou des villages Pet friendly qui acceptent les animaux ? D\u00e9couvrez les meilleurs avec offres tout compris !","breadcrumb":{"@id":"https:\/\/www.allinclusivehotels.it\/fr\/hotels-pet-friendly#breadcrumb"},"inLanguage":"fr-FR","potentialAction":[{"@type":"ReadAction","target":["https:\/\/www.allinclusivehotels.it\/fr\/hotels-pet-friendly"]}]},{"@type":"BreadcrumbList","@id":"https:\/\/www.allinclusivehotels.it\/fr\/hotels-pet-friendly#breadcrumb","itemListElement":[{"@type":"ListItem","position":1,"name":"Home","item":"https:\/\/www.allinclusivehotels.it\/fr"},{"@type":"ListItem","position":2,"name":"H\u00f4tels pet friendly"}]},{"@type":"WebSite","@id":"https:\/\/www.allinclusivehotels.it\/fr#website","url":"https:\/\/www.allinclusivehotels.it\/fr","name":"All Inclusive Hotels","description":"","publisher":{"@id":"https:\/\/www.allinclusivehotels.it\/fr#organization"},"potentialAction":[{"@type":"SearchAction","target":{"@type":"EntryPoint","urlTemplate":"https:\/\/www.allinclusivehotels.it\/fr?s={search_term_string}"},"query-input":{"@type":"PropertyValueSpecification","valueRequired":true,"valueName":"search_term_string"}}],"inLanguage":"fr-FR"},{"@type":"Organization","@id":"https:\/\/www.allinclusivehotels.it\/fr#organization","name":"All Inclusive Hotels","url":"https:\/\/www.allinclusivehotels.it\/fr","logo":{"@type":"ImageObject","inLanguage":"fr-FR","@id":"https:\/\/www.allinclusivehotels.it\/fr#\/schema\/logo\/image\/","url":"","contentUrl":"","caption":"All Inclusive Hotels"},"image":{"@id":"https:\/\/www.allinclusivehotels.it\/fr#\/schema\/logo\/image\/"}}]}},"_links":{"self":[{"href":"https:\/\/www.allinclusivehotels.it\/fr\/wp-json\/wp\/v2\/pages\/9437","targetHints":{"allow":["GET"]}}],"collection":[{"href":"https:\/\/www.allinclusivehotels.it\/fr\/wp-json\/wp\/v2\/pages"}],"about":[{"href":"https:\/\/www.allinclusivehotels.it\/fr\/wp-json\/wp\/v2\/types\/page"}],"author":[{"embeddable":true,"href":"https:\/\/www.allinclusivehotels.it\/fr\/wp-json\/wp\/v2\/users\/1"}],"replies":[{"embeddable":true,"href":"https:\/\/www.allinclusivehotels.it\/fr\/wp-json\/wp\/v2\/comments?post=9437"}],"version-history":[{"count":7,"href":"https:\/\/www.allinclusivehotels.it\/fr\/wp-json\/wp\/v2\/pages\/9437\/revisions"}],"predecessor-version":[{"id":18931,"href":"https:\/\/www.allinclusivehotels.it\/fr\/wp-json\/wp\/v2\/pages\/9437\/revisions\/18931"}],"wp:attachment":[{"href":"https:\/\/www.allinclusivehotels.it\/fr\/wp-json\/wp\/v2\/media?parent=9437"}],"curies":[{"name":"wp","href":"https:\/\/api.w.org\/{rel}","templated":true}]}}