{"id":9435,"date":"2022-02-16T14:39:46","date_gmt":"2022-02-16T13:39:46","guid":{"rendered":"https:\/\/www.allinclusivehotels.it\/hotels-avec-piscine"},"modified":"2022-04-19T17:27:36","modified_gmt":"2022-04-19T15:27:36","slug":"hotels-avec-piscine","status":"publish","type":"page","link":"https:\/\/www.allinclusivehotels.it\/fr\/hotels-avec-piscine","title":{"rendered":"H\u00f4tels avec piscine"},"content":{"rendered":"\n<p>Vous r\u00eavez de vacances \u00e0 de mer ou \u00e0 la montagne en Italie&nbsp;? Depuis quelques temps, un nombre important d\u2019h\u00f4tels de niveau moyen \u00e0 haut de gamme adh\u00e8rent \u00e0 la <b>formule All Inclusive<\/b>, \u00e0 savoir<b> &#8220;tout compris&#8221;<\/b>, qui propose des s\u00e9jours adaptables aux exigences de toute sorte de voyageurs \u00e0 des prix tr\u00e8s avantageux.<\/p>\n\n\n\n<p>Les services All Inclusive sont personnalis\u00e9s et de qualit\u00e9&nbsp;; les \u00e9tablissements adh\u00e9rents, partout en Italie, ont diff\u00e9rentes sp\u00e9cificit\u00e9s. Le choix est tellement vaste qu\u2019il est impossible de ne pas trouver la solution parfaite pour soi et sa famille.<\/p>\n\n\n\n<!--more-->\n\n\n\n<p>Vous avez des enfants&nbsp;? Les offres All Inclusive destin\u00e9es aux plus petits sont quasi infinies, avec la possibilit\u00e9 d\u2019inclure au forfait des animations \u00e0 la carte, une nounou, des aires de jeux et des menus sp\u00e9cifiques \u00e0 leur \u00e2ge. Vous \u00eates gourmands et vous voulez profiter des vacances pour d\u00e9couvrir la cuisine locale ou peut-\u00eatre en tester d\u2019autres plus exotiques&nbsp;? R\u00e9servez alors dans un des nombreux All Inclusive Hotels, qui proposent une belle offre \u0153nogastronomique, avec menus diff\u00e9renci\u00e9s, produits typiques et vins de prestige.<\/p>\n\n\n\n<p>Vous adorez la piscine et vous ne vous en passez jamais, pas m\u00eame \u00e0 la mer ni \u00e0 la montagne&nbsp;? Les <b>All Inclusive Hotels disposant d\u2019une piscine<\/b> sont nombreux et les options sont vari\u00e9es&nbsp;: les bassins sont con\u00e7us selon les normes officiels de qualit\u00e9 et de s\u00e9curit\u00e9, pour vous garantir le maximum de plaisir avec le minimum de risque. C\u2019est pour cela que presque tous nos h\u00f4tels, particuli\u00e8rement attentifs aux exigences des enfants, poss\u00e8dent une piscine priv\u00e9e, avec eau non profonde et un protocole qui rendront plus s\u00fbrs leurs jeux et leurs agissements. La piscine est une option id\u00e9ale pour ceux qui recherchent un s\u00e9jour sous le signe, non seulement de l\u2019insouciance, mais aussi du bien-\u00eatre psychologique et physique&nbsp;; les offres All Inclusive pour les f\u00e9rus de sport et les adeptes d\u2019une vie saine, proposent souvent des traitements au bord de la piscine, pendant que vous bronzez en sirotant un drink, tels que massages et soins sp\u00e9ciaux pour le visage, le corps et l\u2019esprit.<\/p>\n\n\n\n<p>Une autre raison d\u2019opter pour un h\u00f4tel avec piscine&nbsp;? Si vous \u00eates en couple, bien \u00e9videmment, et r\u00eavez de vivre des vacances romantiques, dans la plupart des \u00e9tablissements, vous pourrez profiter du bassin m\u00eame jusqu\u2019\u00e0 tard le soir, non seulement lors des soir\u00e9es festives, ap\u00e9ritifs ou savoureux buffet en plein air, mais aussi pour un plongeon \u00e0 deux, un appr\u00e9ciant pourquoi-pas un bon cocktail sous le ciel \u00e9toil\u00e9.<\/p>\n\n\n\n<p>Les <b>offres All Inclusive avec piscine<\/b>, en somme, sont innombrables et riches de perspectives s\u00e9duisantes&nbsp;: \u00e0 vous maintenant de faire le bon choix, selon vos go\u00fbts et vos d\u00e9sirs.<\/p>\n","protected":false},"excerpt":{"rendered":"<p>Vous r\u00eavez de vacances \u00e0 de mer ou \u00e0 la montagne en Italie&nbsp;? Depuis quelques &hellip;<\/p>\n","protected":false},"author":1,"featured_media":0,"parent":0,"menu_order":0,"comment_status":"closed","ping_status":"closed","template":"page-templates\/scheda_servizio.php","meta":{"_acf_changed":false,"footnotes":""},"class_list":["post-9435","page","type-page","status-publish","hentry"],"acf":[],"yoast_head":"<!-- This site is optimized with the Yoast SEO plugin v27.0 - https:\/\/yoast.com\/product\/yoast-seo-wordpress\/ -->\n<title>Les meilleurs H\u00f4tels All Inclusive avec Piscine en Italie<\/title>\n<meta name=\"description\" content=\"Vous cherchez des h\u00f4tels ou des villages avec Piscine en Italie ? D\u00e9couvrez les meilleurs avec offres tout compris !\" \/>\n<meta name=\"robots\" content=\"index, follow, max-snippet:-1, max-image-preview:large, max-video-preview:-1\" \/>\n<link rel=\"canonical\" href=\"https:\/\/www.allinclusivehotels.it\/fr\/hotels-avec-piscine\" \/>\n<meta property=\"og:locale\" content=\"fr_FR\" \/>\n<meta property=\"og:type\" content=\"article\" \/>\n<meta property=\"og:title\" content=\"Les meilleurs H\u00f4tels All Inclusive avec Piscine en Italie\" \/>\n<meta property=\"og:description\" content=\"Vous cherchez des h\u00f4tels ou des villages avec Piscine en Italie ? D\u00e9couvrez les meilleurs avec offres tout compris !\" \/>\n<meta property=\"og:url\" content=\"https:\/\/www.allinclusivehotels.it\/fr\/hotels-avec-piscine\" \/>\n<meta property=\"og:site_name\" content=\"All Inclusive Hotels\" \/>\n<meta property=\"article:modified_time\" content=\"2022-04-19T15:27:36+00:00\" \/>\n<meta name=\"twitter:card\" content=\"summary_large_image\" \/>\n<meta name=\"twitter:label1\" content=\"Dur\u00e9e de lecture estim\u00e9e\" \/>\n\t<meta name=\"twitter:data1\" content=\"3 minutes\" \/>\n<script type=\"application\/ld+json\" class=\"yoast-schema-graph\">{\"@context\":\"https:\/\/schema.org\",\"@graph\":[{\"@type\":\"WebPage\",\"@id\":\"https:\/\/www.allinclusivehotels.it\/fr\/hotels-avec-piscine\",\"url\":\"https:\/\/www.allinclusivehotels.it\/fr\/hotels-avec-piscine\",\"name\":\"Les meilleurs H\u00f4tels All Inclusive avec Piscine en Italie\",\"isPartOf\":{\"@id\":\"https:\/\/www.allinclusivehotels.it\/fr#website\"},\"datePublished\":\"2022-02-16T13:39:46+00:00\",\"dateModified\":\"2022-04-19T15:27:36+00:00\",\"description\":\"Vous cherchez des h\u00f4tels ou des villages avec Piscine en Italie ? D\u00e9couvrez les meilleurs avec offres tout compris !\",\"breadcrumb\":{\"@id\":\"https:\/\/www.allinclusivehotels.it\/fr\/hotels-avec-piscine#breadcrumb\"},\"inLanguage\":\"fr-FR\",\"potentialAction\":[{\"@type\":\"ReadAction\",\"target\":[\"https:\/\/www.allinclusivehotels.it\/fr\/hotels-avec-piscine\"]}]},{\"@type\":\"BreadcrumbList\",\"@id\":\"https:\/\/www.allinclusivehotels.it\/fr\/hotels-avec-piscine#breadcrumb\",\"itemListElement\":[{\"@type\":\"ListItem\",\"position\":1,\"name\":\"Home\",\"item\":\"https:\/\/www.allinclusivehotels.it\/fr\"},{\"@type\":\"ListItem\",\"position\":2,\"name\":\"H\u00f4tels avec piscine\"}]},{\"@type\":\"WebSite\",\"@id\":\"https:\/\/www.allinclusivehotels.it\/fr#website\",\"url\":\"https:\/\/www.allinclusivehotels.it\/fr\",\"name\":\"All Inclusive Hotels\",\"description\":\"\",\"publisher\":{\"@id\":\"https:\/\/www.allinclusivehotels.it\/fr#organization\"},\"potentialAction\":[{\"@type\":\"SearchAction\",\"target\":{\"@type\":\"EntryPoint\",\"urlTemplate\":\"https:\/\/www.allinclusivehotels.it\/fr?s={search_term_string}\"},\"query-input\":{\"@type\":\"PropertyValueSpecification\",\"valueRequired\":true,\"valueName\":\"search_term_string\"}}],\"inLanguage\":\"fr-FR\"},{\"@type\":\"Organization\",\"@id\":\"https:\/\/www.allinclusivehotels.it\/fr#organization\",\"name\":\"All Inclusive Hotels\",\"url\":\"https:\/\/www.allinclusivehotels.it\/fr\",\"logo\":{\"@type\":\"ImageObject\",\"inLanguage\":\"fr-FR\",\"@id\":\"https:\/\/www.allinclusivehotels.it\/fr#\/schema\/logo\/image\/\",\"url\":\"\",\"contentUrl\":\"\",\"caption\":\"All Inclusive Hotels\"},\"image\":{\"@id\":\"https:\/\/www.allinclusivehotels.it\/fr#\/schema\/logo\/image\/\"}}]}<\/script>\n<!-- \/ Yoast SEO plugin. -->","yoast_head_json":{"title":"Les meilleurs H\u00f4tels All Inclusive avec Piscine en Italie","description":"Vous cherchez des h\u00f4tels ou des villages avec Piscine en Italie ? D\u00e9couvrez les meilleurs avec offres tout compris !","robots":{"index":"index","follow":"follow","max-snippet":"max-snippet:-1","max-image-preview":"max-image-preview:large","max-video-preview":"max-video-preview:-1"},"canonical":"https:\/\/www.allinclusivehotels.it\/fr\/hotels-avec-piscine","og_locale":"fr_FR","og_type":"article","og_title":"Les meilleurs H\u00f4tels All Inclusive avec Piscine en Italie","og_description":"Vous cherchez des h\u00f4tels ou des villages avec Piscine en Italie ? D\u00e9couvrez les meilleurs avec offres tout compris !","og_url":"https:\/\/www.allinclusivehotels.it\/fr\/hotels-avec-piscine","og_site_name":"All Inclusive Hotels","article_modified_time":"2022-04-19T15:27:36+00:00","twitter_card":"summary_large_image","twitter_misc":{"Dur\u00e9e de lecture estim\u00e9e":"3 minutes"},"schema":{"@context":"https:\/\/schema.org","@graph":[{"@type":"WebPage","@id":"https:\/\/www.allinclusivehotels.it\/fr\/hotels-avec-piscine","url":"https:\/\/www.allinclusivehotels.it\/fr\/hotels-avec-piscine","name":"Les meilleurs H\u00f4tels All Inclusive avec Piscine en Italie","isPartOf":{"@id":"https:\/\/www.allinclusivehotels.it\/fr#website"},"datePublished":"2022-02-16T13:39:46+00:00","dateModified":"2022-04-19T15:27:36+00:00","description":"Vous cherchez des h\u00f4tels ou des villages avec Piscine en Italie ? D\u00e9couvrez les meilleurs avec offres tout compris !","breadcrumb":{"@id":"https:\/\/www.allinclusivehotels.it\/fr\/hotels-avec-piscine#breadcrumb"},"inLanguage":"fr-FR","potentialAction":[{"@type":"ReadAction","target":["https:\/\/www.allinclusivehotels.it\/fr\/hotels-avec-piscine"]}]},{"@type":"BreadcrumbList","@id":"https:\/\/www.allinclusivehotels.it\/fr\/hotels-avec-piscine#breadcrumb","itemListElement":[{"@type":"ListItem","position":1,"name":"Home","item":"https:\/\/www.allinclusivehotels.it\/fr"},{"@type":"ListItem","position":2,"name":"H\u00f4tels avec piscine"}]},{"@type":"WebSite","@id":"https:\/\/www.allinclusivehotels.it\/fr#website","url":"https:\/\/www.allinclusivehotels.it\/fr","name":"All Inclusive Hotels","description":"","publisher":{"@id":"https:\/\/www.allinclusivehotels.it\/fr#organization"},"potentialAction":[{"@type":"SearchAction","target":{"@type":"EntryPoint","urlTemplate":"https:\/\/www.allinclusivehotels.it\/fr?s={search_term_string}"},"query-input":{"@type":"PropertyValueSpecification","valueRequired":true,"valueName":"search_term_string"}}],"inLanguage":"fr-FR"},{"@type":"Organization","@id":"https:\/\/www.allinclusivehotels.it\/fr#organization","name":"All Inclusive Hotels","url":"https:\/\/www.allinclusivehotels.it\/fr","logo":{"@type":"ImageObject","inLanguage":"fr-FR","@id":"https:\/\/www.allinclusivehotels.it\/fr#\/schema\/logo\/image\/","url":"","contentUrl":"","caption":"All Inclusive Hotels"},"image":{"@id":"https:\/\/www.allinclusivehotels.it\/fr#\/schema\/logo\/image\/"}}]}},"_links":{"self":[{"href":"https:\/\/www.allinclusivehotels.it\/fr\/wp-json\/wp\/v2\/pages\/9435","targetHints":{"allow":["GET"]}}],"collection":[{"href":"https:\/\/www.allinclusivehotels.it\/fr\/wp-json\/wp\/v2\/pages"}],"about":[{"href":"https:\/\/www.allinclusivehotels.it\/fr\/wp-json\/wp\/v2\/types\/page"}],"author":[{"embeddable":true,"href":"https:\/\/www.allinclusivehotels.it\/fr\/wp-json\/wp\/v2\/users\/1"}],"replies":[{"embeddable":true,"href":"https:\/\/www.allinclusivehotels.it\/fr\/wp-json\/wp\/v2\/comments?post=9435"}],"version-history":[{"count":6,"href":"https:\/\/www.allinclusivehotels.it\/fr\/wp-json\/wp\/v2\/pages\/9435\/revisions"}],"predecessor-version":[{"id":18930,"href":"https:\/\/www.allinclusivehotels.it\/fr\/wp-json\/wp\/v2\/pages\/9435\/revisions\/18930"}],"wp:attachment":[{"href":"https:\/\/www.allinclusivehotels.it\/fr\/wp-json\/wp\/v2\/media?parent=9435"}],"curies":[{"name":"wp","href":"https:\/\/api.w.org\/{rel}","templated":true}]}}