{"id":9433,"date":"2022-02-16T14:39:46","date_gmt":"2022-02-16T13:39:46","guid":{"rendered":"https:\/\/www.allinclusivehotels.it\/hotels-avec-mini-club"},"modified":"2022-04-19T17:26:17","modified_gmt":"2022-04-19T15:26:17","slug":"hotels-avec-mini-club","status":"publish","type":"page","link":"https:\/\/www.allinclusivehotels.it\/fr\/hotels-avec-mini-club","title":{"rendered":"H\u00f4tels avec mini-club"},"content":{"rendered":"\n<p><b>All Inclusive, des vacances sans soucis pour petits et grands&nbsp;!<\/b> Satisfaire les envies de toute une famille, ce n\u2019est pas toujours facile&nbsp;: le besoin de repos des adultes ne s\u2019accorde pas forcement avec l\u2019\u00e9nergie des enfants et leur soif d\u2019aventures et d\u2019amusement&nbsp;; mais, nous avons des solutions qui rendront tout le monde heureux.<\/p>\n\n\n\n<p>S\u00e9journer dans un <b>All Inclusive Hotel avec mini-club<\/b> vous permet de profiter de nombreux avantages pour toute la famille, en premier lieu d\u2019une prise en charge totale du g\u00eete et du couvert et un h\u00e9bergement dans l\u2019\u00e9tablissement que vous avez choisi.<\/p>\n\n\n\n<!--more-->\n\n\n\n<p>Le Mini Club n\u2019est surtout pas un simple &#8220;espace enfant&#8221;&nbsp;: tous les jours nous proposons aux plus petits des activit\u00e9s ludiques et r\u00e9cr\u00e9atives pour stimuler leur imagination et offrir des vacances adapt\u00e9es \u00e0 l\u2019\u00e2ge et au go\u00fbt de chacun. L\u2019amiti\u00e9 et le jeu seront ainsi des \u00e9l\u00e9ments importants lors du s\u00e9jour de nos petits invit\u00e9s, qui pourront se tenir compagnie dans un lieu s\u00e9curis\u00e9 et jamais loin du regard de papa et maman.<\/p>\n\n\n\n<p>Ateliers cr\u00e9atifs, baby dance et sports pour enfants ne sont que quelques-unes des activit\u00e9s organis\u00e9es pour les plus jeunes dans un All Inclusive Hotel avec Mini Club. Et les <b>baby animations<\/b> se poursuivent aussi \u00e0 la plage ou lors des soir\u00e9es sp\u00e9ciales d\u00e9di\u00e9es \u00e0 la baby dance et \u00e0 leurs chansons pr\u00e9f\u00e9r\u00e9es\u2026 des tubes, des jeux et des chor\u00e9graphies dont ils se souviendront longtemps&nbsp;! Les adultes quant \u00e0 eux pourront choisir de participer ou non aux activit\u00e9s collectives et aux animations&nbsp;:  spectacles, tournois sportifs et soir\u00e9es th\u00e9matiques pour des vacances toujours plus joyeuses et enthousiasmantes.<\/p>\n","protected":false},"excerpt":{"rendered":"<p>All Inclusive, des vacances sans soucis pour petits et grands&nbsp;! Satisfaire les envies de toute &hellip;<\/p>\n","protected":false},"author":1,"featured_media":0,"parent":0,"menu_order":0,"comment_status":"closed","ping_status":"closed","template":"page-templates\/scheda_servizio.php","meta":{"_acf_changed":false,"footnotes":""},"class_list":["post-9433","page","type-page","status-publish","hentry"],"acf":[],"yoast_head":"<!-- This site is optimized with the Yoast SEO plugin v27.0 - https:\/\/yoast.com\/product\/yoast-seo-wordpress\/ -->\n<title>Les meilleurs H\u00f4tels All Inclusive avec Mini Club en Italie<\/title>\n<meta name=\"description\" content=\"Vous cherchez des h\u00f4tels ou des villages avec Mini Club en Italie ? D\u00e9couvrez les meilleurs avec offres tout compris !\" \/>\n<meta name=\"robots\" content=\"index, follow, max-snippet:-1, max-image-preview:large, max-video-preview:-1\" \/>\n<link rel=\"canonical\" href=\"https:\/\/www.allinclusivehotels.it\/fr\/hotels-avec-mini-club\" \/>\n<meta property=\"og:locale\" content=\"fr_FR\" \/>\n<meta property=\"og:type\" content=\"article\" \/>\n<meta property=\"og:title\" content=\"Les meilleurs H\u00f4tels All Inclusive avec Mini Club en Italie\" \/>\n<meta property=\"og:description\" content=\"Vous cherchez des h\u00f4tels ou des villages avec Mini Club en Italie ? D\u00e9couvrez les meilleurs avec offres tout compris !\" \/>\n<meta property=\"og:url\" content=\"https:\/\/www.allinclusivehotels.it\/fr\/hotels-avec-mini-club\" \/>\n<meta property=\"og:site_name\" content=\"All Inclusive Hotels\" \/>\n<meta property=\"article:modified_time\" content=\"2022-04-19T15:26:17+00:00\" \/>\n<meta name=\"twitter:card\" content=\"summary_large_image\" \/>\n<meta name=\"twitter:label1\" content=\"Dur\u00e9e de lecture estim\u00e9e\" \/>\n\t<meta name=\"twitter:data1\" content=\"2 minutes\" \/>\n<script type=\"application\/ld+json\" class=\"yoast-schema-graph\">{\"@context\":\"https:\/\/schema.org\",\"@graph\":[{\"@type\":\"WebPage\",\"@id\":\"https:\/\/www.allinclusivehotels.it\/fr\/hotels-avec-mini-club\",\"url\":\"https:\/\/www.allinclusivehotels.it\/fr\/hotels-avec-mini-club\",\"name\":\"Les meilleurs H\u00f4tels All Inclusive avec Mini Club en Italie\",\"isPartOf\":{\"@id\":\"https:\/\/www.allinclusivehotels.it\/fr#website\"},\"datePublished\":\"2022-02-16T13:39:46+00:00\",\"dateModified\":\"2022-04-19T15:26:17+00:00\",\"description\":\"Vous cherchez des h\u00f4tels ou des villages avec Mini Club en Italie ? D\u00e9couvrez les meilleurs avec offres tout compris !\",\"breadcrumb\":{\"@id\":\"https:\/\/www.allinclusivehotels.it\/fr\/hotels-avec-mini-club#breadcrumb\"},\"inLanguage\":\"fr-FR\",\"potentialAction\":[{\"@type\":\"ReadAction\",\"target\":[\"https:\/\/www.allinclusivehotels.it\/fr\/hotels-avec-mini-club\"]}]},{\"@type\":\"BreadcrumbList\",\"@id\":\"https:\/\/www.allinclusivehotels.it\/fr\/hotels-avec-mini-club#breadcrumb\",\"itemListElement\":[{\"@type\":\"ListItem\",\"position\":1,\"name\":\"Home\",\"item\":\"https:\/\/www.allinclusivehotels.it\/fr\"},{\"@type\":\"ListItem\",\"position\":2,\"name\":\"H\u00f4tels avec mini-club\"}]},{\"@type\":\"WebSite\",\"@id\":\"https:\/\/www.allinclusivehotels.it\/fr#website\",\"url\":\"https:\/\/www.allinclusivehotels.it\/fr\",\"name\":\"All Inclusive Hotels\",\"description\":\"\",\"publisher\":{\"@id\":\"https:\/\/www.allinclusivehotels.it\/fr#organization\"},\"potentialAction\":[{\"@type\":\"SearchAction\",\"target\":{\"@type\":\"EntryPoint\",\"urlTemplate\":\"https:\/\/www.allinclusivehotels.it\/fr?s={search_term_string}\"},\"query-input\":{\"@type\":\"PropertyValueSpecification\",\"valueRequired\":true,\"valueName\":\"search_term_string\"}}],\"inLanguage\":\"fr-FR\"},{\"@type\":\"Organization\",\"@id\":\"https:\/\/www.allinclusivehotels.it\/fr#organization\",\"name\":\"All Inclusive Hotels\",\"url\":\"https:\/\/www.allinclusivehotels.it\/fr\",\"logo\":{\"@type\":\"ImageObject\",\"inLanguage\":\"fr-FR\",\"@id\":\"https:\/\/www.allinclusivehotels.it\/fr#\/schema\/logo\/image\/\",\"url\":\"\",\"contentUrl\":\"\",\"caption\":\"All Inclusive Hotels\"},\"image\":{\"@id\":\"https:\/\/www.allinclusivehotels.it\/fr#\/schema\/logo\/image\/\"}}]}<\/script>\n<!-- \/ Yoast SEO plugin. -->","yoast_head_json":{"title":"Les meilleurs H\u00f4tels All Inclusive avec Mini Club en Italie","description":"Vous cherchez des h\u00f4tels ou des villages avec Mini Club en Italie ? D\u00e9couvrez les meilleurs avec offres tout compris !","robots":{"index":"index","follow":"follow","max-snippet":"max-snippet:-1","max-image-preview":"max-image-preview:large","max-video-preview":"max-video-preview:-1"},"canonical":"https:\/\/www.allinclusivehotels.it\/fr\/hotels-avec-mini-club","og_locale":"fr_FR","og_type":"article","og_title":"Les meilleurs H\u00f4tels All Inclusive avec Mini Club en Italie","og_description":"Vous cherchez des h\u00f4tels ou des villages avec Mini Club en Italie ? D\u00e9couvrez les meilleurs avec offres tout compris !","og_url":"https:\/\/www.allinclusivehotels.it\/fr\/hotels-avec-mini-club","og_site_name":"All Inclusive Hotels","article_modified_time":"2022-04-19T15:26:17+00:00","twitter_card":"summary_large_image","twitter_misc":{"Dur\u00e9e de lecture estim\u00e9e":"2 minutes"},"schema":{"@context":"https:\/\/schema.org","@graph":[{"@type":"WebPage","@id":"https:\/\/www.allinclusivehotels.it\/fr\/hotels-avec-mini-club","url":"https:\/\/www.allinclusivehotels.it\/fr\/hotels-avec-mini-club","name":"Les meilleurs H\u00f4tels All Inclusive avec Mini Club en Italie","isPartOf":{"@id":"https:\/\/www.allinclusivehotels.it\/fr#website"},"datePublished":"2022-02-16T13:39:46+00:00","dateModified":"2022-04-19T15:26:17+00:00","description":"Vous cherchez des h\u00f4tels ou des villages avec Mini Club en Italie ? D\u00e9couvrez les meilleurs avec offres tout compris !","breadcrumb":{"@id":"https:\/\/www.allinclusivehotels.it\/fr\/hotels-avec-mini-club#breadcrumb"},"inLanguage":"fr-FR","potentialAction":[{"@type":"ReadAction","target":["https:\/\/www.allinclusivehotels.it\/fr\/hotels-avec-mini-club"]}]},{"@type":"BreadcrumbList","@id":"https:\/\/www.allinclusivehotels.it\/fr\/hotels-avec-mini-club#breadcrumb","itemListElement":[{"@type":"ListItem","position":1,"name":"Home","item":"https:\/\/www.allinclusivehotels.it\/fr"},{"@type":"ListItem","position":2,"name":"H\u00f4tels avec mini-club"}]},{"@type":"WebSite","@id":"https:\/\/www.allinclusivehotels.it\/fr#website","url":"https:\/\/www.allinclusivehotels.it\/fr","name":"All Inclusive Hotels","description":"","publisher":{"@id":"https:\/\/www.allinclusivehotels.it\/fr#organization"},"potentialAction":[{"@type":"SearchAction","target":{"@type":"EntryPoint","urlTemplate":"https:\/\/www.allinclusivehotels.it\/fr?s={search_term_string}"},"query-input":{"@type":"PropertyValueSpecification","valueRequired":true,"valueName":"search_term_string"}}],"inLanguage":"fr-FR"},{"@type":"Organization","@id":"https:\/\/www.allinclusivehotels.it\/fr#organization","name":"All Inclusive Hotels","url":"https:\/\/www.allinclusivehotels.it\/fr","logo":{"@type":"ImageObject","inLanguage":"fr-FR","@id":"https:\/\/www.allinclusivehotels.it\/fr#\/schema\/logo\/image\/","url":"","contentUrl":"","caption":"All Inclusive Hotels"},"image":{"@id":"https:\/\/www.allinclusivehotels.it\/fr#\/schema\/logo\/image\/"}}]}},"_links":{"self":[{"href":"https:\/\/www.allinclusivehotels.it\/fr\/wp-json\/wp\/v2\/pages\/9433","targetHints":{"allow":["GET"]}}],"collection":[{"href":"https:\/\/www.allinclusivehotels.it\/fr\/wp-json\/wp\/v2\/pages"}],"about":[{"href":"https:\/\/www.allinclusivehotels.it\/fr\/wp-json\/wp\/v2\/types\/page"}],"author":[{"embeddable":true,"href":"https:\/\/www.allinclusivehotels.it\/fr\/wp-json\/wp\/v2\/users\/1"}],"replies":[{"embeddable":true,"href":"https:\/\/www.allinclusivehotels.it\/fr\/wp-json\/wp\/v2\/comments?post=9433"}],"version-history":[{"count":5,"href":"https:\/\/www.allinclusivehotels.it\/fr\/wp-json\/wp\/v2\/pages\/9433\/revisions"}],"predecessor-version":[{"id":18668,"href":"https:\/\/www.allinclusivehotels.it\/fr\/wp-json\/wp\/v2\/pages\/9433\/revisions\/18668"}],"wp:attachment":[{"href":"https:\/\/www.allinclusivehotels.it\/fr\/wp-json\/wp\/v2\/media?parent=9433"}],"curies":[{"name":"wp","href":"https:\/\/api.w.org\/{rel}","templated":true}]}}