{"id":9431,"date":"2022-02-16T14:39:45","date_gmt":"2022-02-16T13:39:45","guid":{"rendered":"https:\/\/www.allinclusivehotels.it\/hotels-avec-centre-bien-etre"},"modified":"2022-04-19T17:25:39","modified_gmt":"2022-04-19T15:25:39","slug":"hotels-avec-centre-bien-etre","status":"publish","type":"page","link":"https:\/\/www.allinclusivehotels.it\/fr\/hotels-avec-centre-bien-etre","title":{"rendered":"H\u00f4tels avec centre bien-\u00eatre"},"content":{"rendered":"\n<p>Choisissez un <b>All Inclusive Hotel avec centre bien-\u00eatre <\/b>et passez des vacances entre hydromassage, sauna, hammam, bain turc et de nombreux soins bien-\u00eatre et beaut\u00e9 pour revigorer votre corps et votre esprit.<\/p>\n\n\n\n<p>Notre formule \u201ctout compris\u201d vous permet de s\u00e9journer dans des \u00e9tablissements accr\u00e9dit\u00e9s \u00e0 3 ou 4 \u00e9toiles, incluant l\u2019acc\u00e8s au centre bien-\u00eatre o\u00f9 vous pourrez \u00e9ventuellement choisir des services suppl\u00e9mentaires (comme des massages payants).<\/p>\n","protected":false},"excerpt":{"rendered":"<p>Choisissez un All Inclusive Hotel avec centre bien-\u00eatre et passez des vacances entre hydromassage, sauna, &hellip;<\/p>\n","protected":false},"author":1,"featured_media":0,"parent":0,"menu_order":0,"comment_status":"closed","ping_status":"closed","template":"page-templates\/scheda_servizio.php","meta":{"_acf_changed":false,"footnotes":""},"class_list":["post-9431","page","type-page","status-publish","hentry"],"acf":[],"yoast_head":"<!-- This site is optimized with the Yoast SEO plugin v27.0 - https:\/\/yoast.com\/product\/yoast-seo-wordpress\/ -->\n<title>Les meilleurs H\u00f4tels All Inclusive avec centre bien-\u00eatre en Italie<\/title>\n<meta name=\"description\" content=\"Vous cherchez des h\u00f4tels ou des villages avec centre bien-\u00eatre en Italie ? D\u00e9couvrez les meilleurs avec offres tout compris !\" \/>\n<meta name=\"robots\" content=\"index, follow, max-snippet:-1, max-image-preview:large, max-video-preview:-1\" \/>\n<link rel=\"canonical\" href=\"https:\/\/www.allinclusivehotels.it\/fr\/hotels-avec-centre-bien-etre\" \/>\n<meta property=\"og:locale\" content=\"fr_FR\" \/>\n<meta property=\"og:type\" content=\"article\" \/>\n<meta property=\"og:title\" content=\"Les meilleurs H\u00f4tels All Inclusive avec centre bien-\u00eatre en Italie\" \/>\n<meta property=\"og:description\" content=\"Vous cherchez des h\u00f4tels ou des villages avec centre bien-\u00eatre en Italie ? D\u00e9couvrez les meilleurs avec offres tout compris !\" \/>\n<meta property=\"og:url\" content=\"https:\/\/www.allinclusivehotels.it\/fr\/hotels-avec-centre-bien-etre\" \/>\n<meta property=\"og:site_name\" content=\"All Inclusive Hotels\" \/>\n<meta property=\"article:modified_time\" content=\"2022-04-19T15:25:39+00:00\" \/>\n<meta name=\"twitter:card\" content=\"summary_large_image\" \/>\n<meta name=\"twitter:label1\" content=\"Dur\u00e9e de lecture estim\u00e9e\" \/>\n\t<meta name=\"twitter:data1\" content=\"1 minute\" \/>\n<script type=\"application\/ld+json\" class=\"yoast-schema-graph\">{\"@context\":\"https:\/\/schema.org\",\"@graph\":[{\"@type\":\"WebPage\",\"@id\":\"https:\/\/www.allinclusivehotels.it\/fr\/hotels-avec-centre-bien-etre\",\"url\":\"https:\/\/www.allinclusivehotels.it\/fr\/hotels-avec-centre-bien-etre\",\"name\":\"Les meilleurs H\u00f4tels All Inclusive avec centre bien-\u00eatre en Italie\",\"isPartOf\":{\"@id\":\"https:\/\/www.allinclusivehotels.it\/fr#website\"},\"datePublished\":\"2022-02-16T13:39:45+00:00\",\"dateModified\":\"2022-04-19T15:25:39+00:00\",\"description\":\"Vous cherchez des h\u00f4tels ou des villages avec centre bien-\u00eatre en Italie ? D\u00e9couvrez les meilleurs avec offres tout compris !\",\"breadcrumb\":{\"@id\":\"https:\/\/www.allinclusivehotels.it\/fr\/hotels-avec-centre-bien-etre#breadcrumb\"},\"inLanguage\":\"fr-FR\",\"potentialAction\":[{\"@type\":\"ReadAction\",\"target\":[\"https:\/\/www.allinclusivehotels.it\/fr\/hotels-avec-centre-bien-etre\"]}]},{\"@type\":\"BreadcrumbList\",\"@id\":\"https:\/\/www.allinclusivehotels.it\/fr\/hotels-avec-centre-bien-etre#breadcrumb\",\"itemListElement\":[{\"@type\":\"ListItem\",\"position\":1,\"name\":\"Home\",\"item\":\"https:\/\/www.allinclusivehotels.it\/fr\"},{\"@type\":\"ListItem\",\"position\":2,\"name\":\"H\u00f4tels avec centre bien-\u00eatre\"}]},{\"@type\":\"WebSite\",\"@id\":\"https:\/\/www.allinclusivehotels.it\/fr#website\",\"url\":\"https:\/\/www.allinclusivehotels.it\/fr\",\"name\":\"All Inclusive Hotels\",\"description\":\"\",\"publisher\":{\"@id\":\"https:\/\/www.allinclusivehotels.it\/fr#organization\"},\"potentialAction\":[{\"@type\":\"SearchAction\",\"target\":{\"@type\":\"EntryPoint\",\"urlTemplate\":\"https:\/\/www.allinclusivehotels.it\/fr?s={search_term_string}\"},\"query-input\":{\"@type\":\"PropertyValueSpecification\",\"valueRequired\":true,\"valueName\":\"search_term_string\"}}],\"inLanguage\":\"fr-FR\"},{\"@type\":\"Organization\",\"@id\":\"https:\/\/www.allinclusivehotels.it\/fr#organization\",\"name\":\"All Inclusive Hotels\",\"url\":\"https:\/\/www.allinclusivehotels.it\/fr\",\"logo\":{\"@type\":\"ImageObject\",\"inLanguage\":\"fr-FR\",\"@id\":\"https:\/\/www.allinclusivehotels.it\/fr#\/schema\/logo\/image\/\",\"url\":\"\",\"contentUrl\":\"\",\"caption\":\"All Inclusive Hotels\"},\"image\":{\"@id\":\"https:\/\/www.allinclusivehotels.it\/fr#\/schema\/logo\/image\/\"}}]}<\/script>\n<!-- \/ Yoast SEO plugin. -->","yoast_head_json":{"title":"Les meilleurs H\u00f4tels All Inclusive avec centre bien-\u00eatre en Italie","description":"Vous cherchez des h\u00f4tels ou des villages avec centre bien-\u00eatre en Italie ? D\u00e9couvrez les meilleurs avec offres tout compris !","robots":{"index":"index","follow":"follow","max-snippet":"max-snippet:-1","max-image-preview":"max-image-preview:large","max-video-preview":"max-video-preview:-1"},"canonical":"https:\/\/www.allinclusivehotels.it\/fr\/hotels-avec-centre-bien-etre","og_locale":"fr_FR","og_type":"article","og_title":"Les meilleurs H\u00f4tels All Inclusive avec centre bien-\u00eatre en Italie","og_description":"Vous cherchez des h\u00f4tels ou des villages avec centre bien-\u00eatre en Italie ? D\u00e9couvrez les meilleurs avec offres tout compris !","og_url":"https:\/\/www.allinclusivehotels.it\/fr\/hotels-avec-centre-bien-etre","og_site_name":"All Inclusive Hotels","article_modified_time":"2022-04-19T15:25:39+00:00","twitter_card":"summary_large_image","twitter_misc":{"Dur\u00e9e de lecture estim\u00e9e":"1 minute"},"schema":{"@context":"https:\/\/schema.org","@graph":[{"@type":"WebPage","@id":"https:\/\/www.allinclusivehotels.it\/fr\/hotels-avec-centre-bien-etre","url":"https:\/\/www.allinclusivehotels.it\/fr\/hotels-avec-centre-bien-etre","name":"Les meilleurs H\u00f4tels All Inclusive avec centre bien-\u00eatre en Italie","isPartOf":{"@id":"https:\/\/www.allinclusivehotels.it\/fr#website"},"datePublished":"2022-02-16T13:39:45+00:00","dateModified":"2022-04-19T15:25:39+00:00","description":"Vous cherchez des h\u00f4tels ou des villages avec centre bien-\u00eatre en Italie ? D\u00e9couvrez les meilleurs avec offres tout compris !","breadcrumb":{"@id":"https:\/\/www.allinclusivehotels.it\/fr\/hotels-avec-centre-bien-etre#breadcrumb"},"inLanguage":"fr-FR","potentialAction":[{"@type":"ReadAction","target":["https:\/\/www.allinclusivehotels.it\/fr\/hotels-avec-centre-bien-etre"]}]},{"@type":"BreadcrumbList","@id":"https:\/\/www.allinclusivehotels.it\/fr\/hotels-avec-centre-bien-etre#breadcrumb","itemListElement":[{"@type":"ListItem","position":1,"name":"Home","item":"https:\/\/www.allinclusivehotels.it\/fr"},{"@type":"ListItem","position":2,"name":"H\u00f4tels avec centre bien-\u00eatre"}]},{"@type":"WebSite","@id":"https:\/\/www.allinclusivehotels.it\/fr#website","url":"https:\/\/www.allinclusivehotels.it\/fr","name":"All Inclusive Hotels","description":"","publisher":{"@id":"https:\/\/www.allinclusivehotels.it\/fr#organization"},"potentialAction":[{"@type":"SearchAction","target":{"@type":"EntryPoint","urlTemplate":"https:\/\/www.allinclusivehotels.it\/fr?s={search_term_string}"},"query-input":{"@type":"PropertyValueSpecification","valueRequired":true,"valueName":"search_term_string"}}],"inLanguage":"fr-FR"},{"@type":"Organization","@id":"https:\/\/www.allinclusivehotels.it\/fr#organization","name":"All Inclusive Hotels","url":"https:\/\/www.allinclusivehotels.it\/fr","logo":{"@type":"ImageObject","inLanguage":"fr-FR","@id":"https:\/\/www.allinclusivehotels.it\/fr#\/schema\/logo\/image\/","url":"","contentUrl":"","caption":"All Inclusive Hotels"},"image":{"@id":"https:\/\/www.allinclusivehotels.it\/fr#\/schema\/logo\/image\/"}}]}},"_links":{"self":[{"href":"https:\/\/www.allinclusivehotels.it\/fr\/wp-json\/wp\/v2\/pages\/9431","targetHints":{"allow":["GET"]}}],"collection":[{"href":"https:\/\/www.allinclusivehotels.it\/fr\/wp-json\/wp\/v2\/pages"}],"about":[{"href":"https:\/\/www.allinclusivehotels.it\/fr\/wp-json\/wp\/v2\/types\/page"}],"author":[{"embeddable":true,"href":"https:\/\/www.allinclusivehotels.it\/fr\/wp-json\/wp\/v2\/users\/1"}],"replies":[{"embeddable":true,"href":"https:\/\/www.allinclusivehotels.it\/fr\/wp-json\/wp\/v2\/comments?post=9431"}],"version-history":[{"count":4,"href":"https:\/\/www.allinclusivehotels.it\/fr\/wp-json\/wp\/v2\/pages\/9431\/revisions"}],"predecessor-version":[{"id":18160,"href":"https:\/\/www.allinclusivehotels.it\/fr\/wp-json\/wp\/v2\/pages\/9431\/revisions\/18160"}],"wp:attachment":[{"href":"https:\/\/www.allinclusivehotels.it\/fr\/wp-json\/wp\/v2\/media?parent=9431"}],"curies":[{"name":"wp","href":"https:\/\/api.w.org\/{rel}","templated":true}]}}