{"id":9429,"date":"2022-02-16T14:39:45","date_gmt":"2022-02-16T13:39:45","guid":{"rendered":"https:\/\/www.allinclusivehotels.it\/hotels-avec-animations"},"modified":"2022-04-19T16:37:31","modified_gmt":"2022-04-19T14:37:31","slug":"hotels-avec-animations","status":"publish","type":"page","link":"https:\/\/www.allinclusivehotels.it\/fr\/hotels-avec-animations","title":{"rendered":"H\u00f4tels avec animations"},"content":{"rendered":"\n<p>Envie de danser, de vous amuser et de faire de nouvelles connaissances&nbsp;? Ou peut-\u00eatre que vous voyagez avec votre famille et que vous recherchez une \u00e9quipe d\u2019animateurs cr\u00e9atifs \u00e0 qui confier vos enfants pour leur faire vivre des vacances de r\u00eave&nbsp;? La solution sur parfaite pour vous se trouve s\u00fbrement parmi nos <b>offres All Inclusive Hotels avec animations<\/b>, et leurs programmes riches pour les plus jeunes mais aussi pour les familles.<\/p>\n\n\n\n<p>Des <b>tournois sportifs <\/b>pour garder la forme aux excursions aux alentours de l\u2019\u00e9tablissement o\u00f9 vous s\u00e9journez&nbsp;; des soir\u00e9es anim\u00e9es avec <b>karaok\u00e9, danses latines et<\/b> <b>spectacles de cabaret<\/b>&nbsp;aux irr\u00e9sistibles <b>jeux de groupe&nbsp;<\/b>:<b> <\/b>on n\u2019est jamais trop vieux pour se laisser aller et s\u2019amuser en bonne compagnie.<\/p>\n\n\n\n<!--more-->\n\n\n\n<p>Des animateurs professionnels, jeunes, beaux et bien pr\u00e9par\u00e9s seront \u00e0 votre disposition pour vous faire passer des journ\u00e9es inoubliables, dr\u00f4les, mais aussi instructives. Selon la saison de votre s\u00e9jour, on vous proposera diff\u00e9rentes activit\u00e9s ou excursions, avec les sports et les aventures qui vous conviendront le plus.<\/p>\n\n\n\n<p>Seuls, entre amis ou en famille, peu importe. Le groupe All Inclusive Hotels sera heureux de trouver la solution parfaite pour vos exigences et surtout celle qui vous permettra d\u2019\u00e9conomiser le plus.<\/p>\n","protected":false},"excerpt":{"rendered":"<p>Envie de danser, de vous amuser et de faire de nouvelles connaissances&nbsp;? Ou peut-\u00eatre que &hellip;<\/p>\n","protected":false},"author":1,"featured_media":0,"parent":0,"menu_order":0,"comment_status":"closed","ping_status":"closed","template":"page-templates\/scheda_servizio.php","meta":{"_acf_changed":false,"footnotes":""},"class_list":["post-9429","page","type-page","status-publish","hentry"],"acf":[],"yoast_head":"<!-- This site is optimized with the Yoast SEO plugin v27.0 - https:\/\/yoast.com\/product\/yoast-seo-wordpress\/ -->\n<title>Les meilleurs H\u00f4tels All Inclusive avec animation en Italie<\/title>\n<meta name=\"description\" content=\"Vous cherchez des h\u00f4tels ou des villages avec animation en Italie ? D\u00e9couvrez les meilleurs, avec de nombreuses offres tout compris !\" \/>\n<meta name=\"robots\" content=\"index, follow, max-snippet:-1, max-image-preview:large, max-video-preview:-1\" \/>\n<link rel=\"canonical\" href=\"https:\/\/www.allinclusivehotels.it\/fr\/hotels-avec-animations\" \/>\n<meta property=\"og:locale\" content=\"fr_FR\" \/>\n<meta property=\"og:type\" content=\"article\" \/>\n<meta property=\"og:title\" content=\"Les meilleurs H\u00f4tels All Inclusive avec animation en Italie\" \/>\n<meta property=\"og:description\" content=\"Vous cherchez des h\u00f4tels ou des villages avec animation en Italie ? D\u00e9couvrez les meilleurs, avec de nombreuses offres tout compris !\" \/>\n<meta property=\"og:url\" content=\"https:\/\/www.allinclusivehotels.it\/fr\/hotels-avec-animations\" \/>\n<meta property=\"og:site_name\" content=\"All Inclusive Hotels\" \/>\n<meta property=\"article:modified_time\" content=\"2022-04-19T14:37:31+00:00\" \/>\n<meta name=\"twitter:card\" content=\"summary_large_image\" \/>\n<meta name=\"twitter:label1\" content=\"Dur\u00e9e de lecture estim\u00e9e\" \/>\n\t<meta name=\"twitter:data1\" content=\"2 minutes\" \/>\n<script type=\"application\/ld+json\" class=\"yoast-schema-graph\">{\"@context\":\"https:\/\/schema.org\",\"@graph\":[{\"@type\":\"WebPage\",\"@id\":\"https:\/\/www.allinclusivehotels.it\/fr\/hotels-avec-animations\",\"url\":\"https:\/\/www.allinclusivehotels.it\/fr\/hotels-avec-animations\",\"name\":\"Les meilleurs H\u00f4tels All Inclusive avec animation en Italie\",\"isPartOf\":{\"@id\":\"https:\/\/www.allinclusivehotels.it\/fr#website\"},\"datePublished\":\"2022-02-16T13:39:45+00:00\",\"dateModified\":\"2022-04-19T14:37:31+00:00\",\"description\":\"Vous cherchez des h\u00f4tels ou des villages avec animation en Italie ? D\u00e9couvrez les meilleurs, avec de nombreuses offres tout compris !\",\"breadcrumb\":{\"@id\":\"https:\/\/www.allinclusivehotels.it\/fr\/hotels-avec-animations#breadcrumb\"},\"inLanguage\":\"fr-FR\",\"potentialAction\":[{\"@type\":\"ReadAction\",\"target\":[\"https:\/\/www.allinclusivehotels.it\/fr\/hotels-avec-animations\"]}]},{\"@type\":\"BreadcrumbList\",\"@id\":\"https:\/\/www.allinclusivehotels.it\/fr\/hotels-avec-animations#breadcrumb\",\"itemListElement\":[{\"@type\":\"ListItem\",\"position\":1,\"name\":\"Home\",\"item\":\"https:\/\/www.allinclusivehotels.it\/fr\"},{\"@type\":\"ListItem\",\"position\":2,\"name\":\"H\u00f4tels avec animations\"}]},{\"@type\":\"WebSite\",\"@id\":\"https:\/\/www.allinclusivehotels.it\/fr#website\",\"url\":\"https:\/\/www.allinclusivehotels.it\/fr\",\"name\":\"All Inclusive Hotels\",\"description\":\"\",\"publisher\":{\"@id\":\"https:\/\/www.allinclusivehotels.it\/fr#organization\"},\"potentialAction\":[{\"@type\":\"SearchAction\",\"target\":{\"@type\":\"EntryPoint\",\"urlTemplate\":\"https:\/\/www.allinclusivehotels.it\/fr?s={search_term_string}\"},\"query-input\":{\"@type\":\"PropertyValueSpecification\",\"valueRequired\":true,\"valueName\":\"search_term_string\"}}],\"inLanguage\":\"fr-FR\"},{\"@type\":\"Organization\",\"@id\":\"https:\/\/www.allinclusivehotels.it\/fr#organization\",\"name\":\"All Inclusive Hotels\",\"url\":\"https:\/\/www.allinclusivehotels.it\/fr\",\"logo\":{\"@type\":\"ImageObject\",\"inLanguage\":\"fr-FR\",\"@id\":\"https:\/\/www.allinclusivehotels.it\/fr#\/schema\/logo\/image\/\",\"url\":\"\",\"contentUrl\":\"\",\"caption\":\"All Inclusive Hotels\"},\"image\":{\"@id\":\"https:\/\/www.allinclusivehotels.it\/fr#\/schema\/logo\/image\/\"}}]}<\/script>\n<!-- \/ Yoast SEO plugin. -->","yoast_head_json":{"title":"Les meilleurs H\u00f4tels All Inclusive avec animation en Italie","description":"Vous cherchez des h\u00f4tels ou des villages avec animation en Italie ? D\u00e9couvrez les meilleurs, avec de nombreuses offres tout compris !","robots":{"index":"index","follow":"follow","max-snippet":"max-snippet:-1","max-image-preview":"max-image-preview:large","max-video-preview":"max-video-preview:-1"},"canonical":"https:\/\/www.allinclusivehotels.it\/fr\/hotels-avec-animations","og_locale":"fr_FR","og_type":"article","og_title":"Les meilleurs H\u00f4tels All Inclusive avec animation en Italie","og_description":"Vous cherchez des h\u00f4tels ou des villages avec animation en Italie ? D\u00e9couvrez les meilleurs, avec de nombreuses offres tout compris !","og_url":"https:\/\/www.allinclusivehotels.it\/fr\/hotels-avec-animations","og_site_name":"All Inclusive Hotels","article_modified_time":"2022-04-19T14:37:31+00:00","twitter_card":"summary_large_image","twitter_misc":{"Dur\u00e9e de lecture estim\u00e9e":"2 minutes"},"schema":{"@context":"https:\/\/schema.org","@graph":[{"@type":"WebPage","@id":"https:\/\/www.allinclusivehotels.it\/fr\/hotels-avec-animations","url":"https:\/\/www.allinclusivehotels.it\/fr\/hotels-avec-animations","name":"Les meilleurs H\u00f4tels All Inclusive avec animation en Italie","isPartOf":{"@id":"https:\/\/www.allinclusivehotels.it\/fr#website"},"datePublished":"2022-02-16T13:39:45+00:00","dateModified":"2022-04-19T14:37:31+00:00","description":"Vous cherchez des h\u00f4tels ou des villages avec animation en Italie ? D\u00e9couvrez les meilleurs, avec de nombreuses offres tout compris !","breadcrumb":{"@id":"https:\/\/www.allinclusivehotels.it\/fr\/hotels-avec-animations#breadcrumb"},"inLanguage":"fr-FR","potentialAction":[{"@type":"ReadAction","target":["https:\/\/www.allinclusivehotels.it\/fr\/hotels-avec-animations"]}]},{"@type":"BreadcrumbList","@id":"https:\/\/www.allinclusivehotels.it\/fr\/hotels-avec-animations#breadcrumb","itemListElement":[{"@type":"ListItem","position":1,"name":"Home","item":"https:\/\/www.allinclusivehotels.it\/fr"},{"@type":"ListItem","position":2,"name":"H\u00f4tels avec animations"}]},{"@type":"WebSite","@id":"https:\/\/www.allinclusivehotels.it\/fr#website","url":"https:\/\/www.allinclusivehotels.it\/fr","name":"All Inclusive Hotels","description":"","publisher":{"@id":"https:\/\/www.allinclusivehotels.it\/fr#organization"},"potentialAction":[{"@type":"SearchAction","target":{"@type":"EntryPoint","urlTemplate":"https:\/\/www.allinclusivehotels.it\/fr?s={search_term_string}"},"query-input":{"@type":"PropertyValueSpecification","valueRequired":true,"valueName":"search_term_string"}}],"inLanguage":"fr-FR"},{"@type":"Organization","@id":"https:\/\/www.allinclusivehotels.it\/fr#organization","name":"All Inclusive Hotels","url":"https:\/\/www.allinclusivehotels.it\/fr","logo":{"@type":"ImageObject","inLanguage":"fr-FR","@id":"https:\/\/www.allinclusivehotels.it\/fr#\/schema\/logo\/image\/","url":"","contentUrl":"","caption":"All Inclusive Hotels"},"image":{"@id":"https:\/\/www.allinclusivehotels.it\/fr#\/schema\/logo\/image\/"}}]}},"_links":{"self":[{"href":"https:\/\/www.allinclusivehotels.it\/fr\/wp-json\/wp\/v2\/pages\/9429","targetHints":{"allow":["GET"]}}],"collection":[{"href":"https:\/\/www.allinclusivehotels.it\/fr\/wp-json\/wp\/v2\/pages"}],"about":[{"href":"https:\/\/www.allinclusivehotels.it\/fr\/wp-json\/wp\/v2\/types\/page"}],"author":[{"embeddable":true,"href":"https:\/\/www.allinclusivehotels.it\/fr\/wp-json\/wp\/v2\/users\/1"}],"replies":[{"embeddable":true,"href":"https:\/\/www.allinclusivehotels.it\/fr\/wp-json\/wp\/v2\/comments?post=9429"}],"version-history":[{"count":6,"href":"https:\/\/www.allinclusivehotels.it\/fr\/wp-json\/wp\/v2\/pages\/9429\/revisions"}],"predecessor-version":[{"id":18928,"href":"https:\/\/www.allinclusivehotels.it\/fr\/wp-json\/wp\/v2\/pages\/9429\/revisions\/18928"}],"wp:attachment":[{"href":"https:\/\/www.allinclusivehotels.it\/fr\/wp-json\/wp\/v2\/media?parent=9429"}],"curies":[{"name":"wp","href":"https:\/\/api.w.org\/{rel}","templated":true}]}}