{"id":9427,"date":"2022-02-16T14:39:45","date_gmt":"2022-02-16T13:39:45","guid":{"rendered":"https:\/\/www.allinclusivehotels.it\/vacances-pour-les-moins-de-25-ans"},"modified":"2022-04-21T10:01:08","modified_gmt":"2022-04-21T08:01:08","slug":"vacances-pour-les-moins-de-25-ans","status":"publish","type":"page","link":"https:\/\/www.allinclusivehotels.it\/fr\/vacances-pour-les-moins-de-25-ans","title":{"rendered":"Vacances pour les moins de 25 ans"},"content":{"rendered":"\n<p>Vous r\u00eaviez de vacances insouciantes \u00e0 la mer, entre amis ou avec votre partenaire, mais une fois \u00e0 destination, vous d\u00e9couvrez des frais dont personne ne vous avait parl\u00e9&nbsp;? Fini ce genre de surprises&nbsp;! Nos <b>All Inclusive Hotels<\/b> vous garantissent des <b>vacances sans souci et avec tous les services inclus dans le prix de d\u00e9part<\/b>.<b> <\/b>Il vous suffit juste de choisir votre destination, quand et avec qui partir&nbsp;: une fois dans nos \u00e9tablissements, vous pourrez m\u00eame oublier le code de votre carte bleu&nbsp;!<\/p>\n","protected":false},"excerpt":{"rendered":"<p>Vous r\u00eaviez de vacances insouciantes \u00e0 la mer, entre amis ou avec votre partenaire, mais &hellip;<\/p>\n","protected":false},"author":1,"featured_media":0,"parent":0,"menu_order":0,"comment_status":"closed","ping_status":"closed","template":"page-templates\/scheda_target.php","meta":{"_acf_changed":false,"footnotes":""},"class_list":["post-9427","page","type-page","status-publish","hentry"],"acf":[],"yoast_head":"<!-- This site is optimized with the Yoast SEO plugin v27.0 - https:\/\/yoast.com\/product\/yoast-seo-wordpress\/ -->\n<title>Offres Forfaits vacances pour Jeunes en Italie | H\u00f4tels All Inclusive<\/title>\n<meta name=\"description\" content=\"Cherchez-vous des offres vacances tout compris pour jeunes en Italie? Consultez les meilleures et choisissez celle qui vous convient!\" \/>\n<meta name=\"robots\" content=\"index, follow, max-snippet:-1, max-image-preview:large, max-video-preview:-1\" \/>\n<link rel=\"canonical\" href=\"https:\/\/www.allinclusivehotels.it\/fr\/vacances-pour-les-moins-de-25-ans\" \/>\n<meta property=\"og:locale\" content=\"fr_FR\" \/>\n<meta property=\"og:type\" content=\"article\" \/>\n<meta property=\"og:title\" content=\"Offres Forfaits vacances pour Jeunes en Italie | H\u00f4tels All Inclusive\" \/>\n<meta property=\"og:description\" content=\"Cherchez-vous des offres vacances tout compris pour jeunes en Italie? Consultez les meilleures et choisissez celle qui vous convient!\" \/>\n<meta property=\"og:url\" content=\"https:\/\/www.allinclusivehotels.it\/fr\/vacances-pour-les-moins-de-25-ans\" \/>\n<meta property=\"og:site_name\" content=\"All Inclusive Hotels\" \/>\n<meta property=\"article:modified_time\" content=\"2022-04-21T08:01:08+00:00\" \/>\n<meta name=\"twitter:card\" content=\"summary_large_image\" \/>\n<meta name=\"twitter:label1\" content=\"Dur\u00e9e de lecture estim\u00e9e\" \/>\n\t<meta name=\"twitter:data1\" content=\"1 minute\" \/>\n<script type=\"application\/ld+json\" class=\"yoast-schema-graph\">{\"@context\":\"https:\/\/schema.org\",\"@graph\":[{\"@type\":\"WebPage\",\"@id\":\"https:\/\/www.allinclusivehotels.it\/fr\/vacances-pour-les-moins-de-25-ans\",\"url\":\"https:\/\/www.allinclusivehotels.it\/fr\/vacances-pour-les-moins-de-25-ans\",\"name\":\"Offres Forfaits vacances pour Jeunes en Italie | H\u00f4tels All Inclusive\",\"isPartOf\":{\"@id\":\"https:\/\/www.allinclusivehotels.it\/fr#website\"},\"datePublished\":\"2022-02-16T13:39:45+00:00\",\"dateModified\":\"2022-04-21T08:01:08+00:00\",\"description\":\"Cherchez-vous des offres vacances tout compris pour jeunes en Italie? Consultez les meilleures et choisissez celle qui vous convient!\",\"breadcrumb\":{\"@id\":\"https:\/\/www.allinclusivehotels.it\/fr\/vacances-pour-les-moins-de-25-ans#breadcrumb\"},\"inLanguage\":\"fr-FR\",\"potentialAction\":[{\"@type\":\"ReadAction\",\"target\":[\"https:\/\/www.allinclusivehotels.it\/fr\/vacances-pour-les-moins-de-25-ans\"]}]},{\"@type\":\"BreadcrumbList\",\"@id\":\"https:\/\/www.allinclusivehotels.it\/fr\/vacances-pour-les-moins-de-25-ans#breadcrumb\",\"itemListElement\":[{\"@type\":\"ListItem\",\"position\":1,\"name\":\"Home\",\"item\":\"https:\/\/www.allinclusivehotels.it\/fr\"},{\"@type\":\"ListItem\",\"position\":2,\"name\":\"Vacances pour les moins de 25 ans\"}]},{\"@type\":\"WebSite\",\"@id\":\"https:\/\/www.allinclusivehotels.it\/fr#website\",\"url\":\"https:\/\/www.allinclusivehotels.it\/fr\",\"name\":\"All Inclusive Hotels\",\"description\":\"\",\"publisher\":{\"@id\":\"https:\/\/www.allinclusivehotels.it\/fr#organization\"},\"potentialAction\":[{\"@type\":\"SearchAction\",\"target\":{\"@type\":\"EntryPoint\",\"urlTemplate\":\"https:\/\/www.allinclusivehotels.it\/fr?s={search_term_string}\"},\"query-input\":{\"@type\":\"PropertyValueSpecification\",\"valueRequired\":true,\"valueName\":\"search_term_string\"}}],\"inLanguage\":\"fr-FR\"},{\"@type\":\"Organization\",\"@id\":\"https:\/\/www.allinclusivehotels.it\/fr#organization\",\"name\":\"All Inclusive Hotels\",\"url\":\"https:\/\/www.allinclusivehotels.it\/fr\",\"logo\":{\"@type\":\"ImageObject\",\"inLanguage\":\"fr-FR\",\"@id\":\"https:\/\/www.allinclusivehotels.it\/fr#\/schema\/logo\/image\/\",\"url\":\"\",\"contentUrl\":\"\",\"caption\":\"All Inclusive Hotels\"},\"image\":{\"@id\":\"https:\/\/www.allinclusivehotels.it\/fr#\/schema\/logo\/image\/\"}}]}<\/script>\n<!-- \/ Yoast SEO plugin. -->","yoast_head_json":{"title":"Offres Forfaits vacances pour Jeunes en Italie | H\u00f4tels All Inclusive","description":"Cherchez-vous des offres vacances tout compris pour jeunes en Italie? Consultez les meilleures et choisissez celle qui vous convient!","robots":{"index":"index","follow":"follow","max-snippet":"max-snippet:-1","max-image-preview":"max-image-preview:large","max-video-preview":"max-video-preview:-1"},"canonical":"https:\/\/www.allinclusivehotels.it\/fr\/vacances-pour-les-moins-de-25-ans","og_locale":"fr_FR","og_type":"article","og_title":"Offres Forfaits vacances pour Jeunes en Italie | H\u00f4tels All Inclusive","og_description":"Cherchez-vous des offres vacances tout compris pour jeunes en Italie? Consultez les meilleures et choisissez celle qui vous convient!","og_url":"https:\/\/www.allinclusivehotels.it\/fr\/vacances-pour-les-moins-de-25-ans","og_site_name":"All Inclusive Hotels","article_modified_time":"2022-04-21T08:01:08+00:00","twitter_card":"summary_large_image","twitter_misc":{"Dur\u00e9e de lecture estim\u00e9e":"1 minute"},"schema":{"@context":"https:\/\/schema.org","@graph":[{"@type":"WebPage","@id":"https:\/\/www.allinclusivehotels.it\/fr\/vacances-pour-les-moins-de-25-ans","url":"https:\/\/www.allinclusivehotels.it\/fr\/vacances-pour-les-moins-de-25-ans","name":"Offres Forfaits vacances pour Jeunes en Italie | H\u00f4tels All Inclusive","isPartOf":{"@id":"https:\/\/www.allinclusivehotels.it\/fr#website"},"datePublished":"2022-02-16T13:39:45+00:00","dateModified":"2022-04-21T08:01:08+00:00","description":"Cherchez-vous des offres vacances tout compris pour jeunes en Italie? Consultez les meilleures et choisissez celle qui vous convient!","breadcrumb":{"@id":"https:\/\/www.allinclusivehotels.it\/fr\/vacances-pour-les-moins-de-25-ans#breadcrumb"},"inLanguage":"fr-FR","potentialAction":[{"@type":"ReadAction","target":["https:\/\/www.allinclusivehotels.it\/fr\/vacances-pour-les-moins-de-25-ans"]}]},{"@type":"BreadcrumbList","@id":"https:\/\/www.allinclusivehotels.it\/fr\/vacances-pour-les-moins-de-25-ans#breadcrumb","itemListElement":[{"@type":"ListItem","position":1,"name":"Home","item":"https:\/\/www.allinclusivehotels.it\/fr"},{"@type":"ListItem","position":2,"name":"Vacances pour les moins de 25 ans"}]},{"@type":"WebSite","@id":"https:\/\/www.allinclusivehotels.it\/fr#website","url":"https:\/\/www.allinclusivehotels.it\/fr","name":"All Inclusive Hotels","description":"","publisher":{"@id":"https:\/\/www.allinclusivehotels.it\/fr#organization"},"potentialAction":[{"@type":"SearchAction","target":{"@type":"EntryPoint","urlTemplate":"https:\/\/www.allinclusivehotels.it\/fr?s={search_term_string}"},"query-input":{"@type":"PropertyValueSpecification","valueRequired":true,"valueName":"search_term_string"}}],"inLanguage":"fr-FR"},{"@type":"Organization","@id":"https:\/\/www.allinclusivehotels.it\/fr#organization","name":"All Inclusive Hotels","url":"https:\/\/www.allinclusivehotels.it\/fr","logo":{"@type":"ImageObject","inLanguage":"fr-FR","@id":"https:\/\/www.allinclusivehotels.it\/fr#\/schema\/logo\/image\/","url":"","contentUrl":"","caption":"All Inclusive Hotels"},"image":{"@id":"https:\/\/www.allinclusivehotels.it\/fr#\/schema\/logo\/image\/"}}]}},"_links":{"self":[{"href":"https:\/\/www.allinclusivehotels.it\/fr\/wp-json\/wp\/v2\/pages\/9427","targetHints":{"allow":["GET"]}}],"collection":[{"href":"https:\/\/www.allinclusivehotels.it\/fr\/wp-json\/wp\/v2\/pages"}],"about":[{"href":"https:\/\/www.allinclusivehotels.it\/fr\/wp-json\/wp\/v2\/types\/page"}],"author":[{"embeddable":true,"href":"https:\/\/www.allinclusivehotels.it\/fr\/wp-json\/wp\/v2\/users\/1"}],"replies":[{"embeddable":true,"href":"https:\/\/www.allinclusivehotels.it\/fr\/wp-json\/wp\/v2\/comments?post=9427"}],"version-history":[{"count":5,"href":"https:\/\/www.allinclusivehotels.it\/fr\/wp-json\/wp\/v2\/pages\/9427\/revisions"}],"predecessor-version":[{"id":18966,"href":"https:\/\/www.allinclusivehotels.it\/fr\/wp-json\/wp\/v2\/pages\/9427\/revisions\/18966"}],"wp:attachment":[{"href":"https:\/\/www.allinclusivehotels.it\/fr\/wp-json\/wp\/v2\/media?parent=9427"}],"curies":[{"name":"wp","href":"https:\/\/api.w.org\/{rel}","templated":true}]}}