{"id":9423,"date":"2022-02-16T14:39:43","date_gmt":"2022-02-16T13:39:43","guid":{"rendered":"https:\/\/www.allinclusivehotels.it\/vacances-pour-couples"},"modified":"2022-04-21T10:00:31","modified_gmt":"2022-04-21T08:00:31","slug":"vacances-pour-couples","status":"publish","type":"page","link":"https:\/\/www.allinclusivehotels.it\/fr\/vacances-pour-couples","title":{"rendered":"Vacances pour couples"},"content":{"rendered":"\n<p><b>Vous r\u00eavez depuis longtemps de vacances romantiques \u00e0 la mer <\/b>avec votre partenaire, mais le budget vous inqui\u00e8te&nbsp;? Il est peut-\u00eatre temps de tester notre formule All Inclusive&nbsp;: des h\u00f4tels de 3 et 4 \u00e9toiles, dans diff\u00e9rentes r\u00e9gions d\u2019Italie, vous proposent des <b>s\u00e9jours avec formule &#8220;tout compris&#8221;<\/b> \u00e0 des prix toujours plus avantageux. Tous ces h\u00f4tels sont haut de gamme et sont situ\u00e9s dans les localit\u00e9s en bord de mer les plus r\u00e9put\u00e9es&nbsp;: des \u00e9tablissements modernes, fonctionnels, disposant de tout le confort et facilement joignables par tout type de transport, et garantissant \u00e0 leur client\u00e8le bien-\u00eatre et s\u00e9curit\u00e9 incomparables.<\/p>\n\n\n\n<p>Parmi les<b> offres All Inclusive les plus populaires<\/b>, se trouvent celles propos\u00e9es aux couples. Puisqu\u2019il s\u2019agit de formules personnalis\u00e9s et pens\u00e9es pour r\u00e9pondre aux exigences du plus grand nombre, elles sont destin\u00e9es \u00e0 tout type de client\u00e8le&nbsp;: des sportifs aux passionn\u00e9s de wellness, des jeunes aux plus de 65 ans, des c\u00e9libataires aux familles et, bien entendu, aux couples.<\/p>\n\n\n\n<!--more-->\n\n\n\n<p>Puisqu\u2019il n\u2019y a rien de plus beau que de profiter d\u2019un s\u00e9jour \u00e0 deux, l\u2019esprit l\u00e9ger, les<b> vacances romantiques <\/b>repr\u00e9sentent l\u2019un des projets de voyage les plus convoit\u00e9s. Et choisir des services All Inclusive r\u00e9serv\u00e9s aux couples, cela signifie aussi un gain important d\u2019argent et de temps. De nombreux \u00e9tablissement vont dans ce sens pour satisfaire les demandes et les go\u00fbts de chacun, pour d\u2019inoubliables vacances \u00e0 deux.<\/p>\n\n\n\n<p>Vous souhaitez surtout vous d\u00e9tendre et, pourquoi pas, <b>prendre soin<\/b> <b>de votre condition physique et mentale&nbsp;?<\/b>&nbsp;Dans ce cas optez pour ces h\u00f4tels qui pr\u00e9voient des offres sp\u00e9ciales bien-\u00eatre incluant sauna, salle de sport, ainsi que d\u2019excellents soins du corps et du visage pour des moments sensuels \u00e0 deux. <b>Vous \u00eates sportifs&nbsp;?<\/b> Adressez-vous aux h\u00f4tels disposant d\u2019\u00e9quipements, d\u2019un personnel expert et de salles fitness ultra moderne pour pratiquer au mieux votre discipline. <b>Vous adorez la piscine&nbsp;? <\/b>Dans les All Inclusive Hotels avec piscine vos pourrez aussi profiter d\u2019un bon ap\u00e9ritif ou d\u2019un d\u00eener aux chandelles au bord du bassin, en profitant de l\u2019atmosph\u00e8re paisible et romantique des soir\u00e9es \u00e0 la mer. En somme, les <b>propositions All Inclusive pour des vacances de r\u00eave en couple <\/b>sont nombreuses, dans plusieurs localit\u00e9s et avec toutes les avantages que l\u2019on peut imaginer.<\/p>\n\n\n\n<p>Choisissez l\u2019\u00e9tablissement qui vous convient, r\u00e9servez et vous n\u2019aurez plus qu\u2019\u00e0 vous d\u00e9tendre et \u00e0 profiter avec votre partenaire. Les conseillers de votre All Inclusive Hotel se chargeront des aspects pratiques du s\u00e9jour avec enthousiasme et professionnalisme.<\/p>\n","protected":false},"excerpt":{"rendered":"<p>Vous r\u00eavez depuis longtemps de vacances romantiques \u00e0 la mer avec votre partenaire, mais le &hellip;<\/p>\n","protected":false},"author":1,"featured_media":0,"parent":0,"menu_order":0,"comment_status":"closed","ping_status":"closed","template":"page-templates\/scheda_target.php","meta":{"_acf_changed":false,"footnotes":""},"class_list":["post-9423","page","type-page","status-publish","hentry"],"acf":[],"yoast_head":"<!-- This site is optimized with the Yoast SEO plugin v27.0 - https:\/\/yoast.com\/product\/yoast-seo-wordpress\/ -->\n<title>Offres Forfaits vacances pour Couples en Italie | H\u00f4tels All Inclusive<\/title>\n<meta name=\"description\" content=\"Cherchez-vous des offres vacances tout compris pour couples en Italie? Consultez les meilleures et choisissez celle qui vous convient!\" \/>\n<meta name=\"robots\" content=\"index, follow, max-snippet:-1, max-image-preview:large, max-video-preview:-1\" \/>\n<link rel=\"canonical\" href=\"https:\/\/www.allinclusivehotels.it\/fr\/vacances-pour-couples\" \/>\n<meta property=\"og:locale\" content=\"fr_FR\" \/>\n<meta property=\"og:type\" content=\"article\" \/>\n<meta property=\"og:title\" content=\"Offres Forfaits vacances pour Couples en Italie | H\u00f4tels All Inclusive\" \/>\n<meta property=\"og:description\" content=\"Cherchez-vous des offres vacances tout compris pour couples en Italie? Consultez les meilleures et choisissez celle qui vous convient!\" \/>\n<meta property=\"og:url\" content=\"https:\/\/www.allinclusivehotels.it\/fr\/vacances-pour-couples\" \/>\n<meta property=\"og:site_name\" content=\"All Inclusive Hotels\" \/>\n<meta property=\"article:modified_time\" content=\"2022-04-21T08:00:31+00:00\" \/>\n<meta name=\"twitter:card\" content=\"summary_large_image\" \/>\n<meta name=\"twitter:label1\" content=\"Dur\u00e9e de lecture estim\u00e9e\" \/>\n\t<meta name=\"twitter:data1\" content=\"3 minutes\" \/>\n<script type=\"application\/ld+json\" class=\"yoast-schema-graph\">{\"@context\":\"https:\/\/schema.org\",\"@graph\":[{\"@type\":\"WebPage\",\"@id\":\"https:\/\/www.allinclusivehotels.it\/fr\/vacances-pour-couples\",\"url\":\"https:\/\/www.allinclusivehotels.it\/fr\/vacances-pour-couples\",\"name\":\"Offres Forfaits vacances pour Couples en Italie | H\u00f4tels All Inclusive\",\"isPartOf\":{\"@id\":\"https:\/\/www.allinclusivehotels.it\/fr#website\"},\"datePublished\":\"2022-02-16T13:39:43+00:00\",\"dateModified\":\"2022-04-21T08:00:31+00:00\",\"description\":\"Cherchez-vous des offres vacances tout compris pour couples en Italie? Consultez les meilleures et choisissez celle qui vous convient!\",\"breadcrumb\":{\"@id\":\"https:\/\/www.allinclusivehotels.it\/fr\/vacances-pour-couples#breadcrumb\"},\"inLanguage\":\"fr-FR\",\"potentialAction\":[{\"@type\":\"ReadAction\",\"target\":[\"https:\/\/www.allinclusivehotels.it\/fr\/vacances-pour-couples\"]}]},{\"@type\":\"BreadcrumbList\",\"@id\":\"https:\/\/www.allinclusivehotels.it\/fr\/vacances-pour-couples#breadcrumb\",\"itemListElement\":[{\"@type\":\"ListItem\",\"position\":1,\"name\":\"Home\",\"item\":\"https:\/\/www.allinclusivehotels.it\/fr\"},{\"@type\":\"ListItem\",\"position\":2,\"name\":\"Vacances pour couples\"}]},{\"@type\":\"WebSite\",\"@id\":\"https:\/\/www.allinclusivehotels.it\/fr#website\",\"url\":\"https:\/\/www.allinclusivehotels.it\/fr\",\"name\":\"All Inclusive Hotels\",\"description\":\"\",\"publisher\":{\"@id\":\"https:\/\/www.allinclusivehotels.it\/fr#organization\"},\"potentialAction\":[{\"@type\":\"SearchAction\",\"target\":{\"@type\":\"EntryPoint\",\"urlTemplate\":\"https:\/\/www.allinclusivehotels.it\/fr?s={search_term_string}\"},\"query-input\":{\"@type\":\"PropertyValueSpecification\",\"valueRequired\":true,\"valueName\":\"search_term_string\"}}],\"inLanguage\":\"fr-FR\"},{\"@type\":\"Organization\",\"@id\":\"https:\/\/www.allinclusivehotels.it\/fr#organization\",\"name\":\"All Inclusive Hotels\",\"url\":\"https:\/\/www.allinclusivehotels.it\/fr\",\"logo\":{\"@type\":\"ImageObject\",\"inLanguage\":\"fr-FR\",\"@id\":\"https:\/\/www.allinclusivehotels.it\/fr#\/schema\/logo\/image\/\",\"url\":\"\",\"contentUrl\":\"\",\"caption\":\"All Inclusive Hotels\"},\"image\":{\"@id\":\"https:\/\/www.allinclusivehotels.it\/fr#\/schema\/logo\/image\/\"}}]}<\/script>\n<!-- \/ Yoast SEO plugin. -->","yoast_head_json":{"title":"Offres Forfaits vacances pour Couples en Italie | H\u00f4tels All Inclusive","description":"Cherchez-vous des offres vacances tout compris pour couples en Italie? Consultez les meilleures et choisissez celle qui vous convient!","robots":{"index":"index","follow":"follow","max-snippet":"max-snippet:-1","max-image-preview":"max-image-preview:large","max-video-preview":"max-video-preview:-1"},"canonical":"https:\/\/www.allinclusivehotels.it\/fr\/vacances-pour-couples","og_locale":"fr_FR","og_type":"article","og_title":"Offres Forfaits vacances pour Couples en Italie | H\u00f4tels All Inclusive","og_description":"Cherchez-vous des offres vacances tout compris pour couples en Italie? Consultez les meilleures et choisissez celle qui vous convient!","og_url":"https:\/\/www.allinclusivehotels.it\/fr\/vacances-pour-couples","og_site_name":"All Inclusive Hotels","article_modified_time":"2022-04-21T08:00:31+00:00","twitter_card":"summary_large_image","twitter_misc":{"Dur\u00e9e de lecture estim\u00e9e":"3 minutes"},"schema":{"@context":"https:\/\/schema.org","@graph":[{"@type":"WebPage","@id":"https:\/\/www.allinclusivehotels.it\/fr\/vacances-pour-couples","url":"https:\/\/www.allinclusivehotels.it\/fr\/vacances-pour-couples","name":"Offres Forfaits vacances pour Couples en Italie | H\u00f4tels All Inclusive","isPartOf":{"@id":"https:\/\/www.allinclusivehotels.it\/fr#website"},"datePublished":"2022-02-16T13:39:43+00:00","dateModified":"2022-04-21T08:00:31+00:00","description":"Cherchez-vous des offres vacances tout compris pour couples en Italie? Consultez les meilleures et choisissez celle qui vous convient!","breadcrumb":{"@id":"https:\/\/www.allinclusivehotels.it\/fr\/vacances-pour-couples#breadcrumb"},"inLanguage":"fr-FR","potentialAction":[{"@type":"ReadAction","target":["https:\/\/www.allinclusivehotels.it\/fr\/vacances-pour-couples"]}]},{"@type":"BreadcrumbList","@id":"https:\/\/www.allinclusivehotels.it\/fr\/vacances-pour-couples#breadcrumb","itemListElement":[{"@type":"ListItem","position":1,"name":"Home","item":"https:\/\/www.allinclusivehotels.it\/fr"},{"@type":"ListItem","position":2,"name":"Vacances pour couples"}]},{"@type":"WebSite","@id":"https:\/\/www.allinclusivehotels.it\/fr#website","url":"https:\/\/www.allinclusivehotels.it\/fr","name":"All Inclusive Hotels","description":"","publisher":{"@id":"https:\/\/www.allinclusivehotels.it\/fr#organization"},"potentialAction":[{"@type":"SearchAction","target":{"@type":"EntryPoint","urlTemplate":"https:\/\/www.allinclusivehotels.it\/fr?s={search_term_string}"},"query-input":{"@type":"PropertyValueSpecification","valueRequired":true,"valueName":"search_term_string"}}],"inLanguage":"fr-FR"},{"@type":"Organization","@id":"https:\/\/www.allinclusivehotels.it\/fr#organization","name":"All Inclusive Hotels","url":"https:\/\/www.allinclusivehotels.it\/fr","logo":{"@type":"ImageObject","inLanguage":"fr-FR","@id":"https:\/\/www.allinclusivehotels.it\/fr#\/schema\/logo\/image\/","url":"","contentUrl":"","caption":"All Inclusive Hotels"},"image":{"@id":"https:\/\/www.allinclusivehotels.it\/fr#\/schema\/logo\/image\/"}}]}},"_links":{"self":[{"href":"https:\/\/www.allinclusivehotels.it\/fr\/wp-json\/wp\/v2\/pages\/9423","targetHints":{"allow":["GET"]}}],"collection":[{"href":"https:\/\/www.allinclusivehotels.it\/fr\/wp-json\/wp\/v2\/pages"}],"about":[{"href":"https:\/\/www.allinclusivehotels.it\/fr\/wp-json\/wp\/v2\/types\/page"}],"author":[{"embeddable":true,"href":"https:\/\/www.allinclusivehotels.it\/fr\/wp-json\/wp\/v2\/users\/1"}],"replies":[{"embeddable":true,"href":"https:\/\/www.allinclusivehotels.it\/fr\/wp-json\/wp\/v2\/comments?post=9423"}],"version-history":[{"count":6,"href":"https:\/\/www.allinclusivehotels.it\/fr\/wp-json\/wp\/v2\/pages\/9423\/revisions"}],"predecessor-version":[{"id":18965,"href":"https:\/\/www.allinclusivehotels.it\/fr\/wp-json\/wp\/v2\/pages\/9423\/revisions\/18965"}],"wp:attachment":[{"href":"https:\/\/www.allinclusivehotels.it\/fr\/wp-json\/wp\/v2\/media?parent=9423"}],"curies":[{"name":"wp","href":"https:\/\/api.w.org\/{rel}","templated":true}]}}