{"id":9419,"date":"2022-02-16T14:39:43","date_gmt":"2022-02-16T13:39:43","guid":{"rendered":"https:\/\/www.allinclusivehotels.it\/hotels-2\/carducci-suite-hotel"},"modified":"2022-08-02T07:32:35","modified_gmt":"2022-08-02T05:32:35","slug":"carducci-suite-hotel","status":"publish","type":"page","link":"https:\/\/www.allinclusivehotels.it\/fr\/hotels\/carducci-suite-hotel","title":{"rendered":"Carducci Suite Hotel"},"content":{"rendered":"\n<p>Le Carducci Suite Hotel est situ\u00e9 \u00e0 <b>Villamarina di Cesenatico, \u00e0 deux pas de la plage\u00a0<\/b>: vous pourrez rejoindre la mer en quelques minutes ou profiter de la vue et des embruns marins depuis votre <b>balcon panoramique\u00a0!<\/b><\/p>\n\n\n\n<p>Apr\u00e8s un r\u00e9veil en douceur et un copieux petit-d\u00e9jeuner, vous pourrez vous rendre \u00e0 la <b>plage priv\u00e9e (<strong>deux transats\u00a0et un parasol vous sont r\u00e9serv\u00e9s<\/strong><\/b>)<b>, \u00e0 la piscine, ou au solarium<\/b> \u00e9quip\u00e9 d&#8217;une <strong>piscine avec jacuzzi<\/strong>. Pour finir la journ\u00e9e en douceur, vous pourrez vous d\u00e9tendre dans notre <b>spa <\/b>o\u00f9 vous attendent un<b> <\/b>jacuzzi sal\u00e9, un hammam, une douche avec chromoth\u00e9rapie et aromath\u00e9rapie, un espace d\u00e9tente avec des transats et une s\u00e9lection de tisanes, de fruits secs et de fruits de saison.<\/p>\n\n\n\n<!--more-->\n\n\n\n<p><b>Nous vous servons une cuisine authentique pr\u00e9par\u00e9e avec des produits du terroir<\/b> et concevons des <b>menus adapt\u00e9s<\/b> aux plus jeunes, aux personnes souffrant d<b>&#8216;intol\u00e9rances alimentaires <\/b>et aux personnes qui suivent des <b>r\u00e9gimes<\/b> <b>particuliers. <\/b>Sur demande, nous vous pr\u00e9parerons m\u00eame un <b>pique-nique <\/b>\u00e0 d\u00e9guster<b> <\/b>\u00e0 la plage, les pieds dans l\u2019eau. Notre cuisine se veut \u00e0 la fois moderne et traditionnelle. Notre <b>buffet <\/b>est install\u00e9 dans une salle avec<b> cuisine ouverte<\/b> : l&#8217;occasion parfaite de partager avec vous notre passion pour les sp\u00e9cialit\u00e9s de notre r\u00e9gion et de vous montrer l&#8217;attention avec laquelle nous pr\u00e9parons nos plats et recherchons l&#8217;\u00e9quilibre parfait entre traditions et modernit\u00e9.<\/p>\n\n\n\n<p><\/p>\n","protected":false},"excerpt":{"rendered":"<p>Le Carducci Suite Hotel est situ\u00e9 \u00e0 Villamarina di Cesenatico, \u00e0 deux pas de la &hellip;<\/p>\n","protected":false},"author":1,"featured_media":0,"parent":8241,"menu_order":0,"comment_status":"closed","ping_status":"closed","template":"page-templates\/scheda_hotel.php","meta":{"_acf_changed":false,"footnotes":""},"class_list":["post-9419","page","type-page","status-publish","hentry"],"acf":[],"yoast_head":"<!-- This site is optimized with the Yoast SEO plugin v27.0 - https:\/\/yoast.com\/product\/yoast-seo-wordpress\/ -->\n<title>Offres All Inclusive de l&#039;H\u00f4tel Carducci Suite \u00e0 Cesenatico<\/title>\n<meta name=\"description\" content=\"Vacances tout compris en Italie? D\u00e9couvrez les forfaits All Inclusive l&#039;H\u00f4tel Carducci Suite \u00e0 Cesenatico !\" \/>\n<meta name=\"robots\" content=\"index, follow, max-snippet:-1, max-image-preview:large, max-video-preview:-1\" \/>\n<link rel=\"canonical\" href=\"https:\/\/www.allinclusivehotels.it\/fr\/hotels\/carducci-suite-hotel\" \/>\n<meta property=\"og:locale\" content=\"fr_FR\" \/>\n<meta property=\"og:type\" content=\"article\" \/>\n<meta property=\"og:title\" content=\"Offres All Inclusive de l&#039;H\u00f4tel Carducci Suite \u00e0 Cesenatico\" \/>\n<meta property=\"og:description\" content=\"Vacances tout compris en Italie? D\u00e9couvrez les forfaits All Inclusive l&#039;H\u00f4tel Carducci Suite \u00e0 Cesenatico !\" \/>\n<meta property=\"og:url\" content=\"https:\/\/www.allinclusivehotels.it\/fr\/hotels\/carducci-suite-hotel\" \/>\n<meta property=\"og:site_name\" content=\"All Inclusive Hotels\" \/>\n<meta property=\"article:modified_time\" content=\"2022-08-02T05:32:35+00:00\" \/>\n<meta name=\"twitter:card\" content=\"summary_large_image\" \/>\n<meta name=\"twitter:label1\" content=\"Dur\u00e9e de lecture estim\u00e9e\" \/>\n\t<meta name=\"twitter:data1\" content=\"2 minutes\" \/>\n<script type=\"application\/ld+json\" class=\"yoast-schema-graph\">{\"@context\":\"https:\/\/schema.org\",\"@graph\":[{\"@type\":\"WebPage\",\"@id\":\"https:\/\/www.allinclusivehotels.it\/fr\/hotels\/carducci-suite-hotel\",\"url\":\"https:\/\/www.allinclusivehotels.it\/fr\/hotels\/carducci-suite-hotel\",\"name\":\"Offres All Inclusive de l'H\u00f4tel Carducci Suite \u00e0 Cesenatico\",\"isPartOf\":{\"@id\":\"https:\/\/www.allinclusivehotels.it\/fr#website\"},\"datePublished\":\"2022-02-16T13:39:43+00:00\",\"dateModified\":\"2022-08-02T05:32:35+00:00\",\"description\":\"Vacances tout compris en Italie? D\u00e9couvrez les forfaits All Inclusive l'H\u00f4tel Carducci Suite \u00e0 Cesenatico !\",\"breadcrumb\":{\"@id\":\"https:\/\/www.allinclusivehotels.it\/fr\/hotels\/carducci-suite-hotel#breadcrumb\"},\"inLanguage\":\"fr-FR\",\"potentialAction\":[{\"@type\":\"ReadAction\",\"target\":[\"https:\/\/www.allinclusivehotels.it\/fr\/hotels\/carducci-suite-hotel\"]}]},{\"@type\":\"BreadcrumbList\",\"@id\":\"https:\/\/www.allinclusivehotels.it\/fr\/hotels\/carducci-suite-hotel#breadcrumb\",\"itemListElement\":[{\"@type\":\"ListItem\",\"position\":1,\"name\":\"Home\",\"item\":\"https:\/\/www.allinclusivehotels.it\/fr\"},{\"@type\":\"ListItem\",\"position\":2,\"name\":\"H\u00f4tels\",\"item\":\"https:\/\/www.allinclusivehotels.it\/fr\/hotels\"},{\"@type\":\"ListItem\",\"position\":3,\"name\":\"Carducci Suite Hotel\"}]},{\"@type\":\"WebSite\",\"@id\":\"https:\/\/www.allinclusivehotels.it\/fr#website\",\"url\":\"https:\/\/www.allinclusivehotels.it\/fr\",\"name\":\"All Inclusive Hotels\",\"description\":\"\",\"publisher\":{\"@id\":\"https:\/\/www.allinclusivehotels.it\/fr#organization\"},\"potentialAction\":[{\"@type\":\"SearchAction\",\"target\":{\"@type\":\"EntryPoint\",\"urlTemplate\":\"https:\/\/www.allinclusivehotels.it\/fr?s={search_term_string}\"},\"query-input\":{\"@type\":\"PropertyValueSpecification\",\"valueRequired\":true,\"valueName\":\"search_term_string\"}}],\"inLanguage\":\"fr-FR\"},{\"@type\":\"Organization\",\"@id\":\"https:\/\/www.allinclusivehotels.it\/fr#organization\",\"name\":\"All Inclusive Hotels\",\"url\":\"https:\/\/www.allinclusivehotels.it\/fr\",\"logo\":{\"@type\":\"ImageObject\",\"inLanguage\":\"fr-FR\",\"@id\":\"https:\/\/www.allinclusivehotels.it\/fr#\/schema\/logo\/image\/\",\"url\":\"\",\"contentUrl\":\"\",\"caption\":\"All Inclusive Hotels\"},\"image\":{\"@id\":\"https:\/\/www.allinclusivehotels.it\/fr#\/schema\/logo\/image\/\"}}]}<\/script>\n<!-- \/ Yoast SEO plugin. -->","yoast_head_json":{"title":"Offres All Inclusive de l'H\u00f4tel Carducci Suite \u00e0 Cesenatico","description":"Vacances tout compris en Italie? D\u00e9couvrez les forfaits All Inclusive l'H\u00f4tel Carducci Suite \u00e0 Cesenatico !","robots":{"index":"index","follow":"follow","max-snippet":"max-snippet:-1","max-image-preview":"max-image-preview:large","max-video-preview":"max-video-preview:-1"},"canonical":"https:\/\/www.allinclusivehotels.it\/fr\/hotels\/carducci-suite-hotel","og_locale":"fr_FR","og_type":"article","og_title":"Offres All Inclusive de l'H\u00f4tel Carducci Suite \u00e0 Cesenatico","og_description":"Vacances tout compris en Italie? D\u00e9couvrez les forfaits All Inclusive l'H\u00f4tel Carducci Suite \u00e0 Cesenatico !","og_url":"https:\/\/www.allinclusivehotels.it\/fr\/hotels\/carducci-suite-hotel","og_site_name":"All Inclusive Hotels","article_modified_time":"2022-08-02T05:32:35+00:00","twitter_card":"summary_large_image","twitter_misc":{"Dur\u00e9e de lecture estim\u00e9e":"2 minutes"},"schema":{"@context":"https:\/\/schema.org","@graph":[{"@type":"WebPage","@id":"https:\/\/www.allinclusivehotels.it\/fr\/hotels\/carducci-suite-hotel","url":"https:\/\/www.allinclusivehotels.it\/fr\/hotels\/carducci-suite-hotel","name":"Offres All Inclusive de l'H\u00f4tel Carducci Suite \u00e0 Cesenatico","isPartOf":{"@id":"https:\/\/www.allinclusivehotels.it\/fr#website"},"datePublished":"2022-02-16T13:39:43+00:00","dateModified":"2022-08-02T05:32:35+00:00","description":"Vacances tout compris en Italie? D\u00e9couvrez les forfaits All Inclusive l'H\u00f4tel Carducci Suite \u00e0 Cesenatico !","breadcrumb":{"@id":"https:\/\/www.allinclusivehotels.it\/fr\/hotels\/carducci-suite-hotel#breadcrumb"},"inLanguage":"fr-FR","potentialAction":[{"@type":"ReadAction","target":["https:\/\/www.allinclusivehotels.it\/fr\/hotels\/carducci-suite-hotel"]}]},{"@type":"BreadcrumbList","@id":"https:\/\/www.allinclusivehotels.it\/fr\/hotels\/carducci-suite-hotel#breadcrumb","itemListElement":[{"@type":"ListItem","position":1,"name":"Home","item":"https:\/\/www.allinclusivehotels.it\/fr"},{"@type":"ListItem","position":2,"name":"H\u00f4tels","item":"https:\/\/www.allinclusivehotels.it\/fr\/hotels"},{"@type":"ListItem","position":3,"name":"Carducci Suite Hotel"}]},{"@type":"WebSite","@id":"https:\/\/www.allinclusivehotels.it\/fr#website","url":"https:\/\/www.allinclusivehotels.it\/fr","name":"All Inclusive Hotels","description":"","publisher":{"@id":"https:\/\/www.allinclusivehotels.it\/fr#organization"},"potentialAction":[{"@type":"SearchAction","target":{"@type":"EntryPoint","urlTemplate":"https:\/\/www.allinclusivehotels.it\/fr?s={search_term_string}"},"query-input":{"@type":"PropertyValueSpecification","valueRequired":true,"valueName":"search_term_string"}}],"inLanguage":"fr-FR"},{"@type":"Organization","@id":"https:\/\/www.allinclusivehotels.it\/fr#organization","name":"All Inclusive Hotels","url":"https:\/\/www.allinclusivehotels.it\/fr","logo":{"@type":"ImageObject","inLanguage":"fr-FR","@id":"https:\/\/www.allinclusivehotels.it\/fr#\/schema\/logo\/image\/","url":"","contentUrl":"","caption":"All Inclusive Hotels"},"image":{"@id":"https:\/\/www.allinclusivehotels.it\/fr#\/schema\/logo\/image\/"}}]}},"_links":{"self":[{"href":"https:\/\/www.allinclusivehotels.it\/fr\/wp-json\/wp\/v2\/pages\/9419","targetHints":{"allow":["GET"]}}],"collection":[{"href":"https:\/\/www.allinclusivehotels.it\/fr\/wp-json\/wp\/v2\/pages"}],"about":[{"href":"https:\/\/www.allinclusivehotels.it\/fr\/wp-json\/wp\/v2\/types\/page"}],"author":[{"embeddable":true,"href":"https:\/\/www.allinclusivehotels.it\/fr\/wp-json\/wp\/v2\/users\/1"}],"replies":[{"embeddable":true,"href":"https:\/\/www.allinclusivehotels.it\/fr\/wp-json\/wp\/v2\/comments?post=9419"}],"version-history":[{"count":11,"href":"https:\/\/www.allinclusivehotels.it\/fr\/wp-json\/wp\/v2\/pages\/9419\/revisions"}],"predecessor-version":[{"id":22405,"href":"https:\/\/www.allinclusivehotels.it\/fr\/wp-json\/wp\/v2\/pages\/9419\/revisions\/22405"}],"up":[{"embeddable":true,"href":"https:\/\/www.allinclusivehotels.it\/fr\/wp-json\/wp\/v2\/pages\/8241"}],"wp:attachment":[{"href":"https:\/\/www.allinclusivehotels.it\/fr\/wp-json\/wp\/v2\/media?parent=9419"}],"curies":[{"name":"wp","href":"https:\/\/api.w.org\/{rel}","templated":true}]}}