{"id":9382,"date":"2022-02-16T14:39:41","date_gmt":"2022-02-16T13:39:41","guid":{"rendered":"https:\/\/www.allinclusivehotels.it\/hotels-2\/hotel-residence-continental"},"modified":"2025-03-10T17:55:47","modified_gmt":"2025-03-10T16:55:47","slug":"hotel-residence-continental","status":"publish","type":"page","link":"https:\/\/www.allinclusivehotels.it\/fr\/hotels\/hotel-residence-continental","title":{"rendered":"Hotel &#038; Residence Continental"},"content":{"rendered":"\n<p><b>Au c\u0153ur de Gabicce Mare<\/b>, l&#8217;Hotel &amp; Residence Continental vous accueille pour vous faire vivre des <b>vacances de r\u00eave <\/b>en famille. Il n\u2019y a que <b>60 m\u00e8tres <\/b>\u00e0 parcourir pour<b> se d\u00e9tendre \u00e0 la plage,<\/b> pourquoi pas en d\u00e9gustant votre <b>pocket lunch <\/b>sous le parasol de votre espace r\u00e9serv\u00e9. Tandis qu\u2019\u00e0 l\u2019h\u00f4tel vous attendent <b>trois piscines&nbsp;: une grande, une pour les enfants et un bassin \u00e0 hydromassage avec eau r\u00e9chauff\u00e9e&nbsp;!<\/b> Et si vous aimez le shopping et les promenades au calme, \u00e0 seulement <b>30 m\u00e8tres vous trouverez de nombreuses boutiques, salles de jeux pour enfants et bars <\/b>o\u00f9 prendre un ap\u00e9ritif.<\/p>\n\n\n\n<!--more-->\n\n\n\n<p>Vos enfants pourront s\u2019amuser sur l\u2019<b>\u00cele de Peter Pan, <\/b>un magnifique Mini Club&nbsp;o\u00f9 jouer et s\u2019\u00e9clater gr\u00e2ce \u00e0 une <b>super animation<\/b>, repartie par tranches d\u2019\u00e2ges aussi bien \u00e0 la plage qu\u2019\u00e0 l\u2019h\u00f4tel&nbsp;!<\/p>\n\n\n\n<p>L\u2019exp\u00e9rience gastronomique que nous vous proposons est une invitation au <b>voyage \u00e0 la d\u00e9couverte de la cuisine traditionnelle <\/b>des grandes familles qui se r\u00e9unissaient chaque dimanche&nbsp;! <b>Produits frais<\/b>, <b>pr\u00e9parations saines<\/b>, <b>fruits et l\u00e9gumes Bio<\/b> cultiv\u00e9s directement dans notre potager, ainsi que nos propres<b> vins \u2013 Trebbiano et Sangiovese \u2013<\/b>,<b> huile et miel&nbsp;<\/b>:<b> <\/b>il n\u2019y a pas meilleure fa\u00e7on de vous souhaiter la bienvenue dans cette r\u00e9gion, qui est la \u201c<b>Regina dei Sapori\u201d <\/b>(reine de saveurs)&nbsp;! Tous les jours, vous pourrez choisir entre 3 premiers plats et 3 plats de viande ou de poisson, au d\u00e9jeuner comme au d\u00eener. Et pour vos enfants, d\u2019<b>app\u00e9tissants menus <\/b>et de nombreuses <b>propositions pour<\/b> <b>v\u00e9g\u00e9tariens et intol\u00e9rants au gluten.<\/b><\/p>\n","protected":false},"excerpt":{"rendered":"<p>Au c\u0153ur de Gabicce Mare, l&#8217;Hotel &amp; Residence Continental vous accueille pour vous faire vivre &hellip;<\/p>\n","protected":false},"author":1,"featured_media":0,"parent":8241,"menu_order":0,"comment_status":"closed","ping_status":"closed","template":"page-templates\/scheda_hotel.php","meta":{"_acf_changed":false,"footnotes":""},"class_list":["post-9382","page","type-page","status-publish","hentry"],"acf":[],"yoast_head":"<!-- This site is optimized with the Yoast SEO plugin v27.0 - https:\/\/yoast.com\/product\/yoast-seo-wordpress\/ -->\n<title>Offres All Inclusive de l&#039;H\u00f4tel Residence Continental \u00e0 Gabicce<\/title>\n<meta name=\"description\" content=\"Vacances tout compris en Italie? D\u00e9couvrez les forfaits All Inclusive de l&#039;H\u00f4tel Residence Continental \u00e0 Gabicce Mare\" \/>\n<meta name=\"robots\" content=\"index, follow, max-snippet:-1, max-image-preview:large, max-video-preview:-1\" \/>\n<link rel=\"canonical\" href=\"https:\/\/www.allinclusivehotels.it\/fr\/hotels\/hotel-residence-continental\" \/>\n<meta property=\"og:locale\" content=\"fr_FR\" \/>\n<meta property=\"og:type\" content=\"article\" \/>\n<meta property=\"og:title\" content=\"Offres All Inclusive de l&#039;H\u00f4tel Residence Continental \u00e0 Gabicce\" \/>\n<meta property=\"og:description\" content=\"Vacances tout compris en Italie? D\u00e9couvrez les forfaits All Inclusive de l&#039;H\u00f4tel Residence Continental \u00e0 Gabicce Mare\" \/>\n<meta property=\"og:url\" content=\"https:\/\/www.allinclusivehotels.it\/fr\/hotels\/hotel-residence-continental\" \/>\n<meta property=\"og:site_name\" content=\"All Inclusive Hotels\" \/>\n<meta property=\"article:modified_time\" content=\"2025-03-10T16:55:47+00:00\" \/>\n<meta name=\"twitter:card\" content=\"summary_large_image\" \/>\n<meta name=\"twitter:label1\" content=\"Dur\u00e9e de lecture estim\u00e9e\" \/>\n\t<meta name=\"twitter:data1\" content=\"2 minutes\" \/>\n<script type=\"application\/ld+json\" class=\"yoast-schema-graph\">{\"@context\":\"https:\/\/schema.org\",\"@graph\":[{\"@type\":\"WebPage\",\"@id\":\"https:\/\/www.allinclusivehotels.it\/fr\/hotels\/hotel-residence-continental\",\"url\":\"https:\/\/www.allinclusivehotels.it\/fr\/hotels\/hotel-residence-continental\",\"name\":\"Offres All Inclusive de l'H\u00f4tel Residence Continental \u00e0 Gabicce\",\"isPartOf\":{\"@id\":\"https:\/\/www.allinclusivehotels.it\/fr#website\"},\"datePublished\":\"2022-02-16T13:39:41+00:00\",\"dateModified\":\"2025-03-10T16:55:47+00:00\",\"description\":\"Vacances tout compris en Italie? D\u00e9couvrez les forfaits All Inclusive de l'H\u00f4tel Residence Continental \u00e0 Gabicce Mare\",\"breadcrumb\":{\"@id\":\"https:\/\/www.allinclusivehotels.it\/fr\/hotels\/hotel-residence-continental#breadcrumb\"},\"inLanguage\":\"fr-FR\",\"potentialAction\":[{\"@type\":\"ReadAction\",\"target\":[\"https:\/\/www.allinclusivehotels.it\/fr\/hotels\/hotel-residence-continental\"]}]},{\"@type\":\"BreadcrumbList\",\"@id\":\"https:\/\/www.allinclusivehotels.it\/fr\/hotels\/hotel-residence-continental#breadcrumb\",\"itemListElement\":[{\"@type\":\"ListItem\",\"position\":1,\"name\":\"Home\",\"item\":\"https:\/\/www.allinclusivehotels.it\/fr\"},{\"@type\":\"ListItem\",\"position\":2,\"name\":\"H\u00f4tels\",\"item\":\"https:\/\/www.allinclusivehotels.it\/fr\/hotels\"},{\"@type\":\"ListItem\",\"position\":3,\"name\":\"Hotel &#038; Residence Continental\"}]},{\"@type\":\"WebSite\",\"@id\":\"https:\/\/www.allinclusivehotels.it\/fr#website\",\"url\":\"https:\/\/www.allinclusivehotels.it\/fr\",\"name\":\"All Inclusive Hotels\",\"description\":\"\",\"publisher\":{\"@id\":\"https:\/\/www.allinclusivehotels.it\/fr#organization\"},\"potentialAction\":[{\"@type\":\"SearchAction\",\"target\":{\"@type\":\"EntryPoint\",\"urlTemplate\":\"https:\/\/www.allinclusivehotels.it\/fr?s={search_term_string}\"},\"query-input\":{\"@type\":\"PropertyValueSpecification\",\"valueRequired\":true,\"valueName\":\"search_term_string\"}}],\"inLanguage\":\"fr-FR\"},{\"@type\":\"Organization\",\"@id\":\"https:\/\/www.allinclusivehotels.it\/fr#organization\",\"name\":\"All Inclusive Hotels\",\"url\":\"https:\/\/www.allinclusivehotels.it\/fr\",\"logo\":{\"@type\":\"ImageObject\",\"inLanguage\":\"fr-FR\",\"@id\":\"https:\/\/www.allinclusivehotels.it\/fr#\/schema\/logo\/image\/\",\"url\":\"\",\"contentUrl\":\"\",\"caption\":\"All Inclusive Hotels\"},\"image\":{\"@id\":\"https:\/\/www.allinclusivehotels.it\/fr#\/schema\/logo\/image\/\"}}]}<\/script>\n<!-- \/ Yoast SEO plugin. -->","yoast_head_json":{"title":"Offres All Inclusive de l'H\u00f4tel Residence Continental \u00e0 Gabicce","description":"Vacances tout compris en Italie? D\u00e9couvrez les forfaits All Inclusive de l'H\u00f4tel Residence Continental \u00e0 Gabicce Mare","robots":{"index":"index","follow":"follow","max-snippet":"max-snippet:-1","max-image-preview":"max-image-preview:large","max-video-preview":"max-video-preview:-1"},"canonical":"https:\/\/www.allinclusivehotels.it\/fr\/hotels\/hotel-residence-continental","og_locale":"fr_FR","og_type":"article","og_title":"Offres All Inclusive de l'H\u00f4tel Residence Continental \u00e0 Gabicce","og_description":"Vacances tout compris en Italie? D\u00e9couvrez les forfaits All Inclusive de l'H\u00f4tel Residence Continental \u00e0 Gabicce Mare","og_url":"https:\/\/www.allinclusivehotels.it\/fr\/hotels\/hotel-residence-continental","og_site_name":"All Inclusive Hotels","article_modified_time":"2025-03-10T16:55:47+00:00","twitter_card":"summary_large_image","twitter_misc":{"Dur\u00e9e de lecture estim\u00e9e":"2 minutes"},"schema":{"@context":"https:\/\/schema.org","@graph":[{"@type":"WebPage","@id":"https:\/\/www.allinclusivehotels.it\/fr\/hotels\/hotel-residence-continental","url":"https:\/\/www.allinclusivehotels.it\/fr\/hotels\/hotel-residence-continental","name":"Offres All Inclusive de l'H\u00f4tel Residence Continental \u00e0 Gabicce","isPartOf":{"@id":"https:\/\/www.allinclusivehotels.it\/fr#website"},"datePublished":"2022-02-16T13:39:41+00:00","dateModified":"2025-03-10T16:55:47+00:00","description":"Vacances tout compris en Italie? D\u00e9couvrez les forfaits All Inclusive de l'H\u00f4tel Residence Continental \u00e0 Gabicce Mare","breadcrumb":{"@id":"https:\/\/www.allinclusivehotels.it\/fr\/hotels\/hotel-residence-continental#breadcrumb"},"inLanguage":"fr-FR","potentialAction":[{"@type":"ReadAction","target":["https:\/\/www.allinclusivehotels.it\/fr\/hotels\/hotel-residence-continental"]}]},{"@type":"BreadcrumbList","@id":"https:\/\/www.allinclusivehotels.it\/fr\/hotels\/hotel-residence-continental#breadcrumb","itemListElement":[{"@type":"ListItem","position":1,"name":"Home","item":"https:\/\/www.allinclusivehotels.it\/fr"},{"@type":"ListItem","position":2,"name":"H\u00f4tels","item":"https:\/\/www.allinclusivehotels.it\/fr\/hotels"},{"@type":"ListItem","position":3,"name":"Hotel &#038; Residence Continental"}]},{"@type":"WebSite","@id":"https:\/\/www.allinclusivehotels.it\/fr#website","url":"https:\/\/www.allinclusivehotels.it\/fr","name":"All Inclusive Hotels","description":"","publisher":{"@id":"https:\/\/www.allinclusivehotels.it\/fr#organization"},"potentialAction":[{"@type":"SearchAction","target":{"@type":"EntryPoint","urlTemplate":"https:\/\/www.allinclusivehotels.it\/fr?s={search_term_string}"},"query-input":{"@type":"PropertyValueSpecification","valueRequired":true,"valueName":"search_term_string"}}],"inLanguage":"fr-FR"},{"@type":"Organization","@id":"https:\/\/www.allinclusivehotels.it\/fr#organization","name":"All Inclusive Hotels","url":"https:\/\/www.allinclusivehotels.it\/fr","logo":{"@type":"ImageObject","inLanguage":"fr-FR","@id":"https:\/\/www.allinclusivehotels.it\/fr#\/schema\/logo\/image\/","url":"","contentUrl":"","caption":"All Inclusive Hotels"},"image":{"@id":"https:\/\/www.allinclusivehotels.it\/fr#\/schema\/logo\/image\/"}}]}},"_links":{"self":[{"href":"https:\/\/www.allinclusivehotels.it\/fr\/wp-json\/wp\/v2\/pages\/9382","targetHints":{"allow":["GET"]}}],"collection":[{"href":"https:\/\/www.allinclusivehotels.it\/fr\/wp-json\/wp\/v2\/pages"}],"about":[{"href":"https:\/\/www.allinclusivehotels.it\/fr\/wp-json\/wp\/v2\/types\/page"}],"author":[{"embeddable":true,"href":"https:\/\/www.allinclusivehotels.it\/fr\/wp-json\/wp\/v2\/users\/1"}],"replies":[{"embeddable":true,"href":"https:\/\/www.allinclusivehotels.it\/fr\/wp-json\/wp\/v2\/comments?post=9382"}],"version-history":[{"count":6,"href":"https:\/\/www.allinclusivehotels.it\/fr\/wp-json\/wp\/v2\/pages\/9382\/revisions"}],"predecessor-version":[{"id":43867,"href":"https:\/\/www.allinclusivehotels.it\/fr\/wp-json\/wp\/v2\/pages\/9382\/revisions\/43867"}],"up":[{"embeddable":true,"href":"https:\/\/www.allinclusivehotels.it\/fr\/wp-json\/wp\/v2\/pages\/8241"}],"wp:attachment":[{"href":"https:\/\/www.allinclusivehotels.it\/fr\/wp-json\/wp\/v2\/media?parent=9382"}],"curies":[{"name":"wp","href":"https:\/\/api.w.org\/{rel}","templated":true}]}}