{"id":9365,"date":"2022-02-16T14:39:40","date_gmt":"2022-02-16T13:39:40","guid":{"rendered":"https:\/\/www.allinclusivehotels.it\/hotels-2\/park-hotel-serena"},"modified":"2022-08-04T10:11:09","modified_gmt":"2022-08-04T08:11:09","slug":"park-hotel-serena","status":"publish","type":"page","link":"https:\/\/www.allinclusivehotels.it\/fr\/hotels\/park-hotel-serena","title":{"rendered":"Park Hotel Serena"},"content":{"rendered":"\n<p>Le Park Hotel Serena est un <strong>\u00e9tablissement familial<\/strong> qui vous r\u00e9servera un <b>accueil <\/b>chaleureux typique de la Romagne. Il est <b>s<\/b>i <b>pr\u00e8s de la plage<\/b> que vous pourrez vous laisser bercer par le bruit des vagues. Depuis l&#8217;h\u00f4tel, vous pourrez facilement rejoindre la plage priv\u00e9e sur laquelle <strong>un parasol et deux transats<\/strong> vous seront r\u00e9serv\u00e9s. Sur demande, le personnel pourra m\u00eame vous pr\u00e9parer un <strong>pique-nique <\/strong>\u00e0 d\u00e9guster en bord de mer\u00a0! Si vous pr\u00e9f\u00e9rez vous d\u00e9tendre sans quitter le confort de l&#8217;h\u00f4tel, vous appr\u00e9cierez la <b>piscine avec <\/b><strong>jacuzzi<\/strong>, l&#8217;<b>espace d\u00e9tente avec douche sensorielle, le sauna et le hammam<\/b>. Vous pourrez profiter de ces espaces en toute s\u00e9r\u00e9nit\u00e9 pendant que vos enfants s\u2019amuseront avec les <b>animateurs \u00e0 la plage ou \u00e0 l\u2019h\u00f4tel<\/b> (dans l\u2019aire de jeux ou \u00e0 la piscine).<\/p>\n\n\n\n<!--more-->\n\n\n\n<p>Commencez vos vacances avec un <b>verre de l&#8217;amiti\u00e9<\/b>. Matin, midi et soir vous aurez acc\u00e8s \u00e0 un <b>riche buffet<\/b> et pendant les <b>shows cooking <\/b>de notre<b> chef<\/b> vous pourrez assister \u00e0 la pr\u00e9paration de savoureuses sp\u00e9cialit\u00e9s tout en buvant un <strong>caf\u00e9<\/strong> ou une boisson rafraichissante (les boissons sont incluses \u00e0 volont\u00e9 dans votre<b> formule All Inclusive Open Bar<\/b>).<b> <\/b>Notre personnel vous proposera aussi des <b>alternatives v\u00e9g\u00e9tariennes, v\u00e9ganes et sans gluten<\/b> ainsi que des <strong>menus adapt\u00e9s aux enfants<\/strong>.<b> L\u2019apr\u00e8s-midi <\/b>vos enfants pourront aussi manger un d\u00e9licieux go\u00fbter en compagnie des animateurs. Envie de vacances romantiques ? Accordez-vous un d\u00eener \u00e0 la belle \u00e9toile au bord de la piscine et savourez la cuisine typique du restaurant<b> Tavola Serena<\/b>.<\/p>\n","protected":false},"excerpt":{"rendered":"<p>Le Park Hotel Serena est un \u00e9tablissement familial qui vous r\u00e9servera un accueil chaleureux typique &hellip;<\/p>\n","protected":false},"author":1,"featured_media":0,"parent":8241,"menu_order":0,"comment_status":"closed","ping_status":"closed","template":"page-templates\/scheda_hotel.php","meta":{"_acf_changed":false,"footnotes":""},"class_list":["post-9365","page","type-page","status-publish","hentry"],"acf":[],"yoast_head":"<!-- This site is optimized with the Yoast SEO plugin v27.6 - https:\/\/yoast.com\/product\/yoast-seo-wordpress\/ -->\n<title>Offres All Inclusive du Park H\u00f4tel Serena \u00e0 Viserbella di Rimini<\/title>\n<meta name=\"description\" content=\"Vacances tout compris en Italie? D\u00e9couvrez les forfaits All Inclusive du Park H\u00f4tel Serena \u00e0 Viserbella di Rimini\" \/>\n<meta name=\"robots\" content=\"index, follow, max-snippet:-1, max-image-preview:large, max-video-preview:-1\" \/>\n<link rel=\"canonical\" href=\"https:\/\/www.allinclusivehotels.it\/fr\/hotels\/park-hotel-serena\" \/>\n<meta property=\"og:locale\" content=\"fr_FR\" \/>\n<meta property=\"og:type\" content=\"article\" \/>\n<meta property=\"og:title\" content=\"Offres All Inclusive du Park H\u00f4tel Serena \u00e0 Viserbella di Rimini\" \/>\n<meta property=\"og:description\" content=\"Vacances tout compris en Italie? D\u00e9couvrez les forfaits All Inclusive du Park H\u00f4tel Serena \u00e0 Viserbella di Rimini\" \/>\n<meta property=\"og:url\" content=\"https:\/\/www.allinclusivehotels.it\/fr\/hotels\/park-hotel-serena\" \/>\n<meta property=\"og:site_name\" content=\"All Inclusive Hotels\" \/>\n<meta property=\"article:modified_time\" content=\"2022-08-04T08:11:09+00:00\" \/>\n<meta name=\"twitter:card\" content=\"summary_large_image\" \/>\n<meta name=\"twitter:label1\" content=\"Dur\u00e9e de lecture estim\u00e9e\" \/>\n\t<meta name=\"twitter:data1\" content=\"2 minutes\" \/>\n<script type=\"application\/ld+json\" class=\"yoast-schema-graph\">{\"@context\":\"https:\\\/\\\/schema.org\",\"@graph\":[{\"@type\":\"WebPage\",\"@id\":\"https:\\\/\\\/www.allinclusivehotels.it\\\/fr\\\/hotels\\\/park-hotel-serena\",\"url\":\"https:\\\/\\\/www.allinclusivehotels.it\\\/fr\\\/hotels\\\/park-hotel-serena\",\"name\":\"Offres All Inclusive du Park H\u00f4tel Serena \u00e0 Viserbella di Rimini\",\"isPartOf\":{\"@id\":\"https:\\\/\\\/www.allinclusivehotels.it\\\/fr#website\"},\"datePublished\":\"2022-02-16T13:39:40+00:00\",\"dateModified\":\"2022-08-04T08:11:09+00:00\",\"description\":\"Vacances tout compris en Italie? D\u00e9couvrez les forfaits All Inclusive du Park H\u00f4tel Serena \u00e0 Viserbella di Rimini\",\"breadcrumb\":{\"@id\":\"https:\\\/\\\/www.allinclusivehotels.it\\\/fr\\\/hotels\\\/park-hotel-serena#breadcrumb\"},\"inLanguage\":\"fr-FR\",\"potentialAction\":[{\"@type\":\"ReadAction\",\"target\":[\"https:\\\/\\\/www.allinclusivehotels.it\\\/fr\\\/hotels\\\/park-hotel-serena\"]}]},{\"@type\":\"BreadcrumbList\",\"@id\":\"https:\\\/\\\/www.allinclusivehotels.it\\\/fr\\\/hotels\\\/park-hotel-serena#breadcrumb\",\"itemListElement\":[{\"@type\":\"ListItem\",\"position\":1,\"name\":\"Home\",\"item\":\"https:\\\/\\\/www.allinclusivehotels.it\\\/fr\"},{\"@type\":\"ListItem\",\"position\":2,\"name\":\"H\u00f4tels\",\"item\":\"https:\\\/\\\/www.allinclusivehotels.it\\\/fr\\\/hotels\"},{\"@type\":\"ListItem\",\"position\":3,\"name\":\"Park Hotel Serena\"}]},{\"@type\":\"WebSite\",\"@id\":\"https:\\\/\\\/www.allinclusivehotels.it\\\/fr#website\",\"url\":\"https:\\\/\\\/www.allinclusivehotels.it\\\/fr\",\"name\":\"All Inclusive Hotels\",\"description\":\"\",\"publisher\":{\"@id\":\"https:\\\/\\\/www.allinclusivehotels.it\\\/fr#organization\"},\"potentialAction\":[{\"@type\":\"SearchAction\",\"target\":{\"@type\":\"EntryPoint\",\"urlTemplate\":\"https:\\\/\\\/www.allinclusivehotels.it\\\/fr?s={search_term_string}\"},\"query-input\":{\"@type\":\"PropertyValueSpecification\",\"valueRequired\":true,\"valueName\":\"search_term_string\"}}],\"inLanguage\":\"fr-FR\"},{\"@type\":\"Organization\",\"@id\":\"https:\\\/\\\/www.allinclusivehotels.it\\\/fr#organization\",\"name\":\"All Inclusive Hotels\",\"url\":\"https:\\\/\\\/www.allinclusivehotels.it\\\/fr\",\"logo\":{\"@type\":\"ImageObject\",\"inLanguage\":\"fr-FR\",\"@id\":\"https:\\\/\\\/www.allinclusivehotels.it\\\/fr#\\\/schema\\\/logo\\\/image\\\/\",\"url\":\"\",\"contentUrl\":\"\",\"caption\":\"All Inclusive Hotels\"},\"image\":{\"@id\":\"https:\\\/\\\/www.allinclusivehotels.it\\\/fr#\\\/schema\\\/logo\\\/image\\\/\"}}]}<\/script>\n<!-- \/ Yoast SEO plugin. -->","yoast_head_json":{"title":"Offres All Inclusive du Park H\u00f4tel Serena \u00e0 Viserbella di Rimini","description":"Vacances tout compris en Italie? D\u00e9couvrez les forfaits All Inclusive du Park H\u00f4tel Serena \u00e0 Viserbella di Rimini","robots":{"index":"index","follow":"follow","max-snippet":"max-snippet:-1","max-image-preview":"max-image-preview:large","max-video-preview":"max-video-preview:-1"},"canonical":"https:\/\/www.allinclusivehotels.it\/fr\/hotels\/park-hotel-serena","og_locale":"fr_FR","og_type":"article","og_title":"Offres All Inclusive du Park H\u00f4tel Serena \u00e0 Viserbella di Rimini","og_description":"Vacances tout compris en Italie? D\u00e9couvrez les forfaits All Inclusive du Park H\u00f4tel Serena \u00e0 Viserbella di Rimini","og_url":"https:\/\/www.allinclusivehotels.it\/fr\/hotels\/park-hotel-serena","og_site_name":"All Inclusive Hotels","article_modified_time":"2022-08-04T08:11:09+00:00","twitter_card":"summary_large_image","twitter_misc":{"Dur\u00e9e de lecture estim\u00e9e":"2 minutes"},"schema":{"@context":"https:\/\/schema.org","@graph":[{"@type":"WebPage","@id":"https:\/\/www.allinclusivehotels.it\/fr\/hotels\/park-hotel-serena","url":"https:\/\/www.allinclusivehotels.it\/fr\/hotels\/park-hotel-serena","name":"Offres All Inclusive du Park H\u00f4tel Serena \u00e0 Viserbella di Rimini","isPartOf":{"@id":"https:\/\/www.allinclusivehotels.it\/fr#website"},"datePublished":"2022-02-16T13:39:40+00:00","dateModified":"2022-08-04T08:11:09+00:00","description":"Vacances tout compris en Italie? D\u00e9couvrez les forfaits All Inclusive du Park H\u00f4tel Serena \u00e0 Viserbella di Rimini","breadcrumb":{"@id":"https:\/\/www.allinclusivehotels.it\/fr\/hotels\/park-hotel-serena#breadcrumb"},"inLanguage":"fr-FR","potentialAction":[{"@type":"ReadAction","target":["https:\/\/www.allinclusivehotels.it\/fr\/hotels\/park-hotel-serena"]}]},{"@type":"BreadcrumbList","@id":"https:\/\/www.allinclusivehotels.it\/fr\/hotels\/park-hotel-serena#breadcrumb","itemListElement":[{"@type":"ListItem","position":1,"name":"Home","item":"https:\/\/www.allinclusivehotels.it\/fr"},{"@type":"ListItem","position":2,"name":"H\u00f4tels","item":"https:\/\/www.allinclusivehotels.it\/fr\/hotels"},{"@type":"ListItem","position":3,"name":"Park Hotel Serena"}]},{"@type":"WebSite","@id":"https:\/\/www.allinclusivehotels.it\/fr#website","url":"https:\/\/www.allinclusivehotels.it\/fr","name":"All Inclusive Hotels","description":"","publisher":{"@id":"https:\/\/www.allinclusivehotels.it\/fr#organization"},"potentialAction":[{"@type":"SearchAction","target":{"@type":"EntryPoint","urlTemplate":"https:\/\/www.allinclusivehotels.it\/fr?s={search_term_string}"},"query-input":{"@type":"PropertyValueSpecification","valueRequired":true,"valueName":"search_term_string"}}],"inLanguage":"fr-FR"},{"@type":"Organization","@id":"https:\/\/www.allinclusivehotels.it\/fr#organization","name":"All Inclusive Hotels","url":"https:\/\/www.allinclusivehotels.it\/fr","logo":{"@type":"ImageObject","inLanguage":"fr-FR","@id":"https:\/\/www.allinclusivehotels.it\/fr#\/schema\/logo\/image\/","url":"","contentUrl":"","caption":"All Inclusive Hotels"},"image":{"@id":"https:\/\/www.allinclusivehotels.it\/fr#\/schema\/logo\/image\/"}}]}},"_links":{"self":[{"href":"https:\/\/www.allinclusivehotels.it\/fr\/wp-json\/wp\/v2\/pages\/9365","targetHints":{"allow":["GET"]}}],"collection":[{"href":"https:\/\/www.allinclusivehotels.it\/fr\/wp-json\/wp\/v2\/pages"}],"about":[{"href":"https:\/\/www.allinclusivehotels.it\/fr\/wp-json\/wp\/v2\/types\/page"}],"author":[{"embeddable":true,"href":"https:\/\/www.allinclusivehotels.it\/fr\/wp-json\/wp\/v2\/users\/1"}],"replies":[{"embeddable":true,"href":"https:\/\/www.allinclusivehotels.it\/fr\/wp-json\/wp\/v2\/comments?post=9365"}],"version-history":[{"count":8,"href":"https:\/\/www.allinclusivehotels.it\/fr\/wp-json\/wp\/v2\/pages\/9365\/revisions"}],"predecessor-version":[{"id":22570,"href":"https:\/\/www.allinclusivehotels.it\/fr\/wp-json\/wp\/v2\/pages\/9365\/revisions\/22570"}],"up":[{"embeddable":true,"href":"https:\/\/www.allinclusivehotels.it\/fr\/wp-json\/wp\/v2\/pages\/8241"}],"wp:attachment":[{"href":"https:\/\/www.allinclusivehotels.it\/fr\/wp-json\/wp\/v2\/media?parent=9365"}],"curies":[{"name":"wp","href":"https:\/\/api.w.org\/{rel}","templated":true}]}}