{"id":9147,"date":"2022-02-16T14:39:26","date_gmt":"2022-02-16T13:39:26","guid":{"rendered":"https:\/\/www.allinclusivehotels.it\/hotels-2\/arianna-club"},"modified":"2022-07-11T15:24:03","modified_gmt":"2022-07-11T13:24:03","slug":"arianna-club","status":"publish","type":"page","link":"https:\/\/www.allinclusivehotels.it\/fr\/hotels\/arianna-club","title":{"rendered":"Arianna Club"},"content":{"rendered":"\n<p><\/p>\n\n\n\n<h2 class=\"wp-block-heading\"><strong>L\u2019Arianna Club Hotel &amp; Appartamenti est fait pour vous si\u2026<\/strong><\/h2>\n\n\n\n<p><strong>Vous adorez le sport <\/strong><\/p>\n\n\n\n<p>Id\u00e9al pour des vacances dynamiques\u00a0: terrains de tennis, de football, de beach volley, de basket\u2026 vous y trouverez quatre\u00a0piscines\u00a0!<\/p>\n\n\n\n<p><strong>Vous recherchez de vraies animations <\/strong><\/p>\n\n\n\n<p>Vos enfants s\u2019amuseront comme des fous gr\u00e2ce \u00e0 notre \u00e9quipe d\u2019animateurs sp\u00e9cialis\u00e9s et qualifi\u00e9s.<\/p>\n\n\n\n<p><strong>Vous aimez la mer <\/strong><\/p>\n\n\n\n<p>Notre h\u00f4tel et nos appartements ont un acc\u00e8s direct \u00e0 la plage et donnent directement sur la mer.<\/p>\n\n\n\n<!--more-->\n\n\n\n<h2 class=\"wp-block-heading\"><strong>L\u2019h\u00f4tel en deux\u00a0mots<\/strong><\/h2>\n\n\n\n<p>Poss\u00e9dant un <strong>acc\u00e8s direct \u00e0 la mer<\/strong>, l\u2019Hotel &amp; Appartamenti Arianna Club satisfait les clients les plus exigents. Vous pourrez choisir entre le <strong>confort de l\u2019h\u00f4tel<\/strong> et<strong> l\u2019autonomie d\u2019un appartement<\/strong>\u2026 \u00e0 chacun son s\u00e9jour\u00a0! Tous les jours, vous aurez l\u2019impression d\u2019arriver dans un nouveau lieu. Vous pourrez par exemple vous d\u00e9tendre au bord d\u2019une de nos <strong>quatre<\/strong> <strong>piscines\u00a0<\/strong>: une piscine <strong>semi-olympique<\/strong> pour les sportifs, deux\u00a0piscines avec <strong>hydromassage <\/strong>pour vous d\u00e9tendre et une\u00a0piscine avec <strong>toboggan<\/strong>, id\u00e9ale pour les enfants. Si vous pr\u00e9f\u00e9rez, <strong>vous pourrez toujours vous rendre \u00e0 la plage (am\u00e9nag\u00e9e et bien \u00e9quip\u00e9e).<\/strong><\/p>\n\n\n\n<p>Vous aimez le sport\u00a0?\u00a0L\u2019Hotel &amp; Appartamenti Arianna Club est fait pour vous\u00a0! Il dispose d\u2019un espace enti\u00e8rement d\u00e9di\u00e9 aux loisirs et aux activit\u00e9s sportives\u00a0: <strong>terrains de foot \u00e0 cinq<\/strong>, de <strong>tennis, de basket, de beach volley, de beach soccer et bien plus encore<\/strong>. Vous n\u2019aurez pas le temps de vous ennuyer\u00a0!<\/p>\n\n\n\n<p>Vous ne serez certainement pas d\u00e9\u00e7us non plus par la cuisine des Pouilles et du Gargano servie au <strong>Restaurant-Pizzeria face \u00e0 la mer \u00ab\u00a0La Fontana dei Desideri\u00a0\u00bb<\/strong>. Au menu\u00a0: viande, poisson, plats v\u00e9g\u00e9tariens. Le restaurant a aussi un menu enfant. Ne ratez pas les soir\u00e9es avec d\u00e9gustations gratuites et recettes typiques locales.<\/p>\n","protected":false},"excerpt":{"rendered":"<p>L\u2019Arianna Club Hotel &amp; Appartamenti est fait pour vous si\u2026 Vous adorez le sport Id\u00e9al &hellip;<\/p>\n","protected":false},"author":1,"featured_media":0,"parent":8241,"menu_order":0,"comment_status":"closed","ping_status":"closed","template":"page-templates\/scheda_hotel.php","meta":{"_acf_changed":false,"footnotes":""},"class_list":["post-9147","page","type-page","status-publish","hentry"],"acf":[],"yoast_head":"<!-- This site is optimized with the Yoast SEO plugin v27.0 - https:\/\/yoast.com\/product\/yoast-seo-wordpress\/ -->\n<title>Offres All Inclusive de l&#039;h\u00f4tel Arianna Club dans les Pouilles<\/title>\n<meta name=\"description\" content=\"Vacances tout compris en Italie? D\u00e9couvrez les forfaits All Inclusive de l&#039;h\u00f4tel Arianna Club dans les Pouilles!\" \/>\n<meta name=\"robots\" content=\"index, follow, max-snippet:-1, max-image-preview:large, max-video-preview:-1\" \/>\n<link rel=\"canonical\" href=\"https:\/\/www.allinclusivehotels.it\/fr\/hotels\/arianna-club\" \/>\n<meta property=\"og:locale\" content=\"fr_FR\" \/>\n<meta property=\"og:type\" content=\"article\" \/>\n<meta property=\"og:title\" content=\"Offres All Inclusive de l&#039;h\u00f4tel Arianna Club dans les Pouilles\" \/>\n<meta property=\"og:description\" content=\"Vacances tout compris en Italie? D\u00e9couvrez les forfaits All Inclusive de l&#039;h\u00f4tel Arianna Club dans les Pouilles!\" \/>\n<meta property=\"og:url\" content=\"https:\/\/www.allinclusivehotels.it\/fr\/hotels\/arianna-club\" \/>\n<meta property=\"og:site_name\" content=\"All Inclusive Hotels\" \/>\n<meta property=\"article:modified_time\" content=\"2022-07-11T13:24:03+00:00\" \/>\n<meta name=\"twitter:card\" content=\"summary_large_image\" \/>\n<meta name=\"twitter:label1\" content=\"Dur\u00e9e de lecture estim\u00e9e\" \/>\n\t<meta name=\"twitter:data1\" content=\"2 minutes\" \/>\n<script type=\"application\/ld+json\" class=\"yoast-schema-graph\">{\"@context\":\"https:\/\/schema.org\",\"@graph\":[{\"@type\":\"WebPage\",\"@id\":\"https:\/\/www.allinclusivehotels.it\/fr\/hotels\/arianna-club\",\"url\":\"https:\/\/www.allinclusivehotels.it\/fr\/hotels\/arianna-club\",\"name\":\"Offres All Inclusive de l'h\u00f4tel Arianna Club dans les Pouilles\",\"isPartOf\":{\"@id\":\"https:\/\/www.allinclusivehotels.it\/fr#website\"},\"datePublished\":\"2022-02-16T13:39:26+00:00\",\"dateModified\":\"2022-07-11T13:24:03+00:00\",\"description\":\"Vacances tout compris en Italie? D\u00e9couvrez les forfaits All Inclusive de l'h\u00f4tel Arianna Club dans les Pouilles!\",\"breadcrumb\":{\"@id\":\"https:\/\/www.allinclusivehotels.it\/fr\/hotels\/arianna-club#breadcrumb\"},\"inLanguage\":\"fr-FR\",\"potentialAction\":[{\"@type\":\"ReadAction\",\"target\":[\"https:\/\/www.allinclusivehotels.it\/fr\/hotels\/arianna-club\"]}]},{\"@type\":\"BreadcrumbList\",\"@id\":\"https:\/\/www.allinclusivehotels.it\/fr\/hotels\/arianna-club#breadcrumb\",\"itemListElement\":[{\"@type\":\"ListItem\",\"position\":1,\"name\":\"Home\",\"item\":\"https:\/\/www.allinclusivehotels.it\/fr\"},{\"@type\":\"ListItem\",\"position\":2,\"name\":\"H\u00f4tels\",\"item\":\"https:\/\/www.allinclusivehotels.it\/fr\/hotels\"},{\"@type\":\"ListItem\",\"position\":3,\"name\":\"Arianna Club\"}]},{\"@type\":\"WebSite\",\"@id\":\"https:\/\/www.allinclusivehotels.it\/fr#website\",\"url\":\"https:\/\/www.allinclusivehotels.it\/fr\",\"name\":\"All Inclusive Hotels\",\"description\":\"\",\"publisher\":{\"@id\":\"https:\/\/www.allinclusivehotels.it\/fr#organization\"},\"potentialAction\":[{\"@type\":\"SearchAction\",\"target\":{\"@type\":\"EntryPoint\",\"urlTemplate\":\"https:\/\/www.allinclusivehotels.it\/fr?s={search_term_string}\"},\"query-input\":{\"@type\":\"PropertyValueSpecification\",\"valueRequired\":true,\"valueName\":\"search_term_string\"}}],\"inLanguage\":\"fr-FR\"},{\"@type\":\"Organization\",\"@id\":\"https:\/\/www.allinclusivehotels.it\/fr#organization\",\"name\":\"All Inclusive Hotels\",\"url\":\"https:\/\/www.allinclusivehotels.it\/fr\",\"logo\":{\"@type\":\"ImageObject\",\"inLanguage\":\"fr-FR\",\"@id\":\"https:\/\/www.allinclusivehotels.it\/fr#\/schema\/logo\/image\/\",\"url\":\"\",\"contentUrl\":\"\",\"caption\":\"All Inclusive Hotels\"},\"image\":{\"@id\":\"https:\/\/www.allinclusivehotels.it\/fr#\/schema\/logo\/image\/\"}}]}<\/script>\n<!-- \/ Yoast SEO plugin. -->","yoast_head_json":{"title":"Offres All Inclusive de l'h\u00f4tel Arianna Club dans les Pouilles","description":"Vacances tout compris en Italie? D\u00e9couvrez les forfaits All Inclusive de l'h\u00f4tel Arianna Club dans les Pouilles!","robots":{"index":"index","follow":"follow","max-snippet":"max-snippet:-1","max-image-preview":"max-image-preview:large","max-video-preview":"max-video-preview:-1"},"canonical":"https:\/\/www.allinclusivehotels.it\/fr\/hotels\/arianna-club","og_locale":"fr_FR","og_type":"article","og_title":"Offres All Inclusive de l'h\u00f4tel Arianna Club dans les Pouilles","og_description":"Vacances tout compris en Italie? D\u00e9couvrez les forfaits All Inclusive de l'h\u00f4tel Arianna Club dans les Pouilles!","og_url":"https:\/\/www.allinclusivehotels.it\/fr\/hotels\/arianna-club","og_site_name":"All Inclusive Hotels","article_modified_time":"2022-07-11T13:24:03+00:00","twitter_card":"summary_large_image","twitter_misc":{"Dur\u00e9e de lecture estim\u00e9e":"2 minutes"},"schema":{"@context":"https:\/\/schema.org","@graph":[{"@type":"WebPage","@id":"https:\/\/www.allinclusivehotels.it\/fr\/hotels\/arianna-club","url":"https:\/\/www.allinclusivehotels.it\/fr\/hotels\/arianna-club","name":"Offres All Inclusive de l'h\u00f4tel Arianna Club dans les Pouilles","isPartOf":{"@id":"https:\/\/www.allinclusivehotels.it\/fr#website"},"datePublished":"2022-02-16T13:39:26+00:00","dateModified":"2022-07-11T13:24:03+00:00","description":"Vacances tout compris en Italie? D\u00e9couvrez les forfaits All Inclusive de l'h\u00f4tel Arianna Club dans les Pouilles!","breadcrumb":{"@id":"https:\/\/www.allinclusivehotels.it\/fr\/hotels\/arianna-club#breadcrumb"},"inLanguage":"fr-FR","potentialAction":[{"@type":"ReadAction","target":["https:\/\/www.allinclusivehotels.it\/fr\/hotels\/arianna-club"]}]},{"@type":"BreadcrumbList","@id":"https:\/\/www.allinclusivehotels.it\/fr\/hotels\/arianna-club#breadcrumb","itemListElement":[{"@type":"ListItem","position":1,"name":"Home","item":"https:\/\/www.allinclusivehotels.it\/fr"},{"@type":"ListItem","position":2,"name":"H\u00f4tels","item":"https:\/\/www.allinclusivehotels.it\/fr\/hotels"},{"@type":"ListItem","position":3,"name":"Arianna Club"}]},{"@type":"WebSite","@id":"https:\/\/www.allinclusivehotels.it\/fr#website","url":"https:\/\/www.allinclusivehotels.it\/fr","name":"All Inclusive Hotels","description":"","publisher":{"@id":"https:\/\/www.allinclusivehotels.it\/fr#organization"},"potentialAction":[{"@type":"SearchAction","target":{"@type":"EntryPoint","urlTemplate":"https:\/\/www.allinclusivehotels.it\/fr?s={search_term_string}"},"query-input":{"@type":"PropertyValueSpecification","valueRequired":true,"valueName":"search_term_string"}}],"inLanguage":"fr-FR"},{"@type":"Organization","@id":"https:\/\/www.allinclusivehotels.it\/fr#organization","name":"All Inclusive Hotels","url":"https:\/\/www.allinclusivehotels.it\/fr","logo":{"@type":"ImageObject","inLanguage":"fr-FR","@id":"https:\/\/www.allinclusivehotels.it\/fr#\/schema\/logo\/image\/","url":"","contentUrl":"","caption":"All Inclusive Hotels"},"image":{"@id":"https:\/\/www.allinclusivehotels.it\/fr#\/schema\/logo\/image\/"}}]}},"_links":{"self":[{"href":"https:\/\/www.allinclusivehotels.it\/fr\/wp-json\/wp\/v2\/pages\/9147","targetHints":{"allow":["GET"]}}],"collection":[{"href":"https:\/\/www.allinclusivehotels.it\/fr\/wp-json\/wp\/v2\/pages"}],"about":[{"href":"https:\/\/www.allinclusivehotels.it\/fr\/wp-json\/wp\/v2\/types\/page"}],"author":[{"embeddable":true,"href":"https:\/\/www.allinclusivehotels.it\/fr\/wp-json\/wp\/v2\/users\/1"}],"replies":[{"embeddable":true,"href":"https:\/\/www.allinclusivehotels.it\/fr\/wp-json\/wp\/v2\/comments?post=9147"}],"version-history":[{"count":7,"href":"https:\/\/www.allinclusivehotels.it\/fr\/wp-json\/wp\/v2\/pages\/9147\/revisions"}],"predecessor-version":[{"id":21899,"href":"https:\/\/www.allinclusivehotels.it\/fr\/wp-json\/wp\/v2\/pages\/9147\/revisions\/21899"}],"up":[{"embeddable":true,"href":"https:\/\/www.allinclusivehotels.it\/fr\/wp-json\/wp\/v2\/pages\/8241"}],"wp:attachment":[{"href":"https:\/\/www.allinclusivehotels.it\/fr\/wp-json\/wp\/v2\/media?parent=9147"}],"curies":[{"name":"wp","href":"https:\/\/api.w.org\/{rel}","templated":true}]}}