{"id":8998,"date":"2022-02-16T14:39:16","date_gmt":"2022-02-16T13:39:16","guid":{"rendered":"https:\/\/www.allinclusivehotels.it\/hotels-2\/club-family-hotel-riccione"},"modified":"2023-03-30T10:34:38","modified_gmt":"2023-03-30T08:34:38","slug":"club-family-hotel-riccione","status":"publish","type":"page","link":"https:\/\/www.allinclusivehotels.it\/fr\/hotels\/club-family-hotel-riccione","title":{"rendered":"Club Family Hotel Riccione"},"content":{"rendered":"\n<p>Gr\u00e2ce \u00e0 sa <strong>Formule <\/strong>sp\u00e9ciale<strong> Club Family All Inclusive \u00ae Open Bar<\/strong>, le <b>Club Family Hotel Riccione<\/b> vous offre la qualit\u00e9 et les services d\u2019un h\u00f4tel conjugu\u00e9s aux animations d\u2019un village vacances. Cet h\u00f4tel 3 \u00e9toiles donne directement sur la mer ! <strong>U<\/strong><b>n parasol et deux transats <\/b>vous seront toujours r\u00e9serv\u00e9s sur la plage priv\u00e9e o\u00f9 vous pourrez emporter les <b>pique-nique<\/b><strong>s<\/strong> pr\u00e9par\u00e9s par notre \u00e9quipe pour profiter d&#8217;un repas au bord de l&#8217;eau. Envie de varier les plaisirs ? Partagez vos journ\u00e9es entre la plage et la <b>piscine <\/b>chauff\u00e9e (28\u00b0c) avec <b>baby toboggans <\/b>pour le plus grand plaisir des petits.<\/p>\n\n\n\n<!--more-->\n\n\n\n<p>Tout a \u00e9t\u00e9 pens\u00e9 pour que vos enfants et vos adolescents passent d&#8217;agr\u00e9ables vacances&nbsp;: une <b>\u00e9quipe d\u2019animateurs professionnels<\/b> <strong>est \u00e0 leur disposition<\/strong> <b>7 jours sur 7<\/b>. Les activit\u00e9s organis\u00e9es sont reparties par tranches d\u2019\u00e2ge (<b>mini, junior et teen)<\/b>. Les adolescents appr\u00e9cieront l&#8217;espace jeux-vid\u00e9o dans lequel ils pourront jouer \u00e0 la <b>PlayStation 5. <\/b>Un <b>super go\u00fbter<\/b> est servi tous les jours de 15h \u00e0 18h, vos enfants et adolescents pourront y manger des hamburgers, des piadines, des cr\u00eapes, des brioches&#8230; Celles et ceux qui veulent garder la ligne pourront aussi y boire de d\u00e9licieux jus de fruits frais.<\/p>\n\n\n\n<p><b>S\u00e9jour gratuit pour<\/b> <b>deux enfants<\/b> <b>jusqu\u2019\u00e0 18 ans<\/b>. Pendant tout l&#8217;\u00e9t\u00e9, <strong>avec un s\u00e9jour minimum de 6 nuits, l&#8217;h\u00f4tel offre des billets pour le parc d&#8217;attractions Mirabilandia <\/strong>\u00e0 toute la famille.<\/p>\n","protected":false},"excerpt":{"rendered":"<p>Gr\u00e2ce \u00e0 sa Formule sp\u00e9ciale Club Family All Inclusive \u00ae Open Bar, le Club Family &hellip;<\/p>\n","protected":false},"author":1,"featured_media":0,"parent":8241,"menu_order":0,"comment_status":"closed","ping_status":"closed","template":"page-templates\/scheda_hotel.php","meta":{"_acf_changed":false,"footnotes":""},"class_list":["post-8998","page","type-page","status-publish","hentry"],"acf":[],"yoast_head":"<!-- This site is optimized with the Yoast SEO plugin v27.0 - https:\/\/yoast.com\/product\/yoast-seo-wordpress\/ -->\n<title>Offres All Inclusive du Club Family H\u00f4tel \u00e0 Riccione<\/title>\n<meta name=\"description\" content=\"Vacances tout compris en Italie? D\u00e9couvrez les forfaits All Inclusive du Club Family H\u00f4tel \u00e0 Riccione sur la c\u00f4te Adriatique\" \/>\n<meta name=\"robots\" content=\"index, follow, max-snippet:-1, max-image-preview:large, max-video-preview:-1\" \/>\n<link rel=\"canonical\" href=\"https:\/\/www.allinclusivehotels.it\/fr\/hotels\/club-family-hotel-riccione\" \/>\n<meta property=\"og:locale\" content=\"fr_FR\" \/>\n<meta property=\"og:type\" content=\"article\" \/>\n<meta property=\"og:title\" content=\"Offres All Inclusive du Club Family H\u00f4tel \u00e0 Riccione\" \/>\n<meta property=\"og:description\" content=\"Vacances tout compris en Italie? D\u00e9couvrez les forfaits All Inclusive du Club Family H\u00f4tel \u00e0 Riccione sur la c\u00f4te Adriatique\" \/>\n<meta property=\"og:url\" content=\"https:\/\/www.allinclusivehotels.it\/fr\/hotels\/club-family-hotel-riccione\" \/>\n<meta property=\"og:site_name\" content=\"All Inclusive Hotels\" \/>\n<meta property=\"article:modified_time\" content=\"2023-03-30T08:34:38+00:00\" \/>\n<meta name=\"twitter:card\" content=\"summary_large_image\" \/>\n<meta name=\"twitter:label1\" content=\"Dur\u00e9e de lecture estim\u00e9e\" \/>\n\t<meta name=\"twitter:data1\" content=\"2 minutes\" \/>\n<script type=\"application\/ld+json\" class=\"yoast-schema-graph\">{\"@context\":\"https:\/\/schema.org\",\"@graph\":[{\"@type\":\"WebPage\",\"@id\":\"https:\/\/www.allinclusivehotels.it\/fr\/hotels\/club-family-hotel-riccione\",\"url\":\"https:\/\/www.allinclusivehotels.it\/fr\/hotels\/club-family-hotel-riccione\",\"name\":\"Offres All Inclusive du Club Family H\u00f4tel \u00e0 Riccione\",\"isPartOf\":{\"@id\":\"https:\/\/www.allinclusivehotels.it\/fr#website\"},\"datePublished\":\"2022-02-16T13:39:16+00:00\",\"dateModified\":\"2023-03-30T08:34:38+00:00\",\"description\":\"Vacances tout compris en Italie? D\u00e9couvrez les forfaits All Inclusive du Club Family H\u00f4tel \u00e0 Riccione sur la c\u00f4te Adriatique\",\"breadcrumb\":{\"@id\":\"https:\/\/www.allinclusivehotels.it\/fr\/hotels\/club-family-hotel-riccione#breadcrumb\"},\"inLanguage\":\"fr-FR\",\"potentialAction\":[{\"@type\":\"ReadAction\",\"target\":[\"https:\/\/www.allinclusivehotels.it\/fr\/hotels\/club-family-hotel-riccione\"]}]},{\"@type\":\"BreadcrumbList\",\"@id\":\"https:\/\/www.allinclusivehotels.it\/fr\/hotels\/club-family-hotel-riccione#breadcrumb\",\"itemListElement\":[{\"@type\":\"ListItem\",\"position\":1,\"name\":\"Home\",\"item\":\"https:\/\/www.allinclusivehotels.it\/fr\"},{\"@type\":\"ListItem\",\"position\":2,\"name\":\"H\u00f4tels\",\"item\":\"https:\/\/www.allinclusivehotels.it\/fr\/hotels\"},{\"@type\":\"ListItem\",\"position\":3,\"name\":\"Club Family Hotel Riccione\"}]},{\"@type\":\"WebSite\",\"@id\":\"https:\/\/www.allinclusivehotels.it\/fr#website\",\"url\":\"https:\/\/www.allinclusivehotels.it\/fr\",\"name\":\"All Inclusive Hotels\",\"description\":\"\",\"publisher\":{\"@id\":\"https:\/\/www.allinclusivehotels.it\/fr#organization\"},\"potentialAction\":[{\"@type\":\"SearchAction\",\"target\":{\"@type\":\"EntryPoint\",\"urlTemplate\":\"https:\/\/www.allinclusivehotels.it\/fr?s={search_term_string}\"},\"query-input\":{\"@type\":\"PropertyValueSpecification\",\"valueRequired\":true,\"valueName\":\"search_term_string\"}}],\"inLanguage\":\"fr-FR\"},{\"@type\":\"Organization\",\"@id\":\"https:\/\/www.allinclusivehotels.it\/fr#organization\",\"name\":\"All Inclusive Hotels\",\"url\":\"https:\/\/www.allinclusivehotels.it\/fr\",\"logo\":{\"@type\":\"ImageObject\",\"inLanguage\":\"fr-FR\",\"@id\":\"https:\/\/www.allinclusivehotels.it\/fr#\/schema\/logo\/image\/\",\"url\":\"\",\"contentUrl\":\"\",\"caption\":\"All Inclusive Hotels\"},\"image\":{\"@id\":\"https:\/\/www.allinclusivehotels.it\/fr#\/schema\/logo\/image\/\"}}]}<\/script>\n<!-- \/ Yoast SEO plugin. -->","yoast_head_json":{"title":"Offres All Inclusive du Club Family H\u00f4tel \u00e0 Riccione","description":"Vacances tout compris en Italie? D\u00e9couvrez les forfaits All Inclusive du Club Family H\u00f4tel \u00e0 Riccione sur la c\u00f4te Adriatique","robots":{"index":"index","follow":"follow","max-snippet":"max-snippet:-1","max-image-preview":"max-image-preview:large","max-video-preview":"max-video-preview:-1"},"canonical":"https:\/\/www.allinclusivehotels.it\/fr\/hotels\/club-family-hotel-riccione","og_locale":"fr_FR","og_type":"article","og_title":"Offres All Inclusive du Club Family H\u00f4tel \u00e0 Riccione","og_description":"Vacances tout compris en Italie? D\u00e9couvrez les forfaits All Inclusive du Club Family H\u00f4tel \u00e0 Riccione sur la c\u00f4te Adriatique","og_url":"https:\/\/www.allinclusivehotels.it\/fr\/hotels\/club-family-hotel-riccione","og_site_name":"All Inclusive Hotels","article_modified_time":"2023-03-30T08:34:38+00:00","twitter_card":"summary_large_image","twitter_misc":{"Dur\u00e9e de lecture estim\u00e9e":"2 minutes"},"schema":{"@context":"https:\/\/schema.org","@graph":[{"@type":"WebPage","@id":"https:\/\/www.allinclusivehotels.it\/fr\/hotels\/club-family-hotel-riccione","url":"https:\/\/www.allinclusivehotels.it\/fr\/hotels\/club-family-hotel-riccione","name":"Offres All Inclusive du Club Family H\u00f4tel \u00e0 Riccione","isPartOf":{"@id":"https:\/\/www.allinclusivehotels.it\/fr#website"},"datePublished":"2022-02-16T13:39:16+00:00","dateModified":"2023-03-30T08:34:38+00:00","description":"Vacances tout compris en Italie? D\u00e9couvrez les forfaits All Inclusive du Club Family H\u00f4tel \u00e0 Riccione sur la c\u00f4te Adriatique","breadcrumb":{"@id":"https:\/\/www.allinclusivehotels.it\/fr\/hotels\/club-family-hotel-riccione#breadcrumb"},"inLanguage":"fr-FR","potentialAction":[{"@type":"ReadAction","target":["https:\/\/www.allinclusivehotels.it\/fr\/hotels\/club-family-hotel-riccione"]}]},{"@type":"BreadcrumbList","@id":"https:\/\/www.allinclusivehotels.it\/fr\/hotels\/club-family-hotel-riccione#breadcrumb","itemListElement":[{"@type":"ListItem","position":1,"name":"Home","item":"https:\/\/www.allinclusivehotels.it\/fr"},{"@type":"ListItem","position":2,"name":"H\u00f4tels","item":"https:\/\/www.allinclusivehotels.it\/fr\/hotels"},{"@type":"ListItem","position":3,"name":"Club Family Hotel Riccione"}]},{"@type":"WebSite","@id":"https:\/\/www.allinclusivehotels.it\/fr#website","url":"https:\/\/www.allinclusivehotels.it\/fr","name":"All Inclusive Hotels","description":"","publisher":{"@id":"https:\/\/www.allinclusivehotels.it\/fr#organization"},"potentialAction":[{"@type":"SearchAction","target":{"@type":"EntryPoint","urlTemplate":"https:\/\/www.allinclusivehotels.it\/fr?s={search_term_string}"},"query-input":{"@type":"PropertyValueSpecification","valueRequired":true,"valueName":"search_term_string"}}],"inLanguage":"fr-FR"},{"@type":"Organization","@id":"https:\/\/www.allinclusivehotels.it\/fr#organization","name":"All Inclusive Hotels","url":"https:\/\/www.allinclusivehotels.it\/fr","logo":{"@type":"ImageObject","inLanguage":"fr-FR","@id":"https:\/\/www.allinclusivehotels.it\/fr#\/schema\/logo\/image\/","url":"","contentUrl":"","caption":"All Inclusive Hotels"},"image":{"@id":"https:\/\/www.allinclusivehotels.it\/fr#\/schema\/logo\/image\/"}}]}},"_links":{"self":[{"href":"https:\/\/www.allinclusivehotels.it\/fr\/wp-json\/wp\/v2\/pages\/8998","targetHints":{"allow":["GET"]}}],"collection":[{"href":"https:\/\/www.allinclusivehotels.it\/fr\/wp-json\/wp\/v2\/pages"}],"about":[{"href":"https:\/\/www.allinclusivehotels.it\/fr\/wp-json\/wp\/v2\/types\/page"}],"author":[{"embeddable":true,"href":"https:\/\/www.allinclusivehotels.it\/fr\/wp-json\/wp\/v2\/users\/1"}],"replies":[{"embeddable":true,"href":"https:\/\/www.allinclusivehotels.it\/fr\/wp-json\/wp\/v2\/comments?post=8998"}],"version-history":[{"count":12,"href":"https:\/\/www.allinclusivehotels.it\/fr\/wp-json\/wp\/v2\/pages\/8998\/revisions"}],"predecessor-version":[{"id":28367,"href":"https:\/\/www.allinclusivehotels.it\/fr\/wp-json\/wp\/v2\/pages\/8998\/revisions\/28367"}],"up":[{"embeddable":true,"href":"https:\/\/www.allinclusivehotels.it\/fr\/wp-json\/wp\/v2\/pages\/8241"}],"wp:attachment":[{"href":"https:\/\/www.allinclusivehotels.it\/fr\/wp-json\/wp\/v2\/media?parent=8998"}],"curies":[{"name":"wp","href":"https:\/\/api.w.org\/{rel}","templated":true}]}}