{"id":8934,"date":"2022-02-16T14:39:11","date_gmt":"2022-02-16T13:39:11","guid":{"rendered":"https:\/\/www.allinclusivehotels.it\/hotels-2\/color-metropolitan-family-hotel"},"modified":"2026-02-24T16:52:40","modified_gmt":"2026-02-24T15:52:40","slug":"color-metropolitan-family-hotel","status":"publish","type":"page","link":"https:\/\/www.allinclusivehotels.it\/fr\/hotels\/color-metropolitan-family-hotel","title":{"rendered":"Color Metropolitan Family Hotel"},"content":{"rendered":"\n<p>Moderne, spacieux et lumineux, le Color Metropolitan Family Hotel est situ\u00e9 dans une zone calme de Cesenatico, <b>\u00e0 seulement 300 m\u00e8tres de la plage<\/b> priv\u00e9e o\u00f9 <b>un parasol et deux transats<\/b> vous sont r\u00e9serv\u00e9s.<b> <\/b><\/p>\n\n\n\n<!--more-->\n\n\n\n<p>Vous pourrez partager vos journ\u00e9es entre la plage et la piscine <b>chauff\u00e9e semi-couverte<\/b> avec un <b>jacuzzi<\/b> et un petit bassin <b>(profondeur maximale de 20 centim\u00e8tres<\/b><strong>)<\/strong> dont l&#8217;<strong>eau est chauff\u00e9e \u00e0 24\u00b0C<\/strong>, ainsi que de nombreux <b>jeux<\/b> pour les enfants. Mais ici, les invit\u00e9s pr\u00e9f\u00e9r\u00e9s sont les enfants : l\u2019exclusif service <strong>babycare<\/strong> est sp\u00e9cialement con\u00e7u pour les tout-petits de <strong>0 \u00e0 3 ans<\/strong>, avec des <strong>kits<\/strong> adapt\u00e9s selon l\u2019\u00e2ge, un <strong>service de garde d\u2019enfants<\/strong> et une <strong>salle d\u00e9di\u00e9e<\/strong>. Et l\u2019animation ? Super dynamique ! <strong>7 jours sur 7<\/strong>, \u00e0 la <strong>plage <\/strong>comme \u00e0 l\u2019<strong>h\u00f4tel<\/strong>, avec des activit\u00e9s et des moments de divertissement pour petits et grands.<br><strong>Foam Party<\/strong>, tournois, baby dance, la <strong>Color Explosion<\/strong> et de nombreux spectacles en soir\u00e9e \u2014 impossible de s\u2019ennuyer, pour tous les h\u00f4tes !<\/p>\n","protected":false},"excerpt":{"rendered":"<p>Moderne, spacieux et lumineux, le Color Metropolitan Family Hotel est situ\u00e9 dans une zone calme &hellip;<\/p>\n","protected":false},"author":1,"featured_media":0,"parent":8241,"menu_order":0,"comment_status":"closed","ping_status":"closed","template":"page-templates\/scheda_hotel.php","meta":{"_acf_changed":false,"footnotes":""},"class_list":["post-8934","page","type-page","status-publish","hentry"],"acf":[],"yoast_head":"<!-- This site is optimized with the Yoast SEO plugin v27.0 - https:\/\/yoast.com\/product\/yoast-seo-wordpress\/ -->\n<title>Offres All Inclusive du Color Metropolitan Family H\u00f4tel \u00e0 Cesenatico<\/title>\n<meta name=\"description\" content=\"Vacances tout compris en Italie? D\u00e9couvrez les forfaits All Inclusive du Color Metropolitan Family H\u00f4tel \u00e0 Cesenatico !\" \/>\n<meta name=\"robots\" content=\"index, follow, max-snippet:-1, max-image-preview:large, max-video-preview:-1\" \/>\n<link rel=\"canonical\" href=\"https:\/\/www.allinclusivehotels.it\/fr\/hotels\/color-metropolitan-family-hotel\" \/>\n<meta property=\"og:locale\" content=\"fr_FR\" \/>\n<meta property=\"og:type\" content=\"article\" \/>\n<meta property=\"og:title\" content=\"Offres All Inclusive du Color Metropolitan Family H\u00f4tel \u00e0 Cesenatico\" \/>\n<meta property=\"og:description\" content=\"Vacances tout compris en Italie? D\u00e9couvrez les forfaits All Inclusive du Color Metropolitan Family H\u00f4tel \u00e0 Cesenatico !\" \/>\n<meta property=\"og:url\" content=\"https:\/\/www.allinclusivehotels.it\/fr\/hotels\/color-metropolitan-family-hotel\" \/>\n<meta property=\"og:site_name\" content=\"All Inclusive Hotels\" \/>\n<meta property=\"article:modified_time\" content=\"2026-02-24T15:52:40+00:00\" \/>\n<meta name=\"twitter:card\" content=\"summary_large_image\" \/>\n<meta name=\"twitter:label1\" content=\"Dur\u00e9e de lecture estim\u00e9e\" \/>\n\t<meta name=\"twitter:data1\" content=\"1 minute\" \/>\n<script type=\"application\/ld+json\" class=\"yoast-schema-graph\">{\"@context\":\"https:\/\/schema.org\",\"@graph\":[{\"@type\":\"WebPage\",\"@id\":\"https:\/\/www.allinclusivehotels.it\/fr\/hotels\/color-metropolitan-family-hotel\",\"url\":\"https:\/\/www.allinclusivehotels.it\/fr\/hotels\/color-metropolitan-family-hotel\",\"name\":\"Offres All Inclusive du Color Metropolitan Family H\u00f4tel \u00e0 Cesenatico\",\"isPartOf\":{\"@id\":\"https:\/\/www.allinclusivehotels.it\/fr#website\"},\"datePublished\":\"2022-02-16T13:39:11+00:00\",\"dateModified\":\"2026-02-24T15:52:40+00:00\",\"description\":\"Vacances tout compris en Italie? D\u00e9couvrez les forfaits All Inclusive du Color Metropolitan Family H\u00f4tel \u00e0 Cesenatico !\",\"breadcrumb\":{\"@id\":\"https:\/\/www.allinclusivehotels.it\/fr\/hotels\/color-metropolitan-family-hotel#breadcrumb\"},\"inLanguage\":\"fr-FR\",\"potentialAction\":[{\"@type\":\"ReadAction\",\"target\":[\"https:\/\/www.allinclusivehotels.it\/fr\/hotels\/color-metropolitan-family-hotel\"]}]},{\"@type\":\"BreadcrumbList\",\"@id\":\"https:\/\/www.allinclusivehotels.it\/fr\/hotels\/color-metropolitan-family-hotel#breadcrumb\",\"itemListElement\":[{\"@type\":\"ListItem\",\"position\":1,\"name\":\"Home\",\"item\":\"https:\/\/www.allinclusivehotels.it\/fr\"},{\"@type\":\"ListItem\",\"position\":2,\"name\":\"H\u00f4tels\",\"item\":\"https:\/\/www.allinclusivehotels.it\/fr\/hotels\"},{\"@type\":\"ListItem\",\"position\":3,\"name\":\"Color Metropolitan Family Hotel\"}]},{\"@type\":\"WebSite\",\"@id\":\"https:\/\/www.allinclusivehotels.it\/fr#website\",\"url\":\"https:\/\/www.allinclusivehotels.it\/fr\",\"name\":\"All Inclusive Hotels\",\"description\":\"\",\"publisher\":{\"@id\":\"https:\/\/www.allinclusivehotels.it\/fr#organization\"},\"potentialAction\":[{\"@type\":\"SearchAction\",\"target\":{\"@type\":\"EntryPoint\",\"urlTemplate\":\"https:\/\/www.allinclusivehotels.it\/fr?s={search_term_string}\"},\"query-input\":{\"@type\":\"PropertyValueSpecification\",\"valueRequired\":true,\"valueName\":\"search_term_string\"}}],\"inLanguage\":\"fr-FR\"},{\"@type\":\"Organization\",\"@id\":\"https:\/\/www.allinclusivehotels.it\/fr#organization\",\"name\":\"All Inclusive Hotels\",\"url\":\"https:\/\/www.allinclusivehotels.it\/fr\",\"logo\":{\"@type\":\"ImageObject\",\"inLanguage\":\"fr-FR\",\"@id\":\"https:\/\/www.allinclusivehotels.it\/fr#\/schema\/logo\/image\/\",\"url\":\"\",\"contentUrl\":\"\",\"caption\":\"All Inclusive Hotels\"},\"image\":{\"@id\":\"https:\/\/www.allinclusivehotels.it\/fr#\/schema\/logo\/image\/\"}}]}<\/script>\n<!-- \/ Yoast SEO plugin. -->","yoast_head_json":{"title":"Offres All Inclusive du Color Metropolitan Family H\u00f4tel \u00e0 Cesenatico","description":"Vacances tout compris en Italie? D\u00e9couvrez les forfaits All Inclusive du Color Metropolitan Family H\u00f4tel \u00e0 Cesenatico !","robots":{"index":"index","follow":"follow","max-snippet":"max-snippet:-1","max-image-preview":"max-image-preview:large","max-video-preview":"max-video-preview:-1"},"canonical":"https:\/\/www.allinclusivehotels.it\/fr\/hotels\/color-metropolitan-family-hotel","og_locale":"fr_FR","og_type":"article","og_title":"Offres All Inclusive du Color Metropolitan Family H\u00f4tel \u00e0 Cesenatico","og_description":"Vacances tout compris en Italie? D\u00e9couvrez les forfaits All Inclusive du Color Metropolitan Family H\u00f4tel \u00e0 Cesenatico !","og_url":"https:\/\/www.allinclusivehotels.it\/fr\/hotels\/color-metropolitan-family-hotel","og_site_name":"All Inclusive Hotels","article_modified_time":"2026-02-24T15:52:40+00:00","twitter_card":"summary_large_image","twitter_misc":{"Dur\u00e9e de lecture estim\u00e9e":"1 minute"},"schema":{"@context":"https:\/\/schema.org","@graph":[{"@type":"WebPage","@id":"https:\/\/www.allinclusivehotels.it\/fr\/hotels\/color-metropolitan-family-hotel","url":"https:\/\/www.allinclusivehotels.it\/fr\/hotels\/color-metropolitan-family-hotel","name":"Offres All Inclusive du Color Metropolitan Family H\u00f4tel \u00e0 Cesenatico","isPartOf":{"@id":"https:\/\/www.allinclusivehotels.it\/fr#website"},"datePublished":"2022-02-16T13:39:11+00:00","dateModified":"2026-02-24T15:52:40+00:00","description":"Vacances tout compris en Italie? D\u00e9couvrez les forfaits All Inclusive du Color Metropolitan Family H\u00f4tel \u00e0 Cesenatico !","breadcrumb":{"@id":"https:\/\/www.allinclusivehotels.it\/fr\/hotels\/color-metropolitan-family-hotel#breadcrumb"},"inLanguage":"fr-FR","potentialAction":[{"@type":"ReadAction","target":["https:\/\/www.allinclusivehotels.it\/fr\/hotels\/color-metropolitan-family-hotel"]}]},{"@type":"BreadcrumbList","@id":"https:\/\/www.allinclusivehotels.it\/fr\/hotels\/color-metropolitan-family-hotel#breadcrumb","itemListElement":[{"@type":"ListItem","position":1,"name":"Home","item":"https:\/\/www.allinclusivehotels.it\/fr"},{"@type":"ListItem","position":2,"name":"H\u00f4tels","item":"https:\/\/www.allinclusivehotels.it\/fr\/hotels"},{"@type":"ListItem","position":3,"name":"Color Metropolitan Family Hotel"}]},{"@type":"WebSite","@id":"https:\/\/www.allinclusivehotels.it\/fr#website","url":"https:\/\/www.allinclusivehotels.it\/fr","name":"All Inclusive Hotels","description":"","publisher":{"@id":"https:\/\/www.allinclusivehotels.it\/fr#organization"},"potentialAction":[{"@type":"SearchAction","target":{"@type":"EntryPoint","urlTemplate":"https:\/\/www.allinclusivehotels.it\/fr?s={search_term_string}"},"query-input":{"@type":"PropertyValueSpecification","valueRequired":true,"valueName":"search_term_string"}}],"inLanguage":"fr-FR"},{"@type":"Organization","@id":"https:\/\/www.allinclusivehotels.it\/fr#organization","name":"All Inclusive Hotels","url":"https:\/\/www.allinclusivehotels.it\/fr","logo":{"@type":"ImageObject","inLanguage":"fr-FR","@id":"https:\/\/www.allinclusivehotels.it\/fr#\/schema\/logo\/image\/","url":"","contentUrl":"","caption":"All Inclusive Hotels"},"image":{"@id":"https:\/\/www.allinclusivehotels.it\/fr#\/schema\/logo\/image\/"}}]}},"_links":{"self":[{"href":"https:\/\/www.allinclusivehotels.it\/fr\/wp-json\/wp\/v2\/pages\/8934","targetHints":{"allow":["GET"]}}],"collection":[{"href":"https:\/\/www.allinclusivehotels.it\/fr\/wp-json\/wp\/v2\/pages"}],"about":[{"href":"https:\/\/www.allinclusivehotels.it\/fr\/wp-json\/wp\/v2\/types\/page"}],"author":[{"embeddable":true,"href":"https:\/\/www.allinclusivehotels.it\/fr\/wp-json\/wp\/v2\/users\/1"}],"replies":[{"embeddable":true,"href":"https:\/\/www.allinclusivehotels.it\/fr\/wp-json\/wp\/v2\/comments?post=8934"}],"version-history":[{"count":10,"href":"https:\/\/www.allinclusivehotels.it\/fr\/wp-json\/wp\/v2\/pages\/8934\/revisions"}],"predecessor-version":[{"id":51290,"href":"https:\/\/www.allinclusivehotels.it\/fr\/wp-json\/wp\/v2\/pages\/8934\/revisions\/51290"}],"up":[{"embeddable":true,"href":"https:\/\/www.allinclusivehotels.it\/fr\/wp-json\/wp\/v2\/pages\/8241"}],"wp:attachment":[{"href":"https:\/\/www.allinclusivehotels.it\/fr\/wp-json\/wp\/v2\/media?parent=8934"}],"curies":[{"name":"wp","href":"https:\/\/api.w.org\/{rel}","templated":true}]}}