{"id":8878,"date":"2022-02-16T14:39:07","date_gmt":"2022-02-16T13:39:07","guid":{"rendered":"https:\/\/www.allinclusivehotels.it\/hotels-2\/club-family-hotel-serenissima"},"modified":"2023-03-13T16:03:55","modified_gmt":"2023-03-13T15:03:55","slug":"club-family-hotel-serenissima","status":"publish","type":"page","link":"https:\/\/www.allinclusivehotels.it\/fr\/hotels\/club-family-hotel-serenissima","title":{"rendered":"Club Family Hotel Serenissima"},"content":{"rendered":"\n<p>\u00c0 Cesenatico, il existe un h\u00f4tel qui r\u00e9pond \u00e0 toutes les exigences des <b>familles avec enfants&nbsp;: <\/b>le<b> Club Family Hotel Serenissima&nbsp;!<\/b> Dans cet \u00e9tablissement, les petits seront les invit\u00e9s d\u2019honneur. Son meilleur atout ? Les <b>animations<\/b> organis\u00e9es tous les jours \u00e0 la plage comme \u00e0 l\u2019h\u00f4tel ! La formule <b>All Inclusive Open Bar &amp; <strong>Plage<\/strong><\/b> vous permet de profiter de votre s\u00e9jour sans avoir \u00e0 tenir un budget. La position de l&#8217;h\u00f4tel est aussi id\u00e9ale ; vous serez \u00e0 seulement <b>deux minutes \u00e0 pied<\/b> <b>de la plage <\/b>o\u00f9 vous attendent <b>un parasol et deux transats<\/b>.<\/p>\n\n\n\n<!--more-->\n\n\n\n<p>Le <b>Club Family Hotel Serenissima<\/b> garantit la qualit\u00e9 \u00e0 bas prix pour des vacances de r\u00eave&nbsp;: <b>piscine chauff\u00e9e avec toboggan<\/b>,<b> entr\u00e9e gratuite au parc aquatique Atlantica<\/b>, services de restauration uniques avec buffet et <b>cuisine ouverte<\/b>. Vous pourrez choisir de prendre vos repas <b>\u00e0 l&#8217;int\u00e9rieur<\/b> ou<b> \u00e0 l\u2019ext\u00e9rieur<\/b>, o\u00f9 une l\u00e9g\u00e8re brise caressera votre visage.<\/p>\n\n\n\n<p>Pendant tout l&#8217;\u00e9t\u00e9, <strong>avec un s\u00e9jour minimum de 6 nuits, l&#8217;h\u00f4tel offre des billets pour le parc d&#8217;attractions Mirabilandia <\/strong>\u00e0 toute la famille.<\/p>\n","protected":false},"excerpt":{"rendered":"<p>\u00c0 Cesenatico, il existe un h\u00f4tel qui r\u00e9pond \u00e0 toutes les exigences des familles avec &hellip;<\/p>\n","protected":false},"author":1,"featured_media":0,"parent":8241,"menu_order":0,"comment_status":"closed","ping_status":"closed","template":"page-templates\/scheda_hotel.php","meta":{"_acf_changed":false,"footnotes":""},"class_list":["post-8878","page","type-page","status-publish","hentry"],"acf":[],"yoast_head":"<!-- This site is optimized with the Yoast SEO plugin v27.0 - https:\/\/yoast.com\/product\/yoast-seo-wordpress\/ -->\n<title>Offres All Inclusive de l&#039;H\u00f4tel Club Family Serenissima \u00e0 Cesenatico<\/title>\n<meta name=\"description\" content=\"Vacances tout compris en Italie? D\u00e9couvrez les forfaits All Inclusive de l&#039;H\u00f4tel Club Family Serenissima \u00e0 Cesenatico\" \/>\n<meta name=\"robots\" content=\"index, follow, max-snippet:-1, max-image-preview:large, max-video-preview:-1\" \/>\n<link rel=\"canonical\" href=\"https:\/\/www.allinclusivehotels.it\/fr\/hotels\/club-family-hotel-serenissima\" \/>\n<meta property=\"og:locale\" content=\"fr_FR\" \/>\n<meta property=\"og:type\" content=\"article\" \/>\n<meta property=\"og:title\" content=\"Offres All Inclusive de l&#039;H\u00f4tel Club Family Serenissima \u00e0 Cesenatico\" \/>\n<meta property=\"og:description\" content=\"Vacances tout compris en Italie? D\u00e9couvrez les forfaits All Inclusive de l&#039;H\u00f4tel Club Family Serenissima \u00e0 Cesenatico\" \/>\n<meta property=\"og:url\" content=\"https:\/\/www.allinclusivehotels.it\/fr\/hotels\/club-family-hotel-serenissima\" \/>\n<meta property=\"og:site_name\" content=\"All Inclusive Hotels\" \/>\n<meta property=\"article:modified_time\" content=\"2023-03-13T15:03:55+00:00\" \/>\n<meta name=\"twitter:card\" content=\"summary_large_image\" \/>\n<meta name=\"twitter:label1\" content=\"Dur\u00e9e de lecture estim\u00e9e\" \/>\n\t<meta name=\"twitter:data1\" content=\"1 minute\" \/>\n<script type=\"application\/ld+json\" class=\"yoast-schema-graph\">{\"@context\":\"https:\/\/schema.org\",\"@graph\":[{\"@type\":\"WebPage\",\"@id\":\"https:\/\/www.allinclusivehotels.it\/fr\/hotels\/club-family-hotel-serenissima\",\"url\":\"https:\/\/www.allinclusivehotels.it\/fr\/hotels\/club-family-hotel-serenissima\",\"name\":\"Offres All Inclusive de l'H\u00f4tel Club Family Serenissima \u00e0 Cesenatico\",\"isPartOf\":{\"@id\":\"https:\/\/www.allinclusivehotels.it\/fr#website\"},\"datePublished\":\"2022-02-16T13:39:07+00:00\",\"dateModified\":\"2023-03-13T15:03:55+00:00\",\"description\":\"Vacances tout compris en Italie? D\u00e9couvrez les forfaits All Inclusive de l'H\u00f4tel Club Family Serenissima \u00e0 Cesenatico\",\"breadcrumb\":{\"@id\":\"https:\/\/www.allinclusivehotels.it\/fr\/hotels\/club-family-hotel-serenissima#breadcrumb\"},\"inLanguage\":\"fr-FR\",\"potentialAction\":[{\"@type\":\"ReadAction\",\"target\":[\"https:\/\/www.allinclusivehotels.it\/fr\/hotels\/club-family-hotel-serenissima\"]}]},{\"@type\":\"BreadcrumbList\",\"@id\":\"https:\/\/www.allinclusivehotels.it\/fr\/hotels\/club-family-hotel-serenissima#breadcrumb\",\"itemListElement\":[{\"@type\":\"ListItem\",\"position\":1,\"name\":\"Home\",\"item\":\"https:\/\/www.allinclusivehotels.it\/fr\"},{\"@type\":\"ListItem\",\"position\":2,\"name\":\"H\u00f4tels\",\"item\":\"https:\/\/www.allinclusivehotels.it\/fr\/hotels\"},{\"@type\":\"ListItem\",\"position\":3,\"name\":\"Club Family Hotel Serenissima\"}]},{\"@type\":\"WebSite\",\"@id\":\"https:\/\/www.allinclusivehotels.it\/fr#website\",\"url\":\"https:\/\/www.allinclusivehotels.it\/fr\",\"name\":\"All Inclusive Hotels\",\"description\":\"\",\"publisher\":{\"@id\":\"https:\/\/www.allinclusivehotels.it\/fr#organization\"},\"potentialAction\":[{\"@type\":\"SearchAction\",\"target\":{\"@type\":\"EntryPoint\",\"urlTemplate\":\"https:\/\/www.allinclusivehotels.it\/fr?s={search_term_string}\"},\"query-input\":{\"@type\":\"PropertyValueSpecification\",\"valueRequired\":true,\"valueName\":\"search_term_string\"}}],\"inLanguage\":\"fr-FR\"},{\"@type\":\"Organization\",\"@id\":\"https:\/\/www.allinclusivehotels.it\/fr#organization\",\"name\":\"All Inclusive Hotels\",\"url\":\"https:\/\/www.allinclusivehotels.it\/fr\",\"logo\":{\"@type\":\"ImageObject\",\"inLanguage\":\"fr-FR\",\"@id\":\"https:\/\/www.allinclusivehotels.it\/fr#\/schema\/logo\/image\/\",\"url\":\"\",\"contentUrl\":\"\",\"caption\":\"All Inclusive Hotels\"},\"image\":{\"@id\":\"https:\/\/www.allinclusivehotels.it\/fr#\/schema\/logo\/image\/\"}}]}<\/script>\n<!-- \/ Yoast SEO plugin. -->","yoast_head_json":{"title":"Offres All Inclusive de l'H\u00f4tel Club Family Serenissima \u00e0 Cesenatico","description":"Vacances tout compris en Italie? D\u00e9couvrez les forfaits All Inclusive de l'H\u00f4tel Club Family Serenissima \u00e0 Cesenatico","robots":{"index":"index","follow":"follow","max-snippet":"max-snippet:-1","max-image-preview":"max-image-preview:large","max-video-preview":"max-video-preview:-1"},"canonical":"https:\/\/www.allinclusivehotels.it\/fr\/hotels\/club-family-hotel-serenissima","og_locale":"fr_FR","og_type":"article","og_title":"Offres All Inclusive de l'H\u00f4tel Club Family Serenissima \u00e0 Cesenatico","og_description":"Vacances tout compris en Italie? D\u00e9couvrez les forfaits All Inclusive de l'H\u00f4tel Club Family Serenissima \u00e0 Cesenatico","og_url":"https:\/\/www.allinclusivehotels.it\/fr\/hotels\/club-family-hotel-serenissima","og_site_name":"All Inclusive Hotels","article_modified_time":"2023-03-13T15:03:55+00:00","twitter_card":"summary_large_image","twitter_misc":{"Dur\u00e9e de lecture estim\u00e9e":"1 minute"},"schema":{"@context":"https:\/\/schema.org","@graph":[{"@type":"WebPage","@id":"https:\/\/www.allinclusivehotels.it\/fr\/hotels\/club-family-hotel-serenissima","url":"https:\/\/www.allinclusivehotels.it\/fr\/hotels\/club-family-hotel-serenissima","name":"Offres All Inclusive de l'H\u00f4tel Club Family Serenissima \u00e0 Cesenatico","isPartOf":{"@id":"https:\/\/www.allinclusivehotels.it\/fr#website"},"datePublished":"2022-02-16T13:39:07+00:00","dateModified":"2023-03-13T15:03:55+00:00","description":"Vacances tout compris en Italie? D\u00e9couvrez les forfaits All Inclusive de l'H\u00f4tel Club Family Serenissima \u00e0 Cesenatico","breadcrumb":{"@id":"https:\/\/www.allinclusivehotels.it\/fr\/hotels\/club-family-hotel-serenissima#breadcrumb"},"inLanguage":"fr-FR","potentialAction":[{"@type":"ReadAction","target":["https:\/\/www.allinclusivehotels.it\/fr\/hotels\/club-family-hotel-serenissima"]}]},{"@type":"BreadcrumbList","@id":"https:\/\/www.allinclusivehotels.it\/fr\/hotels\/club-family-hotel-serenissima#breadcrumb","itemListElement":[{"@type":"ListItem","position":1,"name":"Home","item":"https:\/\/www.allinclusivehotels.it\/fr"},{"@type":"ListItem","position":2,"name":"H\u00f4tels","item":"https:\/\/www.allinclusivehotels.it\/fr\/hotels"},{"@type":"ListItem","position":3,"name":"Club Family Hotel Serenissima"}]},{"@type":"WebSite","@id":"https:\/\/www.allinclusivehotels.it\/fr#website","url":"https:\/\/www.allinclusivehotels.it\/fr","name":"All Inclusive Hotels","description":"","publisher":{"@id":"https:\/\/www.allinclusivehotels.it\/fr#organization"},"potentialAction":[{"@type":"SearchAction","target":{"@type":"EntryPoint","urlTemplate":"https:\/\/www.allinclusivehotels.it\/fr?s={search_term_string}"},"query-input":{"@type":"PropertyValueSpecification","valueRequired":true,"valueName":"search_term_string"}}],"inLanguage":"fr-FR"},{"@type":"Organization","@id":"https:\/\/www.allinclusivehotels.it\/fr#organization","name":"All Inclusive Hotels","url":"https:\/\/www.allinclusivehotels.it\/fr","logo":{"@type":"ImageObject","inLanguage":"fr-FR","@id":"https:\/\/www.allinclusivehotels.it\/fr#\/schema\/logo\/image\/","url":"","contentUrl":"","caption":"All Inclusive Hotels"},"image":{"@id":"https:\/\/www.allinclusivehotels.it\/fr#\/schema\/logo\/image\/"}}]}},"_links":{"self":[{"href":"https:\/\/www.allinclusivehotels.it\/fr\/wp-json\/wp\/v2\/pages\/8878","targetHints":{"allow":["GET"]}}],"collection":[{"href":"https:\/\/www.allinclusivehotels.it\/fr\/wp-json\/wp\/v2\/pages"}],"about":[{"href":"https:\/\/www.allinclusivehotels.it\/fr\/wp-json\/wp\/v2\/types\/page"}],"author":[{"embeddable":true,"href":"https:\/\/www.allinclusivehotels.it\/fr\/wp-json\/wp\/v2\/users\/1"}],"replies":[{"embeddable":true,"href":"https:\/\/www.allinclusivehotels.it\/fr\/wp-json\/wp\/v2\/comments?post=8878"}],"version-history":[{"count":14,"href":"https:\/\/www.allinclusivehotels.it\/fr\/wp-json\/wp\/v2\/pages\/8878\/revisions"}],"predecessor-version":[{"id":27556,"href":"https:\/\/www.allinclusivehotels.it\/fr\/wp-json\/wp\/v2\/pages\/8878\/revisions\/27556"}],"up":[{"embeddable":true,"href":"https:\/\/www.allinclusivehotels.it\/fr\/wp-json\/wp\/v2\/pages\/8241"}],"wp:attachment":[{"href":"https:\/\/www.allinclusivehotels.it\/fr\/wp-json\/wp\/v2\/media?parent=8878"}],"curies":[{"name":"wp","href":"https:\/\/api.w.org\/{rel}","templated":true}]}}