{"id":8862,"date":"2022-02-16T14:39:06","date_gmt":"2022-02-16T13:39:06","guid":{"rendered":"https:\/\/www.allinclusivehotels.it\/hotels-2\/sympathy-hotel"},"modified":"2022-04-14T18:31:56","modified_gmt":"2022-04-14T16:31:56","slug":"sympathy-hotel","status":"publish","type":"page","link":"https:\/\/www.allinclusivehotels.it\/fr\/hotels\/sympathy-hotel","title":{"rendered":"Sympathy Hotel"},"content":{"rendered":"\n<p>L&#8217;<b>Hotel Sympathy<\/b> se trouve \u00e0 Martinsicuro, un petit bourg maritime des Abruzzes, id\u00e9al pour des vacances relaxantes et divertissantes. \u00c0 seulement 20 m\u00e8tres vous trouverez une <b>plage<\/b> <b>priv\u00e9e<\/b>, une petite crique de sable fin o\u00f9 vous aurez toujours \u00e0 disposition un parasol et deux transats.&nbsp;Vous pourrez vous baigner dans une mer magnifique, laur\u00e9ate du <b>Pavillon Bleu 2021<\/b>. Pour les enfants, <b>huit heures d\u2019animations chaque jour<\/b>,<b> <\/b>un<b> Baby Restaurant<\/b> avec repas b\u00e9b\u00e9s et menus gourmands \u2013 \u00e9labor\u00e9s par un p\u00e9diatre nutritionniste \u2013 \u00e0 d\u00e9guster avec les animateurs, ainsi que services pour b\u00e9b\u00e9 en chambre et dans la salle de restaurant.<\/p>\n\n\n\n<!--more-->\n\n\n\n<p>Nos Chefs vous g\u00e2teront tous les jours avec une excellente <b>cuisine du terroir, des produits de premi\u00e8re qualit\u00e9 et Bio&nbsp;: <\/b>viandes des fermes locales, poissons de l\u2019Adriatque, l\u00e9gumes du producteur, huile du pressoir et g\u00e2teaux faits maison. Tout cela \u00e0 accompagner avec des Montepulciano, Cerasuolo et Trebbiano d&#8217;Abruzzo. Sans oublier notre<b> d\u00eener des Abruzzes avec buffet de produits typiques tels que <\/b>pecorino, caciotta, charcuteries du terroir, polenta avec viande et saucissons, arrosticini et cantucci, ainsi que les <b>soir\u00e9es gourmet<\/b> et <b>Pizzeria Sympathy<\/b>.<\/p>\n","protected":false},"excerpt":{"rendered":"<p>L&#8217;Hotel Sympathy se trouve \u00e0 Martinsicuro, un petit bourg maritime des Abruzzes, id\u00e9al pour des &hellip;<\/p>\n","protected":false},"author":1,"featured_media":0,"parent":8241,"menu_order":0,"comment_status":"closed","ping_status":"closed","template":"page-templates\/scheda_hotel.php","meta":{"_acf_changed":false,"footnotes":""},"class_list":["post-8862","page","type-page","status-publish","hentry"],"acf":[],"yoast_head":"<!-- This site is optimized with the Yoast SEO plugin v27.0 - https:\/\/yoast.com\/product\/yoast-seo-wordpress\/ -->\n<title>Offres All Inclusive de l&#039;H\u00f4tel Sympathy \u00e0 Martinsicuro<\/title>\n<meta name=\"description\" content=\"Vacances tout compris en Italie? D\u00e9couvrez les forfaits All Inclusive de l&#039;H\u00f4tel Sympathy \u00e0 Martinsicuro dans les Abruzzes\" \/>\n<meta name=\"robots\" content=\"index, follow, max-snippet:-1, max-image-preview:large, max-video-preview:-1\" \/>\n<link rel=\"canonical\" href=\"https:\/\/www.allinclusivehotels.it\/fr\/hotels\/sympathy-hotel\" \/>\n<meta property=\"og:locale\" content=\"fr_FR\" \/>\n<meta property=\"og:type\" content=\"article\" \/>\n<meta property=\"og:title\" content=\"Offres All Inclusive de l&#039;H\u00f4tel Sympathy \u00e0 Martinsicuro\" \/>\n<meta property=\"og:description\" content=\"Vacances tout compris en Italie? D\u00e9couvrez les forfaits All Inclusive de l&#039;H\u00f4tel Sympathy \u00e0 Martinsicuro dans les Abruzzes\" \/>\n<meta property=\"og:url\" content=\"https:\/\/www.allinclusivehotels.it\/fr\/hotels\/sympathy-hotel\" \/>\n<meta property=\"og:site_name\" content=\"All Inclusive Hotels\" \/>\n<meta property=\"article:modified_time\" content=\"2022-04-14T16:31:56+00:00\" \/>\n<meta name=\"twitter:card\" content=\"summary_large_image\" \/>\n<meta name=\"twitter:label1\" content=\"Dur\u00e9e de lecture estim\u00e9e\" \/>\n\t<meta name=\"twitter:data1\" content=\"1 minute\" \/>\n<script type=\"application\/ld+json\" class=\"yoast-schema-graph\">{\"@context\":\"https:\/\/schema.org\",\"@graph\":[{\"@type\":\"WebPage\",\"@id\":\"https:\/\/www.allinclusivehotels.it\/fr\/hotels\/sympathy-hotel\",\"url\":\"https:\/\/www.allinclusivehotels.it\/fr\/hotels\/sympathy-hotel\",\"name\":\"Offres All Inclusive de l'H\u00f4tel Sympathy \u00e0 Martinsicuro\",\"isPartOf\":{\"@id\":\"https:\/\/www.allinclusivehotels.it\/fr#website\"},\"datePublished\":\"2022-02-16T13:39:06+00:00\",\"dateModified\":\"2022-04-14T16:31:56+00:00\",\"description\":\"Vacances tout compris en Italie? D\u00e9couvrez les forfaits All Inclusive de l'H\u00f4tel Sympathy \u00e0 Martinsicuro dans les Abruzzes\",\"breadcrumb\":{\"@id\":\"https:\/\/www.allinclusivehotels.it\/fr\/hotels\/sympathy-hotel#breadcrumb\"},\"inLanguage\":\"fr-FR\",\"potentialAction\":[{\"@type\":\"ReadAction\",\"target\":[\"https:\/\/www.allinclusivehotels.it\/fr\/hotels\/sympathy-hotel\"]}]},{\"@type\":\"BreadcrumbList\",\"@id\":\"https:\/\/www.allinclusivehotels.it\/fr\/hotels\/sympathy-hotel#breadcrumb\",\"itemListElement\":[{\"@type\":\"ListItem\",\"position\":1,\"name\":\"Home\",\"item\":\"https:\/\/www.allinclusivehotels.it\/fr\"},{\"@type\":\"ListItem\",\"position\":2,\"name\":\"H\u00f4tels\",\"item\":\"https:\/\/www.allinclusivehotels.it\/fr\/hotels\"},{\"@type\":\"ListItem\",\"position\":3,\"name\":\"Sympathy Hotel\"}]},{\"@type\":\"WebSite\",\"@id\":\"https:\/\/www.allinclusivehotels.it\/fr#website\",\"url\":\"https:\/\/www.allinclusivehotels.it\/fr\",\"name\":\"All Inclusive Hotels\",\"description\":\"\",\"publisher\":{\"@id\":\"https:\/\/www.allinclusivehotels.it\/fr#organization\"},\"potentialAction\":[{\"@type\":\"SearchAction\",\"target\":{\"@type\":\"EntryPoint\",\"urlTemplate\":\"https:\/\/www.allinclusivehotels.it\/fr?s={search_term_string}\"},\"query-input\":{\"@type\":\"PropertyValueSpecification\",\"valueRequired\":true,\"valueName\":\"search_term_string\"}}],\"inLanguage\":\"fr-FR\"},{\"@type\":\"Organization\",\"@id\":\"https:\/\/www.allinclusivehotels.it\/fr#organization\",\"name\":\"All Inclusive Hotels\",\"url\":\"https:\/\/www.allinclusivehotels.it\/fr\",\"logo\":{\"@type\":\"ImageObject\",\"inLanguage\":\"fr-FR\",\"@id\":\"https:\/\/www.allinclusivehotels.it\/fr#\/schema\/logo\/image\/\",\"url\":\"\",\"contentUrl\":\"\",\"caption\":\"All Inclusive Hotels\"},\"image\":{\"@id\":\"https:\/\/www.allinclusivehotels.it\/fr#\/schema\/logo\/image\/\"}}]}<\/script>\n<!-- \/ Yoast SEO plugin. -->","yoast_head_json":{"title":"Offres All Inclusive de l'H\u00f4tel Sympathy \u00e0 Martinsicuro","description":"Vacances tout compris en Italie? D\u00e9couvrez les forfaits All Inclusive de l'H\u00f4tel Sympathy \u00e0 Martinsicuro dans les Abruzzes","robots":{"index":"index","follow":"follow","max-snippet":"max-snippet:-1","max-image-preview":"max-image-preview:large","max-video-preview":"max-video-preview:-1"},"canonical":"https:\/\/www.allinclusivehotels.it\/fr\/hotels\/sympathy-hotel","og_locale":"fr_FR","og_type":"article","og_title":"Offres All Inclusive de l'H\u00f4tel Sympathy \u00e0 Martinsicuro","og_description":"Vacances tout compris en Italie? D\u00e9couvrez les forfaits All Inclusive de l'H\u00f4tel Sympathy \u00e0 Martinsicuro dans les Abruzzes","og_url":"https:\/\/www.allinclusivehotels.it\/fr\/hotels\/sympathy-hotel","og_site_name":"All Inclusive Hotels","article_modified_time":"2022-04-14T16:31:56+00:00","twitter_card":"summary_large_image","twitter_misc":{"Dur\u00e9e de lecture estim\u00e9e":"1 minute"},"schema":{"@context":"https:\/\/schema.org","@graph":[{"@type":"WebPage","@id":"https:\/\/www.allinclusivehotels.it\/fr\/hotels\/sympathy-hotel","url":"https:\/\/www.allinclusivehotels.it\/fr\/hotels\/sympathy-hotel","name":"Offres All Inclusive de l'H\u00f4tel Sympathy \u00e0 Martinsicuro","isPartOf":{"@id":"https:\/\/www.allinclusivehotels.it\/fr#website"},"datePublished":"2022-02-16T13:39:06+00:00","dateModified":"2022-04-14T16:31:56+00:00","description":"Vacances tout compris en Italie? D\u00e9couvrez les forfaits All Inclusive de l'H\u00f4tel Sympathy \u00e0 Martinsicuro dans les Abruzzes","breadcrumb":{"@id":"https:\/\/www.allinclusivehotels.it\/fr\/hotels\/sympathy-hotel#breadcrumb"},"inLanguage":"fr-FR","potentialAction":[{"@type":"ReadAction","target":["https:\/\/www.allinclusivehotels.it\/fr\/hotels\/sympathy-hotel"]}]},{"@type":"BreadcrumbList","@id":"https:\/\/www.allinclusivehotels.it\/fr\/hotels\/sympathy-hotel#breadcrumb","itemListElement":[{"@type":"ListItem","position":1,"name":"Home","item":"https:\/\/www.allinclusivehotels.it\/fr"},{"@type":"ListItem","position":2,"name":"H\u00f4tels","item":"https:\/\/www.allinclusivehotels.it\/fr\/hotels"},{"@type":"ListItem","position":3,"name":"Sympathy Hotel"}]},{"@type":"WebSite","@id":"https:\/\/www.allinclusivehotels.it\/fr#website","url":"https:\/\/www.allinclusivehotels.it\/fr","name":"All Inclusive Hotels","description":"","publisher":{"@id":"https:\/\/www.allinclusivehotels.it\/fr#organization"},"potentialAction":[{"@type":"SearchAction","target":{"@type":"EntryPoint","urlTemplate":"https:\/\/www.allinclusivehotels.it\/fr?s={search_term_string}"},"query-input":{"@type":"PropertyValueSpecification","valueRequired":true,"valueName":"search_term_string"}}],"inLanguage":"fr-FR"},{"@type":"Organization","@id":"https:\/\/www.allinclusivehotels.it\/fr#organization","name":"All Inclusive Hotels","url":"https:\/\/www.allinclusivehotels.it\/fr","logo":{"@type":"ImageObject","inLanguage":"fr-FR","@id":"https:\/\/www.allinclusivehotels.it\/fr#\/schema\/logo\/image\/","url":"","contentUrl":"","caption":"All Inclusive Hotels"},"image":{"@id":"https:\/\/www.allinclusivehotels.it\/fr#\/schema\/logo\/image\/"}}]}},"_links":{"self":[{"href":"https:\/\/www.allinclusivehotels.it\/fr\/wp-json\/wp\/v2\/pages\/8862","targetHints":{"allow":["GET"]}}],"collection":[{"href":"https:\/\/www.allinclusivehotels.it\/fr\/wp-json\/wp\/v2\/pages"}],"about":[{"href":"https:\/\/www.allinclusivehotels.it\/fr\/wp-json\/wp\/v2\/types\/page"}],"author":[{"embeddable":true,"href":"https:\/\/www.allinclusivehotels.it\/fr\/wp-json\/wp\/v2\/users\/1"}],"replies":[{"embeddable":true,"href":"https:\/\/www.allinclusivehotels.it\/fr\/wp-json\/wp\/v2\/comments?post=8862"}],"version-history":[{"count":5,"href":"https:\/\/www.allinclusivehotels.it\/fr\/wp-json\/wp\/v2\/pages\/8862\/revisions"}],"predecessor-version":[{"id":18913,"href":"https:\/\/www.allinclusivehotels.it\/fr\/wp-json\/wp\/v2\/pages\/8862\/revisions\/18913"}],"up":[{"embeddable":true,"href":"https:\/\/www.allinclusivehotels.it\/fr\/wp-json\/wp\/v2\/pages\/8241"}],"wp:attachment":[{"href":"https:\/\/www.allinclusivehotels.it\/fr\/wp-json\/wp\/v2\/media?parent=8862"}],"curies":[{"name":"wp","href":"https:\/\/api.w.org\/{rel}","templated":true}]}}