{"id":8844,"date":"2022-02-16T14:39:05","date_gmt":"2022-02-16T13:39:05","guid":{"rendered":"https:\/\/www.allinclusivehotels.it\/villages\/hotel-villaggio-uliveto"},"modified":"2024-05-17T11:22:58","modified_gmt":"2024-05-17T09:22:58","slug":"hotel-villaggio-uliveto","status":"publish","type":"page","link":"https:\/\/www.allinclusivehotels.it\/fr\/villages\/hotel-villaggio-uliveto","title":{"rendered":"Hotel Villaggio Uliveto"},"content":{"rendered":"\n<p>Le<strong> Villaggio Uliveto<\/strong> se situe sur un promontoire pittoresque. Ses charmantes petites maisons ainsi que la structure centrale (les espaces communs) s\u2019\u00e9tendent sur une surface de <strong>50\u00a0000\u00a0m\u00e8tres\u00a0carr\u00e9s<\/strong> couverts d\u2019oliviers s\u00e9culaires, de caroubiers, de jardins fleuris et de pelouses. Vous pourrez rejoindre la <strong>plage priv\u00e9e<\/strong> \u00e0 pied, en longeant une route pi\u00e9tonne, ou en navette. <strong>Un parasol <\/strong>et <strong>deux\u00a0transats <\/strong>vous attendent sur une plage de sable fin donnant sur une mer qui s\u2019approfondit progressivement.<\/p>\n\n\n\n<!--more-->\n\n\n\n<p>Le village vacances dispose d\u2019une grande\u00a0<strong>piscine\u00a0<\/strong>et de nombreux services pour satisfaire les personnes qui aiment les vacances dynamiques et cherchent \u00e0 concilier\u00a0<strong>sport<\/strong>\u00a0et\u00a0<strong>bien-\u00eatre<\/strong>. Les\u00a0<strong>animations\u00a0<\/strong>ne manquent pas quel que soit votre \u00e2ge et vous retrouverez tout le n\u00e9cessaire pour passer d\u2019agr\u00e9ables vacances en famille\u00a0<strong>: <\/strong>animations \u00e0 la plage et \u00e0 l\u2019h\u00f4tel, aires de jeux, coin biberons, Baby services en chambre et en salle. Nous vous servons une excellente\u00a0<strong>cuisine\u00a0<\/strong>\u00e0 base de produits typiques du Gargano et organisons des\u00a0<strong>soir\u00e9es <\/strong>et des<strong> d\u00e9gustations \u00e0 th\u00e8mes.<\/strong><\/p>\n","protected":false},"excerpt":{"rendered":"<p>Le Villaggio Uliveto se situe sur un promontoire pittoresque. Ses charmantes petites maisons ainsi que &hellip;<\/p>\n","protected":false},"author":1,"featured_media":0,"parent":8229,"menu_order":0,"comment_status":"closed","ping_status":"closed","template":"page-templates\/scheda_hotel.php","meta":{"_acf_changed":false,"footnotes":""},"class_list":["post-8844","page","type-page","status-publish","hentry"],"acf":[],"yoast_head":"<!-- This site is optimized with the Yoast SEO plugin v27.0 - https:\/\/yoast.com\/product\/yoast-seo-wordpress\/ -->\n<title>Offres All Inclusive de l&#039;H\u00f4tel Villaggio Uliveto \u00e0 Rodi Garganico<\/title>\n<meta name=\"description\" content=\"Vacances tout compris en Italie? D\u00e9couvrez les forfaits All Inclusive de l&#039;H\u00f4tel Villaggio Uliveto \u00e0 Rodi Garganico\" \/>\n<meta name=\"robots\" content=\"index, follow, max-snippet:-1, max-image-preview:large, max-video-preview:-1\" \/>\n<link rel=\"canonical\" href=\"https:\/\/www.allinclusivehotels.it\/fr\/villages\/hotel-villaggio-uliveto\" \/>\n<meta property=\"og:locale\" content=\"fr_FR\" \/>\n<meta property=\"og:type\" content=\"article\" \/>\n<meta property=\"og:title\" content=\"Offres All Inclusive de l&#039;H\u00f4tel Villaggio Uliveto \u00e0 Rodi Garganico\" \/>\n<meta property=\"og:description\" content=\"Vacances tout compris en Italie? D\u00e9couvrez les forfaits All Inclusive de l&#039;H\u00f4tel Villaggio Uliveto \u00e0 Rodi Garganico\" \/>\n<meta property=\"og:url\" content=\"https:\/\/www.allinclusivehotels.it\/fr\/villages\/hotel-villaggio-uliveto\" \/>\n<meta property=\"og:site_name\" content=\"All Inclusive Hotels\" \/>\n<meta property=\"article:modified_time\" content=\"2024-05-17T09:22:58+00:00\" \/>\n<meta name=\"twitter:card\" content=\"summary_large_image\" \/>\n<meta name=\"twitter:label1\" content=\"Dur\u00e9e de lecture estim\u00e9e\" \/>\n\t<meta name=\"twitter:data1\" content=\"1 minute\" \/>\n<script type=\"application\/ld+json\" class=\"yoast-schema-graph\">{\"@context\":\"https:\/\/schema.org\",\"@graph\":[{\"@type\":\"WebPage\",\"@id\":\"https:\/\/www.allinclusivehotels.it\/fr\/villages\/hotel-villaggio-uliveto\",\"url\":\"https:\/\/www.allinclusivehotels.it\/fr\/villages\/hotel-villaggio-uliveto\",\"name\":\"Offres All Inclusive de l'H\u00f4tel Villaggio Uliveto \u00e0 Rodi Garganico\",\"isPartOf\":{\"@id\":\"https:\/\/www.allinclusivehotels.it\/fr#website\"},\"datePublished\":\"2022-02-16T13:39:05+00:00\",\"dateModified\":\"2024-05-17T09:22:58+00:00\",\"description\":\"Vacances tout compris en Italie? D\u00e9couvrez les forfaits All Inclusive de l'H\u00f4tel Villaggio Uliveto \u00e0 Rodi Garganico\",\"breadcrumb\":{\"@id\":\"https:\/\/www.allinclusivehotels.it\/fr\/villages\/hotel-villaggio-uliveto#breadcrumb\"},\"inLanguage\":\"fr-FR\",\"potentialAction\":[{\"@type\":\"ReadAction\",\"target\":[\"https:\/\/www.allinclusivehotels.it\/fr\/villages\/hotel-villaggio-uliveto\"]}]},{\"@type\":\"BreadcrumbList\",\"@id\":\"https:\/\/www.allinclusivehotels.it\/fr\/villages\/hotel-villaggio-uliveto#breadcrumb\",\"itemListElement\":[{\"@type\":\"ListItem\",\"position\":1,\"name\":\"Home\",\"item\":\"https:\/\/www.allinclusivehotels.it\/fr\"},{\"@type\":\"ListItem\",\"position\":2,\"name\":\"Villages\",\"item\":\"https:\/\/www.allinclusivehotels.it\/fr\/villages\"},{\"@type\":\"ListItem\",\"position\":3,\"name\":\"Hotel Villaggio Uliveto\"}]},{\"@type\":\"WebSite\",\"@id\":\"https:\/\/www.allinclusivehotels.it\/fr#website\",\"url\":\"https:\/\/www.allinclusivehotels.it\/fr\",\"name\":\"All Inclusive Hotels\",\"description\":\"\",\"publisher\":{\"@id\":\"https:\/\/www.allinclusivehotels.it\/fr#organization\"},\"potentialAction\":[{\"@type\":\"SearchAction\",\"target\":{\"@type\":\"EntryPoint\",\"urlTemplate\":\"https:\/\/www.allinclusivehotels.it\/fr?s={search_term_string}\"},\"query-input\":{\"@type\":\"PropertyValueSpecification\",\"valueRequired\":true,\"valueName\":\"search_term_string\"}}],\"inLanguage\":\"fr-FR\"},{\"@type\":\"Organization\",\"@id\":\"https:\/\/www.allinclusivehotels.it\/fr#organization\",\"name\":\"All Inclusive Hotels\",\"url\":\"https:\/\/www.allinclusivehotels.it\/fr\",\"logo\":{\"@type\":\"ImageObject\",\"inLanguage\":\"fr-FR\",\"@id\":\"https:\/\/www.allinclusivehotels.it\/fr#\/schema\/logo\/image\/\",\"url\":\"\",\"contentUrl\":\"\",\"caption\":\"All Inclusive Hotels\"},\"image\":{\"@id\":\"https:\/\/www.allinclusivehotels.it\/fr#\/schema\/logo\/image\/\"}}]}<\/script>\n<!-- \/ Yoast SEO plugin. -->","yoast_head_json":{"title":"Offres All Inclusive de l'H\u00f4tel Villaggio Uliveto \u00e0 Rodi Garganico","description":"Vacances tout compris en Italie? D\u00e9couvrez les forfaits All Inclusive de l'H\u00f4tel Villaggio Uliveto \u00e0 Rodi Garganico","robots":{"index":"index","follow":"follow","max-snippet":"max-snippet:-1","max-image-preview":"max-image-preview:large","max-video-preview":"max-video-preview:-1"},"canonical":"https:\/\/www.allinclusivehotels.it\/fr\/villages\/hotel-villaggio-uliveto","og_locale":"fr_FR","og_type":"article","og_title":"Offres All Inclusive de l'H\u00f4tel Villaggio Uliveto \u00e0 Rodi Garganico","og_description":"Vacances tout compris en Italie? D\u00e9couvrez les forfaits All Inclusive de l'H\u00f4tel Villaggio Uliveto \u00e0 Rodi Garganico","og_url":"https:\/\/www.allinclusivehotels.it\/fr\/villages\/hotel-villaggio-uliveto","og_site_name":"All Inclusive Hotels","article_modified_time":"2024-05-17T09:22:58+00:00","twitter_card":"summary_large_image","twitter_misc":{"Dur\u00e9e de lecture estim\u00e9e":"1 minute"},"schema":{"@context":"https:\/\/schema.org","@graph":[{"@type":"WebPage","@id":"https:\/\/www.allinclusivehotels.it\/fr\/villages\/hotel-villaggio-uliveto","url":"https:\/\/www.allinclusivehotels.it\/fr\/villages\/hotel-villaggio-uliveto","name":"Offres All Inclusive de l'H\u00f4tel Villaggio Uliveto \u00e0 Rodi Garganico","isPartOf":{"@id":"https:\/\/www.allinclusivehotels.it\/fr#website"},"datePublished":"2022-02-16T13:39:05+00:00","dateModified":"2024-05-17T09:22:58+00:00","description":"Vacances tout compris en Italie? D\u00e9couvrez les forfaits All Inclusive de l'H\u00f4tel Villaggio Uliveto \u00e0 Rodi Garganico","breadcrumb":{"@id":"https:\/\/www.allinclusivehotels.it\/fr\/villages\/hotel-villaggio-uliveto#breadcrumb"},"inLanguage":"fr-FR","potentialAction":[{"@type":"ReadAction","target":["https:\/\/www.allinclusivehotels.it\/fr\/villages\/hotel-villaggio-uliveto"]}]},{"@type":"BreadcrumbList","@id":"https:\/\/www.allinclusivehotels.it\/fr\/villages\/hotel-villaggio-uliveto#breadcrumb","itemListElement":[{"@type":"ListItem","position":1,"name":"Home","item":"https:\/\/www.allinclusivehotels.it\/fr"},{"@type":"ListItem","position":2,"name":"Villages","item":"https:\/\/www.allinclusivehotels.it\/fr\/villages"},{"@type":"ListItem","position":3,"name":"Hotel Villaggio Uliveto"}]},{"@type":"WebSite","@id":"https:\/\/www.allinclusivehotels.it\/fr#website","url":"https:\/\/www.allinclusivehotels.it\/fr","name":"All Inclusive Hotels","description":"","publisher":{"@id":"https:\/\/www.allinclusivehotels.it\/fr#organization"},"potentialAction":[{"@type":"SearchAction","target":{"@type":"EntryPoint","urlTemplate":"https:\/\/www.allinclusivehotels.it\/fr?s={search_term_string}"},"query-input":{"@type":"PropertyValueSpecification","valueRequired":true,"valueName":"search_term_string"}}],"inLanguage":"fr-FR"},{"@type":"Organization","@id":"https:\/\/www.allinclusivehotels.it\/fr#organization","name":"All Inclusive Hotels","url":"https:\/\/www.allinclusivehotels.it\/fr","logo":{"@type":"ImageObject","inLanguage":"fr-FR","@id":"https:\/\/www.allinclusivehotels.it\/fr#\/schema\/logo\/image\/","url":"","contentUrl":"","caption":"All Inclusive Hotels"},"image":{"@id":"https:\/\/www.allinclusivehotels.it\/fr#\/schema\/logo\/image\/"}}]}},"_links":{"self":[{"href":"https:\/\/www.allinclusivehotels.it\/fr\/wp-json\/wp\/v2\/pages\/8844","targetHints":{"allow":["GET"]}}],"collection":[{"href":"https:\/\/www.allinclusivehotels.it\/fr\/wp-json\/wp\/v2\/pages"}],"about":[{"href":"https:\/\/www.allinclusivehotels.it\/fr\/wp-json\/wp\/v2\/types\/page"}],"author":[{"embeddable":true,"href":"https:\/\/www.allinclusivehotels.it\/fr\/wp-json\/wp\/v2\/users\/1"}],"replies":[{"embeddable":true,"href":"https:\/\/www.allinclusivehotels.it\/fr\/wp-json\/wp\/v2\/comments?post=8844"}],"version-history":[{"count":8,"href":"https:\/\/www.allinclusivehotels.it\/fr\/wp-json\/wp\/v2\/pages\/8844\/revisions"}],"predecessor-version":[{"id":37483,"href":"https:\/\/www.allinclusivehotels.it\/fr\/wp-json\/wp\/v2\/pages\/8844\/revisions\/37483"}],"up":[{"embeddable":true,"href":"https:\/\/www.allinclusivehotels.it\/fr\/wp-json\/wp\/v2\/pages\/8229"}],"wp:attachment":[{"href":"https:\/\/www.allinclusivehotels.it\/fr\/wp-json\/wp\/v2\/media?parent=8844"}],"curies":[{"name":"wp","href":"https:\/\/api.w.org\/{rel}","templated":true}]}}