{"id":8825,"date":"2022-02-16T14:39:03","date_gmt":"2022-02-16T13:39:03","guid":{"rendered":"https:\/\/www.allinclusivehotels.it\/villages\/villaggio-cala-del-principe"},"modified":"2024-05-08T14:48:09","modified_gmt":"2024-05-08T12:48:09","slug":"villaggio-cala-del-principe","status":"publish","type":"page","link":"https:\/\/www.allinclusivehotels.it\/fr\/villages\/villaggio-cala-del-principe","title":{"rendered":"Cala del Principe Wild &amp; Nature Resort"},"content":{"rendered":"\n<p><strong>Cala del Principe Wild &amp; Nature Resort<\/strong> est une \u00ab\u00a0<strong>masseria\u00a0\u00bb <\/strong>typique, une ancienne ferme traditionnelle des Pouilles,enti\u00e8rement r\u00e9nov\u00e9e dans Vous y trouverez un bar, un restaurant et une terrasse panoramique. Le village vacances se situe dans le parc national du Gargano, donnant directement sur la mer et poss\u00e9dant une vue exceptionnelle sur les \u00eeles Tremiti et sur la c\u00f4te. Vous aurez le choix entre <strong>deux\u00a0plages\u00a0<\/strong>: une petite crique couverte de pelouse, o\u00f9 vous attendent <strong>un parasol et deux\u00a0transats ou<\/strong> bien, \u00e0 seulement quelques m\u00e8tres, une plage accessible en navette.<\/p>\n\n\n\n<!--more-->\n\n\n\n<p>De nombreux <strong>\u00e9quipements sportifs<\/strong>, tels que des terrains de tennis, de football \u00e0 5 et de p\u00e9tanque, ainsi qu\u2019une superbe <strong>piscine <\/strong>semi-olympique n\u2019attendent que vous. Les amateurs de sports nautiques pourront aussi utiliser des cano\u00ebs et des p\u00e9dalos. &nbsp;Notre \u00e9quipe d\u2019<strong>animateurs <\/strong>organise tous les jours des activit\u00e9s pour les adultes comme pour les enfants. Notre <strong>restaurant <\/strong>vous accueille dans uncadre rustique o\u00f9 d\u00e9guster la meilleure cuisine du terroir en terrasse. Ne passez surtout pas \u00e0 c\u00f4t\u00e9 nos soir\u00e9es \u00e0 th\u00e8me ! Et pour les jeunes parents, un <strong>coin biberon <\/strong>est \u00e0 disposition.<\/p>\n","protected":false},"excerpt":{"rendered":"<p>Cala del Principe Wild &amp; Nature Resort est une \u00ab\u00a0masseria\u00a0\u00bb typique, une ancienne ferme traditionnelle &hellip;<\/p>\n","protected":false},"author":1,"featured_media":0,"parent":8229,"menu_order":0,"comment_status":"closed","ping_status":"closed","template":"page-templates\/scheda_hotel.php","meta":{"_acf_changed":false,"footnotes":""},"class_list":["post-8825","page","type-page","status-publish","hentry"],"acf":[],"yoast_head":"<!-- This site is optimized with the Yoast SEO plugin v27.0 - https:\/\/yoast.com\/product\/yoast-seo-wordpress\/ -->\n<title>Offres All Inclusive du Cala del Principe Wild &amp; Nature Resort \u00e0 San Nicadro Garganico<\/title>\n<meta name=\"description\" content=\"Vacances tout compris en Italie? D\u00e9couvrez les forfaits All Inclusive de Cala del Principe Wild &amp; Nature Resort \u00e0 San Nicadro Garganico\" \/>\n<meta name=\"robots\" content=\"index, follow, max-snippet:-1, max-image-preview:large, max-video-preview:-1\" \/>\n<link rel=\"canonical\" href=\"https:\/\/www.allinclusivehotels.it\/fr\/villages\/villaggio-cala-del-principe\" \/>\n<meta property=\"og:locale\" content=\"fr_FR\" \/>\n<meta property=\"og:type\" content=\"article\" \/>\n<meta property=\"og:title\" content=\"Offres All Inclusive du Cala del Principe Wild &amp; Nature Resort \u00e0 San Nicadro Garganico\" \/>\n<meta property=\"og:description\" content=\"Vacances tout compris en Italie? D\u00e9couvrez les forfaits All Inclusive de Cala del Principe Wild &amp; Nature Resort \u00e0 San Nicadro Garganico\" \/>\n<meta property=\"og:url\" content=\"https:\/\/www.allinclusivehotels.it\/fr\/villages\/villaggio-cala-del-principe\" \/>\n<meta property=\"og:site_name\" content=\"All Inclusive Hotels\" \/>\n<meta property=\"article:modified_time\" content=\"2024-05-08T12:48:09+00:00\" \/>\n<meta name=\"twitter:card\" content=\"summary_large_image\" \/>\n<meta name=\"twitter:label1\" content=\"Dur\u00e9e de lecture estim\u00e9e\" \/>\n\t<meta name=\"twitter:data1\" content=\"1 minute\" \/>\n<script type=\"application\/ld+json\" class=\"yoast-schema-graph\">{\"@context\":\"https:\/\/schema.org\",\"@graph\":[{\"@type\":\"WebPage\",\"@id\":\"https:\/\/www.allinclusivehotels.it\/fr\/villages\/villaggio-cala-del-principe\",\"url\":\"https:\/\/www.allinclusivehotels.it\/fr\/villages\/villaggio-cala-del-principe\",\"name\":\"Offres All Inclusive du Cala del Principe Wild & Nature Resort \u00e0 San Nicadro Garganico\",\"isPartOf\":{\"@id\":\"https:\/\/www.allinclusivehotels.it\/fr#website\"},\"datePublished\":\"2022-02-16T13:39:03+00:00\",\"dateModified\":\"2024-05-08T12:48:09+00:00\",\"description\":\"Vacances tout compris en Italie? D\u00e9couvrez les forfaits All Inclusive de Cala del Principe Wild & Nature Resort \u00e0 San Nicadro Garganico\",\"breadcrumb\":{\"@id\":\"https:\/\/www.allinclusivehotels.it\/fr\/villages\/villaggio-cala-del-principe#breadcrumb\"},\"inLanguage\":\"fr-FR\",\"potentialAction\":[{\"@type\":\"ReadAction\",\"target\":[\"https:\/\/www.allinclusivehotels.it\/fr\/villages\/villaggio-cala-del-principe\"]}]},{\"@type\":\"BreadcrumbList\",\"@id\":\"https:\/\/www.allinclusivehotels.it\/fr\/villages\/villaggio-cala-del-principe#breadcrumb\",\"itemListElement\":[{\"@type\":\"ListItem\",\"position\":1,\"name\":\"Home\",\"item\":\"https:\/\/www.allinclusivehotels.it\/fr\"},{\"@type\":\"ListItem\",\"position\":2,\"name\":\"Villages\",\"item\":\"https:\/\/www.allinclusivehotels.it\/fr\/villages\"},{\"@type\":\"ListItem\",\"position\":3,\"name\":\"Cala del Principe Wild &amp; Nature Resort\"}]},{\"@type\":\"WebSite\",\"@id\":\"https:\/\/www.allinclusivehotels.it\/fr#website\",\"url\":\"https:\/\/www.allinclusivehotels.it\/fr\",\"name\":\"All Inclusive Hotels\",\"description\":\"\",\"publisher\":{\"@id\":\"https:\/\/www.allinclusivehotels.it\/fr#organization\"},\"potentialAction\":[{\"@type\":\"SearchAction\",\"target\":{\"@type\":\"EntryPoint\",\"urlTemplate\":\"https:\/\/www.allinclusivehotels.it\/fr?s={search_term_string}\"},\"query-input\":{\"@type\":\"PropertyValueSpecification\",\"valueRequired\":true,\"valueName\":\"search_term_string\"}}],\"inLanguage\":\"fr-FR\"},{\"@type\":\"Organization\",\"@id\":\"https:\/\/www.allinclusivehotels.it\/fr#organization\",\"name\":\"All Inclusive Hotels\",\"url\":\"https:\/\/www.allinclusivehotels.it\/fr\",\"logo\":{\"@type\":\"ImageObject\",\"inLanguage\":\"fr-FR\",\"@id\":\"https:\/\/www.allinclusivehotels.it\/fr#\/schema\/logo\/image\/\",\"url\":\"\",\"contentUrl\":\"\",\"caption\":\"All Inclusive Hotels\"},\"image\":{\"@id\":\"https:\/\/www.allinclusivehotels.it\/fr#\/schema\/logo\/image\/\"}}]}<\/script>\n<!-- \/ Yoast SEO plugin. -->","yoast_head_json":{"title":"Offres All Inclusive du Cala del Principe Wild & Nature Resort \u00e0 San Nicadro Garganico","description":"Vacances tout compris en Italie? D\u00e9couvrez les forfaits All Inclusive de Cala del Principe Wild & Nature Resort \u00e0 San Nicadro Garganico","robots":{"index":"index","follow":"follow","max-snippet":"max-snippet:-1","max-image-preview":"max-image-preview:large","max-video-preview":"max-video-preview:-1"},"canonical":"https:\/\/www.allinclusivehotels.it\/fr\/villages\/villaggio-cala-del-principe","og_locale":"fr_FR","og_type":"article","og_title":"Offres All Inclusive du Cala del Principe Wild & Nature Resort \u00e0 San Nicadro Garganico","og_description":"Vacances tout compris en Italie? D\u00e9couvrez les forfaits All Inclusive de Cala del Principe Wild & Nature Resort \u00e0 San Nicadro Garganico","og_url":"https:\/\/www.allinclusivehotels.it\/fr\/villages\/villaggio-cala-del-principe","og_site_name":"All Inclusive Hotels","article_modified_time":"2024-05-08T12:48:09+00:00","twitter_card":"summary_large_image","twitter_misc":{"Dur\u00e9e de lecture estim\u00e9e":"1 minute"},"schema":{"@context":"https:\/\/schema.org","@graph":[{"@type":"WebPage","@id":"https:\/\/www.allinclusivehotels.it\/fr\/villages\/villaggio-cala-del-principe","url":"https:\/\/www.allinclusivehotels.it\/fr\/villages\/villaggio-cala-del-principe","name":"Offres All Inclusive du Cala del Principe Wild & Nature Resort \u00e0 San Nicadro Garganico","isPartOf":{"@id":"https:\/\/www.allinclusivehotels.it\/fr#website"},"datePublished":"2022-02-16T13:39:03+00:00","dateModified":"2024-05-08T12:48:09+00:00","description":"Vacances tout compris en Italie? D\u00e9couvrez les forfaits All Inclusive de Cala del Principe Wild & Nature Resort \u00e0 San Nicadro Garganico","breadcrumb":{"@id":"https:\/\/www.allinclusivehotels.it\/fr\/villages\/villaggio-cala-del-principe#breadcrumb"},"inLanguage":"fr-FR","potentialAction":[{"@type":"ReadAction","target":["https:\/\/www.allinclusivehotels.it\/fr\/villages\/villaggio-cala-del-principe"]}]},{"@type":"BreadcrumbList","@id":"https:\/\/www.allinclusivehotels.it\/fr\/villages\/villaggio-cala-del-principe#breadcrumb","itemListElement":[{"@type":"ListItem","position":1,"name":"Home","item":"https:\/\/www.allinclusivehotels.it\/fr"},{"@type":"ListItem","position":2,"name":"Villages","item":"https:\/\/www.allinclusivehotels.it\/fr\/villages"},{"@type":"ListItem","position":3,"name":"Cala del Principe Wild &amp; Nature Resort"}]},{"@type":"WebSite","@id":"https:\/\/www.allinclusivehotels.it\/fr#website","url":"https:\/\/www.allinclusivehotels.it\/fr","name":"All Inclusive Hotels","description":"","publisher":{"@id":"https:\/\/www.allinclusivehotels.it\/fr#organization"},"potentialAction":[{"@type":"SearchAction","target":{"@type":"EntryPoint","urlTemplate":"https:\/\/www.allinclusivehotels.it\/fr?s={search_term_string}"},"query-input":{"@type":"PropertyValueSpecification","valueRequired":true,"valueName":"search_term_string"}}],"inLanguage":"fr-FR"},{"@type":"Organization","@id":"https:\/\/www.allinclusivehotels.it\/fr#organization","name":"All Inclusive Hotels","url":"https:\/\/www.allinclusivehotels.it\/fr","logo":{"@type":"ImageObject","inLanguage":"fr-FR","@id":"https:\/\/www.allinclusivehotels.it\/fr#\/schema\/logo\/image\/","url":"","contentUrl":"","caption":"All Inclusive Hotels"},"image":{"@id":"https:\/\/www.allinclusivehotels.it\/fr#\/schema\/logo\/image\/"}}]}},"_links":{"self":[{"href":"https:\/\/www.allinclusivehotels.it\/fr\/wp-json\/wp\/v2\/pages\/8825","targetHints":{"allow":["GET"]}}],"collection":[{"href":"https:\/\/www.allinclusivehotels.it\/fr\/wp-json\/wp\/v2\/pages"}],"about":[{"href":"https:\/\/www.allinclusivehotels.it\/fr\/wp-json\/wp\/v2\/types\/page"}],"author":[{"embeddable":true,"href":"https:\/\/www.allinclusivehotels.it\/fr\/wp-json\/wp\/v2\/users\/1"}],"replies":[{"embeddable":true,"href":"https:\/\/www.allinclusivehotels.it\/fr\/wp-json\/wp\/v2\/comments?post=8825"}],"version-history":[{"count":10,"href":"https:\/\/www.allinclusivehotels.it\/fr\/wp-json\/wp\/v2\/pages\/8825\/revisions"}],"predecessor-version":[{"id":37432,"href":"https:\/\/www.allinclusivehotels.it\/fr\/wp-json\/wp\/v2\/pages\/8825\/revisions\/37432"}],"up":[{"embeddable":true,"href":"https:\/\/www.allinclusivehotels.it\/fr\/wp-json\/wp\/v2\/pages\/8229"}],"wp:attachment":[{"href":"https:\/\/www.allinclusivehotels.it\/fr\/wp-json\/wp\/v2\/media?parent=8825"}],"curies":[{"name":"wp","href":"https:\/\/api.w.org\/{rel}","templated":true}]}}