{"id":8803,"date":"2022-02-16T14:39:02","date_gmt":"2022-02-16T13:39:02","guid":{"rendered":"https:\/\/www.allinclusivehotels.it\/villages\/hotel-europa-beach-village"},"modified":"2022-04-21T10:12:53","modified_gmt":"2022-04-21T08:12:53","slug":"hotel-europa-beach-village","status":"publish","type":"page","link":"https:\/\/www.allinclusivehotels.it\/fr\/villages\/hotel-europa-beach-village","title":{"rendered":"Hotel Europa Beach Village"},"content":{"rendered":"\n<p>L&#8217;<b>Hotel Europa Beach Village<\/b> se trouve dans la zone la plus calme et exclusive de <b>Giulianova<\/b>. Il donne sur une <b>plage priv\u00e9e <\/b>de sable fin dor\u00e9 et une mer transparente, o\u00f9 vous attendent toujours <b>un parasol et deux chiliennes<\/b>. Pendant que vos enfants jouent sur <b>&#8220;L&#8217;Isola dei Pirati&#8221; <\/b>(\u00cele des pirates), entre Baby, Mini et Junior Club, vous pouvez vous d\u00e9tendre au bord de la mer ou \u00e0 la <b>piscine carib\u00e9enne avec hydromassage<\/b>. Mais si vous pr\u00e9f\u00e9rez des vacances dynamiques, les activit\u00e9s ne manquent pas&nbsp;: tournois, a\u00e9robique, cours de natation, snorkeling, excursions en bateau. Dans les chambres ainsi que dans les espaces communs vous trouverez tous les <b>services family <\/b>qu\u2019il vous faut pour voyager l\u00e9gers avec vos enfants.<\/p>\n\n\n\n<!--more-->\n\n\n\n<p>Le restaurant de l&#8217;Europa Beach Village est <b>pr\u00e9sent dans les guides \u0153nogastronomiques italiennes les plus prestigieux<\/b>, gr\u00e2ce \u00e0 une <b>cuisine du terroir habilement revisit\u00e9e <\/b>ainsi qu\u2019\u00e0 la grande qualit\u00e9 de ses produits. Notre <b>cave \u00e0 vins <\/b>est le fruit d\u2019une s\u00e9lection attentive parmi les meilleures \u00e9tiquettes italienne et internationales. Pour les plus petits, repas \u00e0 horaires flexibles, mini-vaisselle et mini-couverts, chaise-hautes, chauffe-biberons, baby menus sains. Et enfin le soir, apr\u00e8s le d\u00eener, rendez-vous [dans notre magnifique<b> amphi th\u00e9\u00e2tre sur la mer <\/b>avec spectacles, danses, piano-bar et cabaret.<\/p>\n","protected":false},"excerpt":{"rendered":"<p>L&#8217;Hotel Europa Beach Village se trouve dans la zone la plus calme et exclusive de &hellip;<\/p>\n","protected":false},"author":1,"featured_media":0,"parent":8229,"menu_order":0,"comment_status":"closed","ping_status":"closed","template":"page-templates\/scheda_hotel.php","meta":{"_acf_changed":false,"footnotes":""},"class_list":["post-8803","page","type-page","status-publish","hentry"],"acf":[],"yoast_head":"<!-- This site is optimized with the Yoast SEO plugin v27.0 - https:\/\/yoast.com\/product\/yoast-seo-wordpress\/ -->\n<title>Offres All Inclusive de l&#039;H\u00f4tel Europa Beach Village \u00e0 Giulianova<\/title>\n<meta name=\"description\" content=\"Vacances tout compris en Italie? D\u00e9couvrez les forfaits All Inclusive de l&#039;H\u00f4tel Europa Beach Village \u00e0 Giulianova\" \/>\n<meta name=\"robots\" content=\"index, follow, max-snippet:-1, max-image-preview:large, max-video-preview:-1\" \/>\n<link rel=\"canonical\" href=\"https:\/\/www.allinclusivehotels.it\/fr\/villages\/hotel-europa-beach-village\" \/>\n<meta property=\"og:locale\" content=\"fr_FR\" \/>\n<meta property=\"og:type\" content=\"article\" \/>\n<meta property=\"og:title\" content=\"Offres All Inclusive de l&#039;H\u00f4tel Europa Beach Village \u00e0 Giulianova\" \/>\n<meta property=\"og:description\" content=\"Vacances tout compris en Italie? D\u00e9couvrez les forfaits All Inclusive de l&#039;H\u00f4tel Europa Beach Village \u00e0 Giulianova\" \/>\n<meta property=\"og:url\" content=\"https:\/\/www.allinclusivehotels.it\/fr\/villages\/hotel-europa-beach-village\" \/>\n<meta property=\"og:site_name\" content=\"All Inclusive Hotels\" \/>\n<meta property=\"article:modified_time\" content=\"2022-04-21T08:12:53+00:00\" \/>\n<meta name=\"twitter:card\" content=\"summary_large_image\" \/>\n<meta name=\"twitter:label1\" content=\"Dur\u00e9e de lecture estim\u00e9e\" \/>\n\t<meta name=\"twitter:data1\" content=\"2 minutes\" \/>\n<script type=\"application\/ld+json\" class=\"yoast-schema-graph\">{\"@context\":\"https:\/\/schema.org\",\"@graph\":[{\"@type\":\"WebPage\",\"@id\":\"https:\/\/www.allinclusivehotels.it\/fr\/villages\/hotel-europa-beach-village\",\"url\":\"https:\/\/www.allinclusivehotels.it\/fr\/villages\/hotel-europa-beach-village\",\"name\":\"Offres All Inclusive de l'H\u00f4tel Europa Beach Village \u00e0 Giulianova\",\"isPartOf\":{\"@id\":\"https:\/\/www.allinclusivehotels.it\/fr#website\"},\"datePublished\":\"2022-02-16T13:39:02+00:00\",\"dateModified\":\"2022-04-21T08:12:53+00:00\",\"description\":\"Vacances tout compris en Italie? D\u00e9couvrez les forfaits All Inclusive de l'H\u00f4tel Europa Beach Village \u00e0 Giulianova\",\"breadcrumb\":{\"@id\":\"https:\/\/www.allinclusivehotels.it\/fr\/villages\/hotel-europa-beach-village#breadcrumb\"},\"inLanguage\":\"fr-FR\",\"potentialAction\":[{\"@type\":\"ReadAction\",\"target\":[\"https:\/\/www.allinclusivehotels.it\/fr\/villages\/hotel-europa-beach-village\"]}]},{\"@type\":\"BreadcrumbList\",\"@id\":\"https:\/\/www.allinclusivehotels.it\/fr\/villages\/hotel-europa-beach-village#breadcrumb\",\"itemListElement\":[{\"@type\":\"ListItem\",\"position\":1,\"name\":\"Home\",\"item\":\"https:\/\/www.allinclusivehotels.it\/fr\"},{\"@type\":\"ListItem\",\"position\":2,\"name\":\"Villages\",\"item\":\"https:\/\/www.allinclusivehotels.it\/fr\/villages\"},{\"@type\":\"ListItem\",\"position\":3,\"name\":\"Hotel Europa Beach Village\"}]},{\"@type\":\"WebSite\",\"@id\":\"https:\/\/www.allinclusivehotels.it\/fr#website\",\"url\":\"https:\/\/www.allinclusivehotels.it\/fr\",\"name\":\"All Inclusive Hotels\",\"description\":\"\",\"publisher\":{\"@id\":\"https:\/\/www.allinclusivehotels.it\/fr#organization\"},\"potentialAction\":[{\"@type\":\"SearchAction\",\"target\":{\"@type\":\"EntryPoint\",\"urlTemplate\":\"https:\/\/www.allinclusivehotels.it\/fr?s={search_term_string}\"},\"query-input\":{\"@type\":\"PropertyValueSpecification\",\"valueRequired\":true,\"valueName\":\"search_term_string\"}}],\"inLanguage\":\"fr-FR\"},{\"@type\":\"Organization\",\"@id\":\"https:\/\/www.allinclusivehotels.it\/fr#organization\",\"name\":\"All Inclusive Hotels\",\"url\":\"https:\/\/www.allinclusivehotels.it\/fr\",\"logo\":{\"@type\":\"ImageObject\",\"inLanguage\":\"fr-FR\",\"@id\":\"https:\/\/www.allinclusivehotels.it\/fr#\/schema\/logo\/image\/\",\"url\":\"\",\"contentUrl\":\"\",\"caption\":\"All Inclusive Hotels\"},\"image\":{\"@id\":\"https:\/\/www.allinclusivehotels.it\/fr#\/schema\/logo\/image\/\"}}]}<\/script>\n<!-- \/ Yoast SEO plugin. -->","yoast_head_json":{"title":"Offres All Inclusive de l'H\u00f4tel Europa Beach Village \u00e0 Giulianova","description":"Vacances tout compris en Italie? D\u00e9couvrez les forfaits All Inclusive de l'H\u00f4tel Europa Beach Village \u00e0 Giulianova","robots":{"index":"index","follow":"follow","max-snippet":"max-snippet:-1","max-image-preview":"max-image-preview:large","max-video-preview":"max-video-preview:-1"},"canonical":"https:\/\/www.allinclusivehotels.it\/fr\/villages\/hotel-europa-beach-village","og_locale":"fr_FR","og_type":"article","og_title":"Offres All Inclusive de l'H\u00f4tel Europa Beach Village \u00e0 Giulianova","og_description":"Vacances tout compris en Italie? D\u00e9couvrez les forfaits All Inclusive de l'H\u00f4tel Europa Beach Village \u00e0 Giulianova","og_url":"https:\/\/www.allinclusivehotels.it\/fr\/villages\/hotel-europa-beach-village","og_site_name":"All Inclusive Hotels","article_modified_time":"2022-04-21T08:12:53+00:00","twitter_card":"summary_large_image","twitter_misc":{"Dur\u00e9e de lecture estim\u00e9e":"2 minutes"},"schema":{"@context":"https:\/\/schema.org","@graph":[{"@type":"WebPage","@id":"https:\/\/www.allinclusivehotels.it\/fr\/villages\/hotel-europa-beach-village","url":"https:\/\/www.allinclusivehotels.it\/fr\/villages\/hotel-europa-beach-village","name":"Offres All Inclusive de l'H\u00f4tel Europa Beach Village \u00e0 Giulianova","isPartOf":{"@id":"https:\/\/www.allinclusivehotels.it\/fr#website"},"datePublished":"2022-02-16T13:39:02+00:00","dateModified":"2022-04-21T08:12:53+00:00","description":"Vacances tout compris en Italie? D\u00e9couvrez les forfaits All Inclusive de l'H\u00f4tel Europa Beach Village \u00e0 Giulianova","breadcrumb":{"@id":"https:\/\/www.allinclusivehotels.it\/fr\/villages\/hotel-europa-beach-village#breadcrumb"},"inLanguage":"fr-FR","potentialAction":[{"@type":"ReadAction","target":["https:\/\/www.allinclusivehotels.it\/fr\/villages\/hotel-europa-beach-village"]}]},{"@type":"BreadcrumbList","@id":"https:\/\/www.allinclusivehotels.it\/fr\/villages\/hotel-europa-beach-village#breadcrumb","itemListElement":[{"@type":"ListItem","position":1,"name":"Home","item":"https:\/\/www.allinclusivehotels.it\/fr"},{"@type":"ListItem","position":2,"name":"Villages","item":"https:\/\/www.allinclusivehotels.it\/fr\/villages"},{"@type":"ListItem","position":3,"name":"Hotel Europa Beach Village"}]},{"@type":"WebSite","@id":"https:\/\/www.allinclusivehotels.it\/fr#website","url":"https:\/\/www.allinclusivehotels.it\/fr","name":"All Inclusive Hotels","description":"","publisher":{"@id":"https:\/\/www.allinclusivehotels.it\/fr#organization"},"potentialAction":[{"@type":"SearchAction","target":{"@type":"EntryPoint","urlTemplate":"https:\/\/www.allinclusivehotels.it\/fr?s={search_term_string}"},"query-input":{"@type":"PropertyValueSpecification","valueRequired":true,"valueName":"search_term_string"}}],"inLanguage":"fr-FR"},{"@type":"Organization","@id":"https:\/\/www.allinclusivehotels.it\/fr#organization","name":"All Inclusive Hotels","url":"https:\/\/www.allinclusivehotels.it\/fr","logo":{"@type":"ImageObject","inLanguage":"fr-FR","@id":"https:\/\/www.allinclusivehotels.it\/fr#\/schema\/logo\/image\/","url":"","contentUrl":"","caption":"All Inclusive Hotels"},"image":{"@id":"https:\/\/www.allinclusivehotels.it\/fr#\/schema\/logo\/image\/"}}]}},"_links":{"self":[{"href":"https:\/\/www.allinclusivehotels.it\/fr\/wp-json\/wp\/v2\/pages\/8803","targetHints":{"allow":["GET"]}}],"collection":[{"href":"https:\/\/www.allinclusivehotels.it\/fr\/wp-json\/wp\/v2\/pages"}],"about":[{"href":"https:\/\/www.allinclusivehotels.it\/fr\/wp-json\/wp\/v2\/types\/page"}],"author":[{"embeddable":true,"href":"https:\/\/www.allinclusivehotels.it\/fr\/wp-json\/wp\/v2\/users\/1"}],"replies":[{"embeddable":true,"href":"https:\/\/www.allinclusivehotels.it\/fr\/wp-json\/wp\/v2\/comments?post=8803"}],"version-history":[{"count":5,"href":"https:\/\/www.allinclusivehotels.it\/fr\/wp-json\/wp\/v2\/pages\/8803\/revisions"}],"predecessor-version":[{"id":18972,"href":"https:\/\/www.allinclusivehotels.it\/fr\/wp-json\/wp\/v2\/pages\/8803\/revisions\/18972"}],"up":[{"embeddable":true,"href":"https:\/\/www.allinclusivehotels.it\/fr\/wp-json\/wp\/v2\/pages\/8229"}],"wp:attachment":[{"href":"https:\/\/www.allinclusivehotels.it\/fr\/wp-json\/wp\/v2\/media?parent=8803"}],"curies":[{"name":"wp","href":"https:\/\/api.w.org\/{rel}","templated":true}]}}