{"id":8654,"date":"2022-02-16T14:38:52","date_gmt":"2022-02-16T13:38:52","guid":{"rendered":"https:\/\/www.allinclusivehotels.it\/hotels-2\/hotel-baltic"},"modified":"2022-04-14T17:45:19","modified_gmt":"2022-04-14T15:45:19","slug":"hotel-baltic","status":"publish","type":"page","link":"https:\/\/www.allinclusivehotels.it\/fr\/hotels\/hotel-baltic","title":{"rendered":"Hotel Baltic"},"content":{"rendered":"\n<p>\u00c0 l&#8217;<b>Hotel Baltic<\/b> de <b>Giulianova&nbsp;<\/b>vous traversez la pin\u00e8de parfum\u00e9e et vous \u00eates toute suite \u00e0 la <b>plage<\/b>, o\u00f9 vous attendent espace et d\u2019intimit\u00e9, gr\u00e2ce \u00e0 nos <b>parasols bien distants<\/b>, sable fin, mer limpide, aires de jeux pour enfants, sport et d\u00e9tente. L\u2019animation est garantie<b> tous les jours<\/b>, pour petits et grands. Enfants et adolescents de 1 \u00e0 16 ans se divertiront avec notre \u00e9quipe d\u2019animateurs, entre<b> Baby, Mini <\/b>et<b> Teen Trib\u00f9<\/b>, tandis que pour les adultes sont pr\u00e9vus tournois sportifs, cours de cuisine, excursions \u00e0 v\u00e9lo et d\u00e9gustations. Et le soir on assiste tous ensemble aux spectacles vivants du <b>Teatro Palcobaleno<\/b>. Pour finir, l&#8217;h\u00f4tel dispose aussi d\u2019une grande<b> piscine chauff\u00e9e<\/b> avec hydromassage et un espace pour le b\u00e9b\u00e9.<\/p>\n\n\n\n<!--more-->\n\n\n\n<p>Commencez votre journ\u00e9e en petit-d\u00e9jeunant face \u00e0 la pin\u00e8de. Notre riche buffet est compos\u00e9 de <b>confitures faites maison<\/b>, petits pots de fruits secs, pain \u00e0 peine sorti du four, brioches et tarte faites maison, fromages et charcuteries des Abruzzes. Pendant les repas aussi, les traditions des Abruzzes ont une place de choix, notamment les <b>p\u00e2tes fraiches faites maison <\/b>et l<b>es sp\u00e9cialit\u00e9s terre et mer de l\u2019Adriatique<\/b>. En outre, nous organisons des <b>soir\u00e9es \u00e0 th\u00e8me dans la pin\u00e8de<\/b>, avec de plats r\u00e9gionaux accompagn\u00e9s par les meilleures <b>s\u00e9lections de vins des Abruzzes<\/b>.<b> <\/b>Nous r\u00e9servons \u00e9galement une grande attention aux <b>menus des plus petits<\/b> et de celles et ceux qui ont des <b>exigences alimentaires particuli\u00e8res&nbsp;<\/b>: notre h\u00f4tel est en fait certifi\u00e9 <b>AIC <\/b>(Association Italienne de la C\u0153liaquie).<\/p>\n","protected":false},"excerpt":{"rendered":"<p>\u00c0 l&#8217;Hotel Baltic de Giulianova&nbsp;vous traversez la pin\u00e8de parfum\u00e9e et vous \u00eates toute suite \u00e0 &hellip;<\/p>\n","protected":false},"author":1,"featured_media":0,"parent":8241,"menu_order":0,"comment_status":"closed","ping_status":"closed","template":"page-templates\/scheda_hotel.php","meta":{"_acf_changed":false,"footnotes":""},"class_list":["post-8654","page","type-page","status-publish","hentry"],"acf":[],"yoast_head":"<!-- This site is optimized with the Yoast SEO plugin v27.0 - https:\/\/yoast.com\/product\/yoast-seo-wordpress\/ -->\n<title>Offres All Inclusive de l&#039;H\u00f4tel Baltic \u00e0 Giulianova<\/title>\n<meta name=\"description\" content=\"Vacances tout compris en Italie? D\u00e9couvrez les forfaits All Inclusive de l&#039;H\u00f4tel Baltic \u00e0 Giulianova dans les Abruzzes\" \/>\n<meta name=\"robots\" content=\"index, follow, max-snippet:-1, max-image-preview:large, max-video-preview:-1\" \/>\n<link rel=\"canonical\" href=\"https:\/\/www.allinclusivehotels.it\/fr\/hotels\/hotel-baltic\" \/>\n<meta property=\"og:locale\" content=\"fr_FR\" \/>\n<meta property=\"og:type\" content=\"article\" \/>\n<meta property=\"og:title\" content=\"Offres All Inclusive de l&#039;H\u00f4tel Baltic \u00e0 Giulianova\" \/>\n<meta property=\"og:description\" content=\"Vacances tout compris en Italie? D\u00e9couvrez les forfaits All Inclusive de l&#039;H\u00f4tel Baltic \u00e0 Giulianova dans les Abruzzes\" \/>\n<meta property=\"og:url\" content=\"https:\/\/www.allinclusivehotels.it\/fr\/hotels\/hotel-baltic\" \/>\n<meta property=\"og:site_name\" content=\"All Inclusive Hotels\" \/>\n<meta property=\"article:modified_time\" content=\"2022-04-14T15:45:19+00:00\" \/>\n<meta name=\"twitter:card\" content=\"summary_large_image\" \/>\n<meta name=\"twitter:label1\" content=\"Dur\u00e9e de lecture estim\u00e9e\" \/>\n\t<meta name=\"twitter:data1\" content=\"2 minutes\" \/>\n<script type=\"application\/ld+json\" class=\"yoast-schema-graph\">{\"@context\":\"https:\/\/schema.org\",\"@graph\":[{\"@type\":\"WebPage\",\"@id\":\"https:\/\/www.allinclusivehotels.it\/fr\/hotels\/hotel-baltic\",\"url\":\"https:\/\/www.allinclusivehotels.it\/fr\/hotels\/hotel-baltic\",\"name\":\"Offres All Inclusive de l'H\u00f4tel Baltic \u00e0 Giulianova\",\"isPartOf\":{\"@id\":\"https:\/\/www.allinclusivehotels.it\/fr#website\"},\"datePublished\":\"2022-02-16T13:38:52+00:00\",\"dateModified\":\"2022-04-14T15:45:19+00:00\",\"description\":\"Vacances tout compris en Italie? D\u00e9couvrez les forfaits All Inclusive de l'H\u00f4tel Baltic \u00e0 Giulianova dans les Abruzzes\",\"breadcrumb\":{\"@id\":\"https:\/\/www.allinclusivehotels.it\/fr\/hotels\/hotel-baltic#breadcrumb\"},\"inLanguage\":\"fr-FR\",\"potentialAction\":[{\"@type\":\"ReadAction\",\"target\":[\"https:\/\/www.allinclusivehotels.it\/fr\/hotels\/hotel-baltic\"]}]},{\"@type\":\"BreadcrumbList\",\"@id\":\"https:\/\/www.allinclusivehotels.it\/fr\/hotels\/hotel-baltic#breadcrumb\",\"itemListElement\":[{\"@type\":\"ListItem\",\"position\":1,\"name\":\"Home\",\"item\":\"https:\/\/www.allinclusivehotels.it\/fr\"},{\"@type\":\"ListItem\",\"position\":2,\"name\":\"H\u00f4tels\",\"item\":\"https:\/\/www.allinclusivehotels.it\/fr\/hotels\"},{\"@type\":\"ListItem\",\"position\":3,\"name\":\"Hotel Baltic\"}]},{\"@type\":\"WebSite\",\"@id\":\"https:\/\/www.allinclusivehotels.it\/fr#website\",\"url\":\"https:\/\/www.allinclusivehotels.it\/fr\",\"name\":\"All Inclusive Hotels\",\"description\":\"\",\"publisher\":{\"@id\":\"https:\/\/www.allinclusivehotels.it\/fr#organization\"},\"potentialAction\":[{\"@type\":\"SearchAction\",\"target\":{\"@type\":\"EntryPoint\",\"urlTemplate\":\"https:\/\/www.allinclusivehotels.it\/fr?s={search_term_string}\"},\"query-input\":{\"@type\":\"PropertyValueSpecification\",\"valueRequired\":true,\"valueName\":\"search_term_string\"}}],\"inLanguage\":\"fr-FR\"},{\"@type\":\"Organization\",\"@id\":\"https:\/\/www.allinclusivehotels.it\/fr#organization\",\"name\":\"All Inclusive Hotels\",\"url\":\"https:\/\/www.allinclusivehotels.it\/fr\",\"logo\":{\"@type\":\"ImageObject\",\"inLanguage\":\"fr-FR\",\"@id\":\"https:\/\/www.allinclusivehotels.it\/fr#\/schema\/logo\/image\/\",\"url\":\"\",\"contentUrl\":\"\",\"caption\":\"All Inclusive Hotels\"},\"image\":{\"@id\":\"https:\/\/www.allinclusivehotels.it\/fr#\/schema\/logo\/image\/\"}}]}<\/script>\n<!-- \/ Yoast SEO plugin. -->","yoast_head_json":{"title":"Offres All Inclusive de l'H\u00f4tel Baltic \u00e0 Giulianova","description":"Vacances tout compris en Italie? D\u00e9couvrez les forfaits All Inclusive de l'H\u00f4tel Baltic \u00e0 Giulianova dans les Abruzzes","robots":{"index":"index","follow":"follow","max-snippet":"max-snippet:-1","max-image-preview":"max-image-preview:large","max-video-preview":"max-video-preview:-1"},"canonical":"https:\/\/www.allinclusivehotels.it\/fr\/hotels\/hotel-baltic","og_locale":"fr_FR","og_type":"article","og_title":"Offres All Inclusive de l'H\u00f4tel Baltic \u00e0 Giulianova","og_description":"Vacances tout compris en Italie? D\u00e9couvrez les forfaits All Inclusive de l'H\u00f4tel Baltic \u00e0 Giulianova dans les Abruzzes","og_url":"https:\/\/www.allinclusivehotels.it\/fr\/hotels\/hotel-baltic","og_site_name":"All Inclusive Hotels","article_modified_time":"2022-04-14T15:45:19+00:00","twitter_card":"summary_large_image","twitter_misc":{"Dur\u00e9e de lecture estim\u00e9e":"2 minutes"},"schema":{"@context":"https:\/\/schema.org","@graph":[{"@type":"WebPage","@id":"https:\/\/www.allinclusivehotels.it\/fr\/hotels\/hotel-baltic","url":"https:\/\/www.allinclusivehotels.it\/fr\/hotels\/hotel-baltic","name":"Offres All Inclusive de l'H\u00f4tel Baltic \u00e0 Giulianova","isPartOf":{"@id":"https:\/\/www.allinclusivehotels.it\/fr#website"},"datePublished":"2022-02-16T13:38:52+00:00","dateModified":"2022-04-14T15:45:19+00:00","description":"Vacances tout compris en Italie? D\u00e9couvrez les forfaits All Inclusive de l'H\u00f4tel Baltic \u00e0 Giulianova dans les Abruzzes","breadcrumb":{"@id":"https:\/\/www.allinclusivehotels.it\/fr\/hotels\/hotel-baltic#breadcrumb"},"inLanguage":"fr-FR","potentialAction":[{"@type":"ReadAction","target":["https:\/\/www.allinclusivehotels.it\/fr\/hotels\/hotel-baltic"]}]},{"@type":"BreadcrumbList","@id":"https:\/\/www.allinclusivehotels.it\/fr\/hotels\/hotel-baltic#breadcrumb","itemListElement":[{"@type":"ListItem","position":1,"name":"Home","item":"https:\/\/www.allinclusivehotels.it\/fr"},{"@type":"ListItem","position":2,"name":"H\u00f4tels","item":"https:\/\/www.allinclusivehotels.it\/fr\/hotels"},{"@type":"ListItem","position":3,"name":"Hotel Baltic"}]},{"@type":"WebSite","@id":"https:\/\/www.allinclusivehotels.it\/fr#website","url":"https:\/\/www.allinclusivehotels.it\/fr","name":"All Inclusive Hotels","description":"","publisher":{"@id":"https:\/\/www.allinclusivehotels.it\/fr#organization"},"potentialAction":[{"@type":"SearchAction","target":{"@type":"EntryPoint","urlTemplate":"https:\/\/www.allinclusivehotels.it\/fr?s={search_term_string}"},"query-input":{"@type":"PropertyValueSpecification","valueRequired":true,"valueName":"search_term_string"}}],"inLanguage":"fr-FR"},{"@type":"Organization","@id":"https:\/\/www.allinclusivehotels.it\/fr#organization","name":"All Inclusive Hotels","url":"https:\/\/www.allinclusivehotels.it\/fr","logo":{"@type":"ImageObject","inLanguage":"fr-FR","@id":"https:\/\/www.allinclusivehotels.it\/fr#\/schema\/logo\/image\/","url":"","contentUrl":"","caption":"All Inclusive Hotels"},"image":{"@id":"https:\/\/www.allinclusivehotels.it\/fr#\/schema\/logo\/image\/"}}]}},"_links":{"self":[{"href":"https:\/\/www.allinclusivehotels.it\/fr\/wp-json\/wp\/v2\/pages\/8654","targetHints":{"allow":["GET"]}}],"collection":[{"href":"https:\/\/www.allinclusivehotels.it\/fr\/wp-json\/wp\/v2\/pages"}],"about":[{"href":"https:\/\/www.allinclusivehotels.it\/fr\/wp-json\/wp\/v2\/types\/page"}],"author":[{"embeddable":true,"href":"https:\/\/www.allinclusivehotels.it\/fr\/wp-json\/wp\/v2\/users\/1"}],"replies":[{"embeddable":true,"href":"https:\/\/www.allinclusivehotels.it\/fr\/wp-json\/wp\/v2\/comments?post=8654"}],"version-history":[{"count":5,"href":"https:\/\/www.allinclusivehotels.it\/fr\/wp-json\/wp\/v2\/pages\/8654\/revisions"}],"predecessor-version":[{"id":18887,"href":"https:\/\/www.allinclusivehotels.it\/fr\/wp-json\/wp\/v2\/pages\/8654\/revisions\/18887"}],"up":[{"embeddable":true,"href":"https:\/\/www.allinclusivehotels.it\/fr\/wp-json\/wp\/v2\/pages\/8241"}],"wp:attachment":[{"href":"https:\/\/www.allinclusivehotels.it\/fr\/wp-json\/wp\/v2\/media?parent=8654"}],"curies":[{"name":"wp","href":"https:\/\/api.w.org\/{rel}","templated":true}]}}