{"id":8617,"date":"2022-02-16T14:38:49","date_gmt":"2022-02-16T13:38:49","guid":{"rendered":"https:\/\/www.allinclusivehotels.it\/hotels-2\/club-family-hotel-costa-dei-pini"},"modified":"2025-05-15T16:59:05","modified_gmt":"2025-05-15T14:59:05","slug":"club-family-hotel-costa-dei-pini","status":"publish","type":"page","link":"https:\/\/www.allinclusivehotels.it\/fr\/hotels\/club-family-hotel-costa-dei-pini","title":{"rendered":"Club Family Hotel Costa dei Pini"},"content":{"rendered":"\n<p>Situ\u00e9 \u00e0 <strong>Pinarella di Cervia<\/strong>, le <b>Club Family Hotel Costa dei Pini<\/b> est bien plus qu\u2019un h\u00f4tel&nbsp;: c\u2019est un <b>Apparth\u00f4tel&nbsp;!<\/b> Vous pourrez y louer de confortables T2 et T3 tout en profitant des services offerts par un h\u00f4tel. L&#8217;\u00e9tablissement est situ\u00e9 \u00e0 <b>seulement 50 m\u00e8tres<\/b> de la mer, il vous suffira de traverser une magnifique <b>pin\u00e8de <\/b>pour rejoindre la <b>plage priv\u00e9e<\/b> de sable fin sur laquelle vous trouverez un bar et de nombreuses animations. <\/p>\n\n\n\n<!--more-->\n\n\n\n<p>Vous pourrez vous d\u00e9tendre sur le sable mouill\u00e9 pendant que vos enfants s\u2019amusent sur les <strong>structures gonflables<\/strong> ou participent aux nombreuses activit\u00e9s organis\u00e9es (jeux, tournois, danses et chasses au tr\u00e9sor). Si vous souhaitez vous reposer au bord de l&#8217;eau ou faire quelques longueurs sans quitter l&#8217;h\u00f4tel, vous appr\u00e9cierez nos<strong> deux piscines<\/strong> <b>chauff\u00e9es<\/b> avec petit bassin et mini toboggan.<\/p>\n\n\n\n<p>La <b>Formule Club Family All Inclusive Open Bar<\/b> inclut les boissons de votre choix \u00e0 volont\u00e9 \u00e0 la plage comme \u00e0 la piscine, au bar et restaurant de l\u2019h\u00f4tel. <b>Animations <\/b>pour enfants <b>toute la journ\u00e9e (7 jours sur 7)<\/b>, <b>baby-sitting<\/b> sur r\u00e9servation (\u00e0 partir de 8 mois et jusqu&#8217;\u00e0 3 ans) , <b>go\u00fbters le matin et l\u2019apr\u00e8s-midi<\/b>, buffet, conseils p\u00e9diatriques, parking, laverie en libre-service. <b>S\u00e9jour gratuit pour deux enfants de moins de 18 ans&nbsp;!<\/b><\/p>\n\n\n\n<p>Pendant tout l&#8217;\u00e9t\u00e9, <strong>avec un s\u00e9jour minimum de 6 nuits, l&#8217;h\u00f4tel offre des billets pour le parc d&#8217;attractions Mirabilandia <\/strong>\u00e0 toute la famille.<\/p>\n","protected":false},"excerpt":{"rendered":"<p>Situ\u00e9 \u00e0 Pinarella di Cervia, le Club Family Hotel Costa dei Pini est bien plus &hellip;<\/p>\n","protected":false},"author":1,"featured_media":0,"parent":8241,"menu_order":0,"comment_status":"closed","ping_status":"closed","template":"page-templates\/scheda_hotel.php","meta":{"_acf_changed":false,"footnotes":""},"class_list":["post-8617","page","type-page","status-publish","hentry"],"acf":[],"yoast_head":"<!-- This site is optimized with the Yoast SEO plugin v27.0 - https:\/\/yoast.com\/product\/yoast-seo-wordpress\/ -->\n<title>Offres All Inclusive de l&#039;H\u00f4tel Club Family Costa dei Pini \u00e0 Cervia<\/title>\n<meta name=\"description\" content=\"Vacances tout compris en Italie? D\u00e9couvrez les forfaits All Inclusive de l&#039;H\u00f4tel Club Family Costa dei Pini \u00e0 Cervia\" \/>\n<meta name=\"robots\" content=\"index, follow, max-snippet:-1, max-image-preview:large, max-video-preview:-1\" \/>\n<link rel=\"canonical\" href=\"https:\/\/www.allinclusivehotels.it\/fr\/hotels\/club-family-hotel-costa-dei-pini\" \/>\n<meta property=\"og:locale\" content=\"fr_FR\" \/>\n<meta property=\"og:type\" content=\"article\" \/>\n<meta property=\"og:title\" content=\"Offres All Inclusive de l&#039;H\u00f4tel Club Family Costa dei Pini \u00e0 Cervia\" \/>\n<meta property=\"og:description\" content=\"Vacances tout compris en Italie? D\u00e9couvrez les forfaits All Inclusive de l&#039;H\u00f4tel Club Family Costa dei Pini \u00e0 Cervia\" \/>\n<meta property=\"og:url\" content=\"https:\/\/www.allinclusivehotels.it\/fr\/hotels\/club-family-hotel-costa-dei-pini\" \/>\n<meta property=\"og:site_name\" content=\"All Inclusive Hotels\" \/>\n<meta property=\"article:modified_time\" content=\"2025-05-15T14:59:05+00:00\" \/>\n<meta name=\"twitter:card\" content=\"summary_large_image\" \/>\n<meta name=\"twitter:label1\" content=\"Dur\u00e9e de lecture estim\u00e9e\" \/>\n\t<meta name=\"twitter:data1\" content=\"2 minutes\" \/>\n<script type=\"application\/ld+json\" class=\"yoast-schema-graph\">{\"@context\":\"https:\/\/schema.org\",\"@graph\":[{\"@type\":\"WebPage\",\"@id\":\"https:\/\/www.allinclusivehotels.it\/fr\/hotels\/club-family-hotel-costa-dei-pini\",\"url\":\"https:\/\/www.allinclusivehotels.it\/fr\/hotels\/club-family-hotel-costa-dei-pini\",\"name\":\"Offres All Inclusive de l'H\u00f4tel Club Family Costa dei Pini \u00e0 Cervia\",\"isPartOf\":{\"@id\":\"https:\/\/www.allinclusivehotels.it\/fr#website\"},\"datePublished\":\"2022-02-16T13:38:49+00:00\",\"dateModified\":\"2025-05-15T14:59:05+00:00\",\"description\":\"Vacances tout compris en Italie? D\u00e9couvrez les forfaits All Inclusive de l'H\u00f4tel Club Family Costa dei Pini \u00e0 Cervia\",\"breadcrumb\":{\"@id\":\"https:\/\/www.allinclusivehotels.it\/fr\/hotels\/club-family-hotel-costa-dei-pini#breadcrumb\"},\"inLanguage\":\"fr-FR\",\"potentialAction\":[{\"@type\":\"ReadAction\",\"target\":[\"https:\/\/www.allinclusivehotels.it\/fr\/hotels\/club-family-hotel-costa-dei-pini\"]}]},{\"@type\":\"BreadcrumbList\",\"@id\":\"https:\/\/www.allinclusivehotels.it\/fr\/hotels\/club-family-hotel-costa-dei-pini#breadcrumb\",\"itemListElement\":[{\"@type\":\"ListItem\",\"position\":1,\"name\":\"Home\",\"item\":\"https:\/\/www.allinclusivehotels.it\/fr\"},{\"@type\":\"ListItem\",\"position\":2,\"name\":\"H\u00f4tels\",\"item\":\"https:\/\/www.allinclusivehotels.it\/fr\/hotels\"},{\"@type\":\"ListItem\",\"position\":3,\"name\":\"Club Family Hotel Costa dei Pini\"}]},{\"@type\":\"WebSite\",\"@id\":\"https:\/\/www.allinclusivehotels.it\/fr#website\",\"url\":\"https:\/\/www.allinclusivehotels.it\/fr\",\"name\":\"All Inclusive Hotels\",\"description\":\"\",\"publisher\":{\"@id\":\"https:\/\/www.allinclusivehotels.it\/fr#organization\"},\"potentialAction\":[{\"@type\":\"SearchAction\",\"target\":{\"@type\":\"EntryPoint\",\"urlTemplate\":\"https:\/\/www.allinclusivehotels.it\/fr?s={search_term_string}\"},\"query-input\":{\"@type\":\"PropertyValueSpecification\",\"valueRequired\":true,\"valueName\":\"search_term_string\"}}],\"inLanguage\":\"fr-FR\"},{\"@type\":\"Organization\",\"@id\":\"https:\/\/www.allinclusivehotels.it\/fr#organization\",\"name\":\"All Inclusive Hotels\",\"url\":\"https:\/\/www.allinclusivehotels.it\/fr\",\"logo\":{\"@type\":\"ImageObject\",\"inLanguage\":\"fr-FR\",\"@id\":\"https:\/\/www.allinclusivehotels.it\/fr#\/schema\/logo\/image\/\",\"url\":\"\",\"contentUrl\":\"\",\"caption\":\"All Inclusive Hotels\"},\"image\":{\"@id\":\"https:\/\/www.allinclusivehotels.it\/fr#\/schema\/logo\/image\/\"}}]}<\/script>\n<!-- \/ Yoast SEO plugin. -->","yoast_head_json":{"title":"Offres All Inclusive de l'H\u00f4tel Club Family Costa dei Pini \u00e0 Cervia","description":"Vacances tout compris en Italie? D\u00e9couvrez les forfaits All Inclusive de l'H\u00f4tel Club Family Costa dei Pini \u00e0 Cervia","robots":{"index":"index","follow":"follow","max-snippet":"max-snippet:-1","max-image-preview":"max-image-preview:large","max-video-preview":"max-video-preview:-1"},"canonical":"https:\/\/www.allinclusivehotels.it\/fr\/hotels\/club-family-hotel-costa-dei-pini","og_locale":"fr_FR","og_type":"article","og_title":"Offres All Inclusive de l'H\u00f4tel Club Family Costa dei Pini \u00e0 Cervia","og_description":"Vacances tout compris en Italie? D\u00e9couvrez les forfaits All Inclusive de l'H\u00f4tel Club Family Costa dei Pini \u00e0 Cervia","og_url":"https:\/\/www.allinclusivehotels.it\/fr\/hotels\/club-family-hotel-costa-dei-pini","og_site_name":"All Inclusive Hotels","article_modified_time":"2025-05-15T14:59:05+00:00","twitter_card":"summary_large_image","twitter_misc":{"Dur\u00e9e de lecture estim\u00e9e":"2 minutes"},"schema":{"@context":"https:\/\/schema.org","@graph":[{"@type":"WebPage","@id":"https:\/\/www.allinclusivehotels.it\/fr\/hotels\/club-family-hotel-costa-dei-pini","url":"https:\/\/www.allinclusivehotels.it\/fr\/hotels\/club-family-hotel-costa-dei-pini","name":"Offres All Inclusive de l'H\u00f4tel Club Family Costa dei Pini \u00e0 Cervia","isPartOf":{"@id":"https:\/\/www.allinclusivehotels.it\/fr#website"},"datePublished":"2022-02-16T13:38:49+00:00","dateModified":"2025-05-15T14:59:05+00:00","description":"Vacances tout compris en Italie? D\u00e9couvrez les forfaits All Inclusive de l'H\u00f4tel Club Family Costa dei Pini \u00e0 Cervia","breadcrumb":{"@id":"https:\/\/www.allinclusivehotels.it\/fr\/hotels\/club-family-hotel-costa-dei-pini#breadcrumb"},"inLanguage":"fr-FR","potentialAction":[{"@type":"ReadAction","target":["https:\/\/www.allinclusivehotels.it\/fr\/hotels\/club-family-hotel-costa-dei-pini"]}]},{"@type":"BreadcrumbList","@id":"https:\/\/www.allinclusivehotels.it\/fr\/hotels\/club-family-hotel-costa-dei-pini#breadcrumb","itemListElement":[{"@type":"ListItem","position":1,"name":"Home","item":"https:\/\/www.allinclusivehotels.it\/fr"},{"@type":"ListItem","position":2,"name":"H\u00f4tels","item":"https:\/\/www.allinclusivehotels.it\/fr\/hotels"},{"@type":"ListItem","position":3,"name":"Club Family Hotel Costa dei Pini"}]},{"@type":"WebSite","@id":"https:\/\/www.allinclusivehotels.it\/fr#website","url":"https:\/\/www.allinclusivehotels.it\/fr","name":"All Inclusive Hotels","description":"","publisher":{"@id":"https:\/\/www.allinclusivehotels.it\/fr#organization"},"potentialAction":[{"@type":"SearchAction","target":{"@type":"EntryPoint","urlTemplate":"https:\/\/www.allinclusivehotels.it\/fr?s={search_term_string}"},"query-input":{"@type":"PropertyValueSpecification","valueRequired":true,"valueName":"search_term_string"}}],"inLanguage":"fr-FR"},{"@type":"Organization","@id":"https:\/\/www.allinclusivehotels.it\/fr#organization","name":"All Inclusive Hotels","url":"https:\/\/www.allinclusivehotels.it\/fr","logo":{"@type":"ImageObject","inLanguage":"fr-FR","@id":"https:\/\/www.allinclusivehotels.it\/fr#\/schema\/logo\/image\/","url":"","contentUrl":"","caption":"All Inclusive Hotels"},"image":{"@id":"https:\/\/www.allinclusivehotels.it\/fr#\/schema\/logo\/image\/"}}]}},"_links":{"self":[{"href":"https:\/\/www.allinclusivehotels.it\/fr\/wp-json\/wp\/v2\/pages\/8617","targetHints":{"allow":["GET"]}}],"collection":[{"href":"https:\/\/www.allinclusivehotels.it\/fr\/wp-json\/wp\/v2\/pages"}],"about":[{"href":"https:\/\/www.allinclusivehotels.it\/fr\/wp-json\/wp\/v2\/types\/page"}],"author":[{"embeddable":true,"href":"https:\/\/www.allinclusivehotels.it\/fr\/wp-json\/wp\/v2\/users\/1"}],"replies":[{"embeddable":true,"href":"https:\/\/www.allinclusivehotels.it\/fr\/wp-json\/wp\/v2\/comments?post=8617"}],"version-history":[{"count":12,"href":"https:\/\/www.allinclusivehotels.it\/fr\/wp-json\/wp\/v2\/pages\/8617\/revisions"}],"predecessor-version":[{"id":45657,"href":"https:\/\/www.allinclusivehotels.it\/fr\/wp-json\/wp\/v2\/pages\/8617\/revisions\/45657"}],"up":[{"embeddable":true,"href":"https:\/\/www.allinclusivehotels.it\/fr\/wp-json\/wp\/v2\/pages\/8241"}],"wp:attachment":[{"href":"https:\/\/www.allinclusivehotels.it\/fr\/wp-json\/wp\/v2\/media?parent=8617"}],"curies":[{"name":"wp","href":"https:\/\/api.w.org\/{rel}","templated":true}]}}