{"id":8478,"date":"2022-02-16T14:38:41","date_gmt":"2022-02-16T13:38:41","guid":{"rendered":"https:\/\/www.allinclusivehotels.it\/hotels-2\/emhotel-europa-monetti"},"modified":"2023-02-14T11:42:43","modified_gmt":"2023-02-14T10:42:43","slug":"emhotel-europa-monetti","status":"publish","type":"page","link":"https:\/\/www.allinclusivehotels.it\/fr\/hotels\/emhotel-europa-monetti","title":{"rendered":"EM|hotel Europa Monetti"},"content":{"rendered":"\n<p>Situ\u00e9 dans la zone pi\u00e9tonne du centre ville de Cattolica,<b> l&#8217;h\u00f4tel Europa Monetti<\/b> est \u00e0 deux pas des bars et des boutiques. La <b>plage priv\u00e9e Zona44 <\/b>se situe \u00e0 seulement 140 m de l&#8217;\u00e9tablissement. Un parasol et deux transats vous y seront toujours r\u00e9serv\u00e9s. \u00c0 la plage comme \u00e0 l\u2019h\u00f4tel, des animations sont organis\u00e9es 7 jours sur 7 pour les enfants. Si vous pr\u00e9f\u00e9rez vous d\u00e9tendre sans quitter le confort de l&#8217;h\u00f4tel, vous appr\u00e9cierez notre <b>piscine <\/b>et notre <b>centre bien-\u00eatre<\/b>.<\/p>\n\n\n\n<!--more-->\n\n\n\n<p>\u00c0 l\u2019<b>EM|hotel Europa Monetti<\/b> vous pourrez profiter d\u2019un s\u00e9jour <b>All Inclusive, avec des services uniques<\/b> comme un acc\u00e8s \u00e0 un spa priv\u00e9, des cours de plong\u00e9e, des excursions en bateau avec ap\u00e9ritif, des d\u00eeners gourmets au bord de la piscine et des d\u00e9gustations de vins et autres produits typiques. Le mini-bar de votre chambre sera r\u00e9approvisionn\u00e9 tous les jours, le m\u00e9nage est fait tous les apr\u00e8s-midis et vous disposerez d&#8217;une place de parking pour votre voiture.<\/p>\n\n\n\n<p>Au restaurant <b>Biancosale<\/b> vous pourrez d\u00e9guster une cuisine l\u00e9g\u00e8re, pr\u00e9par\u00e9e \u00e0 partir d&#8217;<b>ingr\u00e9dients authentique<\/b> ; vous d\u00e9couvrirez des plats traditionnels revisit\u00e9s. Le midi, un copieux&nbsp;<b>buffet avec show cooking vous attend. Le soir <\/b>vous pourrez choisir votre <b>menu \u00e0 la carte<\/b>. Le chef proposera des alternatives aux clients <strong>intol\u00e9rants au<\/strong><b> gluten, aux v\u00e9ganes<\/b> et <strong>aux <\/strong><b>v\u00e9g\u00e9tariens.<\/b><\/p>\n","protected":false},"excerpt":{"rendered":"<p>Situ\u00e9 dans la zone pi\u00e9tonne du centre ville de Cattolica, l&#8217;h\u00f4tel Europa Monetti est \u00e0 &hellip;<\/p>\n","protected":false},"author":1,"featured_media":0,"parent":8241,"menu_order":0,"comment_status":"closed","ping_status":"closed","template":"page-templates\/scheda_hotel.php","meta":{"_acf_changed":false,"footnotes":""},"class_list":["post-8478","page","type-page","status-publish","hentry"],"acf":[],"yoast_head":"<!-- This site is optimized with the Yoast SEO plugin v27.0 - https:\/\/yoast.com\/product\/yoast-seo-wordpress\/ -->\n<title>Offres All Inclusive de l&#039;H\u00f4tel EM Europa Monetti \u00e0 Cattolica<\/title>\n<meta name=\"description\" content=\"Vacances tout compris en Italie? D\u00e9couvrez les forfaits All Inclusive de l&#039;H\u00f4tel EM Europa Monetti \u00e0 Cattolica\" \/>\n<meta name=\"robots\" content=\"index, follow, max-snippet:-1, max-image-preview:large, max-video-preview:-1\" \/>\n<link rel=\"canonical\" href=\"https:\/\/www.allinclusivehotels.it\/fr\/hotels\/emhotel-europa-monetti\" \/>\n<meta property=\"og:locale\" content=\"fr_FR\" \/>\n<meta property=\"og:type\" content=\"article\" \/>\n<meta property=\"og:title\" content=\"Offres All Inclusive de l&#039;H\u00f4tel EM Europa Monetti \u00e0 Cattolica\" \/>\n<meta property=\"og:description\" content=\"Vacances tout compris en Italie? D\u00e9couvrez les forfaits All Inclusive de l&#039;H\u00f4tel EM Europa Monetti \u00e0 Cattolica\" \/>\n<meta property=\"og:url\" content=\"https:\/\/www.allinclusivehotels.it\/fr\/hotels\/emhotel-europa-monetti\" \/>\n<meta property=\"og:site_name\" content=\"All Inclusive Hotels\" \/>\n<meta property=\"article:modified_time\" content=\"2023-02-14T10:42:43+00:00\" \/>\n<meta name=\"twitter:card\" content=\"summary_large_image\" \/>\n<meta name=\"twitter:label1\" content=\"Dur\u00e9e de lecture estim\u00e9e\" \/>\n\t<meta name=\"twitter:data1\" content=\"2 minutes\" \/>\n<script type=\"application\/ld+json\" class=\"yoast-schema-graph\">{\"@context\":\"https:\/\/schema.org\",\"@graph\":[{\"@type\":\"WebPage\",\"@id\":\"https:\/\/www.allinclusivehotels.it\/fr\/hotels\/emhotel-europa-monetti\",\"url\":\"https:\/\/www.allinclusivehotels.it\/fr\/hotels\/emhotel-europa-monetti\",\"name\":\"Offres All Inclusive de l'H\u00f4tel EM Europa Monetti \u00e0 Cattolica\",\"isPartOf\":{\"@id\":\"https:\/\/www.allinclusivehotels.it\/fr#website\"},\"datePublished\":\"2022-02-16T13:38:41+00:00\",\"dateModified\":\"2023-02-14T10:42:43+00:00\",\"description\":\"Vacances tout compris en Italie? D\u00e9couvrez les forfaits All Inclusive de l'H\u00f4tel EM Europa Monetti \u00e0 Cattolica\",\"breadcrumb\":{\"@id\":\"https:\/\/www.allinclusivehotels.it\/fr\/hotels\/emhotel-europa-monetti#breadcrumb\"},\"inLanguage\":\"fr-FR\",\"potentialAction\":[{\"@type\":\"ReadAction\",\"target\":[\"https:\/\/www.allinclusivehotels.it\/fr\/hotels\/emhotel-europa-monetti\"]}]},{\"@type\":\"BreadcrumbList\",\"@id\":\"https:\/\/www.allinclusivehotels.it\/fr\/hotels\/emhotel-europa-monetti#breadcrumb\",\"itemListElement\":[{\"@type\":\"ListItem\",\"position\":1,\"name\":\"Home\",\"item\":\"https:\/\/www.allinclusivehotels.it\/fr\"},{\"@type\":\"ListItem\",\"position\":2,\"name\":\"H\u00f4tels\",\"item\":\"https:\/\/www.allinclusivehotels.it\/fr\/hotels\"},{\"@type\":\"ListItem\",\"position\":3,\"name\":\"EM|hotel Europa Monetti\"}]},{\"@type\":\"WebSite\",\"@id\":\"https:\/\/www.allinclusivehotels.it\/fr#website\",\"url\":\"https:\/\/www.allinclusivehotels.it\/fr\",\"name\":\"All Inclusive Hotels\",\"description\":\"\",\"publisher\":{\"@id\":\"https:\/\/www.allinclusivehotels.it\/fr#organization\"},\"potentialAction\":[{\"@type\":\"SearchAction\",\"target\":{\"@type\":\"EntryPoint\",\"urlTemplate\":\"https:\/\/www.allinclusivehotels.it\/fr?s={search_term_string}\"},\"query-input\":{\"@type\":\"PropertyValueSpecification\",\"valueRequired\":true,\"valueName\":\"search_term_string\"}}],\"inLanguage\":\"fr-FR\"},{\"@type\":\"Organization\",\"@id\":\"https:\/\/www.allinclusivehotels.it\/fr#organization\",\"name\":\"All Inclusive Hotels\",\"url\":\"https:\/\/www.allinclusivehotels.it\/fr\",\"logo\":{\"@type\":\"ImageObject\",\"inLanguage\":\"fr-FR\",\"@id\":\"https:\/\/www.allinclusivehotels.it\/fr#\/schema\/logo\/image\/\",\"url\":\"\",\"contentUrl\":\"\",\"caption\":\"All Inclusive Hotels\"},\"image\":{\"@id\":\"https:\/\/www.allinclusivehotels.it\/fr#\/schema\/logo\/image\/\"}}]}<\/script>\n<!-- \/ Yoast SEO plugin. -->","yoast_head_json":{"title":"Offres All Inclusive de l'H\u00f4tel EM Europa Monetti \u00e0 Cattolica","description":"Vacances tout compris en Italie? D\u00e9couvrez les forfaits All Inclusive de l'H\u00f4tel EM Europa Monetti \u00e0 Cattolica","robots":{"index":"index","follow":"follow","max-snippet":"max-snippet:-1","max-image-preview":"max-image-preview:large","max-video-preview":"max-video-preview:-1"},"canonical":"https:\/\/www.allinclusivehotels.it\/fr\/hotels\/emhotel-europa-monetti","og_locale":"fr_FR","og_type":"article","og_title":"Offres All Inclusive de l'H\u00f4tel EM Europa Monetti \u00e0 Cattolica","og_description":"Vacances tout compris en Italie? D\u00e9couvrez les forfaits All Inclusive de l'H\u00f4tel EM Europa Monetti \u00e0 Cattolica","og_url":"https:\/\/www.allinclusivehotels.it\/fr\/hotels\/emhotel-europa-monetti","og_site_name":"All Inclusive Hotels","article_modified_time":"2023-02-14T10:42:43+00:00","twitter_card":"summary_large_image","twitter_misc":{"Dur\u00e9e de lecture estim\u00e9e":"2 minutes"},"schema":{"@context":"https:\/\/schema.org","@graph":[{"@type":"WebPage","@id":"https:\/\/www.allinclusivehotels.it\/fr\/hotels\/emhotel-europa-monetti","url":"https:\/\/www.allinclusivehotels.it\/fr\/hotels\/emhotel-europa-monetti","name":"Offres All Inclusive de l'H\u00f4tel EM Europa Monetti \u00e0 Cattolica","isPartOf":{"@id":"https:\/\/www.allinclusivehotels.it\/fr#website"},"datePublished":"2022-02-16T13:38:41+00:00","dateModified":"2023-02-14T10:42:43+00:00","description":"Vacances tout compris en Italie? D\u00e9couvrez les forfaits All Inclusive de l'H\u00f4tel EM Europa Monetti \u00e0 Cattolica","breadcrumb":{"@id":"https:\/\/www.allinclusivehotels.it\/fr\/hotels\/emhotel-europa-monetti#breadcrumb"},"inLanguage":"fr-FR","potentialAction":[{"@type":"ReadAction","target":["https:\/\/www.allinclusivehotels.it\/fr\/hotels\/emhotel-europa-monetti"]}]},{"@type":"BreadcrumbList","@id":"https:\/\/www.allinclusivehotels.it\/fr\/hotels\/emhotel-europa-monetti#breadcrumb","itemListElement":[{"@type":"ListItem","position":1,"name":"Home","item":"https:\/\/www.allinclusivehotels.it\/fr"},{"@type":"ListItem","position":2,"name":"H\u00f4tels","item":"https:\/\/www.allinclusivehotels.it\/fr\/hotels"},{"@type":"ListItem","position":3,"name":"EM|hotel Europa Monetti"}]},{"@type":"WebSite","@id":"https:\/\/www.allinclusivehotels.it\/fr#website","url":"https:\/\/www.allinclusivehotels.it\/fr","name":"All Inclusive Hotels","description":"","publisher":{"@id":"https:\/\/www.allinclusivehotels.it\/fr#organization"},"potentialAction":[{"@type":"SearchAction","target":{"@type":"EntryPoint","urlTemplate":"https:\/\/www.allinclusivehotels.it\/fr?s={search_term_string}"},"query-input":{"@type":"PropertyValueSpecification","valueRequired":true,"valueName":"search_term_string"}}],"inLanguage":"fr-FR"},{"@type":"Organization","@id":"https:\/\/www.allinclusivehotels.it\/fr#organization","name":"All Inclusive Hotels","url":"https:\/\/www.allinclusivehotels.it\/fr","logo":{"@type":"ImageObject","inLanguage":"fr-FR","@id":"https:\/\/www.allinclusivehotels.it\/fr#\/schema\/logo\/image\/","url":"","contentUrl":"","caption":"All Inclusive Hotels"},"image":{"@id":"https:\/\/www.allinclusivehotels.it\/fr#\/schema\/logo\/image\/"}}]}},"_links":{"self":[{"href":"https:\/\/www.allinclusivehotels.it\/fr\/wp-json\/wp\/v2\/pages\/8478","targetHints":{"allow":["GET"]}}],"collection":[{"href":"https:\/\/www.allinclusivehotels.it\/fr\/wp-json\/wp\/v2\/pages"}],"about":[{"href":"https:\/\/www.allinclusivehotels.it\/fr\/wp-json\/wp\/v2\/types\/page"}],"author":[{"embeddable":true,"href":"https:\/\/www.allinclusivehotels.it\/fr\/wp-json\/wp\/v2\/users\/1"}],"replies":[{"embeddable":true,"href":"https:\/\/www.allinclusivehotels.it\/fr\/wp-json\/wp\/v2\/comments?post=8478"}],"version-history":[{"count":11,"href":"https:\/\/www.allinclusivehotels.it\/fr\/wp-json\/wp\/v2\/pages\/8478\/revisions"}],"predecessor-version":[{"id":25450,"href":"https:\/\/www.allinclusivehotels.it\/fr\/wp-json\/wp\/v2\/pages\/8478\/revisions\/25450"}],"up":[{"embeddable":true,"href":"https:\/\/www.allinclusivehotels.it\/fr\/wp-json\/wp\/v2\/pages\/8241"}],"wp:attachment":[{"href":"https:\/\/www.allinclusivehotels.it\/fr\/wp-json\/wp\/v2\/media?parent=8478"}],"curies":[{"name":"wp","href":"https:\/\/api.w.org\/{rel}","templated":true}]}}