{"id":8428,"date":"2022-02-16T14:38:37","date_gmt":"2022-02-16T13:38:37","guid":{"rendered":"https:\/\/www.allinclusivehotels.it\/hotels-2\/hotel-esplanade"},"modified":"2022-07-14T11:09:52","modified_gmt":"2022-07-14T09:09:52","slug":"hotel-esplanade","status":"publish","type":"page","link":"https:\/\/www.allinclusivehotels.it\/fr\/hotels\/hotel-esplanade","title":{"rendered":"Hotel Esplanade"},"content":{"rendered":"\n<p>L&#8217;<b>Hotel Esplanade<\/b> est situ\u00e9 <strong>au bord de la mer \u00e0<b> <\/b><\/strong><b>Cesenatico<\/b>, \u00e0 deux pas du c\u00e9l\u00e8bre Port-Canal de L\u00e9onard de Vinci et de la <b>plage<\/b> <b>priv\u00e9e<\/b> avec animations pour enfants sur laquelle <b>un parasol, deux transats et des serviettes de plage<\/b> vous attendent. Vous souhaitez profiter de vos vacances pour vous d\u00e9tendre ? Ne manquez pas notre <b>rooftop au septi\u00e8me \u00e9tage<\/b>, vous pourrez y profiter d&#8217;une vue unique en sirotant un verre dans le jacuzzi. Il s&#8217;agit aussi de l&#8217;endroit parfait pour admirer le <b>coucher du soleil en d\u00e9gustant de d\u00e9licieux beignets <\/b>et <b>participer aux soir\u00e9es romagnoles (d\u00e9gustations de vins et de sp\u00e9cialit\u00e9s du terroir).<\/b><\/p>\n\n\n\n<!--more-->\n\n\n\n<p>L<b>&#8216;Hotel Esplanade<\/b> propose d\u2019excellents <b>plats<\/b> <b>traditionnels revisit\u00e9s. Le chef est tr\u00e8s<\/b> <strong>attentif au choix des ingr\u00e9dients<\/strong>  qui sont tous frais et locaux (km 0) . Il vous concoctera des plats typiques de la r\u00e9gion en vous raconte leur histoire et ira jusqu&#8217;\u00e0 partager ses secrets avec vous. Vous disposerez d&#8217;un large choix \u00e0 chaque repas : <b>quatre plats de p\u00e2tes ou de riz, trois plats de viande ou de poisson<\/b> et un buffet de l\u00e9gumes, sans oublier nos <strong>p\u00e2tisseries maison<\/strong>. Les  boissons sont incluses\u00a0: eau, pepsi, fanta et vin (Sangiovese, Trebbiano, Pignoletto p\u00e9tillant). Vous pr\u00e9f\u00e9rez <b>d\u00e9jeuner \u00e0 la plage<\/b> \u00e0 l&#8217;ombre de votre parasol ? Que vous ayez envie de sandwichs, de viande ou de poisson, nous vous pr\u00e9parons un repas \u00e0 emporter dans un sac r\u00e9frig\u00e9r\u00e9 (demander \u00e0 consulter la <strong>vingtaine de plats con\u00e7us pour vos pique-niques \u00e0 la plage<\/strong>). Vous \u00eates sujets \u00e0 des allergies ou intol\u00e9rant au gluten ? Nous prenons cela en consid\u00e9ration et vous proposons des menus adapt\u00e9s \u00e0 vos besoins. Si vous <b>voyagez<\/b> <b>avec vos enfants<\/b>, vous appr\u00e9cierez notre service de <b>garderie pendant les repas<\/b>. Vos enfants seront entre de bonnes mains tout au long de votre s\u00e9jour, ils pourront profiter des aires de jeux et des activit\u00e9s telles que le baby dance. Nous leur pr\u00e9parons un go\u00fbter et concevons des menus adapt\u00e9s \u00e0 leurs besoins. Si vous souhaitez pr\u00e9parer vous- m\u00eame leurs repas, le personnel vous indiquera le coin cuisine \u00e0 votre disposition.<\/p>\n","protected":false},"excerpt":{"rendered":"<p>L&#8217;Hotel Esplanade est situ\u00e9 au bord de la mer \u00e0 Cesenatico, \u00e0 deux pas du &hellip;<\/p>\n","protected":false},"author":1,"featured_media":0,"parent":8241,"menu_order":0,"comment_status":"closed","ping_status":"closed","template":"page-templates\/scheda_hotel.php","meta":{"_acf_changed":false,"footnotes":""},"class_list":["post-8428","page","type-page","status-publish","hentry"],"acf":[],"yoast_head":"<!-- This site is optimized with the Yoast SEO plugin v27.0 - https:\/\/yoast.com\/product\/yoast-seo-wordpress\/ -->\n<title>Offres All Inclusive de l&#039;H\u00f4tel Esplanade \u00e0 Cesenatico<\/title>\n<meta name=\"description\" content=\"Vacances tout compris en Italie? D\u00e9couvrez les forfaits All Inclusive de l&#039;H\u00f4tel Esplanade \u00e0 Cesenatico sur la c\u00f4te Adriatique !\" \/>\n<meta name=\"robots\" content=\"index, follow, max-snippet:-1, max-image-preview:large, max-video-preview:-1\" \/>\n<link rel=\"canonical\" href=\"https:\/\/www.allinclusivehotels.it\/fr\/hotels\/hotel-esplanade\" \/>\n<meta property=\"og:locale\" content=\"fr_FR\" \/>\n<meta property=\"og:type\" content=\"article\" \/>\n<meta property=\"og:title\" content=\"Offres All Inclusive de l&#039;H\u00f4tel Esplanade \u00e0 Cesenatico\" \/>\n<meta property=\"og:description\" content=\"Vacances tout compris en Italie? D\u00e9couvrez les forfaits All Inclusive de l&#039;H\u00f4tel Esplanade \u00e0 Cesenatico sur la c\u00f4te Adriatique !\" \/>\n<meta property=\"og:url\" content=\"https:\/\/www.allinclusivehotels.it\/fr\/hotels\/hotel-esplanade\" \/>\n<meta property=\"og:site_name\" content=\"All Inclusive Hotels\" \/>\n<meta property=\"article:modified_time\" content=\"2022-07-14T09:09:52+00:00\" \/>\n<meta name=\"twitter:card\" content=\"summary_large_image\" \/>\n<meta name=\"twitter:label1\" content=\"Dur\u00e9e de lecture estim\u00e9e\" \/>\n\t<meta name=\"twitter:data1\" content=\"2 minutes\" \/>\n<script type=\"application\/ld+json\" class=\"yoast-schema-graph\">{\"@context\":\"https:\/\/schema.org\",\"@graph\":[{\"@type\":\"WebPage\",\"@id\":\"https:\/\/www.allinclusivehotels.it\/fr\/hotels\/hotel-esplanade\",\"url\":\"https:\/\/www.allinclusivehotels.it\/fr\/hotels\/hotel-esplanade\",\"name\":\"Offres All Inclusive de l'H\u00f4tel Esplanade \u00e0 Cesenatico\",\"isPartOf\":{\"@id\":\"https:\/\/www.allinclusivehotels.it\/fr#website\"},\"datePublished\":\"2022-02-16T13:38:37+00:00\",\"dateModified\":\"2022-07-14T09:09:52+00:00\",\"description\":\"Vacances tout compris en Italie? D\u00e9couvrez les forfaits All Inclusive de l'H\u00f4tel Esplanade \u00e0 Cesenatico sur la c\u00f4te Adriatique !\",\"breadcrumb\":{\"@id\":\"https:\/\/www.allinclusivehotels.it\/fr\/hotels\/hotel-esplanade#breadcrumb\"},\"inLanguage\":\"fr-FR\",\"potentialAction\":[{\"@type\":\"ReadAction\",\"target\":[\"https:\/\/www.allinclusivehotels.it\/fr\/hotels\/hotel-esplanade\"]}]},{\"@type\":\"BreadcrumbList\",\"@id\":\"https:\/\/www.allinclusivehotels.it\/fr\/hotels\/hotel-esplanade#breadcrumb\",\"itemListElement\":[{\"@type\":\"ListItem\",\"position\":1,\"name\":\"Home\",\"item\":\"https:\/\/www.allinclusivehotels.it\/fr\"},{\"@type\":\"ListItem\",\"position\":2,\"name\":\"H\u00f4tels\",\"item\":\"https:\/\/www.allinclusivehotels.it\/fr\/hotels\"},{\"@type\":\"ListItem\",\"position\":3,\"name\":\"Hotel Esplanade\"}]},{\"@type\":\"WebSite\",\"@id\":\"https:\/\/www.allinclusivehotels.it\/fr#website\",\"url\":\"https:\/\/www.allinclusivehotels.it\/fr\",\"name\":\"All Inclusive Hotels\",\"description\":\"\",\"publisher\":{\"@id\":\"https:\/\/www.allinclusivehotels.it\/fr#organization\"},\"potentialAction\":[{\"@type\":\"SearchAction\",\"target\":{\"@type\":\"EntryPoint\",\"urlTemplate\":\"https:\/\/www.allinclusivehotels.it\/fr?s={search_term_string}\"},\"query-input\":{\"@type\":\"PropertyValueSpecification\",\"valueRequired\":true,\"valueName\":\"search_term_string\"}}],\"inLanguage\":\"fr-FR\"},{\"@type\":\"Organization\",\"@id\":\"https:\/\/www.allinclusivehotels.it\/fr#organization\",\"name\":\"All Inclusive Hotels\",\"url\":\"https:\/\/www.allinclusivehotels.it\/fr\",\"logo\":{\"@type\":\"ImageObject\",\"inLanguage\":\"fr-FR\",\"@id\":\"https:\/\/www.allinclusivehotels.it\/fr#\/schema\/logo\/image\/\",\"url\":\"\",\"contentUrl\":\"\",\"caption\":\"All Inclusive Hotels\"},\"image\":{\"@id\":\"https:\/\/www.allinclusivehotels.it\/fr#\/schema\/logo\/image\/\"}}]}<\/script>\n<!-- \/ Yoast SEO plugin. -->","yoast_head_json":{"title":"Offres All Inclusive de l'H\u00f4tel Esplanade \u00e0 Cesenatico","description":"Vacances tout compris en Italie? D\u00e9couvrez les forfaits All Inclusive de l'H\u00f4tel Esplanade \u00e0 Cesenatico sur la c\u00f4te Adriatique !","robots":{"index":"index","follow":"follow","max-snippet":"max-snippet:-1","max-image-preview":"max-image-preview:large","max-video-preview":"max-video-preview:-1"},"canonical":"https:\/\/www.allinclusivehotels.it\/fr\/hotels\/hotel-esplanade","og_locale":"fr_FR","og_type":"article","og_title":"Offres All Inclusive de l'H\u00f4tel Esplanade \u00e0 Cesenatico","og_description":"Vacances tout compris en Italie? D\u00e9couvrez les forfaits All Inclusive de l'H\u00f4tel Esplanade \u00e0 Cesenatico sur la c\u00f4te Adriatique !","og_url":"https:\/\/www.allinclusivehotels.it\/fr\/hotels\/hotel-esplanade","og_site_name":"All Inclusive Hotels","article_modified_time":"2022-07-14T09:09:52+00:00","twitter_card":"summary_large_image","twitter_misc":{"Dur\u00e9e de lecture estim\u00e9e":"2 minutes"},"schema":{"@context":"https:\/\/schema.org","@graph":[{"@type":"WebPage","@id":"https:\/\/www.allinclusivehotels.it\/fr\/hotels\/hotel-esplanade","url":"https:\/\/www.allinclusivehotels.it\/fr\/hotels\/hotel-esplanade","name":"Offres All Inclusive de l'H\u00f4tel Esplanade \u00e0 Cesenatico","isPartOf":{"@id":"https:\/\/www.allinclusivehotels.it\/fr#website"},"datePublished":"2022-02-16T13:38:37+00:00","dateModified":"2022-07-14T09:09:52+00:00","description":"Vacances tout compris en Italie? D\u00e9couvrez les forfaits All Inclusive de l'H\u00f4tel Esplanade \u00e0 Cesenatico sur la c\u00f4te Adriatique !","breadcrumb":{"@id":"https:\/\/www.allinclusivehotels.it\/fr\/hotels\/hotel-esplanade#breadcrumb"},"inLanguage":"fr-FR","potentialAction":[{"@type":"ReadAction","target":["https:\/\/www.allinclusivehotels.it\/fr\/hotels\/hotel-esplanade"]}]},{"@type":"BreadcrumbList","@id":"https:\/\/www.allinclusivehotels.it\/fr\/hotels\/hotel-esplanade#breadcrumb","itemListElement":[{"@type":"ListItem","position":1,"name":"Home","item":"https:\/\/www.allinclusivehotels.it\/fr"},{"@type":"ListItem","position":2,"name":"H\u00f4tels","item":"https:\/\/www.allinclusivehotels.it\/fr\/hotels"},{"@type":"ListItem","position":3,"name":"Hotel Esplanade"}]},{"@type":"WebSite","@id":"https:\/\/www.allinclusivehotels.it\/fr#website","url":"https:\/\/www.allinclusivehotels.it\/fr","name":"All Inclusive Hotels","description":"","publisher":{"@id":"https:\/\/www.allinclusivehotels.it\/fr#organization"},"potentialAction":[{"@type":"SearchAction","target":{"@type":"EntryPoint","urlTemplate":"https:\/\/www.allinclusivehotels.it\/fr?s={search_term_string}"},"query-input":{"@type":"PropertyValueSpecification","valueRequired":true,"valueName":"search_term_string"}}],"inLanguage":"fr-FR"},{"@type":"Organization","@id":"https:\/\/www.allinclusivehotels.it\/fr#organization","name":"All Inclusive Hotels","url":"https:\/\/www.allinclusivehotels.it\/fr","logo":{"@type":"ImageObject","inLanguage":"fr-FR","@id":"https:\/\/www.allinclusivehotels.it\/fr#\/schema\/logo\/image\/","url":"","contentUrl":"","caption":"All Inclusive Hotels"},"image":{"@id":"https:\/\/www.allinclusivehotels.it\/fr#\/schema\/logo\/image\/"}}]}},"_links":{"self":[{"href":"https:\/\/www.allinclusivehotels.it\/fr\/wp-json\/wp\/v2\/pages\/8428","targetHints":{"allow":["GET"]}}],"collection":[{"href":"https:\/\/www.allinclusivehotels.it\/fr\/wp-json\/wp\/v2\/pages"}],"about":[{"href":"https:\/\/www.allinclusivehotels.it\/fr\/wp-json\/wp\/v2\/types\/page"}],"author":[{"embeddable":true,"href":"https:\/\/www.allinclusivehotels.it\/fr\/wp-json\/wp\/v2\/users\/1"}],"replies":[{"embeddable":true,"href":"https:\/\/www.allinclusivehotels.it\/fr\/wp-json\/wp\/v2\/comments?post=8428"}],"version-history":[{"count":7,"href":"https:\/\/www.allinclusivehotels.it\/fr\/wp-json\/wp\/v2\/pages\/8428\/revisions"}],"predecessor-version":[{"id":21991,"href":"https:\/\/www.allinclusivehotels.it\/fr\/wp-json\/wp\/v2\/pages\/8428\/revisions\/21991"}],"up":[{"embeddable":true,"href":"https:\/\/www.allinclusivehotels.it\/fr\/wp-json\/wp\/v2\/pages\/8241"}],"wp:attachment":[{"href":"https:\/\/www.allinclusivehotels.it\/fr\/wp-json\/wp\/v2\/media?parent=8428"}],"curies":[{"name":"wp","href":"https:\/\/api.w.org\/{rel}","templated":true}]}}