{"id":8412,"date":"2022-02-16T14:38:36","date_gmt":"2022-02-16T13:38:36","guid":{"rendered":"https:\/\/www.allinclusivehotels.it\/hotels-2\/hotel-san-salvador"},"modified":"2025-02-13T14:15:51","modified_gmt":"2025-02-13T13:15:51","slug":"hotel-san-salvador","status":"publish","type":"page","link":"https:\/\/www.allinclusivehotels.it\/fr\/hotels\/hotel-san-salvador","title":{"rendered":"Hotel San Salvador"},"content":{"rendered":"\n<p>L&#8217;<b>Hotel San Salvador<\/b> est un \u00e9tablissement <strong>\u00e9co-responsable<\/strong> \u00e0 deux pas de la plage d\u2019Igea Marina. <\/p>\n\n\n\n<p>Des mat\u00e9riaux utilis\u00e9s en passant par la consommation de ressources au quotidien et \u00e0 la faible consommation de plastique (l&#8217;h\u00f4tel met \u00e0 disposition des gourdes et des carafes \u00e0 remplir aux distributeurs) chaque d\u00e9tail a \u00e9t\u00e9 optimis\u00e9 pour prot\u00e9ger la plan\u00e8te. Pr\u00e9parez-vous \u00e0 go\u00fbter une <b>excellente cuisine, saine et authentique<\/b> cuisin\u00e9e \u00e0 partir des produits Bio du \u00ab potager de papi \u00bb. Vous pourrez aussi d\u00e9guster les meilleurs vins bios des Colli di Rimini\u00a0!<\/p>\n\n\n\n<!--more-->\n\n\n\n<p>Commencez la journ\u00e9e de mani\u00e8re gourmande avec nos g\u00e2teaux faits maison ou nos petits-d\u00e9jeuners sal\u00e9s. Celles et ceux qui font attention \u00e0 leur ligne appr\u00e9cieront nos yaourts et nos fruits bios. Au d\u00e9jeuner comme au d\u00eener, vous aurez l&#8217;embarras du choix : notre <strong>buffet<\/strong> est compos\u00e9 de plats de p\u00e2tes, de riz, de viande, de poisson, mais aussi de pizzas, de piadines, et de l\u00e9gumes de la r\u00e9gion (km 0), sans oublier les accompagnements, les plats v\u00e9ganes, les fruits de saison et la large s\u00e9lection de desserts. Les jeunes parents pourront utiliser le <b>coin cuisine <\/b><strong>\u00e0 toute heure<\/strong> pour pr\u00e9parer les repas de leurs b\u00e9b\u00e9s. De nombreuses animations et gourmandises raviront aussi les enfants (spectacles du soir, Nutella Party, barbes \u00e0 papa).<\/p>\n","protected":false},"excerpt":{"rendered":"<p>L&#8217;Hotel San Salvador est un \u00e9tablissement \u00e9co-responsable \u00e0 deux pas de la plage d\u2019Igea Marina. &hellip;<\/p>\n","protected":false},"author":1,"featured_media":0,"parent":8241,"menu_order":0,"comment_status":"closed","ping_status":"closed","template":"page-templates\/scheda_hotel.php","meta":{"_acf_changed":false,"footnotes":""},"class_list":["post-8412","page","type-page","status-publish","hentry"],"acf":[],"yoast_head":"<!-- This site is optimized with the Yoast SEO plugin v27.0 - https:\/\/yoast.com\/product\/yoast-seo-wordpress\/ -->\n<title>Offres All Inclusive de l&#039;H\u00f4tel San Salvador \u00e0 Bellaria Igea Marina<\/title>\n<meta name=\"description\" content=\"Vacances tout compris en Italie? D\u00e9couvrez les forfaits All Inclusive de l&#039;H\u00f4tel San Salvador \u00e0 Bellaria Igea Marina\" \/>\n<meta name=\"robots\" content=\"index, follow, max-snippet:-1, max-image-preview:large, max-video-preview:-1\" \/>\n<link rel=\"canonical\" href=\"https:\/\/www.allinclusivehotels.it\/fr\/hotels\/hotel-san-salvador\" \/>\n<meta property=\"og:locale\" content=\"fr_FR\" \/>\n<meta property=\"og:type\" content=\"article\" \/>\n<meta property=\"og:title\" content=\"Offres All Inclusive de l&#039;H\u00f4tel San Salvador \u00e0 Bellaria Igea Marina\" \/>\n<meta property=\"og:description\" content=\"Vacances tout compris en Italie? D\u00e9couvrez les forfaits All Inclusive de l&#039;H\u00f4tel San Salvador \u00e0 Bellaria Igea Marina\" \/>\n<meta property=\"og:url\" content=\"https:\/\/www.allinclusivehotels.it\/fr\/hotels\/hotel-san-salvador\" \/>\n<meta property=\"og:site_name\" content=\"All Inclusive Hotels\" \/>\n<meta property=\"article:modified_time\" content=\"2025-02-13T13:15:51+00:00\" \/>\n<meta name=\"twitter:card\" content=\"summary_large_image\" \/>\n<meta name=\"twitter:label1\" content=\"Dur\u00e9e de lecture estim\u00e9e\" \/>\n\t<meta name=\"twitter:data1\" content=\"2 minutes\" \/>\n<script type=\"application\/ld+json\" class=\"yoast-schema-graph\">{\"@context\":\"https:\/\/schema.org\",\"@graph\":[{\"@type\":\"WebPage\",\"@id\":\"https:\/\/www.allinclusivehotels.it\/fr\/hotels\/hotel-san-salvador\",\"url\":\"https:\/\/www.allinclusivehotels.it\/fr\/hotels\/hotel-san-salvador\",\"name\":\"Offres All Inclusive de l'H\u00f4tel San Salvador \u00e0 Bellaria Igea Marina\",\"isPartOf\":{\"@id\":\"https:\/\/www.allinclusivehotels.it\/fr#website\"},\"datePublished\":\"2022-02-16T13:38:36+00:00\",\"dateModified\":\"2025-02-13T13:15:51+00:00\",\"description\":\"Vacances tout compris en Italie? D\u00e9couvrez les forfaits All Inclusive de l'H\u00f4tel San Salvador \u00e0 Bellaria Igea Marina\",\"breadcrumb\":{\"@id\":\"https:\/\/www.allinclusivehotels.it\/fr\/hotels\/hotel-san-salvador#breadcrumb\"},\"inLanguage\":\"fr-FR\",\"potentialAction\":[{\"@type\":\"ReadAction\",\"target\":[\"https:\/\/www.allinclusivehotels.it\/fr\/hotels\/hotel-san-salvador\"]}]},{\"@type\":\"BreadcrumbList\",\"@id\":\"https:\/\/www.allinclusivehotels.it\/fr\/hotels\/hotel-san-salvador#breadcrumb\",\"itemListElement\":[{\"@type\":\"ListItem\",\"position\":1,\"name\":\"Home\",\"item\":\"https:\/\/www.allinclusivehotels.it\/fr\"},{\"@type\":\"ListItem\",\"position\":2,\"name\":\"H\u00f4tels\",\"item\":\"https:\/\/www.allinclusivehotels.it\/fr\/hotels\"},{\"@type\":\"ListItem\",\"position\":3,\"name\":\"Hotel San Salvador\"}]},{\"@type\":\"WebSite\",\"@id\":\"https:\/\/www.allinclusivehotels.it\/fr#website\",\"url\":\"https:\/\/www.allinclusivehotels.it\/fr\",\"name\":\"All Inclusive Hotels\",\"description\":\"\",\"publisher\":{\"@id\":\"https:\/\/www.allinclusivehotels.it\/fr#organization\"},\"potentialAction\":[{\"@type\":\"SearchAction\",\"target\":{\"@type\":\"EntryPoint\",\"urlTemplate\":\"https:\/\/www.allinclusivehotels.it\/fr?s={search_term_string}\"},\"query-input\":{\"@type\":\"PropertyValueSpecification\",\"valueRequired\":true,\"valueName\":\"search_term_string\"}}],\"inLanguage\":\"fr-FR\"},{\"@type\":\"Organization\",\"@id\":\"https:\/\/www.allinclusivehotels.it\/fr#organization\",\"name\":\"All Inclusive Hotels\",\"url\":\"https:\/\/www.allinclusivehotels.it\/fr\",\"logo\":{\"@type\":\"ImageObject\",\"inLanguage\":\"fr-FR\",\"@id\":\"https:\/\/www.allinclusivehotels.it\/fr#\/schema\/logo\/image\/\",\"url\":\"\",\"contentUrl\":\"\",\"caption\":\"All Inclusive Hotels\"},\"image\":{\"@id\":\"https:\/\/www.allinclusivehotels.it\/fr#\/schema\/logo\/image\/\"}}]}<\/script>\n<!-- \/ Yoast SEO plugin. -->","yoast_head_json":{"title":"Offres All Inclusive de l'H\u00f4tel San Salvador \u00e0 Bellaria Igea Marina","description":"Vacances tout compris en Italie? D\u00e9couvrez les forfaits All Inclusive de l'H\u00f4tel San Salvador \u00e0 Bellaria Igea Marina","robots":{"index":"index","follow":"follow","max-snippet":"max-snippet:-1","max-image-preview":"max-image-preview:large","max-video-preview":"max-video-preview:-1"},"canonical":"https:\/\/www.allinclusivehotels.it\/fr\/hotels\/hotel-san-salvador","og_locale":"fr_FR","og_type":"article","og_title":"Offres All Inclusive de l'H\u00f4tel San Salvador \u00e0 Bellaria Igea Marina","og_description":"Vacances tout compris en Italie? D\u00e9couvrez les forfaits All Inclusive de l'H\u00f4tel San Salvador \u00e0 Bellaria Igea Marina","og_url":"https:\/\/www.allinclusivehotels.it\/fr\/hotels\/hotel-san-salvador","og_site_name":"All Inclusive Hotels","article_modified_time":"2025-02-13T13:15:51+00:00","twitter_card":"summary_large_image","twitter_misc":{"Dur\u00e9e de lecture estim\u00e9e":"2 minutes"},"schema":{"@context":"https:\/\/schema.org","@graph":[{"@type":"WebPage","@id":"https:\/\/www.allinclusivehotels.it\/fr\/hotels\/hotel-san-salvador","url":"https:\/\/www.allinclusivehotels.it\/fr\/hotels\/hotel-san-salvador","name":"Offres All Inclusive de l'H\u00f4tel San Salvador \u00e0 Bellaria Igea Marina","isPartOf":{"@id":"https:\/\/www.allinclusivehotels.it\/fr#website"},"datePublished":"2022-02-16T13:38:36+00:00","dateModified":"2025-02-13T13:15:51+00:00","description":"Vacances tout compris en Italie? D\u00e9couvrez les forfaits All Inclusive de l'H\u00f4tel San Salvador \u00e0 Bellaria Igea Marina","breadcrumb":{"@id":"https:\/\/www.allinclusivehotels.it\/fr\/hotels\/hotel-san-salvador#breadcrumb"},"inLanguage":"fr-FR","potentialAction":[{"@type":"ReadAction","target":["https:\/\/www.allinclusivehotels.it\/fr\/hotels\/hotel-san-salvador"]}]},{"@type":"BreadcrumbList","@id":"https:\/\/www.allinclusivehotels.it\/fr\/hotels\/hotel-san-salvador#breadcrumb","itemListElement":[{"@type":"ListItem","position":1,"name":"Home","item":"https:\/\/www.allinclusivehotels.it\/fr"},{"@type":"ListItem","position":2,"name":"H\u00f4tels","item":"https:\/\/www.allinclusivehotels.it\/fr\/hotels"},{"@type":"ListItem","position":3,"name":"Hotel San Salvador"}]},{"@type":"WebSite","@id":"https:\/\/www.allinclusivehotels.it\/fr#website","url":"https:\/\/www.allinclusivehotels.it\/fr","name":"All Inclusive Hotels","description":"","publisher":{"@id":"https:\/\/www.allinclusivehotels.it\/fr#organization"},"potentialAction":[{"@type":"SearchAction","target":{"@type":"EntryPoint","urlTemplate":"https:\/\/www.allinclusivehotels.it\/fr?s={search_term_string}"},"query-input":{"@type":"PropertyValueSpecification","valueRequired":true,"valueName":"search_term_string"}}],"inLanguage":"fr-FR"},{"@type":"Organization","@id":"https:\/\/www.allinclusivehotels.it\/fr#organization","name":"All Inclusive Hotels","url":"https:\/\/www.allinclusivehotels.it\/fr","logo":{"@type":"ImageObject","inLanguage":"fr-FR","@id":"https:\/\/www.allinclusivehotels.it\/fr#\/schema\/logo\/image\/","url":"","contentUrl":"","caption":"All Inclusive Hotels"},"image":{"@id":"https:\/\/www.allinclusivehotels.it\/fr#\/schema\/logo\/image\/"}}]}},"_links":{"self":[{"href":"https:\/\/www.allinclusivehotels.it\/fr\/wp-json\/wp\/v2\/pages\/8412","targetHints":{"allow":["GET"]}}],"collection":[{"href":"https:\/\/www.allinclusivehotels.it\/fr\/wp-json\/wp\/v2\/pages"}],"about":[{"href":"https:\/\/www.allinclusivehotels.it\/fr\/wp-json\/wp\/v2\/types\/page"}],"author":[{"embeddable":true,"href":"https:\/\/www.allinclusivehotels.it\/fr\/wp-json\/wp\/v2\/users\/1"}],"replies":[{"embeddable":true,"href":"https:\/\/www.allinclusivehotels.it\/fr\/wp-json\/wp\/v2\/comments?post=8412"}],"version-history":[{"count":8,"href":"https:\/\/www.allinclusivehotels.it\/fr\/wp-json\/wp\/v2\/pages\/8412\/revisions"}],"predecessor-version":[{"id":22182,"href":"https:\/\/www.allinclusivehotels.it\/fr\/wp-json\/wp\/v2\/pages\/8412\/revisions\/22182"}],"up":[{"embeddable":true,"href":"https:\/\/www.allinclusivehotels.it\/fr\/wp-json\/wp\/v2\/pages\/8241"}],"wp:attachment":[{"href":"https:\/\/www.allinclusivehotels.it\/fr\/wp-json\/wp\/v2\/media?parent=8412"}],"curies":[{"name":"wp","href":"https:\/\/api.w.org\/{rel}","templated":true}]}}