{"id":8352,"date":"2022-02-16T14:38:33","date_gmt":"2022-02-16T13:38:33","guid":{"rendered":"https:\/\/www.allinclusivehotels.it\/hotels-2\/hotel-mediterraneo"},"modified":"2022-08-09T16:24:03","modified_gmt":"2022-08-09T14:24:03","slug":"hotel-mediterraneo","status":"publish","type":"page","link":"https:\/\/www.allinclusivehotels.it\/fr\/hotels\/hotel-mediterraneo","title":{"rendered":"Hotel Mediterraneo"},"content":{"rendered":"\n<p>L&#8217;<b>Hotel Mediterraneo<\/b> de <b>Igea-Marina<\/b> vous offrira tous les services d\u2019un resort. Il se situe \u00e0<b> 100 m\u00e8tres d\u2019une plage<\/b> priv\u00e9e sur laquelle vous seront r\u00e9serv\u00e9s <b>un parasol et deux transats<\/b>. Une \u00e9quipe d&#8217;<b>animateurs professionnels <\/b>s\u2019occupera des plus petits et organisera des jeux, des activit\u00e9s sportives et des tournois. Vous pourrez vous d\u00e9tendre dans notre <b>piscine chauff\u00e9e<\/b> avec cascades revigorantes, jacuzzi, parcours aquatique, <b>centre bien-\u00eatre<\/b> en int\u00e9rieur.<\/p>\n\n\n\n<!--more-->\n\n\n\n<p>Des <b>animations <\/b>sont aussi organis\u00e9es \u00e0 l\u2019h\u00f4tel pour les enfants. Un go\u00fbter sera pr\u00e9par\u00e9 pour eux chaque apr\u00e8s-midi, des spectacles seront organis\u00e9s le soir et Giag\u00f9, notre <b>mascotte<\/b> sera aussi \u00e0 leurs c\u00f4t\u00e9s. Chaque semaine l&#8217;\u00e9tablissement organise une <b>sortie<\/b> au parc du Gelso pour d\u00e9couvrir les dinosaures, une excursion en petit train dans le centre-ville et une visite \u00e0 Santarcangelo di Romagna. Les jeunes parents pourront aussi passer des vacances sereines : tout le mat\u00e9riel et les services dont ils auront besoin pour prendre soin de leurs b\u00e9b\u00e9s seront mis \u00e0 leur disposition en chambre comme au restaurant et un coin cuisine permettra aux parents qui le souhaitent de cuisiner le repas de leurs b\u00e9b\u00e9s.<\/p>\n\n\n\n<p>La <b>cuisine <\/b>que nous servons \u00e0 nos clients est une explosion de saveurs et d&#8217;authenticit\u00e9\u00a0! Notre <b>boulanger <\/b>enfourne tous les matins de d\u00e9licieuses viennoiseries. Au d\u00e9jeuner et au d\u00eener, vous pourrez admirer nos chefs en train de pr\u00e9parer de d\u00e9licieux plats et <b>choisir votre repas parmi plus d&#8217;une quarantaine de propositions<\/b>. Nous servons aussi des <strong>pizzas<\/strong>. <b> <\/b>Ne manquez surtout pas nos <b>soir\u00e9es \u00e0 th\u00e8me : <strong>soir\u00e9e <\/strong><\/b>romagnole, soir\u00e9e mexicaine ou espagnole, soir\u00e9e poisson bleu&#8230; Pr\u00e9parez-vous \u00e0 vivre une v\u00e9ritable aventure culinaire !<\/p>\n","protected":false},"excerpt":{"rendered":"<p>L&#8217;Hotel Mediterraneo de Igea-Marina vous offrira tous les services d\u2019un resort. Il se situe \u00e0 &hellip;<\/p>\n","protected":false},"author":1,"featured_media":0,"parent":8241,"menu_order":0,"comment_status":"closed","ping_status":"closed","template":"page-templates\/scheda_hotel.php","meta":{"_acf_changed":false,"footnotes":""},"class_list":["post-8352","page","type-page","status-publish","hentry"],"acf":[],"yoast_head":"<!-- This site is optimized with the Yoast SEO plugin v27.0 - https:\/\/yoast.com\/product\/yoast-seo-wordpress\/ -->\n<title>Offres All Inclusive de l&#039;H\u00f4tel Mediterraneo \u00e0 Bellaria Igea Marina<\/title>\n<meta name=\"description\" content=\"Vacances tout compris en Italie? D\u00e9couvrez les forfaits All Inclusive de l&#039;H\u00f4tel Mediterraneo \u00e0 Bellaria Igea Marina\" \/>\n<meta name=\"robots\" content=\"index, follow, max-snippet:-1, max-image-preview:large, max-video-preview:-1\" \/>\n<link rel=\"canonical\" href=\"https:\/\/www.allinclusivehotels.it\/fr\/hotels\/hotel-mediterraneo\" \/>\n<meta property=\"og:locale\" content=\"fr_FR\" \/>\n<meta property=\"og:type\" content=\"article\" \/>\n<meta property=\"og:title\" content=\"Offres All Inclusive de l&#039;H\u00f4tel Mediterraneo \u00e0 Bellaria Igea Marina\" \/>\n<meta property=\"og:description\" content=\"Vacances tout compris en Italie? D\u00e9couvrez les forfaits All Inclusive de l&#039;H\u00f4tel Mediterraneo \u00e0 Bellaria Igea Marina\" \/>\n<meta property=\"og:url\" content=\"https:\/\/www.allinclusivehotels.it\/fr\/hotels\/hotel-mediterraneo\" \/>\n<meta property=\"og:site_name\" content=\"All Inclusive Hotels\" \/>\n<meta property=\"article:modified_time\" content=\"2022-08-09T14:24:03+00:00\" \/>\n<meta name=\"twitter:card\" content=\"summary_large_image\" \/>\n<meta name=\"twitter:label1\" content=\"Dur\u00e9e de lecture estim\u00e9e\" \/>\n\t<meta name=\"twitter:data1\" content=\"2 minutes\" \/>\n<script type=\"application\/ld+json\" class=\"yoast-schema-graph\">{\"@context\":\"https:\/\/schema.org\",\"@graph\":[{\"@type\":\"WebPage\",\"@id\":\"https:\/\/www.allinclusivehotels.it\/fr\/hotels\/hotel-mediterraneo\",\"url\":\"https:\/\/www.allinclusivehotels.it\/fr\/hotels\/hotel-mediterraneo\",\"name\":\"Offres All Inclusive de l'H\u00f4tel Mediterraneo \u00e0 Bellaria Igea Marina\",\"isPartOf\":{\"@id\":\"https:\/\/www.allinclusivehotels.it\/fr#website\"},\"datePublished\":\"2022-02-16T13:38:33+00:00\",\"dateModified\":\"2022-08-09T14:24:03+00:00\",\"description\":\"Vacances tout compris en Italie? D\u00e9couvrez les forfaits All Inclusive de l'H\u00f4tel Mediterraneo \u00e0 Bellaria Igea Marina\",\"breadcrumb\":{\"@id\":\"https:\/\/www.allinclusivehotels.it\/fr\/hotels\/hotel-mediterraneo#breadcrumb\"},\"inLanguage\":\"fr-FR\",\"potentialAction\":[{\"@type\":\"ReadAction\",\"target\":[\"https:\/\/www.allinclusivehotels.it\/fr\/hotels\/hotel-mediterraneo\"]}]},{\"@type\":\"BreadcrumbList\",\"@id\":\"https:\/\/www.allinclusivehotels.it\/fr\/hotels\/hotel-mediterraneo#breadcrumb\",\"itemListElement\":[{\"@type\":\"ListItem\",\"position\":1,\"name\":\"Home\",\"item\":\"https:\/\/www.allinclusivehotels.it\/fr\"},{\"@type\":\"ListItem\",\"position\":2,\"name\":\"H\u00f4tels\",\"item\":\"https:\/\/www.allinclusivehotels.it\/fr\/hotels\"},{\"@type\":\"ListItem\",\"position\":3,\"name\":\"Hotel Mediterraneo\"}]},{\"@type\":\"WebSite\",\"@id\":\"https:\/\/www.allinclusivehotels.it\/fr#website\",\"url\":\"https:\/\/www.allinclusivehotels.it\/fr\",\"name\":\"All Inclusive Hotels\",\"description\":\"\",\"publisher\":{\"@id\":\"https:\/\/www.allinclusivehotels.it\/fr#organization\"},\"potentialAction\":[{\"@type\":\"SearchAction\",\"target\":{\"@type\":\"EntryPoint\",\"urlTemplate\":\"https:\/\/www.allinclusivehotels.it\/fr?s={search_term_string}\"},\"query-input\":{\"@type\":\"PropertyValueSpecification\",\"valueRequired\":true,\"valueName\":\"search_term_string\"}}],\"inLanguage\":\"fr-FR\"},{\"@type\":\"Organization\",\"@id\":\"https:\/\/www.allinclusivehotels.it\/fr#organization\",\"name\":\"All Inclusive Hotels\",\"url\":\"https:\/\/www.allinclusivehotels.it\/fr\",\"logo\":{\"@type\":\"ImageObject\",\"inLanguage\":\"fr-FR\",\"@id\":\"https:\/\/www.allinclusivehotels.it\/fr#\/schema\/logo\/image\/\",\"url\":\"\",\"contentUrl\":\"\",\"caption\":\"All Inclusive Hotels\"},\"image\":{\"@id\":\"https:\/\/www.allinclusivehotels.it\/fr#\/schema\/logo\/image\/\"}}]}<\/script>\n<!-- \/ Yoast SEO plugin. -->","yoast_head_json":{"title":"Offres All Inclusive de l'H\u00f4tel Mediterraneo \u00e0 Bellaria Igea Marina","description":"Vacances tout compris en Italie? D\u00e9couvrez les forfaits All Inclusive de l'H\u00f4tel Mediterraneo \u00e0 Bellaria Igea Marina","robots":{"index":"index","follow":"follow","max-snippet":"max-snippet:-1","max-image-preview":"max-image-preview:large","max-video-preview":"max-video-preview:-1"},"canonical":"https:\/\/www.allinclusivehotels.it\/fr\/hotels\/hotel-mediterraneo","og_locale":"fr_FR","og_type":"article","og_title":"Offres All Inclusive de l'H\u00f4tel Mediterraneo \u00e0 Bellaria Igea Marina","og_description":"Vacances tout compris en Italie? D\u00e9couvrez les forfaits All Inclusive de l'H\u00f4tel Mediterraneo \u00e0 Bellaria Igea Marina","og_url":"https:\/\/www.allinclusivehotels.it\/fr\/hotels\/hotel-mediterraneo","og_site_name":"All Inclusive Hotels","article_modified_time":"2022-08-09T14:24:03+00:00","twitter_card":"summary_large_image","twitter_misc":{"Dur\u00e9e de lecture estim\u00e9e":"2 minutes"},"schema":{"@context":"https:\/\/schema.org","@graph":[{"@type":"WebPage","@id":"https:\/\/www.allinclusivehotels.it\/fr\/hotels\/hotel-mediterraneo","url":"https:\/\/www.allinclusivehotels.it\/fr\/hotels\/hotel-mediterraneo","name":"Offres All Inclusive de l'H\u00f4tel Mediterraneo \u00e0 Bellaria Igea Marina","isPartOf":{"@id":"https:\/\/www.allinclusivehotels.it\/fr#website"},"datePublished":"2022-02-16T13:38:33+00:00","dateModified":"2022-08-09T14:24:03+00:00","description":"Vacances tout compris en Italie? D\u00e9couvrez les forfaits All Inclusive de l'H\u00f4tel Mediterraneo \u00e0 Bellaria Igea Marina","breadcrumb":{"@id":"https:\/\/www.allinclusivehotels.it\/fr\/hotels\/hotel-mediterraneo#breadcrumb"},"inLanguage":"fr-FR","potentialAction":[{"@type":"ReadAction","target":["https:\/\/www.allinclusivehotels.it\/fr\/hotels\/hotel-mediterraneo"]}]},{"@type":"BreadcrumbList","@id":"https:\/\/www.allinclusivehotels.it\/fr\/hotels\/hotel-mediterraneo#breadcrumb","itemListElement":[{"@type":"ListItem","position":1,"name":"Home","item":"https:\/\/www.allinclusivehotels.it\/fr"},{"@type":"ListItem","position":2,"name":"H\u00f4tels","item":"https:\/\/www.allinclusivehotels.it\/fr\/hotels"},{"@type":"ListItem","position":3,"name":"Hotel Mediterraneo"}]},{"@type":"WebSite","@id":"https:\/\/www.allinclusivehotels.it\/fr#website","url":"https:\/\/www.allinclusivehotels.it\/fr","name":"All Inclusive Hotels","description":"","publisher":{"@id":"https:\/\/www.allinclusivehotels.it\/fr#organization"},"potentialAction":[{"@type":"SearchAction","target":{"@type":"EntryPoint","urlTemplate":"https:\/\/www.allinclusivehotels.it\/fr?s={search_term_string}"},"query-input":{"@type":"PropertyValueSpecification","valueRequired":true,"valueName":"search_term_string"}}],"inLanguage":"fr-FR"},{"@type":"Organization","@id":"https:\/\/www.allinclusivehotels.it\/fr#organization","name":"All Inclusive Hotels","url":"https:\/\/www.allinclusivehotels.it\/fr","logo":{"@type":"ImageObject","inLanguage":"fr-FR","@id":"https:\/\/www.allinclusivehotels.it\/fr#\/schema\/logo\/image\/","url":"","contentUrl":"","caption":"All Inclusive Hotels"},"image":{"@id":"https:\/\/www.allinclusivehotels.it\/fr#\/schema\/logo\/image\/"}}]}},"_links":{"self":[{"href":"https:\/\/www.allinclusivehotels.it\/fr\/wp-json\/wp\/v2\/pages\/8352","targetHints":{"allow":["GET"]}}],"collection":[{"href":"https:\/\/www.allinclusivehotels.it\/fr\/wp-json\/wp\/v2\/pages"}],"about":[{"href":"https:\/\/www.allinclusivehotels.it\/fr\/wp-json\/wp\/v2\/types\/page"}],"author":[{"embeddable":true,"href":"https:\/\/www.allinclusivehotels.it\/fr\/wp-json\/wp\/v2\/users\/1"}],"replies":[{"embeddable":true,"href":"https:\/\/www.allinclusivehotels.it\/fr\/wp-json\/wp\/v2\/comments?post=8352"}],"version-history":[{"count":7,"href":"https:\/\/www.allinclusivehotels.it\/fr\/wp-json\/wp\/v2\/pages\/8352\/revisions"}],"predecessor-version":[{"id":22712,"href":"https:\/\/www.allinclusivehotels.it\/fr\/wp-json\/wp\/v2\/pages\/8352\/revisions\/22712"}],"up":[{"embeddable":true,"href":"https:\/\/www.allinclusivehotels.it\/fr\/wp-json\/wp\/v2\/pages\/8241"}],"wp:attachment":[{"href":"https:\/\/www.allinclusivehotels.it\/fr\/wp-json\/wp\/v2\/media?parent=8352"}],"curies":[{"name":"wp","href":"https:\/\/api.w.org\/{rel}","templated":true}]}}