{"id":8246,"date":"2022-02-16T14:38:26","date_gmt":"2022-02-16T13:38:26","guid":{"rendered":"https:\/\/www.allinclusivehotels.it\/traitement-des-donnees-personnelles-art-1314-reglement-ue-2016-679"},"modified":"2023-02-06T10:11:55","modified_gmt":"2023-02-06T09:11:55","slug":"traitement-des-donnees-personnelles-art-1314-reglement-ue-2016-679","status":"publish","type":"page","link":"https:\/\/www.allinclusivehotels.it\/fr\/traitement-des-donnees-personnelles-art-1314-reglement-ue-2016-679","title":{"rendered":"Traitement des donn\u00e9es personnelles \u2013 Art. 13,14 r\u00e8glement UE 2016\/679"},"content":{"rendered":"\n<p><strong>Soggetti Interessati: Richiedenti informazioni ed iscrizione alla newsletter dedicata agli hotel all inclusive<\/strong><\/p>\n\n<p>Il <strong>CONSORZIO ALL INCLUSIVE HOTELS<\/strong>, con sede legale in Via Macanno 38\/q,\u00a0 7923 Rimini (RN), <a href=\"mailto:info@allinclusivehotels.it\">info@allinclusivehotels.it<\/a>, nella qualit\u00e0 di Titolare del trattamento dei Suoi dati personali, ai sensi e per gli effetti del Regolamento (UE) 2016\/679 di seguito &#8216;GDPR&#8217;, con la presente La informa che la citata normativa prevede la tutela degli interessati rispetto al trattamento dei dati personali e che tale trattamento sar\u00e0 improntato ai principi di correttezza, liceit\u00e0, trasparenza di tutela della Sua riservatezza e dei Suoi diritti.<br\/>Per realizzare le proprie finalit\u00e0, relative alla gestione del rapporto, il Titolare ha necessit\u00e0 di acquisire dati personali, quali, a titolo esemplificativo, il nome ed il cognome, il nome della sua attivit\u00e0, il numero di telefono o di cellulare, l\u2019indirizzo email, e la sua richiesta.<br\/>I Suoi dati personali verranno trattati in accordo alle disposizioni legislative della normativa sopra richiamata e degli obblighi di riservatezza ivi previsti.<\/p>\n\n<p><strong>Finalit\u00e0 di trattamento:<\/strong> Erogazione del servizio: I suoi dati saranno trattati per rispondere alle eventuali richieste che possono pervenire dai moduli per la compilazione, e form disponibili sul sito internet, od a richieste pervenute per email.<\/p>\n\n<p><strong>Base giuridica:<\/strong> La base giuridica del trattamento \u00e8 di tipo contrattuale nei termini in cui \u00e8 previsto un trattamento dati a fronte di una richiesta di informazioni a cui segue una risposta.<\/p>\n\n<p><strong>Conseguenze della mancata comunicazione:<\/strong> Il trattamento dei dati funzionali per l&#8217;espletamento di tali obblighi \u00e8 necessario per una corretta gestione del rapporto ed il loro conferimento \u00e8 obbligatorio per attuare le finalit\u00e0 sopra indicate. Il Titolare rende noto, inoltre, che l&#8217;eventuale non comunicazione, o comunicazione errata, di una delle informazioni obbligatorie, pu\u00f2 causare l&#8217;impossibilit\u00e0 del Titolare di garantire la congruit\u00e0 del trattamento stesso.<\/p>\n\n<p><strong>Finalit\u00e0 facoltative:<\/strong> Marketing &#8211; servizio di ricezione newsletter: in particolare i Suoi dati verranno trattati, previo Suo libero consenso, per la ricezione di newsletter, inserendo il proprio indirizzo email nell\u2019apposita casella di testo recante le indicazioni in merito all\u2019iscrizione alla newsletter, oppure selezionando\/spuntando l\u2019apposita casella indicante \u201ciscrizione alle newsletter\u201d presente nei form.<\/p>\n\n<p><strong>Base giuridica:<\/strong> La base giuridica del trattamento \u00e8 il consenso dell\u2019interessato.<\/p>\n\n<p><strong>Conseguenze del rifiuto alle finalit\u00e0 facoltative:<\/strong> Il conferimento dei dati \u00e8 per Lei facoltativo riguardo alle sopraindicate finalit\u00e0, ed un Suo eventuale rifiuto al trattamento non compromette la prosecuzione del rapporto o la congruit\u00e0 del trattamento stesso.<\/p>\n\n<p><strong>Modalit\u00e0 del trattamento:<\/strong> Il trattamento \u00e8 effettuato con strumenti manuali e\/o informatici e telematici, in modo da garantire la sicurezza, l\u2019integrit\u00e0 e la riservatezza dei dati nel rispetto delle misure organizzative fisiche e logiche, previste dalle disposizioni vigenti, in modo da ridurre al minimo i rischi di distruzione o perdita, accesso non consentito, modifica e divulgazione non autorizzata nel rispetto delle modalit\u00e0 di cui agli artt. 6, 32 del GDPR.<\/p>\n\n<p><strong>Destinatari:<\/strong> Per lo svolgimento di talune attivit\u00e0, o per fornire supporto al funzionamento ed all&#8217;organizzazione dell\u2019attivit\u00e0, alcuni dati potranno essere portati a conoscenza o comunicati a destinatari. Tali soggetti si distinguono in:<br\/>Terzi: (comunicazione a: persone fisiche o giuridiche, autorit\u00e0 pubbliche, servizio o altro organismo che non sia l\u2019interessato, il titolare del trattamento, il responsabile del trattamento e le persone autorizzate responsabili del trattamento) fra cui:<br\/>&#8211; Societ\u00e0 che gestiscono servizi postali tradizionali o informatizzati<br\/>&#8211; Autorit\u00e0 pubbliche, forze di polizia qualora lo richiedessero nell&#8217;ambito dei loro compiti istituzionali.<br\/>Responsabili del trattamento: (la persona fisica o giuridica, l\u2019autorit\u00e0 pubblica, il servizio o altro organismo che tratta dati personali per conto del titolare del trattamento)<br\/>&#8211; Fornitori di servizi di informatica, web, o altri servizi necessari al raggiungimento delle finalit\u00e0 necessarie alla gestione del rapporto.<br\/>All\u2019interno della struttura aziendale, i Suoi dati saranno trattati unicamente da personale espressamente autorizzato dal Titolare, con assicurazione di adozione di accordo di riservatezza ed, in particolare, dalle seguenti categorie di addetti:<br\/>&#8211; Amministrazione;<br\/>&#8211; Altri addetti il cui trattamento \u00e8 necessario per la corretta esecuzione del rapporto;<\/p>\n\n<p><strong>Diffusione:<\/strong> I suoi dati personali non verranno diffusi in alcun modo.<\/p>\n\n<p><strong>Trasferimento dei dati in paesi extra UE:<br\/><\/strong>I suoi dati saranno conservati in formato cartaceo, ed elettronico presso server provider mediante accordi con fornitori (responsabili, sub-responsabili del trattamento) di servizi di hosting, cloud e connettivit\u00e0, ubicati sia in paesi UE, che in paesi Extra UE (Stati Uniti) mediante fornitori sottoscrittori dell\u2019accordo Privacy Shield, o di altri accordi o clausole di riservatezza. Tali sistemi sono gestiti da amministratori di sistema e persone autorizzate ed istruite, con garanzia di adozione delle misure tecniche ed organizzative di sicurezza per la protezione dei dati personali in riferimento all\u2019art. 29, 32 del Regolamento UE 679\/2016 attraverso il personale tecnico, amministrativo, commerciale.<\/p>\n\n<p><strong>Conservazione:<\/strong> la conservazione dei suoi dati sar\u00e0 funzionale alle finalit\u00e0 dei titolari del trattamento per cui sono stati raccolti, e saranno conservati fino ad un eventuale sua richiesta di cancellazione, che potr\u00e0 essere effettuata in ogni momento dalle comunicazioni ricevute.<\/p>\n\n<p><strong>Titolare del Trattamento:<\/strong> il Titolare del trattamento dei dati, ai sensi della normativa \u00e8 <strong>\u201cCONSORZIO ALL INCLUSIVE HOTELS\u201d<\/strong>, con sede legale e operativa in Via Macanno 38\/Q &#8211; 47923 Rimini (RN), P.iva\/Codice Fiscale 03678700406, nella persona del suo legale rappresentante pro tempore.<br\/>Mediante l\u2019invio di una e-mail al seguente indirizzo <a href=\"mailto:info@allinclusivehotels.it\">info@allinclusivehotels.it<\/a> potr\u00e0 richiedere maggiori informazioni in merito ai dati conferiti. Il sito <a href=\"http:\/\/www.allinclusivehotels.it\">www.allinclusivehotels.it<\/a> riporta ulteriori notizie in merito alle politiche privacy adottate dal nostro Consorzio.<\/p>\n\n<p><strong>Il responsabile della protezione dei dati (DPO)<br\/><\/strong>\u00c8 designato dal titolare ai sensi dell&#8217;art. 37 del GDPR lo Studio Paci &amp;C srl (referente: Luca Di Leo), via Edelweiss Rodriguez Senior, 13 \u2013 47924 \u2013 Rimini &#8211; Tel. 0541.1795431<\/p>\n\n<p><strong>Reg.to UE 2016\/679: Artt. 15, 16, 17, 18, 19, 20, 21, 22 &#8211; Diritti dell&#8217;Interessato<br\/><\/strong>1. L&#8217;interessato ha diritto di ottenere la conferma dell&#8217;esistenza o meno di dati personali che lo riguardano, anche se non ancora registrati, e la loro comunicazione in forma intelligibile.<br\/>2. L&#8217;interessato ha diritto di ottenere l&#8217;indicazione:<br\/>a. dell&#8217;origine dei dati personali;<br\/>b. delle finalit\u00e0 e modalit\u00e0 del trattamento;<br\/>c. della logica applicata in caso di trattamento effettuato con l&#8217;ausilio di strumenti elettronici;<br\/>d. degli estremi identificativi del titolare, dei responsabili e del rappresentante designato ai sensi dell&#8217;articolo 5, comma 2;<br\/>e. dei soggetti o delle categorie di soggetti ai quali i dati personali possono essere comunicati o che possono venirne a conoscenza in qualit\u00e0 di rappresentante designato nel territorio dello Stato, di responsabili o incaricati.<br\/>3. L&#8217;interessato ha diritto di ottenere:<br\/>a. l&#8217;aggiornamento, la rettificazione ovvero, quando vi ha interesse, l&#8217;integrazione dei dati;<br\/>b. la cancellazione, la trasformazione in forma anonima o il blocco dei dati trattati in violazione di legge, compresi quelli di cui<br\/>non \u00e8 necessaria la conservazione in relazione agli scopi per i quali i dati sono stati raccolti o successivamente trattati;<br\/>c. l&#8217;attestazione che le operazioni di cui alle lettere a) e b) sono state portate a conoscenza, anche per quanto riguarda il loro contenuto, di coloro ai quali i dati sono stati comunicati o diffusi, eccettuato il caso in cui tale adempimento si rivela impossibile o comporta un impiego di mezzi manifestamente sproporzionato rispetto al diritto tutelato;<br\/>d. la portabilit\u00e0 dei dati.<br\/>4. L&#8217;interessato ha diritto di opporsi, in tutto o in parte:<br\/>a. per motivi legittimi al trattamento dei dati personali che lo riguardano, ancorch\u00e9 pertinenti allo scopo della raccolta;<br\/>b. al trattamento di dati personali che lo riguardano a fini di invio di materiale pubblicitario o di vendita diretta o per il compimento di ricerche di mercato o di comunicazione commerciale.<\/p>\n\n<p>Reclamo: Gli interessati, ricorrendone i presupposti, hanno, altres\u00ec, il diritto di proporre reclamo al Garante quale autorit\u00e0 di controllo secondo le procedure previste. Per qualsiasi ulteriore informazione, e per far valere i diritti a Lei riconosciuti dal Regolamento europeo, potr\u00e0 rivolgersi al titolare del trattamento ai riferimenti sopra riporti.<\/p>\n\n<p><strong>Consenso<br\/><\/strong><strong>Formula di acquisizione del consenso dell&#8217;interessato<br\/><\/strong>Il Suo consenso per la ricezione della newsletter sar\u00e0 registrato (indirizzo IP, email, data e ora) barrando la casella sottostante l\u2019inserimento dell\u2019email, od a seguito dell\u2019apposizione \/ cliccando nella apposita casella, e congiuntamente alla pressione del pulsante \u201cinvio\u201d \/ \u201cok\u201d. Tale consenso sar\u00e0 archiviato per comprovarne il conferimento, e permetterLe in ogni momento la disiscrizione, oltre a tutti gli altri diritti sopraesposti.<\/p>\n","protected":false},"excerpt":{"rendered":"<p>Soggetti Interessati: Richiedenti informazioni ed iscrizione alla newsletter dedicata agli hotel all inclusive Il CONSORZIO &hellip;<\/p>\n","protected":false},"author":1,"featured_media":0,"parent":0,"menu_order":0,"comment_status":"closed","ping_status":"closed","template":"","meta":{"_acf_changed":false,"footnotes":""},"class_list":["post-8246","page","type-page","status-publish","hentry"],"acf":[],"yoast_head":"<!-- This site is optimized with the Yoast SEO plugin v27.0 - https:\/\/yoast.com\/product\/yoast-seo-wordpress\/ -->\n<title>Traitement des donn\u00e9es personnelles \u2013 Art. 13,14 r\u00e8glement UE 2016\/679 - All Inclusive Hotels<\/title>\n<meta name=\"robots\" content=\"noindex, nofollow\" \/>\n<meta property=\"og:locale\" content=\"fr_FR\" \/>\n<meta property=\"og:type\" content=\"article\" \/>\n<meta property=\"og:title\" content=\"Traitement des donn\u00e9es personnelles \u2013 Art. 13,14 r\u00e8glement UE 2016\/679 - All Inclusive Hotels\" \/>\n<meta property=\"og:description\" content=\"Soggetti Interessati: Richiedenti informazioni ed iscrizione alla newsletter dedicata agli hotel all inclusive Il CONSORZIO &hellip;\" \/>\n<meta property=\"og:url\" content=\"https:\/\/www.allinclusivehotels.it\/fr\/traitement-des-donnees-personnelles-art-1314-reglement-ue-2016-679\" \/>\n<meta property=\"og:site_name\" content=\"All Inclusive Hotels\" \/>\n<meta property=\"article:modified_time\" content=\"2023-02-06T09:11:55+00:00\" \/>\n<meta name=\"twitter:card\" content=\"summary_large_image\" \/>\n<meta name=\"twitter:label1\" content=\"Dur\u00e9e de lecture estim\u00e9e\" \/>\n\t<meta name=\"twitter:data1\" content=\"7 minutes\" \/>\n<script type=\"application\/ld+json\" class=\"yoast-schema-graph\">{\"@context\":\"https:\/\/schema.org\",\"@graph\":[{\"@type\":\"WebPage\",\"@id\":\"https:\/\/www.allinclusivehotels.it\/fr\/traitement-des-donnees-personnelles-art-1314-reglement-ue-2016-679\",\"url\":\"https:\/\/www.allinclusivehotels.it\/fr\/traitement-des-donnees-personnelles-art-1314-reglement-ue-2016-679\",\"name\":\"Traitement des donn\u00e9es personnelles \u2013 Art. 13,14 r\u00e8glement UE 2016\/679 - All Inclusive Hotels\",\"isPartOf\":{\"@id\":\"https:\/\/www.allinclusivehotels.it\/fr#website\"},\"datePublished\":\"2022-02-16T13:38:26+00:00\",\"dateModified\":\"2023-02-06T09:11:55+00:00\",\"breadcrumb\":{\"@id\":\"https:\/\/www.allinclusivehotels.it\/fr\/traitement-des-donnees-personnelles-art-1314-reglement-ue-2016-679#breadcrumb\"},\"inLanguage\":\"fr-FR\",\"potentialAction\":[{\"@type\":\"ReadAction\",\"target\":[\"https:\/\/www.allinclusivehotels.it\/fr\/traitement-des-donnees-personnelles-art-1314-reglement-ue-2016-679\"]}]},{\"@type\":\"BreadcrumbList\",\"@id\":\"https:\/\/www.allinclusivehotels.it\/fr\/traitement-des-donnees-personnelles-art-1314-reglement-ue-2016-679#breadcrumb\",\"itemListElement\":[{\"@type\":\"ListItem\",\"position\":1,\"name\":\"Home\",\"item\":\"https:\/\/www.allinclusivehotels.it\/fr\"},{\"@type\":\"ListItem\",\"position\":2,\"name\":\"Traitement des donn\u00e9es personnelles \u2013 Art. 13,14 r\u00e8glement UE 2016\/679\"}]},{\"@type\":\"WebSite\",\"@id\":\"https:\/\/www.allinclusivehotels.it\/fr#website\",\"url\":\"https:\/\/www.allinclusivehotels.it\/fr\",\"name\":\"All Inclusive Hotels\",\"description\":\"\",\"publisher\":{\"@id\":\"https:\/\/www.allinclusivehotels.it\/fr#organization\"},\"potentialAction\":[{\"@type\":\"SearchAction\",\"target\":{\"@type\":\"EntryPoint\",\"urlTemplate\":\"https:\/\/www.allinclusivehotels.it\/fr?s={search_term_string}\"},\"query-input\":{\"@type\":\"PropertyValueSpecification\",\"valueRequired\":true,\"valueName\":\"search_term_string\"}}],\"inLanguage\":\"fr-FR\"},{\"@type\":\"Organization\",\"@id\":\"https:\/\/www.allinclusivehotels.it\/fr#organization\",\"name\":\"All Inclusive Hotels\",\"url\":\"https:\/\/www.allinclusivehotels.it\/fr\",\"logo\":{\"@type\":\"ImageObject\",\"inLanguage\":\"fr-FR\",\"@id\":\"https:\/\/www.allinclusivehotels.it\/fr#\/schema\/logo\/image\/\",\"url\":\"\",\"contentUrl\":\"\",\"caption\":\"All Inclusive Hotels\"},\"image\":{\"@id\":\"https:\/\/www.allinclusivehotels.it\/fr#\/schema\/logo\/image\/\"}}]}<\/script>\n<!-- \/ Yoast SEO plugin. -->","yoast_head_json":{"title":"Traitement des donn\u00e9es personnelles \u2013 Art. 13,14 r\u00e8glement UE 2016\/679 - All Inclusive Hotels","robots":{"index":"noindex","follow":"nofollow"},"og_locale":"fr_FR","og_type":"article","og_title":"Traitement des donn\u00e9es personnelles \u2013 Art. 13,14 r\u00e8glement UE 2016\/679 - All Inclusive Hotels","og_description":"Soggetti Interessati: Richiedenti informazioni ed iscrizione alla newsletter dedicata agli hotel all inclusive Il CONSORZIO &hellip;","og_url":"https:\/\/www.allinclusivehotels.it\/fr\/traitement-des-donnees-personnelles-art-1314-reglement-ue-2016-679","og_site_name":"All Inclusive Hotels","article_modified_time":"2023-02-06T09:11:55+00:00","twitter_card":"summary_large_image","twitter_misc":{"Dur\u00e9e de lecture estim\u00e9e":"7 minutes"},"schema":{"@context":"https:\/\/schema.org","@graph":[{"@type":"WebPage","@id":"https:\/\/www.allinclusivehotels.it\/fr\/traitement-des-donnees-personnelles-art-1314-reglement-ue-2016-679","url":"https:\/\/www.allinclusivehotels.it\/fr\/traitement-des-donnees-personnelles-art-1314-reglement-ue-2016-679","name":"Traitement des donn\u00e9es personnelles \u2013 Art. 13,14 r\u00e8glement UE 2016\/679 - All Inclusive Hotels","isPartOf":{"@id":"https:\/\/www.allinclusivehotels.it\/fr#website"},"datePublished":"2022-02-16T13:38:26+00:00","dateModified":"2023-02-06T09:11:55+00:00","breadcrumb":{"@id":"https:\/\/www.allinclusivehotels.it\/fr\/traitement-des-donnees-personnelles-art-1314-reglement-ue-2016-679#breadcrumb"},"inLanguage":"fr-FR","potentialAction":[{"@type":"ReadAction","target":["https:\/\/www.allinclusivehotels.it\/fr\/traitement-des-donnees-personnelles-art-1314-reglement-ue-2016-679"]}]},{"@type":"BreadcrumbList","@id":"https:\/\/www.allinclusivehotels.it\/fr\/traitement-des-donnees-personnelles-art-1314-reglement-ue-2016-679#breadcrumb","itemListElement":[{"@type":"ListItem","position":1,"name":"Home","item":"https:\/\/www.allinclusivehotels.it\/fr"},{"@type":"ListItem","position":2,"name":"Traitement des donn\u00e9es personnelles \u2013 Art. 13,14 r\u00e8glement UE 2016\/679"}]},{"@type":"WebSite","@id":"https:\/\/www.allinclusivehotels.it\/fr#website","url":"https:\/\/www.allinclusivehotels.it\/fr","name":"All Inclusive Hotels","description":"","publisher":{"@id":"https:\/\/www.allinclusivehotels.it\/fr#organization"},"potentialAction":[{"@type":"SearchAction","target":{"@type":"EntryPoint","urlTemplate":"https:\/\/www.allinclusivehotels.it\/fr?s={search_term_string}"},"query-input":{"@type":"PropertyValueSpecification","valueRequired":true,"valueName":"search_term_string"}}],"inLanguage":"fr-FR"},{"@type":"Organization","@id":"https:\/\/www.allinclusivehotels.it\/fr#organization","name":"All Inclusive Hotels","url":"https:\/\/www.allinclusivehotels.it\/fr","logo":{"@type":"ImageObject","inLanguage":"fr-FR","@id":"https:\/\/www.allinclusivehotels.it\/fr#\/schema\/logo\/image\/","url":"","contentUrl":"","caption":"All Inclusive Hotels"},"image":{"@id":"https:\/\/www.allinclusivehotels.it\/fr#\/schema\/logo\/image\/"}}]}},"_links":{"self":[{"href":"https:\/\/www.allinclusivehotels.it\/fr\/wp-json\/wp\/v2\/pages\/8246","targetHints":{"allow":["GET"]}}],"collection":[{"href":"https:\/\/www.allinclusivehotels.it\/fr\/wp-json\/wp\/v2\/pages"}],"about":[{"href":"https:\/\/www.allinclusivehotels.it\/fr\/wp-json\/wp\/v2\/types\/page"}],"author":[{"embeddable":true,"href":"https:\/\/www.allinclusivehotels.it\/fr\/wp-json\/wp\/v2\/users\/1"}],"replies":[{"embeddable":true,"href":"https:\/\/www.allinclusivehotels.it\/fr\/wp-json\/wp\/v2\/comments?post=8246"}],"version-history":[{"count":4,"href":"https:\/\/www.allinclusivehotels.it\/fr\/wp-json\/wp\/v2\/pages\/8246\/revisions"}],"predecessor-version":[{"id":25020,"href":"https:\/\/www.allinclusivehotels.it\/fr\/wp-json\/wp\/v2\/pages\/8246\/revisions\/25020"}],"wp:attachment":[{"href":"https:\/\/www.allinclusivehotels.it\/fr\/wp-json\/wp\/v2\/media?parent=8246"}],"curies":[{"name":"wp","href":"https:\/\/api.w.org\/{rel}","templated":true}]}}