{"id":8239,"date":"2022-02-16T14:38:25","date_gmt":"2022-02-16T13:38:25","guid":{"rendered":"https:\/\/www.allinclusivehotels.it\/all-inclusive-hotels-riviera-adriatique"},"modified":"2023-03-08T10:12:00","modified_gmt":"2023-03-08T09:12:00","slug":"all-inclusive-hotels-riviera-adriatique","status":"publish","type":"page","link":"https:\/\/www.allinclusivehotels.it\/fr\/all-inclusive-hotels-riviera-adriatique","title":{"rendered":"All Inclusive Hotels Riviera Adriatique"},"content":{"rendered":"\n<p>Voici la liste des <b>All Inclusive Hotels Riviera Adriatica<\/b>.<\/p>\n\n\n\n<p>Elle comprend tous les h\u00f4tels de la c\u00f4te adriatique, de la c\u00f4te de Venise en passant pour la Riviera Romagnole, jusqu\u2019aux Abruzzes et aux Pouilles.<\/p>\n","protected":false},"excerpt":{"rendered":"<p>Voici la liste des All Inclusive Hotels Riviera Adriatica. Elle comprend tous les h\u00f4tels de &hellip;<\/p>\n","protected":false},"author":1,"featured_media":0,"parent":0,"menu_order":0,"comment_status":"closed","ping_status":"closed","template":"page-templates\/lista_hotel.php","meta":{"_acf_changed":false,"footnotes":""},"class_list":["post-8239","page","type-page","status-publish","hentry"],"acf":[],"yoast_head":"<!-- This site is optimized with the Yoast SEO plugin v27.0 - https:\/\/yoast.com\/product\/yoast-seo-wordpress\/ -->\n<title>H\u00f4tels tout compris sur la C\u00f4te Adriatique | Plus de 60 h\u00f4tels \u00e0 la mer<\/title>\n<meta name=\"description\" content=\"Vous cherchez un h\u00f4tel &quot;tout compris&quot; sur la C\u00f4te Adriatique? De Venise jusqu&#039;aux Pouilles, une s\u00e9lection des meilleurs h\u00f4tels All Inclusive\" \/>\n<meta name=\"robots\" content=\"index, follow, max-snippet:-1, max-image-preview:large, max-video-preview:-1\" \/>\n<link rel=\"canonical\" href=\"https:\/\/www.allinclusivehotels.it\/fr\/all-inclusive-hotels-riviera-adriatique\" \/>\n<meta property=\"og:locale\" content=\"fr_FR\" \/>\n<meta property=\"og:type\" content=\"article\" \/>\n<meta property=\"og:title\" content=\"H\u00f4tels tout compris sur la C\u00f4te Adriatique | Plus de 60 h\u00f4tels \u00e0 la mer\" \/>\n<meta property=\"og:description\" content=\"Vous cherchez un h\u00f4tel &quot;tout compris&quot; sur la C\u00f4te Adriatique? De Venise jusqu&#039;aux Pouilles, une s\u00e9lection des meilleurs h\u00f4tels All Inclusive\" \/>\n<meta property=\"og:url\" content=\"https:\/\/www.allinclusivehotels.it\/fr\/all-inclusive-hotels-riviera-adriatique\" \/>\n<meta property=\"og:site_name\" content=\"All Inclusive Hotels\" \/>\n<meta property=\"article:modified_time\" content=\"2023-03-08T09:12:00+00:00\" \/>\n<meta name=\"twitter:card\" content=\"summary_large_image\" \/>\n<meta name=\"twitter:label1\" content=\"Dur\u00e9e de lecture estim\u00e9e\" \/>\n\t<meta name=\"twitter:data1\" content=\"1 minute\" \/>\n<script type=\"application\/ld+json\" class=\"yoast-schema-graph\">{\"@context\":\"https:\/\/schema.org\",\"@graph\":[{\"@type\":\"WebPage\",\"@id\":\"https:\/\/www.allinclusivehotels.it\/fr\/all-inclusive-hotels-riviera-adriatique\",\"url\":\"https:\/\/www.allinclusivehotels.it\/fr\/all-inclusive-hotels-riviera-adriatique\",\"name\":\"H\u00f4tels tout compris sur la C\u00f4te Adriatique | Plus de 60 h\u00f4tels \u00e0 la mer\",\"isPartOf\":{\"@id\":\"https:\/\/www.allinclusivehotels.it\/fr#website\"},\"datePublished\":\"2022-02-16T13:38:25+00:00\",\"dateModified\":\"2023-03-08T09:12:00+00:00\",\"description\":\"Vous cherchez un h\u00f4tel \\\"tout compris\\\" sur la C\u00f4te Adriatique? De Venise jusqu'aux Pouilles, une s\u00e9lection des meilleurs h\u00f4tels All Inclusive\",\"breadcrumb\":{\"@id\":\"https:\/\/www.allinclusivehotels.it\/fr\/all-inclusive-hotels-riviera-adriatique#breadcrumb\"},\"inLanguage\":\"fr-FR\",\"potentialAction\":[{\"@type\":\"ReadAction\",\"target\":[\"https:\/\/www.allinclusivehotels.it\/fr\/all-inclusive-hotels-riviera-adriatique\"]}]},{\"@type\":\"BreadcrumbList\",\"@id\":\"https:\/\/www.allinclusivehotels.it\/fr\/all-inclusive-hotels-riviera-adriatique#breadcrumb\",\"itemListElement\":[{\"@type\":\"ListItem\",\"position\":1,\"name\":\"Home\",\"item\":\"https:\/\/www.allinclusivehotels.it\/fr\"},{\"@type\":\"ListItem\",\"position\":2,\"name\":\"All Inclusive Hotels Riviera Adriatique\"}]},{\"@type\":\"WebSite\",\"@id\":\"https:\/\/www.allinclusivehotels.it\/fr#website\",\"url\":\"https:\/\/www.allinclusivehotels.it\/fr\",\"name\":\"All Inclusive Hotels\",\"description\":\"\",\"publisher\":{\"@id\":\"https:\/\/www.allinclusivehotels.it\/fr#organization\"},\"potentialAction\":[{\"@type\":\"SearchAction\",\"target\":{\"@type\":\"EntryPoint\",\"urlTemplate\":\"https:\/\/www.allinclusivehotels.it\/fr?s={search_term_string}\"},\"query-input\":{\"@type\":\"PropertyValueSpecification\",\"valueRequired\":true,\"valueName\":\"search_term_string\"}}],\"inLanguage\":\"fr-FR\"},{\"@type\":\"Organization\",\"@id\":\"https:\/\/www.allinclusivehotels.it\/fr#organization\",\"name\":\"All Inclusive Hotels\",\"url\":\"https:\/\/www.allinclusivehotels.it\/fr\",\"logo\":{\"@type\":\"ImageObject\",\"inLanguage\":\"fr-FR\",\"@id\":\"https:\/\/www.allinclusivehotels.it\/fr#\/schema\/logo\/image\/\",\"url\":\"\",\"contentUrl\":\"\",\"caption\":\"All Inclusive Hotels\"},\"image\":{\"@id\":\"https:\/\/www.allinclusivehotels.it\/fr#\/schema\/logo\/image\/\"}}]}<\/script>\n<!-- \/ Yoast SEO plugin. -->","yoast_head_json":{"title":"H\u00f4tels tout compris sur la C\u00f4te Adriatique | Plus de 60 h\u00f4tels \u00e0 la mer","description":"Vous cherchez un h\u00f4tel \"tout compris\" sur la C\u00f4te Adriatique? De Venise jusqu'aux Pouilles, une s\u00e9lection des meilleurs h\u00f4tels All Inclusive","robots":{"index":"index","follow":"follow","max-snippet":"max-snippet:-1","max-image-preview":"max-image-preview:large","max-video-preview":"max-video-preview:-1"},"canonical":"https:\/\/www.allinclusivehotels.it\/fr\/all-inclusive-hotels-riviera-adriatique","og_locale":"fr_FR","og_type":"article","og_title":"H\u00f4tels tout compris sur la C\u00f4te Adriatique | Plus de 60 h\u00f4tels \u00e0 la mer","og_description":"Vous cherchez un h\u00f4tel \"tout compris\" sur la C\u00f4te Adriatique? De Venise jusqu'aux Pouilles, une s\u00e9lection des meilleurs h\u00f4tels All Inclusive","og_url":"https:\/\/www.allinclusivehotels.it\/fr\/all-inclusive-hotels-riviera-adriatique","og_site_name":"All Inclusive Hotels","article_modified_time":"2023-03-08T09:12:00+00:00","twitter_card":"summary_large_image","twitter_misc":{"Dur\u00e9e de lecture estim\u00e9e":"1 minute"},"schema":{"@context":"https:\/\/schema.org","@graph":[{"@type":"WebPage","@id":"https:\/\/www.allinclusivehotels.it\/fr\/all-inclusive-hotels-riviera-adriatique","url":"https:\/\/www.allinclusivehotels.it\/fr\/all-inclusive-hotels-riviera-adriatique","name":"H\u00f4tels tout compris sur la C\u00f4te Adriatique | Plus de 60 h\u00f4tels \u00e0 la mer","isPartOf":{"@id":"https:\/\/www.allinclusivehotels.it\/fr#website"},"datePublished":"2022-02-16T13:38:25+00:00","dateModified":"2023-03-08T09:12:00+00:00","description":"Vous cherchez un h\u00f4tel \"tout compris\" sur la C\u00f4te Adriatique? De Venise jusqu'aux Pouilles, une s\u00e9lection des meilleurs h\u00f4tels All Inclusive","breadcrumb":{"@id":"https:\/\/www.allinclusivehotels.it\/fr\/all-inclusive-hotels-riviera-adriatique#breadcrumb"},"inLanguage":"fr-FR","potentialAction":[{"@type":"ReadAction","target":["https:\/\/www.allinclusivehotels.it\/fr\/all-inclusive-hotels-riviera-adriatique"]}]},{"@type":"BreadcrumbList","@id":"https:\/\/www.allinclusivehotels.it\/fr\/all-inclusive-hotels-riviera-adriatique#breadcrumb","itemListElement":[{"@type":"ListItem","position":1,"name":"Home","item":"https:\/\/www.allinclusivehotels.it\/fr"},{"@type":"ListItem","position":2,"name":"All Inclusive Hotels Riviera Adriatique"}]},{"@type":"WebSite","@id":"https:\/\/www.allinclusivehotels.it\/fr#website","url":"https:\/\/www.allinclusivehotels.it\/fr","name":"All Inclusive Hotels","description":"","publisher":{"@id":"https:\/\/www.allinclusivehotels.it\/fr#organization"},"potentialAction":[{"@type":"SearchAction","target":{"@type":"EntryPoint","urlTemplate":"https:\/\/www.allinclusivehotels.it\/fr?s={search_term_string}"},"query-input":{"@type":"PropertyValueSpecification","valueRequired":true,"valueName":"search_term_string"}}],"inLanguage":"fr-FR"},{"@type":"Organization","@id":"https:\/\/www.allinclusivehotels.it\/fr#organization","name":"All Inclusive Hotels","url":"https:\/\/www.allinclusivehotels.it\/fr","logo":{"@type":"ImageObject","inLanguage":"fr-FR","@id":"https:\/\/www.allinclusivehotels.it\/fr#\/schema\/logo\/image\/","url":"","contentUrl":"","caption":"All Inclusive Hotels"},"image":{"@id":"https:\/\/www.allinclusivehotels.it\/fr#\/schema\/logo\/image\/"}}]}},"_links":{"self":[{"href":"https:\/\/www.allinclusivehotels.it\/fr\/wp-json\/wp\/v2\/pages\/8239","targetHints":{"allow":["GET"]}}],"collection":[{"href":"https:\/\/www.allinclusivehotels.it\/fr\/wp-json\/wp\/v2\/pages"}],"about":[{"href":"https:\/\/www.allinclusivehotels.it\/fr\/wp-json\/wp\/v2\/types\/page"}],"author":[{"embeddable":true,"href":"https:\/\/www.allinclusivehotels.it\/fr\/wp-json\/wp\/v2\/users\/1"}],"replies":[{"embeddable":true,"href":"https:\/\/www.allinclusivehotels.it\/fr\/wp-json\/wp\/v2\/comments?post=8239"}],"version-history":[{"count":1,"href":"https:\/\/www.allinclusivehotels.it\/fr\/wp-json\/wp\/v2\/pages\/8239\/revisions"}],"predecessor-version":[{"id":8240,"href":"https:\/\/www.allinclusivehotels.it\/fr\/wp-json\/wp\/v2\/pages\/8239\/revisions\/8240"}],"wp:attachment":[{"href":"https:\/\/www.allinclusivehotels.it\/fr\/wp-json\/wp\/v2\/media?parent=8239"}],"curies":[{"name":"wp","href":"https:\/\/api.w.org\/{rel}","templated":true}]}}