{"id":8233,"date":"2022-02-16T14:38:24","date_gmt":"2022-02-16T13:38:24","guid":{"rendered":"https:\/\/www.allinclusivehotels.it\/villages\/les-pouilles"},"modified":"2022-04-21T10:09:39","modified_gmt":"2022-04-21T08:09:39","slug":"les-pouilles","status":"publish","type":"page","link":"https:\/\/www.allinclusivehotels.it\/fr\/villages\/les-pouilles","title":{"rendered":"Les Pouilles"},"content":{"rendered":"\n<h2 class=\"wp-block-heading\">Un s\u00e9jour entre mer, histoire et bonne table<\/h2>\n\n\n\n<p>Des vacances dans les <b>Pouilles, c\u2019est un voyage entre mer, histoire, traditions et saveurs authentiques.<\/b> Les <b>villages<\/b> <b>vacances All Inclusive<\/b> savent incarner toutes ces richesses gr\u00e2ce \u00e0 leur accueil chaleureux, sinc\u00e8re et attentif \u00e0 toutes les attentes et exigences du client.<\/p>\n\n\n\n<p>La <b>gastronomie <\/b>est sans doute l\u2019un des points forts de la r\u00e9gion. Tous les<b> villages All Inclusive Pouilles&nbsp;<\/b>proposent une cuisine de terre et de mer, d\u00e9licieuse et imaginative, exclusivement en lien avec les excellents produits du terroir&nbsp;:  pain et p\u00e2tes fraiches faites \u00e0 la main, comme les c\u00e9l\u00e8bres <b>orecchiette&nbsp;;<\/b> poissons et crustac\u00e9s&nbsp;; <b>burrate<\/b> et autres produits laitiers&nbsp;; cardons, chicor\u00e9e, champignons, tartuffes, asperges. Sans oublier l\u2019<b>huile d\u2019olive extra-vierge <\/b>et le <b>vin<\/b>, produit phare d\u2019une terre g\u00e9n\u00e9reuse, baign\u00e9e de soleil et par <b>une de plus belles<\/b> <b>mers d\u2019Italie<\/b>. Dans tous les plats de nos <b>villages vacances<\/b> <b>All Inclusive Pouilles, vous trouverez des produits \u00e0 0 kilom\u00e8tre qui sauront s\u00e9duire les adultes les plus exigeants, tout en apportant une base saine aux menus des plus petits.<\/b><\/p>\n\n\n\n<!--more-->\n\n\n\n<h2 class=\"wp-block-heading\">\u00c0 la d\u00e9couverte de l\u2019arri\u00e8re-pays<\/h2>\n\n\n\n<p>Dans les <b>villages All Inclusive Pouilles&nbsp;<\/b>vous trouverez toutes les indications et les conseils utiles pour d\u00e9couvrir le charmant arri\u00e8re-pays de cette r\u00e9gion, tapiss\u00e9 d\u2019oliviers, de murs en pierre s\u00e8ches, des silencieuse \u201cmasseries\u201d, de petits villages o\u00f9 le temps semble suspendu, ainsi que des bourgs m\u00e9di\u00e9vaux comme <b>Carpino<\/b>, r\u00e9put\u00e9 pour ses produits agricoles et artisanaux, ou <b>San Giovanni<\/b> <b>Rotondo<\/b>, lieu de m\u00e9ditation et de pri\u00e8re o\u00f9 Padre Pio re\u00e7ut ses stigmates.<\/p>\n\n\n\n<h2 class=\"wp-block-heading\">Un Paradis pour cyclotouristes<\/h2>\n\n\n\n<p>Les <b>itin\u00e9raires cyclo-touristique<\/b> sont nombreux et fascinants. Le v\u00e9lo est sans doute le moyen de transport id\u00e9al pour visiter ce territoire, en empruntant des sentiers qui depuis les montagnes, se jettent directement dans la <b>Mer Adriatique.<\/b><\/p>\n\n\n\n<p>Le d\u00e9fi est passionnant et les&nbsp;<b>villages All Inclusive Pouilles<\/b> y contribuent en fournissant aux cyclotouristes des guides et des conseils pour les itin\u00e9raires \u00e0 suivre, les points d\u2019arr\u00eat, l\u2019assistance et tout ce qu\u2019il faut pour une  excursion paisible \u00e0 deux roues.<\/p>\n","protected":false},"excerpt":{"rendered":"<p>Un s\u00e9jour entre mer, histoire et bonne table Des vacances dans les Pouilles, c\u2019est un &hellip;<\/p>\n","protected":false},"author":1,"featured_media":0,"parent":8229,"menu_order":0,"comment_status":"closed","ping_status":"closed","template":"page-templates\/destinazione_villaggi.php","meta":{"_acf_changed":false,"footnotes":""},"class_list":["post-8233","page","type-page","status-publish","hentry"],"acf":[],"yoast_head":"<!-- This site is optimized with the Yoast SEO plugin v27.0 - https:\/\/yoast.com\/product\/yoast-seo-wordpress\/ -->\n<title>Les meilleurs Villages Vacances All Inclusive dans les Pouilles<\/title>\n<meta name=\"description\" content=\"Vous cherchez un Village Vacances All Inclusive dans les Pouilles? D\u00e9couvrez la plus grande s\u00e9lection de villages tout compris !\" \/>\n<meta name=\"robots\" content=\"index, follow, max-snippet:-1, max-image-preview:large, max-video-preview:-1\" \/>\n<link rel=\"canonical\" href=\"https:\/\/www.allinclusivehotels.it\/fr\/villages\/les-pouilles\" \/>\n<meta property=\"og:locale\" content=\"fr_FR\" \/>\n<meta property=\"og:type\" content=\"article\" \/>\n<meta property=\"og:title\" content=\"Les meilleurs Villages Vacances All Inclusive dans les Pouilles\" \/>\n<meta property=\"og:description\" content=\"Vous cherchez un Village Vacances All Inclusive dans les Pouilles? D\u00e9couvrez la plus grande s\u00e9lection de villages tout compris !\" \/>\n<meta property=\"og:url\" content=\"https:\/\/www.allinclusivehotels.it\/fr\/villages\/les-pouilles\" \/>\n<meta property=\"og:site_name\" content=\"All Inclusive Hotels\" \/>\n<meta property=\"article:modified_time\" content=\"2022-04-21T08:09:39+00:00\" \/>\n<meta name=\"twitter:card\" content=\"summary_large_image\" \/>\n<meta name=\"twitter:label1\" content=\"Dur\u00e9e de lecture estim\u00e9e\" \/>\n\t<meta name=\"twitter:data1\" content=\"2 minutes\" \/>\n<script type=\"application\/ld+json\" class=\"yoast-schema-graph\">{\"@context\":\"https:\/\/schema.org\",\"@graph\":[{\"@type\":\"WebPage\",\"@id\":\"https:\/\/www.allinclusivehotels.it\/fr\/villages\/les-pouilles\",\"url\":\"https:\/\/www.allinclusivehotels.it\/fr\/villages\/les-pouilles\",\"name\":\"Les meilleurs Villages Vacances All Inclusive dans les Pouilles\",\"isPartOf\":{\"@id\":\"https:\/\/www.allinclusivehotels.it\/fr#website\"},\"datePublished\":\"2022-02-16T13:38:24+00:00\",\"dateModified\":\"2022-04-21T08:09:39+00:00\",\"description\":\"Vous cherchez un Village Vacances All Inclusive dans les Pouilles? D\u00e9couvrez la plus grande s\u00e9lection de villages tout compris !\",\"breadcrumb\":{\"@id\":\"https:\/\/www.allinclusivehotels.it\/fr\/villages\/les-pouilles#breadcrumb\"},\"inLanguage\":\"fr-FR\",\"potentialAction\":[{\"@type\":\"ReadAction\",\"target\":[\"https:\/\/www.allinclusivehotels.it\/fr\/villages\/les-pouilles\"]}]},{\"@type\":\"BreadcrumbList\",\"@id\":\"https:\/\/www.allinclusivehotels.it\/fr\/villages\/les-pouilles#breadcrumb\",\"itemListElement\":[{\"@type\":\"ListItem\",\"position\":1,\"name\":\"Home\",\"item\":\"https:\/\/www.allinclusivehotels.it\/fr\"},{\"@type\":\"ListItem\",\"position\":2,\"name\":\"Villages\",\"item\":\"https:\/\/www.allinclusivehotels.it\/fr\/villages\"},{\"@type\":\"ListItem\",\"position\":3,\"name\":\"Les Pouilles\"}]},{\"@type\":\"WebSite\",\"@id\":\"https:\/\/www.allinclusivehotels.it\/fr#website\",\"url\":\"https:\/\/www.allinclusivehotels.it\/fr\",\"name\":\"All Inclusive Hotels\",\"description\":\"\",\"publisher\":{\"@id\":\"https:\/\/www.allinclusivehotels.it\/fr#organization\"},\"potentialAction\":[{\"@type\":\"SearchAction\",\"target\":{\"@type\":\"EntryPoint\",\"urlTemplate\":\"https:\/\/www.allinclusivehotels.it\/fr?s={search_term_string}\"},\"query-input\":{\"@type\":\"PropertyValueSpecification\",\"valueRequired\":true,\"valueName\":\"search_term_string\"}}],\"inLanguage\":\"fr-FR\"},{\"@type\":\"Organization\",\"@id\":\"https:\/\/www.allinclusivehotels.it\/fr#organization\",\"name\":\"All Inclusive Hotels\",\"url\":\"https:\/\/www.allinclusivehotels.it\/fr\",\"logo\":{\"@type\":\"ImageObject\",\"inLanguage\":\"fr-FR\",\"@id\":\"https:\/\/www.allinclusivehotels.it\/fr#\/schema\/logo\/image\/\",\"url\":\"\",\"contentUrl\":\"\",\"caption\":\"All Inclusive Hotels\"},\"image\":{\"@id\":\"https:\/\/www.allinclusivehotels.it\/fr#\/schema\/logo\/image\/\"}}]}<\/script>\n<!-- \/ Yoast SEO plugin. -->","yoast_head_json":{"title":"Les meilleurs Villages Vacances All Inclusive dans les Pouilles","description":"Vous cherchez un Village Vacances All Inclusive dans les Pouilles? D\u00e9couvrez la plus grande s\u00e9lection de villages tout compris !","robots":{"index":"index","follow":"follow","max-snippet":"max-snippet:-1","max-image-preview":"max-image-preview:large","max-video-preview":"max-video-preview:-1"},"canonical":"https:\/\/www.allinclusivehotels.it\/fr\/villages\/les-pouilles","og_locale":"fr_FR","og_type":"article","og_title":"Les meilleurs Villages Vacances All Inclusive dans les Pouilles","og_description":"Vous cherchez un Village Vacances All Inclusive dans les Pouilles? D\u00e9couvrez la plus grande s\u00e9lection de villages tout compris !","og_url":"https:\/\/www.allinclusivehotels.it\/fr\/villages\/les-pouilles","og_site_name":"All Inclusive Hotels","article_modified_time":"2022-04-21T08:09:39+00:00","twitter_card":"summary_large_image","twitter_misc":{"Dur\u00e9e de lecture estim\u00e9e":"2 minutes"},"schema":{"@context":"https:\/\/schema.org","@graph":[{"@type":"WebPage","@id":"https:\/\/www.allinclusivehotels.it\/fr\/villages\/les-pouilles","url":"https:\/\/www.allinclusivehotels.it\/fr\/villages\/les-pouilles","name":"Les meilleurs Villages Vacances All Inclusive dans les Pouilles","isPartOf":{"@id":"https:\/\/www.allinclusivehotels.it\/fr#website"},"datePublished":"2022-02-16T13:38:24+00:00","dateModified":"2022-04-21T08:09:39+00:00","description":"Vous cherchez un Village Vacances All Inclusive dans les Pouilles? D\u00e9couvrez la plus grande s\u00e9lection de villages tout compris !","breadcrumb":{"@id":"https:\/\/www.allinclusivehotels.it\/fr\/villages\/les-pouilles#breadcrumb"},"inLanguage":"fr-FR","potentialAction":[{"@type":"ReadAction","target":["https:\/\/www.allinclusivehotels.it\/fr\/villages\/les-pouilles"]}]},{"@type":"BreadcrumbList","@id":"https:\/\/www.allinclusivehotels.it\/fr\/villages\/les-pouilles#breadcrumb","itemListElement":[{"@type":"ListItem","position":1,"name":"Home","item":"https:\/\/www.allinclusivehotels.it\/fr"},{"@type":"ListItem","position":2,"name":"Villages","item":"https:\/\/www.allinclusivehotels.it\/fr\/villages"},{"@type":"ListItem","position":3,"name":"Les Pouilles"}]},{"@type":"WebSite","@id":"https:\/\/www.allinclusivehotels.it\/fr#website","url":"https:\/\/www.allinclusivehotels.it\/fr","name":"All Inclusive Hotels","description":"","publisher":{"@id":"https:\/\/www.allinclusivehotels.it\/fr#organization"},"potentialAction":[{"@type":"SearchAction","target":{"@type":"EntryPoint","urlTemplate":"https:\/\/www.allinclusivehotels.it\/fr?s={search_term_string}"},"query-input":{"@type":"PropertyValueSpecification","valueRequired":true,"valueName":"search_term_string"}}],"inLanguage":"fr-FR"},{"@type":"Organization","@id":"https:\/\/www.allinclusivehotels.it\/fr#organization","name":"All Inclusive Hotels","url":"https:\/\/www.allinclusivehotels.it\/fr","logo":{"@type":"ImageObject","inLanguage":"fr-FR","@id":"https:\/\/www.allinclusivehotels.it\/fr#\/schema\/logo\/image\/","url":"","contentUrl":"","caption":"All Inclusive Hotels"},"image":{"@id":"https:\/\/www.allinclusivehotels.it\/fr#\/schema\/logo\/image\/"}}]}},"_links":{"self":[{"href":"https:\/\/www.allinclusivehotels.it\/fr\/wp-json\/wp\/v2\/pages\/8233","targetHints":{"allow":["GET"]}}],"collection":[{"href":"https:\/\/www.allinclusivehotels.it\/fr\/wp-json\/wp\/v2\/pages"}],"about":[{"href":"https:\/\/www.allinclusivehotels.it\/fr\/wp-json\/wp\/v2\/types\/page"}],"author":[{"embeddable":true,"href":"https:\/\/www.allinclusivehotels.it\/fr\/wp-json\/wp\/v2\/users\/1"}],"replies":[{"embeddable":true,"href":"https:\/\/www.allinclusivehotels.it\/fr\/wp-json\/wp\/v2\/comments?post=8233"}],"version-history":[{"count":6,"href":"https:\/\/www.allinclusivehotels.it\/fr\/wp-json\/wp\/v2\/pages\/8233\/revisions"}],"predecessor-version":[{"id":18967,"href":"https:\/\/www.allinclusivehotels.it\/fr\/wp-json\/wp\/v2\/pages\/8233\/revisions\/18967"}],"up":[{"embeddable":true,"href":"https:\/\/www.allinclusivehotels.it\/fr\/wp-json\/wp\/v2\/pages\/8229"}],"wp:attachment":[{"href":"https:\/\/www.allinclusivehotels.it\/fr\/wp-json\/wp\/v2\/media?parent=8233"}],"curies":[{"name":"wp","href":"https:\/\/api.w.org\/{rel}","templated":true}]}}