{"id":8229,"date":"2022-02-16T14:38:22","date_gmt":"2022-02-16T13:38:22","guid":{"rendered":"https:\/\/www.allinclusivehotels.it\/villages"},"modified":"2023-03-08T10:09:17","modified_gmt":"2023-03-08T09:09:17","slug":"villages","status":"publish","type":"page","link":"https:\/\/www.allinclusivehotels.it\/fr\/villages","title":{"rendered":"Villages"},"content":{"rendered":"\n<h2 class=\"wp-block-heading\">Les vacances commencent m\u00eame avant de partir<\/h2>\n\n\n\n<p>Bienvenus aux&nbsp;<b>villages vacances All Inclusive,<\/b>&nbsp;la solution id\u00e9ale pour ceux qui souhaitent partir en vacances avec une seule pr\u00e9occupation&nbsp;: pr\u00e9parer sa valise. Nous offrons \u00e0 nos clients un accueil chaleureux, une assistance compl\u00e8te, de nombreux services et animations.<\/p>\n\n\n\n<p>Si vous choisissez une de nos structures, les vacances commencent m\u00eame avant de partir, puisque les familles, les couples, les parents c\u00e9libataires et les sportifs savent \u00e0 l\u2019avance ce qu\u2019ils trouveront au meilleur prix.<\/p>\n\n\n\n<!--more-->\n\n\n\n<h2 class=\"wp-block-heading\">Le client au centre de tout<\/h2>\n\n\n\n<p>Dans nos <b>villages vacances All Inclusive<\/b>, le client est au centre de tous les soins et attentions lui permettant de profiter de vacances sous le signe de la joie, de la s\u00e9r\u00e9nit\u00e9 et de la d\u00e9tente, tout en cultivant ses passions ou int\u00e9r\u00eats, comme le sport, le cyclotourisme, l\u2019exploration de territoires riches d\u2019histoire, d\u2019art, de culture, de traditions et de saveurs.<\/p>\n\n\n\n<h2 class=\"wp-block-heading\">Vacances et d\u00e9couverte du territoire<\/h2>\n\n\n\n<p>Dans nos villages, le plaisir des vacances s\u2019accompagne toujours de la d\u00e9couverte de <b>territoires uniques<\/b>, car nos structures se trouvent dans certaines de <b>plus belles<\/b> <b>localit\u00e9s touristiques italiennes.<\/b> Les <b>villages All Inclusive mer<\/b>, par exemple, vont <b>des Pouilles aux Abruzzes, de la V\u00e9n\u00e9tie aux Marches jusqu\u2019\u00e0 la Toscane<\/b>, et offre des baies accueillantes et des eaux limpides, des animations professionnelles, un cadre pratique et tout le confort, une gastronomie typique faite de produits \u00e0 0 kilom\u00e8tre, avec des menus personnalis\u00e9s et des services sur mesure pour enfants et b\u00e9b\u00e9s.<\/p>\n\n\n\n<h2 class=\"wp-block-heading\">All Inclusive de qualit\u00e9<\/h2>\n\n\n\n<p>En somme, une exp\u00e9rience \u00e0 360 degr\u00e9s, que seule une <b>hospitalit\u00e9 All Inclusive de qualit\u00e9<\/b> peut garantir \u00e0 un public toujours plus exigent et appr\u00e9ciant les choses faites avec un sens de l\u2019hospitalit\u00e9 inscrit dans l\u2019ADN.<\/p>\n","protected":false},"excerpt":{"rendered":"<p>Les vacances commencent m\u00eame avant de partir Bienvenus aux&nbsp;villages vacances All Inclusive,&nbsp;la solution id\u00e9ale pour &hellip;<\/p>\n","protected":false},"author":1,"featured_media":0,"parent":0,"menu_order":0,"comment_status":"closed","ping_status":"closed","template":"page-templates\/lista_villaggi.php","meta":{"_acf_changed":false,"footnotes":""},"class_list":["post-8229","page","type-page","status-publish","hentry"],"acf":[],"yoast_head":"<!-- This site is optimized with the Yoast SEO plugin v27.0 - https:\/\/yoast.com\/product\/yoast-seo-wordpress\/ -->\n<title>Les meilleurs Villages Vacances All Inclusive en Italie<\/title>\n<meta name=\"description\" content=\"Vous cherchez un Village Vacances All Inclusive en Italie? D\u00e9couvrez la plus grande s\u00e9lection de villages tout compris: Voyez les offres!\" \/>\n<meta name=\"robots\" content=\"index, follow, max-snippet:-1, max-image-preview:large, max-video-preview:-1\" \/>\n<link rel=\"canonical\" href=\"https:\/\/www.allinclusivehotels.it\/fr\/villages\" \/>\n<meta property=\"og:locale\" content=\"fr_FR\" \/>\n<meta property=\"og:type\" content=\"article\" \/>\n<meta property=\"og:title\" content=\"Les meilleurs Villages Vacances All Inclusive en Italie\" \/>\n<meta property=\"og:description\" content=\"Vous cherchez un Village Vacances All Inclusive en Italie? D\u00e9couvrez la plus grande s\u00e9lection de villages tout compris: Voyez les offres!\" \/>\n<meta property=\"og:url\" content=\"https:\/\/www.allinclusivehotels.it\/fr\/villages\" \/>\n<meta property=\"og:site_name\" content=\"All Inclusive Hotels\" \/>\n<meta property=\"article:modified_time\" content=\"2023-03-08T09:09:17+00:00\" \/>\n<meta name=\"twitter:card\" content=\"summary_large_image\" \/>\n<meta name=\"twitter:label1\" content=\"Dur\u00e9e de lecture estim\u00e9e\" \/>\n\t<meta name=\"twitter:data1\" content=\"2 minutes\" \/>\n<script type=\"application\/ld+json\" class=\"yoast-schema-graph\">{\"@context\":\"https:\/\/schema.org\",\"@graph\":[{\"@type\":\"WebPage\",\"@id\":\"https:\/\/www.allinclusivehotels.it\/fr\/villages\",\"url\":\"https:\/\/www.allinclusivehotels.it\/fr\/villages\",\"name\":\"Les meilleurs Villages Vacances All Inclusive en Italie\",\"isPartOf\":{\"@id\":\"https:\/\/www.allinclusivehotels.it\/fr#website\"},\"datePublished\":\"2022-02-16T13:38:22+00:00\",\"dateModified\":\"2023-03-08T09:09:17+00:00\",\"description\":\"Vous cherchez un Village Vacances All Inclusive en Italie? D\u00e9couvrez la plus grande s\u00e9lection de villages tout compris: Voyez les offres!\",\"breadcrumb\":{\"@id\":\"https:\/\/www.allinclusivehotels.it\/fr\/villages#breadcrumb\"},\"inLanguage\":\"fr-FR\",\"potentialAction\":[{\"@type\":\"ReadAction\",\"target\":[\"https:\/\/www.allinclusivehotels.it\/fr\/villages\"]}]},{\"@type\":\"BreadcrumbList\",\"@id\":\"https:\/\/www.allinclusivehotels.it\/fr\/villages#breadcrumb\",\"itemListElement\":[{\"@type\":\"ListItem\",\"position\":1,\"name\":\"Home\",\"item\":\"https:\/\/www.allinclusivehotels.it\/fr\"},{\"@type\":\"ListItem\",\"position\":2,\"name\":\"Villages\"}]},{\"@type\":\"WebSite\",\"@id\":\"https:\/\/www.allinclusivehotels.it\/fr#website\",\"url\":\"https:\/\/www.allinclusivehotels.it\/fr\",\"name\":\"All Inclusive Hotels\",\"description\":\"\",\"publisher\":{\"@id\":\"https:\/\/www.allinclusivehotels.it\/fr#organization\"},\"potentialAction\":[{\"@type\":\"SearchAction\",\"target\":{\"@type\":\"EntryPoint\",\"urlTemplate\":\"https:\/\/www.allinclusivehotels.it\/fr?s={search_term_string}\"},\"query-input\":{\"@type\":\"PropertyValueSpecification\",\"valueRequired\":true,\"valueName\":\"search_term_string\"}}],\"inLanguage\":\"fr-FR\"},{\"@type\":\"Organization\",\"@id\":\"https:\/\/www.allinclusivehotels.it\/fr#organization\",\"name\":\"All Inclusive Hotels\",\"url\":\"https:\/\/www.allinclusivehotels.it\/fr\",\"logo\":{\"@type\":\"ImageObject\",\"inLanguage\":\"fr-FR\",\"@id\":\"https:\/\/www.allinclusivehotels.it\/fr#\/schema\/logo\/image\/\",\"url\":\"\",\"contentUrl\":\"\",\"caption\":\"All Inclusive Hotels\"},\"image\":{\"@id\":\"https:\/\/www.allinclusivehotels.it\/fr#\/schema\/logo\/image\/\"}}]}<\/script>\n<!-- \/ Yoast SEO plugin. -->","yoast_head_json":{"title":"Les meilleurs Villages Vacances All Inclusive en Italie","description":"Vous cherchez un Village Vacances All Inclusive en Italie? D\u00e9couvrez la plus grande s\u00e9lection de villages tout compris: Voyez les offres!","robots":{"index":"index","follow":"follow","max-snippet":"max-snippet:-1","max-image-preview":"max-image-preview:large","max-video-preview":"max-video-preview:-1"},"canonical":"https:\/\/www.allinclusivehotels.it\/fr\/villages","og_locale":"fr_FR","og_type":"article","og_title":"Les meilleurs Villages Vacances All Inclusive en Italie","og_description":"Vous cherchez un Village Vacances All Inclusive en Italie? D\u00e9couvrez la plus grande s\u00e9lection de villages tout compris: Voyez les offres!","og_url":"https:\/\/www.allinclusivehotels.it\/fr\/villages","og_site_name":"All Inclusive Hotels","article_modified_time":"2023-03-08T09:09:17+00:00","twitter_card":"summary_large_image","twitter_misc":{"Dur\u00e9e de lecture estim\u00e9e":"2 minutes"},"schema":{"@context":"https:\/\/schema.org","@graph":[{"@type":"WebPage","@id":"https:\/\/www.allinclusivehotels.it\/fr\/villages","url":"https:\/\/www.allinclusivehotels.it\/fr\/villages","name":"Les meilleurs Villages Vacances All Inclusive en Italie","isPartOf":{"@id":"https:\/\/www.allinclusivehotels.it\/fr#website"},"datePublished":"2022-02-16T13:38:22+00:00","dateModified":"2023-03-08T09:09:17+00:00","description":"Vous cherchez un Village Vacances All Inclusive en Italie? D\u00e9couvrez la plus grande s\u00e9lection de villages tout compris: Voyez les offres!","breadcrumb":{"@id":"https:\/\/www.allinclusivehotels.it\/fr\/villages#breadcrumb"},"inLanguage":"fr-FR","potentialAction":[{"@type":"ReadAction","target":["https:\/\/www.allinclusivehotels.it\/fr\/villages"]}]},{"@type":"BreadcrumbList","@id":"https:\/\/www.allinclusivehotels.it\/fr\/villages#breadcrumb","itemListElement":[{"@type":"ListItem","position":1,"name":"Home","item":"https:\/\/www.allinclusivehotels.it\/fr"},{"@type":"ListItem","position":2,"name":"Villages"}]},{"@type":"WebSite","@id":"https:\/\/www.allinclusivehotels.it\/fr#website","url":"https:\/\/www.allinclusivehotels.it\/fr","name":"All Inclusive Hotels","description":"","publisher":{"@id":"https:\/\/www.allinclusivehotels.it\/fr#organization"},"potentialAction":[{"@type":"SearchAction","target":{"@type":"EntryPoint","urlTemplate":"https:\/\/www.allinclusivehotels.it\/fr?s={search_term_string}"},"query-input":{"@type":"PropertyValueSpecification","valueRequired":true,"valueName":"search_term_string"}}],"inLanguage":"fr-FR"},{"@type":"Organization","@id":"https:\/\/www.allinclusivehotels.it\/fr#organization","name":"All Inclusive Hotels","url":"https:\/\/www.allinclusivehotels.it\/fr","logo":{"@type":"ImageObject","inLanguage":"fr-FR","@id":"https:\/\/www.allinclusivehotels.it\/fr#\/schema\/logo\/image\/","url":"","contentUrl":"","caption":"All Inclusive Hotels"},"image":{"@id":"https:\/\/www.allinclusivehotels.it\/fr#\/schema\/logo\/image\/"}}]}},"_links":{"self":[{"href":"https:\/\/www.allinclusivehotels.it\/fr\/wp-json\/wp\/v2\/pages\/8229","targetHints":{"allow":["GET"]}}],"collection":[{"href":"https:\/\/www.allinclusivehotels.it\/fr\/wp-json\/wp\/v2\/pages"}],"about":[{"href":"https:\/\/www.allinclusivehotels.it\/fr\/wp-json\/wp\/v2\/types\/page"}],"author":[{"embeddable":true,"href":"https:\/\/www.allinclusivehotels.it\/fr\/wp-json\/wp\/v2\/users\/1"}],"replies":[{"embeddable":true,"href":"https:\/\/www.allinclusivehotels.it\/fr\/wp-json\/wp\/v2\/comments?post=8229"}],"version-history":[{"count":5,"href":"https:\/\/www.allinclusivehotels.it\/fr\/wp-json\/wp\/v2\/pages\/8229\/revisions"}],"predecessor-version":[{"id":18693,"href":"https:\/\/www.allinclusivehotels.it\/fr\/wp-json\/wp\/v2\/pages\/8229\/revisions\/18693"}],"wp:attachment":[{"href":"https:\/\/www.allinclusivehotels.it\/fr\/wp-json\/wp\/v2\/media?parent=8229"}],"curies":[{"name":"wp","href":"https:\/\/api.w.org\/{rel}","templated":true}]}}