{"id":8227,"date":"2022-02-16T14:38:22","date_gmt":"2022-02-16T13:38:22","guid":{"rendered":"https:\/\/www.allinclusivehotels.it\/destinations\/lido-di-savio"},"modified":"2022-04-12T10:53:30","modified_gmt":"2022-04-12T08:53:30","slug":"lido-di-savio","status":"publish","type":"page","link":"https:\/\/www.allinclusivehotels.it\/fr\/destinations\/lido-di-savio","title":{"rendered":"Lido di Savio"},"content":{"rendered":"\n<p><b>Lido di Savio<\/b>, jolie station baln\u00e9aire de la Riviera Romagnole \u00e0 deux pas de Cervia et de Ravenne, est la destination id\u00e9ale pour ceux qui aiment les lieux joyeux mais pas agit\u00e9s, intimes mais pas isol\u00e9s, festifs mais riche de recoins tranquilles et charmants, o\u00f9 se rendre seul ou accompagn\u00e9, pour s\u2019\u00e9vader du quotidien. Si vous ne l\u2019avez encore pas test\u00e9, le moment est arriv\u00e9 de vous laisser tenter par une <b>formule All Inclusive<\/b>, \u00e0 savoir &#8220;tout compris&#8221;, qui permet \u00e0 ces structures h\u00f4teli\u00e8res de grande qualit\u00e9 de garantir un accueil complet \u00e0 toutes sortes de touristes, en adaptant leurs offres aux exigences, aux go\u00fbts et aux d\u00e9sirs de chacun.<\/p>\n\n\n\n<!--more-->\n\n\n\n<p>De plus en plus d\u2019h\u00f4tels, m\u00eame en Italie, adoptent d\u00e9sormais la modalit\u00e9 All Inclusive, qui pr\u00e9sente des avantages remarquables par rapport aux s\u00e9jours traditionnels, avec la possibilit\u00e9 de personnaliser sa formule et un gain \u00e9conomique non n\u00e9gligeable. L\u2019offre <b>&#8220;tout compris&#8221;<\/b> propose diff\u00e9rentes options&nbsp;: pour les c\u00e9libataires, pour couples, pour familles nombreuses, pour les sportifs et pour les amateurs de bonne cuisine, ou encore incluant des s\u00e9ances entre <b>wellness et d\u00e9tente<\/b>, pour des vacances sous le signe du bien-\u00eatre et du repos.<\/p>\n\n\n\n<p>Les <b>h\u00f4tels Lido di Savio<\/b> qui proposent la formule<b> All Inclusive<\/b> sont des structures modernes et confortables, \u00e0 m\u00eame de satisfaire les attentes de toute client\u00e8le, qui aura \u00e0 disposition des services de grande qualit\u00e9, g\u00e9r\u00e9s par un personnel attentionn\u00e9 et professionnel. Certains h\u00f4tels comprennent aussi des espaces exclusivement d\u00e9di\u00e9s aux plus petits, comprenant des jeux, des activit\u00e9s et m\u00eame de nounous qualifi\u00e9es. Bien que le tourisme \u00e0 Lido di Savio soit plut\u00f4t estival, rien n\u2019emp\u00eache d\u2019y passer des vacances ou un weekend \u00e0 d\u2019autres p\u00e9riodes de l\u2019ann\u00e9e puisque la ville, parfaite pour jeunes et adultes, ne perd pas un brin de son charme et de son attraction pendant la saison hivernale, en demeurant toujours accueillante et chaleureuse.<\/p>\n\n\n\n<p>Lido di Savio repr\u00e9sente une option optimale pour qui voyage avec ses enfants, non seulement parce que les All Inclusive Hotels sont particuli\u00e8rement attentifs \u00e0 leurs besoins, mais aussi pour leur proximit\u00e9 avec de <b>fameux parcs d\u2019attractions<\/b> comme Mirabilandia, et <b>parcs aquatiques<\/b> comme celui de Cesenatico, sans oublier le delphinairum de Cattolica, visit\u00e9 tous les jours par des classes d\u2019\u00e9coliers de toute l\u2019Italie.<\/p>\n\n\n\n<p>Enfin, nos <b>All Inclusive Hotels Lido di Savio<\/b> sont tr\u00e8s vari\u00e9s, un vrai point fort de l\u2019offre touristique de la ville, attach\u00e9e \u00e0 recevoir ses clients avec finesse et rigueur. \u00c9coutez vos envies de voyage&nbsp;: des <b>vacances All Inclusive \u00e0 Lido di Savio<\/b> rendent les familles heureuses tout en restant abordable.<\/p>\n","protected":false},"excerpt":{"rendered":"<p>Lido di Savio, jolie station baln\u00e9aire de la Riviera Romagnole \u00e0 deux pas de Cervia &hellip;<\/p>\n","protected":false},"author":1,"featured_media":0,"parent":8167,"menu_order":0,"comment_status":"closed","ping_status":"closed","template":"page-templates\/destinazione.php","meta":{"_acf_changed":false,"footnotes":""},"class_list":["post-8227","page","type-page","status-publish","hentry"],"acf":[],"yoast_head":"<!-- This site is optimized with the Yoast SEO plugin v27.6 - https:\/\/yoast.com\/product\/yoast-seo-wordpress\/ -->\n<title>H\u00f4tel All Inclusive Lido di Classe | Offres H\u00f4tel 3 \u00e9toiles pour les familles<\/title>\n<meta name=\"description\" content=\"Vous cherchez un H\u00f4tel All Inclusive \u00e0 Lido di Savio? D\u00e9couvrez la plus grande s\u00e9lection d&#039;h\u00f4tels avec offres tout compris!\" \/>\n<meta name=\"robots\" content=\"index, follow, max-snippet:-1, max-image-preview:large, max-video-preview:-1\" \/>\n<link rel=\"canonical\" href=\"https:\/\/www.allinclusivehotels.it\/fr\/destinations\/lido-di-savio\" \/>\n<meta property=\"og:locale\" content=\"fr_FR\" \/>\n<meta property=\"og:type\" content=\"article\" \/>\n<meta property=\"og:title\" content=\"H\u00f4tel All Inclusive Lido di Classe | Offres H\u00f4tel 3 \u00e9toiles pour les familles\" \/>\n<meta property=\"og:description\" content=\"Vous cherchez un H\u00f4tel All Inclusive \u00e0 Lido di Savio? D\u00e9couvrez la plus grande s\u00e9lection d&#039;h\u00f4tels avec offres tout compris!\" \/>\n<meta property=\"og:url\" content=\"https:\/\/www.allinclusivehotels.it\/fr\/destinations\/lido-di-savio\" \/>\n<meta property=\"og:site_name\" content=\"All Inclusive Hotels\" \/>\n<meta property=\"article:modified_time\" content=\"2022-04-12T08:53:30+00:00\" \/>\n<meta name=\"twitter:card\" content=\"summary_large_image\" \/>\n<meta name=\"twitter:label1\" content=\"Dur\u00e9e de lecture estim\u00e9e\" \/>\n\t<meta name=\"twitter:data1\" content=\"3 minutes\" \/>\n<script type=\"application\/ld+json\" class=\"yoast-schema-graph\">{\"@context\":\"https:\\\/\\\/schema.org\",\"@graph\":[{\"@type\":\"WebPage\",\"@id\":\"https:\\\/\\\/www.allinclusivehotels.it\\\/fr\\\/destinations\\\/lido-di-savio\",\"url\":\"https:\\\/\\\/www.allinclusivehotels.it\\\/fr\\\/destinations\\\/lido-di-savio\",\"name\":\"H\u00f4tel All Inclusive Lido di Classe | Offres H\u00f4tel 3 \u00e9toiles pour les familles\",\"isPartOf\":{\"@id\":\"https:\\\/\\\/www.allinclusivehotels.it\\\/fr#website\"},\"datePublished\":\"2022-02-16T13:38:22+00:00\",\"dateModified\":\"2022-04-12T08:53:30+00:00\",\"description\":\"Vous cherchez un H\u00f4tel All Inclusive \u00e0 Lido di Savio? D\u00e9couvrez la plus grande s\u00e9lection d'h\u00f4tels avec offres tout compris!\",\"breadcrumb\":{\"@id\":\"https:\\\/\\\/www.allinclusivehotels.it\\\/fr\\\/destinations\\\/lido-di-savio#breadcrumb\"},\"inLanguage\":\"fr-FR\",\"potentialAction\":[{\"@type\":\"ReadAction\",\"target\":[\"https:\\\/\\\/www.allinclusivehotels.it\\\/fr\\\/destinations\\\/lido-di-savio\"]}]},{\"@type\":\"BreadcrumbList\",\"@id\":\"https:\\\/\\\/www.allinclusivehotels.it\\\/fr\\\/destinations\\\/lido-di-savio#breadcrumb\",\"itemListElement\":[{\"@type\":\"ListItem\",\"position\":1,\"name\":\"Home\",\"item\":\"https:\\\/\\\/www.allinclusivehotels.it\\\/fr\"},{\"@type\":\"ListItem\",\"position\":2,\"name\":\"Destinations\",\"item\":\"https:\\\/\\\/www.allinclusivehotels.it\\\/fr\\\/destinations\"},{\"@type\":\"ListItem\",\"position\":3,\"name\":\"Lido di Savio\"}]},{\"@type\":\"WebSite\",\"@id\":\"https:\\\/\\\/www.allinclusivehotels.it\\\/fr#website\",\"url\":\"https:\\\/\\\/www.allinclusivehotels.it\\\/fr\",\"name\":\"All Inclusive Hotels\",\"description\":\"\",\"publisher\":{\"@id\":\"https:\\\/\\\/www.allinclusivehotels.it\\\/fr#organization\"},\"potentialAction\":[{\"@type\":\"SearchAction\",\"target\":{\"@type\":\"EntryPoint\",\"urlTemplate\":\"https:\\\/\\\/www.allinclusivehotels.it\\\/fr?s={search_term_string}\"},\"query-input\":{\"@type\":\"PropertyValueSpecification\",\"valueRequired\":true,\"valueName\":\"search_term_string\"}}],\"inLanguage\":\"fr-FR\"},{\"@type\":\"Organization\",\"@id\":\"https:\\\/\\\/www.allinclusivehotels.it\\\/fr#organization\",\"name\":\"All Inclusive Hotels\",\"url\":\"https:\\\/\\\/www.allinclusivehotels.it\\\/fr\",\"logo\":{\"@type\":\"ImageObject\",\"inLanguage\":\"fr-FR\",\"@id\":\"https:\\\/\\\/www.allinclusivehotels.it\\\/fr#\\\/schema\\\/logo\\\/image\\\/\",\"url\":\"\",\"contentUrl\":\"\",\"caption\":\"All Inclusive Hotels\"},\"image\":{\"@id\":\"https:\\\/\\\/www.allinclusivehotels.it\\\/fr#\\\/schema\\\/logo\\\/image\\\/\"}}]}<\/script>\n<!-- \/ Yoast SEO plugin. -->","yoast_head_json":{"title":"H\u00f4tel All Inclusive Lido di Classe | Offres H\u00f4tel 3 \u00e9toiles pour les familles","description":"Vous cherchez un H\u00f4tel All Inclusive \u00e0 Lido di Savio? D\u00e9couvrez la plus grande s\u00e9lection d'h\u00f4tels avec offres tout compris!","robots":{"index":"index","follow":"follow","max-snippet":"max-snippet:-1","max-image-preview":"max-image-preview:large","max-video-preview":"max-video-preview:-1"},"canonical":"https:\/\/www.allinclusivehotels.it\/fr\/destinations\/lido-di-savio","og_locale":"fr_FR","og_type":"article","og_title":"H\u00f4tel All Inclusive Lido di Classe | Offres H\u00f4tel 3 \u00e9toiles pour les familles","og_description":"Vous cherchez un H\u00f4tel All Inclusive \u00e0 Lido di Savio? D\u00e9couvrez la plus grande s\u00e9lection d'h\u00f4tels avec offres tout compris!","og_url":"https:\/\/www.allinclusivehotels.it\/fr\/destinations\/lido-di-savio","og_site_name":"All Inclusive Hotels","article_modified_time":"2022-04-12T08:53:30+00:00","twitter_card":"summary_large_image","twitter_misc":{"Dur\u00e9e de lecture estim\u00e9e":"3 minutes"},"schema":{"@context":"https:\/\/schema.org","@graph":[{"@type":"WebPage","@id":"https:\/\/www.allinclusivehotels.it\/fr\/destinations\/lido-di-savio","url":"https:\/\/www.allinclusivehotels.it\/fr\/destinations\/lido-di-savio","name":"H\u00f4tel All Inclusive Lido di Classe | Offres H\u00f4tel 3 \u00e9toiles pour les familles","isPartOf":{"@id":"https:\/\/www.allinclusivehotels.it\/fr#website"},"datePublished":"2022-02-16T13:38:22+00:00","dateModified":"2022-04-12T08:53:30+00:00","description":"Vous cherchez un H\u00f4tel All Inclusive \u00e0 Lido di Savio? D\u00e9couvrez la plus grande s\u00e9lection d'h\u00f4tels avec offres tout compris!","breadcrumb":{"@id":"https:\/\/www.allinclusivehotels.it\/fr\/destinations\/lido-di-savio#breadcrumb"},"inLanguage":"fr-FR","potentialAction":[{"@type":"ReadAction","target":["https:\/\/www.allinclusivehotels.it\/fr\/destinations\/lido-di-savio"]}]},{"@type":"BreadcrumbList","@id":"https:\/\/www.allinclusivehotels.it\/fr\/destinations\/lido-di-savio#breadcrumb","itemListElement":[{"@type":"ListItem","position":1,"name":"Home","item":"https:\/\/www.allinclusivehotels.it\/fr"},{"@type":"ListItem","position":2,"name":"Destinations","item":"https:\/\/www.allinclusivehotels.it\/fr\/destinations"},{"@type":"ListItem","position":3,"name":"Lido di Savio"}]},{"@type":"WebSite","@id":"https:\/\/www.allinclusivehotels.it\/fr#website","url":"https:\/\/www.allinclusivehotels.it\/fr","name":"All Inclusive Hotels","description":"","publisher":{"@id":"https:\/\/www.allinclusivehotels.it\/fr#organization"},"potentialAction":[{"@type":"SearchAction","target":{"@type":"EntryPoint","urlTemplate":"https:\/\/www.allinclusivehotels.it\/fr?s={search_term_string}"},"query-input":{"@type":"PropertyValueSpecification","valueRequired":true,"valueName":"search_term_string"}}],"inLanguage":"fr-FR"},{"@type":"Organization","@id":"https:\/\/www.allinclusivehotels.it\/fr#organization","name":"All Inclusive Hotels","url":"https:\/\/www.allinclusivehotels.it\/fr","logo":{"@type":"ImageObject","inLanguage":"fr-FR","@id":"https:\/\/www.allinclusivehotels.it\/fr#\/schema\/logo\/image\/","url":"","contentUrl":"","caption":"All Inclusive Hotels"},"image":{"@id":"https:\/\/www.allinclusivehotels.it\/fr#\/schema\/logo\/image\/"}}]}},"_links":{"self":[{"href":"https:\/\/www.allinclusivehotels.it\/fr\/wp-json\/wp\/v2\/pages\/8227","targetHints":{"allow":["GET"]}}],"collection":[{"href":"https:\/\/www.allinclusivehotels.it\/fr\/wp-json\/wp\/v2\/pages"}],"about":[{"href":"https:\/\/www.allinclusivehotels.it\/fr\/wp-json\/wp\/v2\/types\/page"}],"author":[{"embeddable":true,"href":"https:\/\/www.allinclusivehotels.it\/fr\/wp-json\/wp\/v2\/users\/1"}],"replies":[{"embeddable":true,"href":"https:\/\/www.allinclusivehotels.it\/fr\/wp-json\/wp\/v2\/comments?post=8227"}],"version-history":[{"count":4,"href":"https:\/\/www.allinclusivehotels.it\/fr\/wp-json\/wp\/v2\/pages\/8227\/revisions"}],"predecessor-version":[{"id":18341,"href":"https:\/\/www.allinclusivehotels.it\/fr\/wp-json\/wp\/v2\/pages\/8227\/revisions\/18341"}],"up":[{"embeddable":true,"href":"https:\/\/www.allinclusivehotels.it\/fr\/wp-json\/wp\/v2\/pages\/8167"}],"wp:attachment":[{"href":"https:\/\/www.allinclusivehotels.it\/fr\/wp-json\/wp\/v2\/media?parent=8227"}],"curies":[{"name":"wp","href":"https:\/\/api.w.org\/{rel}","templated":true}]}}