{"id":8225,"date":"2022-02-16T14:38:21","date_gmt":"2022-02-16T13:38:21","guid":{"rendered":"https:\/\/www.allinclusivehotels.it\/destinations\/gargano"},"modified":"2022-04-12T10:51:46","modified_gmt":"2022-04-12T08:51:46","slug":"gargano","status":"publish","type":"page","link":"https:\/\/www.allinclusivehotels.it\/fr\/destinations\/gargano","title":{"rendered":"Gargano"},"content":{"rendered":"\n<p><b>Pavillon Bleu d&#8217;Europe et 4 Vele <\/b>(quatre voiles de) <b>Legambiente<\/b><\/p>\n\n\n\n<p>Bienvenus dans le <b>Pouilles<\/b>, et notamment sur le <b>Gargano,<\/b>\u00a0aussi dit <b>l\u2019\u00e9peron de l\u2019Italie<\/b>. <b>Rodi Garganico<\/b> compte parmi les localit\u00e9s baln\u00e9aires le plus connues de ce magnifique promontoire entour\u00e9 par la <b>mer Adriatique<\/b>, gr\u00e2ce \u00e0 ses paysages fascinants, sa mer cristalline, son climat toujours doux. Ses eaux non profondes sont id\u00e9ales pour les familles avec enfants et pour tous ceux qui d\u00e9sirent se baigner en toute s\u00e9curit\u00e9. <b>Rodi Garganico<\/b> a obtenu de tr\u00e8s importants r\u00e9compenses, telles que le <b>Pavillon Bleu d&#8217;Europe<\/b>\u00a0et les\u00a0<b>4 Vele (quatre voiles), justement pour ses eaux et son ar\u00e8ne tr\u00e8s bien pr\u00e9serv\u00e9es.<\/b><\/p>\n\n\n\n<!--more-->\n\n\n\n<h2 class=\"wp-block-heading\">L\u2019ancien bourg<\/h2>\n\n\n\n<p>Le <b>bourg historique<\/b> est aussi agr\u00e9able \u00e0 d\u00e9couvrir, avec son atmosph\u00e8re m\u00e9di\u00e9vale, ses ruelles \u00e9troites, ses petites places et les anciennes \u00e9glises, comme celle de <b>San Nicola di Mira<\/b> avec sa typique tour au style grec-byzantin.<\/p>\n\n\n\n<h2 class=\"wp-block-heading\">\u00celes, grottes et littoral de r\u00eave<\/h2>\n\n\n\n<p>Depuis le port touristique de&nbsp;<b>Marina di Rodi Garganico, <\/b>on peut facilement rejoindre en navire \u00e0 moteur les <b>\u00celes Tremiti<\/b>, autre merveille de la nature, mais aussi visiter les <b>grottes<\/b> <b>marines<\/b> le long de la c\u00f4te de <b>Rodi, Peschici et Vieste. <\/b>Un littoral spectaculaire,&nbsp;form\u00e9 de plages, de criques et de stacks.<\/p>\n\n\n\n<h2 class=\"wp-block-heading\">Le parc national et la For\u00eat de l\u2019Ombrie<\/h2>\n\n\n\n<p>Derri\u00e8re la c\u00f4te s\u2019\u00e9tend le <b>parc national du Gargano, avec <\/b>la fameuse <b>For\u00eat de l\u2019Ombrie<\/b>, une aire de 10 000 hectares recouverte de maquis et d\u2019h\u00eatres de plus de 40 m\u00e8tres d\u2019hauteur. Il s\u2019ag\u00eet de la plus grande for\u00eat de feuillus d\u2019Italie, un environnement magique pour les familles, les sportifs, les amateurs de nature, avec une d\u00e9couverte \u00e0 chaque pas&nbsp;: un petit lac, le territoire des daims, les traces des animaux sauvages le long des sentiers \u00e0 parcourir \u00e0 pied ou en VTT.<\/p>\n\n\n\n<h2 class=\"wp-block-heading\">Des vacances sur mesure<\/h2>\n\n\n\n<p>Le <b>Gargano<\/b> fait partie des p\u00f4les touristiques <b>les plus<\/b> <b>importants d&#8217;Italie,<\/b> tr\u00e8s populaire parmi ceux qui aiment des vacances de qualit\u00e9, tranquilles et insouciantes, au contact de la nature et avec un territoire \u00e0 forte personnalit\u00e9&nbsp;: autant de caract\u00e9ristiques dont les<b> villages All Inclusive s<\/b>ont les fid\u00e8les relais<b>, avec leur accueil chaleureux et leurs services sur mesure au meilleur prix.<\/b><\/p>\n","protected":false},"excerpt":{"rendered":"<p>Pavillon Bleu d&#8217;Europe et 4 Vele (quatre voiles de) Legambiente Bienvenus dans le Pouilles, et &hellip;<\/p>\n","protected":false},"author":1,"featured_media":0,"parent":8167,"menu_order":0,"comment_status":"closed","ping_status":"closed","template":"page-templates\/destinazione.php","meta":{"_acf_changed":false,"footnotes":""},"class_list":["post-8225","page","type-page","status-publish","hentry"],"acf":[],"yoast_head":"<!-- This site is optimized with the Yoast SEO plugin v27.0 - https:\/\/yoast.com\/product\/yoast-seo-wordpress\/ -->\n<title>H\u00f4tels All Inclusive sur le Gargano: Les meilleurs offres tout compris<\/title>\n<meta name=\"description\" content=\"D\u00e9couvrez les meilleurs h\u00f4tels sur le Gargano et \u00e0 Rodi Garganico avec offres tout compris pour vos vacances dans les Pouilles!\" \/>\n<meta name=\"robots\" content=\"index, follow, max-snippet:-1, max-image-preview:large, max-video-preview:-1\" \/>\n<link rel=\"canonical\" href=\"https:\/\/www.allinclusivehotels.it\/fr\/destinations\/gargano\" \/>\n<meta property=\"og:locale\" content=\"fr_FR\" \/>\n<meta property=\"og:type\" content=\"article\" \/>\n<meta property=\"og:title\" content=\"H\u00f4tels All Inclusive sur le Gargano: Les meilleurs offres tout compris\" \/>\n<meta property=\"og:description\" content=\"D\u00e9couvrez les meilleurs h\u00f4tels sur le Gargano et \u00e0 Rodi Garganico avec offres tout compris pour vos vacances dans les Pouilles!\" \/>\n<meta property=\"og:url\" content=\"https:\/\/www.allinclusivehotels.it\/fr\/destinations\/gargano\" \/>\n<meta property=\"og:site_name\" content=\"All Inclusive Hotels\" \/>\n<meta property=\"article:modified_time\" content=\"2022-04-12T08:51:46+00:00\" \/>\n<meta name=\"twitter:card\" content=\"summary_large_image\" \/>\n<meta name=\"twitter:label1\" content=\"Dur\u00e9e de lecture estim\u00e9e\" \/>\n\t<meta name=\"twitter:data1\" content=\"2 minutes\" \/>\n<script type=\"application\/ld+json\" class=\"yoast-schema-graph\">{\"@context\":\"https:\/\/schema.org\",\"@graph\":[{\"@type\":\"WebPage\",\"@id\":\"https:\/\/www.allinclusivehotels.it\/fr\/destinations\/gargano\",\"url\":\"https:\/\/www.allinclusivehotels.it\/fr\/destinations\/gargano\",\"name\":\"H\u00f4tels All Inclusive sur le Gargano: Les meilleurs offres tout compris\",\"isPartOf\":{\"@id\":\"https:\/\/www.allinclusivehotels.it\/fr#website\"},\"datePublished\":\"2022-02-16T13:38:21+00:00\",\"dateModified\":\"2022-04-12T08:51:46+00:00\",\"description\":\"D\u00e9couvrez les meilleurs h\u00f4tels sur le Gargano et \u00e0 Rodi Garganico avec offres tout compris pour vos vacances dans les Pouilles!\",\"breadcrumb\":{\"@id\":\"https:\/\/www.allinclusivehotels.it\/fr\/destinations\/gargano#breadcrumb\"},\"inLanguage\":\"fr-FR\",\"potentialAction\":[{\"@type\":\"ReadAction\",\"target\":[\"https:\/\/www.allinclusivehotels.it\/fr\/destinations\/gargano\"]}]},{\"@type\":\"BreadcrumbList\",\"@id\":\"https:\/\/www.allinclusivehotels.it\/fr\/destinations\/gargano#breadcrumb\",\"itemListElement\":[{\"@type\":\"ListItem\",\"position\":1,\"name\":\"Home\",\"item\":\"https:\/\/www.allinclusivehotels.it\/fr\"},{\"@type\":\"ListItem\",\"position\":2,\"name\":\"Destinations\",\"item\":\"https:\/\/www.allinclusivehotels.it\/fr\/destinations\"},{\"@type\":\"ListItem\",\"position\":3,\"name\":\"Gargano\"}]},{\"@type\":\"WebSite\",\"@id\":\"https:\/\/www.allinclusivehotels.it\/fr#website\",\"url\":\"https:\/\/www.allinclusivehotels.it\/fr\",\"name\":\"All Inclusive Hotels\",\"description\":\"\",\"publisher\":{\"@id\":\"https:\/\/www.allinclusivehotels.it\/fr#organization\"},\"potentialAction\":[{\"@type\":\"SearchAction\",\"target\":{\"@type\":\"EntryPoint\",\"urlTemplate\":\"https:\/\/www.allinclusivehotels.it\/fr?s={search_term_string}\"},\"query-input\":{\"@type\":\"PropertyValueSpecification\",\"valueRequired\":true,\"valueName\":\"search_term_string\"}}],\"inLanguage\":\"fr-FR\"},{\"@type\":\"Organization\",\"@id\":\"https:\/\/www.allinclusivehotels.it\/fr#organization\",\"name\":\"All Inclusive Hotels\",\"url\":\"https:\/\/www.allinclusivehotels.it\/fr\",\"logo\":{\"@type\":\"ImageObject\",\"inLanguage\":\"fr-FR\",\"@id\":\"https:\/\/www.allinclusivehotels.it\/fr#\/schema\/logo\/image\/\",\"url\":\"\",\"contentUrl\":\"\",\"caption\":\"All Inclusive Hotels\"},\"image\":{\"@id\":\"https:\/\/www.allinclusivehotels.it\/fr#\/schema\/logo\/image\/\"}}]}<\/script>\n<!-- \/ Yoast SEO plugin. -->","yoast_head_json":{"title":"H\u00f4tels All Inclusive sur le Gargano: Les meilleurs offres tout compris","description":"D\u00e9couvrez les meilleurs h\u00f4tels sur le Gargano et \u00e0 Rodi Garganico avec offres tout compris pour vos vacances dans les Pouilles!","robots":{"index":"index","follow":"follow","max-snippet":"max-snippet:-1","max-image-preview":"max-image-preview:large","max-video-preview":"max-video-preview:-1"},"canonical":"https:\/\/www.allinclusivehotels.it\/fr\/destinations\/gargano","og_locale":"fr_FR","og_type":"article","og_title":"H\u00f4tels All Inclusive sur le Gargano: Les meilleurs offres tout compris","og_description":"D\u00e9couvrez les meilleurs h\u00f4tels sur le Gargano et \u00e0 Rodi Garganico avec offres tout compris pour vos vacances dans les Pouilles!","og_url":"https:\/\/www.allinclusivehotels.it\/fr\/destinations\/gargano","og_site_name":"All Inclusive Hotels","article_modified_time":"2022-04-12T08:51:46+00:00","twitter_card":"summary_large_image","twitter_misc":{"Dur\u00e9e de lecture estim\u00e9e":"2 minutes"},"schema":{"@context":"https:\/\/schema.org","@graph":[{"@type":"WebPage","@id":"https:\/\/www.allinclusivehotels.it\/fr\/destinations\/gargano","url":"https:\/\/www.allinclusivehotels.it\/fr\/destinations\/gargano","name":"H\u00f4tels All Inclusive sur le Gargano: Les meilleurs offres tout compris","isPartOf":{"@id":"https:\/\/www.allinclusivehotels.it\/fr#website"},"datePublished":"2022-02-16T13:38:21+00:00","dateModified":"2022-04-12T08:51:46+00:00","description":"D\u00e9couvrez les meilleurs h\u00f4tels sur le Gargano et \u00e0 Rodi Garganico avec offres tout compris pour vos vacances dans les Pouilles!","breadcrumb":{"@id":"https:\/\/www.allinclusivehotels.it\/fr\/destinations\/gargano#breadcrumb"},"inLanguage":"fr-FR","potentialAction":[{"@type":"ReadAction","target":["https:\/\/www.allinclusivehotels.it\/fr\/destinations\/gargano"]}]},{"@type":"BreadcrumbList","@id":"https:\/\/www.allinclusivehotels.it\/fr\/destinations\/gargano#breadcrumb","itemListElement":[{"@type":"ListItem","position":1,"name":"Home","item":"https:\/\/www.allinclusivehotels.it\/fr"},{"@type":"ListItem","position":2,"name":"Destinations","item":"https:\/\/www.allinclusivehotels.it\/fr\/destinations"},{"@type":"ListItem","position":3,"name":"Gargano"}]},{"@type":"WebSite","@id":"https:\/\/www.allinclusivehotels.it\/fr#website","url":"https:\/\/www.allinclusivehotels.it\/fr","name":"All Inclusive Hotels","description":"","publisher":{"@id":"https:\/\/www.allinclusivehotels.it\/fr#organization"},"potentialAction":[{"@type":"SearchAction","target":{"@type":"EntryPoint","urlTemplate":"https:\/\/www.allinclusivehotels.it\/fr?s={search_term_string}"},"query-input":{"@type":"PropertyValueSpecification","valueRequired":true,"valueName":"search_term_string"}}],"inLanguage":"fr-FR"},{"@type":"Organization","@id":"https:\/\/www.allinclusivehotels.it\/fr#organization","name":"All Inclusive Hotels","url":"https:\/\/www.allinclusivehotels.it\/fr","logo":{"@type":"ImageObject","inLanguage":"fr-FR","@id":"https:\/\/www.allinclusivehotels.it\/fr#\/schema\/logo\/image\/","url":"","contentUrl":"","caption":"All Inclusive Hotels"},"image":{"@id":"https:\/\/www.allinclusivehotels.it\/fr#\/schema\/logo\/image\/"}}]}},"_links":{"self":[{"href":"https:\/\/www.allinclusivehotels.it\/fr\/wp-json\/wp\/v2\/pages\/8225","targetHints":{"allow":["GET"]}}],"collection":[{"href":"https:\/\/www.allinclusivehotels.it\/fr\/wp-json\/wp\/v2\/pages"}],"about":[{"href":"https:\/\/www.allinclusivehotels.it\/fr\/wp-json\/wp\/v2\/types\/page"}],"author":[{"embeddable":true,"href":"https:\/\/www.allinclusivehotels.it\/fr\/wp-json\/wp\/v2\/users\/1"}],"replies":[{"embeddable":true,"href":"https:\/\/www.allinclusivehotels.it\/fr\/wp-json\/wp\/v2\/comments?post=8225"}],"version-history":[{"count":4,"href":"https:\/\/www.allinclusivehotels.it\/fr\/wp-json\/wp\/v2\/pages\/8225\/revisions"}],"predecessor-version":[{"id":18331,"href":"https:\/\/www.allinclusivehotels.it\/fr\/wp-json\/wp\/v2\/pages\/8225\/revisions\/18331"}],"up":[{"embeddable":true,"href":"https:\/\/www.allinclusivehotels.it\/fr\/wp-json\/wp\/v2\/pages\/8167"}],"wp:attachment":[{"href":"https:\/\/www.allinclusivehotels.it\/fr\/wp-json\/wp\/v2\/media?parent=8225"}],"curies":[{"name":"wp","href":"https:\/\/api.w.org\/{rel}","templated":true}]}}