{"id":8223,"date":"2022-02-16T14:38:20","date_gmt":"2022-02-16T13:38:20","guid":{"rendered":"https:\/\/www.allinclusivehotels.it\/destinations\/les-marches"},"modified":"2022-09-18T16:49:08","modified_gmt":"2022-09-18T14:49:08","slug":"les-marches","status":"publish","type":"page","link":"https:\/\/www.allinclusivehotels.it\/fr\/destinations\/les-marches","title":{"rendered":"Les Marches"},"content":{"rendered":"\n<h2 class=\"wp-block-heading\">Une palette de territoires<\/h2>\n\n\n\n<p>Les <b>Marches<\/b> sont un ensemble de territoires \u00e0 la g\u00e9ologie variable.  Dans cette r\u00e9gion du nord de l&#8217;Italie vous trouverez <b>la mer<\/b> qui a valu \u00e0 la r\u00e9gion d&#8217;\u00eatre plusieurs fois laur\u00e9ate du <b>Pavillon Bleu d\u2019Europe<\/b> ; de longues plages de sable interrompues par des promontoires rocheux tels que les <b>parcs naturels du San Bartolo<\/b> et du <b>Conero.\u00a0<\/b>La r\u00e9gion est aussi connue pour <b>ses collines <\/b>tapiss\u00e9es d\u2019oliviers et de champs cultiv\u00e9s sans oublier les bourgs typiques et les magnifiques <b>villes d\u2019art\u00a0:<\/b> Urbin, Fermo, Macerata, Ascoli Piceno, Osimo, Offida&#8230; <b>Les bois et la montagne<\/b> sont encore un autre des joyaux de la r\u00e9gion. Vous y trouverez le <b>parc national des Monts Sibyllins ou le Parc r\u00e9gional de la Gola della Rossa et de Frasassi.<\/b>\u00a0Vous l&#8217;aurez compris, les Marches sont un v\u00e9ritable cal\u00e9idoscope de paysages, de cultures, de traditions et de saveurs.<\/p>\n\n\n\n<!--more-->\n\n\n\n<h2 class=\"wp-block-heading\">La mer<\/h2>\n\n\n\n<p>Le littoral sur lequel se situent les <b>All Inclusive Hotels<\/b> est ponctu\u00e9 de c\u00f4tes accueillantes et parfaitement am\u00e9nag\u00e9es. De <b>Gabicce Mare jusqu\u2019\u00e0<\/b> <b>Fano<\/b> vous trouverez de longues et \u00e9troites plages sur lesquelles se trouvent des rang\u00e9es de parasols. Sur le superbe promontoire du <b>parc du San Bartolo<\/b> le littoral s&#8217;interrompt pour r\u00e9v\u00e9ler de magnifiques paysages tint\u00e9s du jaune des gen\u00eats et parsem\u00e9s de charmants petits bourgs.<\/p>\n\n\n\n<h2 class=\"wp-block-heading\">Senigallia et Riviera del Conero<\/h2>\n\n\n\n<p>Au sud, le littoral s\u2019\u00e9largit. <b>Senigallia<\/b> est connue pour sa <b>Spiaggia di Velluto (la plage de velours)<\/b>, une plage au sable tr\u00e8s fin et toujours chaud. \u00c0 <b>Anc\u00f4ne<\/b> commence la <b>Riviera del Conero<\/b>, domin\u00e9e par un mont bois\u00e9 qui abrite des joyaux tel que <b>Sirolo et Numana et les baies tranquilles de Marcelli et Portonovo<\/b>, id\u00e9ales pour les familles avec enfants et pour ceux qui sont en qu\u00eate de soleil et farniente.<\/p>\n\n\n\n<p>La <b>spiaggia delle due Sorelle (plage des deux s\u0153urs) est<\/b> elle aussi incontournable. Tous les <b>All Inclusive Hotels des Marches recommandent \u00e0 leurs clients de s&#8217;y rendre.<\/b> Ses deux rochers jumeaux qui \u00e9mergent de l\u2019eau sont un embl\u00e8me de la Riviera. Cette plage est facilement accessible depuis la mer et des navettes s&#8217;y rendent tous les jours au d\u00e9part du port de <b>Numana<\/b>. Depuis les <b>All Inclusive Hotels des Marches, vous pourrez facilement rejoindre <\/b>la plage de <b>Mezzavalle<\/b>, une plage gratuite, tr\u00e8s fr\u00e9quent\u00e9e pendant le weekend \u00e0 laquelle on acc\u00e8de par un sentier escarp\u00e9 (pr\u00e9voyez 20 minutes de marche).<\/p>\n\n\n\n<h2 class=\"wp-block-heading\">La Riviera Picena et la Riviera delle Palme<\/h2>\n\n\n\n<p>Le superbe littoral des Marches serait incomplet sans la tranquille <b>Riviera Picena<\/b> et la <b>Riviera<\/b> <b>delle Palme, <\/b>\u00e0 proximit\u00e9 de la station baln\u00e9aire de <b>San Benedetto del Tronto<\/b>. Les <b>All Inclusive Hotels des Marches<\/b> garantissent \u00e0 leurs clients des vacances fabuleuses. Vous serez le centre d&#8217;attention, d&#8217;\u00e9quipes professionnelles et pourrez profiter de services sur mesure pour passer des vacances confortables \u00e0 moindre prix.<\/p>\n","protected":false},"excerpt":{"rendered":"<p>Une palette de territoires Les Marches sont un ensemble de territoires \u00e0 la g\u00e9ologie variable. &hellip;<\/p>\n","protected":false},"author":1,"featured_media":0,"parent":8167,"menu_order":0,"comment_status":"closed","ping_status":"closed","template":"page-templates\/destinazione.php","meta":{"_acf_changed":false,"footnotes":""},"class_list":["post-8223","page","type-page","status-publish","hentry"],"acf":[],"yoast_head":"<!-- This site is optimized with the Yoast SEO plugin v27.0 - https:\/\/yoast.com\/product\/yoast-seo-wordpress\/ -->\n<title>H\u00f4tels All Inclusive dans les Marches | Offres forfaits vacances \u00e0 la mer<\/title>\n<meta name=\"description\" content=\"Vous cherchez des H\u00f4tels All Inclusive dans les Marches? D\u00e9couvrez la plus grande s\u00e9lection d&#039;h\u00f4tels tout compris avec offres avantageuses\" \/>\n<meta name=\"robots\" content=\"index, follow, max-snippet:-1, max-image-preview:large, max-video-preview:-1\" \/>\n<link rel=\"canonical\" href=\"https:\/\/www.allinclusivehotels.it\/fr\/destinations\/les-marches\" \/>\n<meta property=\"og:locale\" content=\"fr_FR\" \/>\n<meta property=\"og:type\" content=\"article\" \/>\n<meta property=\"og:title\" content=\"H\u00f4tels All Inclusive dans les Marches | Offres forfaits vacances \u00e0 la mer\" \/>\n<meta property=\"og:description\" content=\"Vous cherchez des H\u00f4tels All Inclusive dans les Marches? D\u00e9couvrez la plus grande s\u00e9lection d&#039;h\u00f4tels tout compris avec offres avantageuses\" \/>\n<meta property=\"og:url\" content=\"https:\/\/www.allinclusivehotels.it\/fr\/destinations\/les-marches\" \/>\n<meta property=\"og:site_name\" content=\"All Inclusive Hotels\" \/>\n<meta property=\"article:modified_time\" content=\"2022-09-18T14:49:08+00:00\" \/>\n<meta name=\"twitter:card\" content=\"summary_large_image\" \/>\n<meta name=\"twitter:label1\" content=\"Dur\u00e9e de lecture estim\u00e9e\" \/>\n\t<meta name=\"twitter:data1\" content=\"3 minutes\" \/>\n<script type=\"application\/ld+json\" class=\"yoast-schema-graph\">{\"@context\":\"https:\/\/schema.org\",\"@graph\":[{\"@type\":\"WebPage\",\"@id\":\"https:\/\/www.allinclusivehotels.it\/fr\/destinations\/les-marches\",\"url\":\"https:\/\/www.allinclusivehotels.it\/fr\/destinations\/les-marches\",\"name\":\"H\u00f4tels All Inclusive dans les Marches | Offres forfaits vacances \u00e0 la mer\",\"isPartOf\":{\"@id\":\"https:\/\/www.allinclusivehotels.it\/fr#website\"},\"datePublished\":\"2022-02-16T13:38:20+00:00\",\"dateModified\":\"2022-09-18T14:49:08+00:00\",\"description\":\"Vous cherchez des H\u00f4tels All Inclusive dans les Marches? D\u00e9couvrez la plus grande s\u00e9lection d'h\u00f4tels tout compris avec offres avantageuses\",\"breadcrumb\":{\"@id\":\"https:\/\/www.allinclusivehotels.it\/fr\/destinations\/les-marches#breadcrumb\"},\"inLanguage\":\"fr-FR\",\"potentialAction\":[{\"@type\":\"ReadAction\",\"target\":[\"https:\/\/www.allinclusivehotels.it\/fr\/destinations\/les-marches\"]}]},{\"@type\":\"BreadcrumbList\",\"@id\":\"https:\/\/www.allinclusivehotels.it\/fr\/destinations\/les-marches#breadcrumb\",\"itemListElement\":[{\"@type\":\"ListItem\",\"position\":1,\"name\":\"Home\",\"item\":\"https:\/\/www.allinclusivehotels.it\/fr\"},{\"@type\":\"ListItem\",\"position\":2,\"name\":\"Destinations\",\"item\":\"https:\/\/www.allinclusivehotels.it\/fr\/destinations\"},{\"@type\":\"ListItem\",\"position\":3,\"name\":\"Les Marches\"}]},{\"@type\":\"WebSite\",\"@id\":\"https:\/\/www.allinclusivehotels.it\/fr#website\",\"url\":\"https:\/\/www.allinclusivehotels.it\/fr\",\"name\":\"All Inclusive Hotels\",\"description\":\"\",\"publisher\":{\"@id\":\"https:\/\/www.allinclusivehotels.it\/fr#organization\"},\"potentialAction\":[{\"@type\":\"SearchAction\",\"target\":{\"@type\":\"EntryPoint\",\"urlTemplate\":\"https:\/\/www.allinclusivehotels.it\/fr?s={search_term_string}\"},\"query-input\":{\"@type\":\"PropertyValueSpecification\",\"valueRequired\":true,\"valueName\":\"search_term_string\"}}],\"inLanguage\":\"fr-FR\"},{\"@type\":\"Organization\",\"@id\":\"https:\/\/www.allinclusivehotels.it\/fr#organization\",\"name\":\"All Inclusive Hotels\",\"url\":\"https:\/\/www.allinclusivehotels.it\/fr\",\"logo\":{\"@type\":\"ImageObject\",\"inLanguage\":\"fr-FR\",\"@id\":\"https:\/\/www.allinclusivehotels.it\/fr#\/schema\/logo\/image\/\",\"url\":\"\",\"contentUrl\":\"\",\"caption\":\"All Inclusive Hotels\"},\"image\":{\"@id\":\"https:\/\/www.allinclusivehotels.it\/fr#\/schema\/logo\/image\/\"}}]}<\/script>\n<!-- \/ Yoast SEO plugin. -->","yoast_head_json":{"title":"H\u00f4tels All Inclusive dans les Marches | Offres forfaits vacances \u00e0 la mer","description":"Vous cherchez des H\u00f4tels All Inclusive dans les Marches? D\u00e9couvrez la plus grande s\u00e9lection d'h\u00f4tels tout compris avec offres avantageuses","robots":{"index":"index","follow":"follow","max-snippet":"max-snippet:-1","max-image-preview":"max-image-preview:large","max-video-preview":"max-video-preview:-1"},"canonical":"https:\/\/www.allinclusivehotels.it\/fr\/destinations\/les-marches","og_locale":"fr_FR","og_type":"article","og_title":"H\u00f4tels All Inclusive dans les Marches | Offres forfaits vacances \u00e0 la mer","og_description":"Vous cherchez des H\u00f4tels All Inclusive dans les Marches? D\u00e9couvrez la plus grande s\u00e9lection d'h\u00f4tels tout compris avec offres avantageuses","og_url":"https:\/\/www.allinclusivehotels.it\/fr\/destinations\/les-marches","og_site_name":"All Inclusive Hotels","article_modified_time":"2022-09-18T14:49:08+00:00","twitter_card":"summary_large_image","twitter_misc":{"Dur\u00e9e de lecture estim\u00e9e":"3 minutes"},"schema":{"@context":"https:\/\/schema.org","@graph":[{"@type":"WebPage","@id":"https:\/\/www.allinclusivehotels.it\/fr\/destinations\/les-marches","url":"https:\/\/www.allinclusivehotels.it\/fr\/destinations\/les-marches","name":"H\u00f4tels All Inclusive dans les Marches | Offres forfaits vacances \u00e0 la mer","isPartOf":{"@id":"https:\/\/www.allinclusivehotels.it\/fr#website"},"datePublished":"2022-02-16T13:38:20+00:00","dateModified":"2022-09-18T14:49:08+00:00","description":"Vous cherchez des H\u00f4tels All Inclusive dans les Marches? D\u00e9couvrez la plus grande s\u00e9lection d'h\u00f4tels tout compris avec offres avantageuses","breadcrumb":{"@id":"https:\/\/www.allinclusivehotels.it\/fr\/destinations\/les-marches#breadcrumb"},"inLanguage":"fr-FR","potentialAction":[{"@type":"ReadAction","target":["https:\/\/www.allinclusivehotels.it\/fr\/destinations\/les-marches"]}]},{"@type":"BreadcrumbList","@id":"https:\/\/www.allinclusivehotels.it\/fr\/destinations\/les-marches#breadcrumb","itemListElement":[{"@type":"ListItem","position":1,"name":"Home","item":"https:\/\/www.allinclusivehotels.it\/fr"},{"@type":"ListItem","position":2,"name":"Destinations","item":"https:\/\/www.allinclusivehotels.it\/fr\/destinations"},{"@type":"ListItem","position":3,"name":"Les Marches"}]},{"@type":"WebSite","@id":"https:\/\/www.allinclusivehotels.it\/fr#website","url":"https:\/\/www.allinclusivehotels.it\/fr","name":"All Inclusive Hotels","description":"","publisher":{"@id":"https:\/\/www.allinclusivehotels.it\/fr#organization"},"potentialAction":[{"@type":"SearchAction","target":{"@type":"EntryPoint","urlTemplate":"https:\/\/www.allinclusivehotels.it\/fr?s={search_term_string}"},"query-input":{"@type":"PropertyValueSpecification","valueRequired":true,"valueName":"search_term_string"}}],"inLanguage":"fr-FR"},{"@type":"Organization","@id":"https:\/\/www.allinclusivehotels.it\/fr#organization","name":"All Inclusive Hotels","url":"https:\/\/www.allinclusivehotels.it\/fr","logo":{"@type":"ImageObject","inLanguage":"fr-FR","@id":"https:\/\/www.allinclusivehotels.it\/fr#\/schema\/logo\/image\/","url":"","contentUrl":"","caption":"All Inclusive Hotels"},"image":{"@id":"https:\/\/www.allinclusivehotels.it\/fr#\/schema\/logo\/image\/"}}]}},"_links":{"self":[{"href":"https:\/\/www.allinclusivehotels.it\/fr\/wp-json\/wp\/v2\/pages\/8223","targetHints":{"allow":["GET"]}}],"collection":[{"href":"https:\/\/www.allinclusivehotels.it\/fr\/wp-json\/wp\/v2\/pages"}],"about":[{"href":"https:\/\/www.allinclusivehotels.it\/fr\/wp-json\/wp\/v2\/types\/page"}],"author":[{"embeddable":true,"href":"https:\/\/www.allinclusivehotels.it\/fr\/wp-json\/wp\/v2\/users\/1"}],"replies":[{"embeddable":true,"href":"https:\/\/www.allinclusivehotels.it\/fr\/wp-json\/wp\/v2\/comments?post=8223"}],"version-history":[{"count":11,"href":"https:\/\/www.allinclusivehotels.it\/fr\/wp-json\/wp\/v2\/pages\/8223\/revisions"}],"predecessor-version":[{"id":22910,"href":"https:\/\/www.allinclusivehotels.it\/fr\/wp-json\/wp\/v2\/pages\/8223\/revisions\/22910"}],"up":[{"embeddable":true,"href":"https:\/\/www.allinclusivehotels.it\/fr\/wp-json\/wp\/v2\/pages\/8167"}],"wp:attachment":[{"href":"https:\/\/www.allinclusivehotels.it\/fr\/wp-json\/wp\/v2\/media?parent=8223"}],"curies":[{"name":"wp","href":"https:\/\/api.w.org\/{rel}","templated":true}]}}