{"id":8221,"date":"2022-02-16T14:38:20","date_gmt":"2022-02-16T13:38:20","guid":{"rendered":"https:\/\/www.allinclusivehotels.it\/destinations\/la-venetie"},"modified":"2022-09-20T16:00:16","modified_gmt":"2022-09-20T14:00:16","slug":"la-venetie","status":"publish","type":"page","link":"https:\/\/www.allinclusivehotels.it\/fr\/destinations\/la-venetie","title":{"rendered":"La V\u00e9n\u00e9tie"},"content":{"rendered":"\n<p>Mer, montagne, lac, thermes, villes d\u2019art et d\u2019histoire, gastronomie, paysages \u00e0 couper le souffle&nbsp;: la <b>V\u00e9n\u00e9tie<\/b> offre de nombreuses exp\u00e9riences \u00e0 ses visiteurs. Quelles que soient vos attentes, vous appr\u00e9cierez cette r\u00e9gion du nord de l&#8217;Italie. Que vous soyez amateur de sports nautiques ou que vous ayez envie de vous d\u00e9tendre au bord de l&#8217;eau, vous serez charm\u00e9 par le<b> lac de Garde (paradis de la voile et <\/b><strong>du kitesurf)<\/strong>.<\/p>\n\n\n\n<p><b>Jesolo, Bibione et Caorle <\/b>sont les stations baln\u00e9aires les plus appr\u00e9ci\u00e9es des familles et des couples en qu\u00eate de vacances relaxantes, de soleil et de farniente. <b>117 kilom\u00e8tres de plage de sable<\/b> am\u00e9nag\u00e9e pour les familles vous attendent.<\/p>\n\n\n\n<!--more-->\n\n\n\n<p>Le patrimoine artistique de la r\u00e9gion est \u00e9galement tr\u00e8s riche, la V\u00e9n\u00e9tie abrite les plus belles villes d\u2019art et d\u2019histoire du monde\u00a0: <b>Venise<\/b>, avec ses gondoles, ses ponts suspendus, ses \u00ab calli \u00bb et ses somptueux palais, <b>Padoue<\/b> la ville de Saint Antoine o\u00f9 se trouve la chapelle des Scrovegni\u00a0et <b>V\u00e9rone, <\/b>ville de la plus c\u00e9l\u00e8bre histoire d&#8217;amour : Rom\u00e9o et Juliette.<\/p>\n\n\n\n<p>Si vous \u00eates sportif vous pourrez vous rendre dans les <b>Dolomites bellunesi (Patrimoine de l\u2019Unesco) ou sur le plateau d\u2019Asiago<\/b>. Vous pourrez y randonner, faire de l\u2019escalade, ou monter \u00e0 cheval tout au long de l&#8217;\u00e9t\u00e9. Les amateurs de mountain bike adoreront le<b> parcours<\/b> <strong>cyclable<\/strong> <strong>de<\/strong> <strong>plus de 500 km<\/strong>. Si vous pr\u00e9f\u00e9rez vous rendre \u00e0 la <b>montagne en hiver<\/b> vous aurez l\u2019embarras du choix : snowboard, raquettes, escalade glaciaire et alpinisme, ski de fond et ski de descente. Vous disposerez alors d&#8217;un immense terrain de jeu : 450 km de pistes de ski alpin sur les montagnes Bellunesi, et plus de 500 km sur le plateau d\u2019Asiago.<\/p>\n\n\n\n<p>Pour s\u00e9duire les petits skieurs en herbe, les aires am\u00e9nag\u00e9es sp\u00e9cialement \u00e9quip\u00e9es ne manquent pas non plus. Les enfants pourront s\u2019y entra\u00eener pendant que papa et maman sont sur les pistes. \u00c0 <b>Sappada<\/b>, sur les Dolomites, on peut visiter le<b> parc d\u2019attractions Nevelandia<\/b>, avec 70 000 m carr\u00e9s de gonflables, pistes pour bobsleigh et luge. Et ce n\u2019est pas tout&nbsp;: le superbe <b>comprensorio de Civetta, entre la Marmolada et Cortina d\u2019Ampezzo, ainsi que les monts Lessini<\/b>, dans la r\u00e9gion de V\u00e9rone, sont \u00e9galement \u00e0 hauteur d\u2019enfant \u2013 sans oublier que, entre le comprensorio di Malga San Giorgio et l\u2019anneau de la Translessinia, vous trouverez plus de 50 km de pistes de ski.<\/p>\n","protected":false},"excerpt":{"rendered":"<p>Mer, montagne, lac, thermes, villes d\u2019art et d\u2019histoire, gastronomie, paysages \u00e0 couper le souffle&nbsp;: la &hellip;<\/p>\n","protected":false},"author":1,"featured_media":0,"parent":8167,"menu_order":0,"comment_status":"closed","ping_status":"closed","template":"page-templates\/destinazione.php","meta":{"_acf_changed":false,"footnotes":""},"class_list":["post-8221","page","type-page","status-publish","hentry"],"acf":[],"yoast_head":"<!-- This site is optimized with the Yoast SEO plugin v27.0 - https:\/\/yoast.com\/product\/yoast-seo-wordpress\/ -->\n<title>H\u00f4tels All Inclusive en V\u00e9n\u00e9tie | Offres H\u00f4tel 3 \u00e9toiles pour les familles<\/title>\n<meta name=\"description\" content=\"Vous cherchez des H\u00f4tels All Inclusive en V\u00e9n\u00e9tie? D\u00e9couvrez la plus grande s\u00e9lection d&#039;h\u00f4tels tout compris avec offres avantageuses\" \/>\n<meta name=\"robots\" content=\"index, follow, max-snippet:-1, max-image-preview:large, max-video-preview:-1\" \/>\n<link rel=\"canonical\" href=\"https:\/\/www.allinclusivehotels.it\/fr\/destinations\/la-venetie\" \/>\n<meta property=\"og:locale\" content=\"fr_FR\" \/>\n<meta property=\"og:type\" content=\"article\" \/>\n<meta property=\"og:title\" content=\"H\u00f4tels All Inclusive en V\u00e9n\u00e9tie | Offres H\u00f4tel 3 \u00e9toiles pour les familles\" \/>\n<meta property=\"og:description\" content=\"Vous cherchez des H\u00f4tels All Inclusive en V\u00e9n\u00e9tie? D\u00e9couvrez la plus grande s\u00e9lection d&#039;h\u00f4tels tout compris avec offres avantageuses\" \/>\n<meta property=\"og:url\" content=\"https:\/\/www.allinclusivehotels.it\/fr\/destinations\/la-venetie\" \/>\n<meta property=\"og:site_name\" content=\"All Inclusive Hotels\" \/>\n<meta property=\"article:modified_time\" content=\"2022-09-20T14:00:16+00:00\" \/>\n<meta name=\"twitter:card\" content=\"summary_large_image\" \/>\n<meta name=\"twitter:label1\" content=\"Dur\u00e9e de lecture estim\u00e9e\" \/>\n\t<meta name=\"twitter:data1\" content=\"3 minutes\" \/>\n<script type=\"application\/ld+json\" class=\"yoast-schema-graph\">{\"@context\":\"https:\/\/schema.org\",\"@graph\":[{\"@type\":\"WebPage\",\"@id\":\"https:\/\/www.allinclusivehotels.it\/fr\/destinations\/la-venetie\",\"url\":\"https:\/\/www.allinclusivehotels.it\/fr\/destinations\/la-venetie\",\"name\":\"H\u00f4tels All Inclusive en V\u00e9n\u00e9tie | Offres H\u00f4tel 3 \u00e9toiles pour les familles\",\"isPartOf\":{\"@id\":\"https:\/\/www.allinclusivehotels.it\/fr#website\"},\"datePublished\":\"2022-02-16T13:38:20+00:00\",\"dateModified\":\"2022-09-20T14:00:16+00:00\",\"description\":\"Vous cherchez des H\u00f4tels All Inclusive en V\u00e9n\u00e9tie? D\u00e9couvrez la plus grande s\u00e9lection d'h\u00f4tels tout compris avec offres avantageuses\",\"breadcrumb\":{\"@id\":\"https:\/\/www.allinclusivehotels.it\/fr\/destinations\/la-venetie#breadcrumb\"},\"inLanguage\":\"fr-FR\",\"potentialAction\":[{\"@type\":\"ReadAction\",\"target\":[\"https:\/\/www.allinclusivehotels.it\/fr\/destinations\/la-venetie\"]}]},{\"@type\":\"BreadcrumbList\",\"@id\":\"https:\/\/www.allinclusivehotels.it\/fr\/destinations\/la-venetie#breadcrumb\",\"itemListElement\":[{\"@type\":\"ListItem\",\"position\":1,\"name\":\"Home\",\"item\":\"https:\/\/www.allinclusivehotels.it\/fr\"},{\"@type\":\"ListItem\",\"position\":2,\"name\":\"Destinations\",\"item\":\"https:\/\/www.allinclusivehotels.it\/fr\/destinations\"},{\"@type\":\"ListItem\",\"position\":3,\"name\":\"La V\u00e9n\u00e9tie\"}]},{\"@type\":\"WebSite\",\"@id\":\"https:\/\/www.allinclusivehotels.it\/fr#website\",\"url\":\"https:\/\/www.allinclusivehotels.it\/fr\",\"name\":\"All Inclusive Hotels\",\"description\":\"\",\"publisher\":{\"@id\":\"https:\/\/www.allinclusivehotels.it\/fr#organization\"},\"potentialAction\":[{\"@type\":\"SearchAction\",\"target\":{\"@type\":\"EntryPoint\",\"urlTemplate\":\"https:\/\/www.allinclusivehotels.it\/fr?s={search_term_string}\"},\"query-input\":{\"@type\":\"PropertyValueSpecification\",\"valueRequired\":true,\"valueName\":\"search_term_string\"}}],\"inLanguage\":\"fr-FR\"},{\"@type\":\"Organization\",\"@id\":\"https:\/\/www.allinclusivehotels.it\/fr#organization\",\"name\":\"All Inclusive Hotels\",\"url\":\"https:\/\/www.allinclusivehotels.it\/fr\",\"logo\":{\"@type\":\"ImageObject\",\"inLanguage\":\"fr-FR\",\"@id\":\"https:\/\/www.allinclusivehotels.it\/fr#\/schema\/logo\/image\/\",\"url\":\"\",\"contentUrl\":\"\",\"caption\":\"All Inclusive Hotels\"},\"image\":{\"@id\":\"https:\/\/www.allinclusivehotels.it\/fr#\/schema\/logo\/image\/\"}}]}<\/script>\n<!-- \/ Yoast SEO plugin. -->","yoast_head_json":{"title":"H\u00f4tels All Inclusive en V\u00e9n\u00e9tie | Offres H\u00f4tel 3 \u00e9toiles pour les familles","description":"Vous cherchez des H\u00f4tels All Inclusive en V\u00e9n\u00e9tie? D\u00e9couvrez la plus grande s\u00e9lection d'h\u00f4tels tout compris avec offres avantageuses","robots":{"index":"index","follow":"follow","max-snippet":"max-snippet:-1","max-image-preview":"max-image-preview:large","max-video-preview":"max-video-preview:-1"},"canonical":"https:\/\/www.allinclusivehotels.it\/fr\/destinations\/la-venetie","og_locale":"fr_FR","og_type":"article","og_title":"H\u00f4tels All Inclusive en V\u00e9n\u00e9tie | Offres H\u00f4tel 3 \u00e9toiles pour les familles","og_description":"Vous cherchez des H\u00f4tels All Inclusive en V\u00e9n\u00e9tie? D\u00e9couvrez la plus grande s\u00e9lection d'h\u00f4tels tout compris avec offres avantageuses","og_url":"https:\/\/www.allinclusivehotels.it\/fr\/destinations\/la-venetie","og_site_name":"All Inclusive Hotels","article_modified_time":"2022-09-20T14:00:16+00:00","twitter_card":"summary_large_image","twitter_misc":{"Dur\u00e9e de lecture estim\u00e9e":"3 minutes"},"schema":{"@context":"https:\/\/schema.org","@graph":[{"@type":"WebPage","@id":"https:\/\/www.allinclusivehotels.it\/fr\/destinations\/la-venetie","url":"https:\/\/www.allinclusivehotels.it\/fr\/destinations\/la-venetie","name":"H\u00f4tels All Inclusive en V\u00e9n\u00e9tie | Offres H\u00f4tel 3 \u00e9toiles pour les familles","isPartOf":{"@id":"https:\/\/www.allinclusivehotels.it\/fr#website"},"datePublished":"2022-02-16T13:38:20+00:00","dateModified":"2022-09-20T14:00:16+00:00","description":"Vous cherchez des H\u00f4tels All Inclusive en V\u00e9n\u00e9tie? D\u00e9couvrez la plus grande s\u00e9lection d'h\u00f4tels tout compris avec offres avantageuses","breadcrumb":{"@id":"https:\/\/www.allinclusivehotels.it\/fr\/destinations\/la-venetie#breadcrumb"},"inLanguage":"fr-FR","potentialAction":[{"@type":"ReadAction","target":["https:\/\/www.allinclusivehotels.it\/fr\/destinations\/la-venetie"]}]},{"@type":"BreadcrumbList","@id":"https:\/\/www.allinclusivehotels.it\/fr\/destinations\/la-venetie#breadcrumb","itemListElement":[{"@type":"ListItem","position":1,"name":"Home","item":"https:\/\/www.allinclusivehotels.it\/fr"},{"@type":"ListItem","position":2,"name":"Destinations","item":"https:\/\/www.allinclusivehotels.it\/fr\/destinations"},{"@type":"ListItem","position":3,"name":"La V\u00e9n\u00e9tie"}]},{"@type":"WebSite","@id":"https:\/\/www.allinclusivehotels.it\/fr#website","url":"https:\/\/www.allinclusivehotels.it\/fr","name":"All Inclusive Hotels","description":"","publisher":{"@id":"https:\/\/www.allinclusivehotels.it\/fr#organization"},"potentialAction":[{"@type":"SearchAction","target":{"@type":"EntryPoint","urlTemplate":"https:\/\/www.allinclusivehotels.it\/fr?s={search_term_string}"},"query-input":{"@type":"PropertyValueSpecification","valueRequired":true,"valueName":"search_term_string"}}],"inLanguage":"fr-FR"},{"@type":"Organization","@id":"https:\/\/www.allinclusivehotels.it\/fr#organization","name":"All Inclusive Hotels","url":"https:\/\/www.allinclusivehotels.it\/fr","logo":{"@type":"ImageObject","inLanguage":"fr-FR","@id":"https:\/\/www.allinclusivehotels.it\/fr#\/schema\/logo\/image\/","url":"","contentUrl":"","caption":"All Inclusive Hotels"},"image":{"@id":"https:\/\/www.allinclusivehotels.it\/fr#\/schema\/logo\/image\/"}}]}},"_links":{"self":[{"href":"https:\/\/www.allinclusivehotels.it\/fr\/wp-json\/wp\/v2\/pages\/8221","targetHints":{"allow":["GET"]}}],"collection":[{"href":"https:\/\/www.allinclusivehotels.it\/fr\/wp-json\/wp\/v2\/pages"}],"about":[{"href":"https:\/\/www.allinclusivehotels.it\/fr\/wp-json\/wp\/v2\/types\/page"}],"author":[{"embeddable":true,"href":"https:\/\/www.allinclusivehotels.it\/fr\/wp-json\/wp\/v2\/users\/1"}],"replies":[{"embeddable":true,"href":"https:\/\/www.allinclusivehotels.it\/fr\/wp-json\/wp\/v2\/comments?post=8221"}],"version-history":[{"count":9,"href":"https:\/\/www.allinclusivehotels.it\/fr\/wp-json\/wp\/v2\/pages\/8221\/revisions"}],"predecessor-version":[{"id":22951,"href":"https:\/\/www.allinclusivehotels.it\/fr\/wp-json\/wp\/v2\/pages\/8221\/revisions\/22951"}],"up":[{"embeddable":true,"href":"https:\/\/www.allinclusivehotels.it\/fr\/wp-json\/wp\/v2\/pages\/8167"}],"wp:attachment":[{"href":"https:\/\/www.allinclusivehotels.it\/fr\/wp-json\/wp\/v2\/media?parent=8221"}],"curies":[{"name":"wp","href":"https:\/\/api.w.org\/{rel}","templated":true}]}}