{"id":8219,"date":"2022-02-16T14:38:19","date_gmt":"2022-02-16T13:38:19","guid":{"rendered":"https:\/\/www.allinclusivehotels.it\/destinations\/toscane"},"modified":"2022-09-19T16:04:15","modified_gmt":"2022-09-19T14:04:15","slug":"toscane","status":"publish","type":"page","link":"https:\/\/www.allinclusivehotels.it\/fr\/destinations\/toscane","title":{"rendered":"Toscane"},"content":{"rendered":"\n<p>Connue pour \u00eatre la ville de naissance de Dante\u00a0Alighieri et L\u00e9onard\u00a0de\u00a0Vinci, la Toscane est l\u2019une des r\u00e9gions les plus appr\u00e9ci\u00e9es d&#8217;Italie, elle attire les touristes du monde entier. La capitale toscane r\u00e9serve bien des surprises aux amateurs d\u2019art, d&#8217;histoire et de culture. Vous appr\u00e9cierez d\u00e9couvrir ses traditions et go\u00fbter \u00e0 son excellente cuisine dans les h\u00f4tels <strong>All Inclusive Hotels<\/strong>. Une chose est s\u00fbre\u00a0: o\u00f9 que vous alliez, cette r\u00e9gion ne vous d\u00e9cevra pas.<\/p>\n\n\n\n<p>Les <strong>All Inclusive Hotels <\/strong>de Versilia, Tirrenia et Viareggio sont \u00e0 proximit\u00e9 d\u2019une zone de baignade surveill\u00e9e (id\u00e9ale pour les familles). Les h\u00f4tels du groupe organisent aussi de nombreuses activit\u00e9s pour les couples et les adolescents. Les amoureux de la mer seront charm\u00e9s par les <strong>villages touristiques All Inclusive <\/strong>du sud de la r\u00e9gion, dans la province de Piombino de nombreuses destinations sont connues pour leurs magnifiques plages sauvages notamment Carbonifera et Torre Mozza. Dans les <strong>villages All Inclusive<\/strong> de <strong>Toscane <\/strong>vous pourrez aussi go\u00fbter aux d\u00e9lices d\u2019une gastronomie incomparable : viande, poisson, l\u00e9gumes, fromages et charcuterie seront au menu de vos vacances.<\/p>\n\n\n\n<hr class=\"wp-block-separator has-alpha-channel-opacity\"\/>\n\n\n\n<p><a id=\"_msocom_1\"><\/a><\/p>\n\n\n\n<p>&nbsp;<\/p>\n\n\n\n<!--more-->\n\n\n\n<p>Dans les <strong>villages vacances All Inclusive\u00a0de Toscane<\/strong> vous pourrez d\u00e9guster les meilleurs produits de la r\u00e9gion. Les amateurs de b\u0153uf appr\u00e9cieront la \u00ab\u00a0tagliata\u00a0\u00bb pr\u00e9par\u00e9e \u00e0 partir de viande de b\u0153uf chianina ou le \u00ab\u00a0caciucco\u00a0\u00e0 la livornese \u00bb, une soupe de poisson typique de la r\u00e9gion. Si vous aimez le vin, vous adorerez le Brunello di Montalcino, l\u2019un des vins italiens les plus raffin\u00e9s.<\/p>\n","protected":false},"excerpt":{"rendered":"<p>Connue pour \u00eatre la ville de naissance de Dante\u00a0Alighieri et L\u00e9onard\u00a0de\u00a0Vinci, la Toscane est l\u2019une &hellip;<\/p>\n","protected":false},"author":1,"featured_media":0,"parent":8167,"menu_order":0,"comment_status":"closed","ping_status":"closed","template":"page-templates\/destinazione.php","meta":{"_acf_changed":false,"footnotes":""},"class_list":["post-8219","page","type-page","status-publish","hentry"],"acf":[],"yoast_head":"<!-- This site is optimized with the Yoast SEO plugin v27.0 - https:\/\/yoast.com\/product\/yoast-seo-wordpress\/ -->\n<title>H\u00f4tels All Inclusive en Toscane | Forfaits Vacances \u00e0 la mer en Italie<\/title>\n<meta name=\"description\" content=\"Vous cherchez des H\u00f4tels et Villages All Inclusive en Toscane? Voici la plus grande s\u00e9lection des meilleurs h\u00f4tels\" \/>\n<meta name=\"robots\" content=\"index, follow, max-snippet:-1, max-image-preview:large, max-video-preview:-1\" \/>\n<link rel=\"canonical\" href=\"https:\/\/www.allinclusivehotels.it\/fr\/destinations\/toscane\" \/>\n<meta property=\"og:locale\" content=\"fr_FR\" \/>\n<meta property=\"og:type\" content=\"article\" \/>\n<meta property=\"og:title\" content=\"H\u00f4tels All Inclusive en Toscane | Forfaits Vacances \u00e0 la mer en Italie\" \/>\n<meta property=\"og:description\" content=\"Vous cherchez des H\u00f4tels et Villages All Inclusive en Toscane? Voici la plus grande s\u00e9lection des meilleurs h\u00f4tels\" \/>\n<meta property=\"og:url\" content=\"https:\/\/www.allinclusivehotels.it\/fr\/destinations\/toscane\" \/>\n<meta property=\"og:site_name\" content=\"All Inclusive Hotels\" \/>\n<meta property=\"article:modified_time\" content=\"2022-09-19T14:04:15+00:00\" \/>\n<meta name=\"twitter:card\" content=\"summary_large_image\" \/>\n<meta name=\"twitter:label1\" content=\"Dur\u00e9e de lecture estim\u00e9e\" \/>\n\t<meta name=\"twitter:data1\" content=\"2 minutes\" \/>\n<script type=\"application\/ld+json\" class=\"yoast-schema-graph\">{\"@context\":\"https:\/\/schema.org\",\"@graph\":[{\"@type\":\"WebPage\",\"@id\":\"https:\/\/www.allinclusivehotels.it\/fr\/destinations\/toscane\",\"url\":\"https:\/\/www.allinclusivehotels.it\/fr\/destinations\/toscane\",\"name\":\"H\u00f4tels All Inclusive en Toscane | Forfaits Vacances \u00e0 la mer en Italie\",\"isPartOf\":{\"@id\":\"https:\/\/www.allinclusivehotels.it\/fr#website\"},\"datePublished\":\"2022-02-16T13:38:19+00:00\",\"dateModified\":\"2022-09-19T14:04:15+00:00\",\"description\":\"Vous cherchez des H\u00f4tels et Villages All Inclusive en Toscane? Voici la plus grande s\u00e9lection des meilleurs h\u00f4tels\",\"breadcrumb\":{\"@id\":\"https:\/\/www.allinclusivehotels.it\/fr\/destinations\/toscane#breadcrumb\"},\"inLanguage\":\"fr-FR\",\"potentialAction\":[{\"@type\":\"ReadAction\",\"target\":[\"https:\/\/www.allinclusivehotels.it\/fr\/destinations\/toscane\"]}]},{\"@type\":\"BreadcrumbList\",\"@id\":\"https:\/\/www.allinclusivehotels.it\/fr\/destinations\/toscane#breadcrumb\",\"itemListElement\":[{\"@type\":\"ListItem\",\"position\":1,\"name\":\"Home\",\"item\":\"https:\/\/www.allinclusivehotels.it\/fr\"},{\"@type\":\"ListItem\",\"position\":2,\"name\":\"Destinations\",\"item\":\"https:\/\/www.allinclusivehotels.it\/fr\/destinations\"},{\"@type\":\"ListItem\",\"position\":3,\"name\":\"Toscane\"}]},{\"@type\":\"WebSite\",\"@id\":\"https:\/\/www.allinclusivehotels.it\/fr#website\",\"url\":\"https:\/\/www.allinclusivehotels.it\/fr\",\"name\":\"All Inclusive Hotels\",\"description\":\"\",\"publisher\":{\"@id\":\"https:\/\/www.allinclusivehotels.it\/fr#organization\"},\"potentialAction\":[{\"@type\":\"SearchAction\",\"target\":{\"@type\":\"EntryPoint\",\"urlTemplate\":\"https:\/\/www.allinclusivehotels.it\/fr?s={search_term_string}\"},\"query-input\":{\"@type\":\"PropertyValueSpecification\",\"valueRequired\":true,\"valueName\":\"search_term_string\"}}],\"inLanguage\":\"fr-FR\"},{\"@type\":\"Organization\",\"@id\":\"https:\/\/www.allinclusivehotels.it\/fr#organization\",\"name\":\"All Inclusive Hotels\",\"url\":\"https:\/\/www.allinclusivehotels.it\/fr\",\"logo\":{\"@type\":\"ImageObject\",\"inLanguage\":\"fr-FR\",\"@id\":\"https:\/\/www.allinclusivehotels.it\/fr#\/schema\/logo\/image\/\",\"url\":\"\",\"contentUrl\":\"\",\"caption\":\"All Inclusive Hotels\"},\"image\":{\"@id\":\"https:\/\/www.allinclusivehotels.it\/fr#\/schema\/logo\/image\/\"}}]}<\/script>\n<!-- \/ Yoast SEO plugin. -->","yoast_head_json":{"title":"H\u00f4tels All Inclusive en Toscane | Forfaits Vacances \u00e0 la mer en Italie","description":"Vous cherchez des H\u00f4tels et Villages All Inclusive en Toscane? Voici la plus grande s\u00e9lection des meilleurs h\u00f4tels","robots":{"index":"index","follow":"follow","max-snippet":"max-snippet:-1","max-image-preview":"max-image-preview:large","max-video-preview":"max-video-preview:-1"},"canonical":"https:\/\/www.allinclusivehotels.it\/fr\/destinations\/toscane","og_locale":"fr_FR","og_type":"article","og_title":"H\u00f4tels All Inclusive en Toscane | Forfaits Vacances \u00e0 la mer en Italie","og_description":"Vous cherchez des H\u00f4tels et Villages All Inclusive en Toscane? Voici la plus grande s\u00e9lection des meilleurs h\u00f4tels","og_url":"https:\/\/www.allinclusivehotels.it\/fr\/destinations\/toscane","og_site_name":"All Inclusive Hotels","article_modified_time":"2022-09-19T14:04:15+00:00","twitter_card":"summary_large_image","twitter_misc":{"Dur\u00e9e de lecture estim\u00e9e":"2 minutes"},"schema":{"@context":"https:\/\/schema.org","@graph":[{"@type":"WebPage","@id":"https:\/\/www.allinclusivehotels.it\/fr\/destinations\/toscane","url":"https:\/\/www.allinclusivehotels.it\/fr\/destinations\/toscane","name":"H\u00f4tels All Inclusive en Toscane | Forfaits Vacances \u00e0 la mer en Italie","isPartOf":{"@id":"https:\/\/www.allinclusivehotels.it\/fr#website"},"datePublished":"2022-02-16T13:38:19+00:00","dateModified":"2022-09-19T14:04:15+00:00","description":"Vous cherchez des H\u00f4tels et Villages All Inclusive en Toscane? Voici la plus grande s\u00e9lection des meilleurs h\u00f4tels","breadcrumb":{"@id":"https:\/\/www.allinclusivehotels.it\/fr\/destinations\/toscane#breadcrumb"},"inLanguage":"fr-FR","potentialAction":[{"@type":"ReadAction","target":["https:\/\/www.allinclusivehotels.it\/fr\/destinations\/toscane"]}]},{"@type":"BreadcrumbList","@id":"https:\/\/www.allinclusivehotels.it\/fr\/destinations\/toscane#breadcrumb","itemListElement":[{"@type":"ListItem","position":1,"name":"Home","item":"https:\/\/www.allinclusivehotels.it\/fr"},{"@type":"ListItem","position":2,"name":"Destinations","item":"https:\/\/www.allinclusivehotels.it\/fr\/destinations"},{"@type":"ListItem","position":3,"name":"Toscane"}]},{"@type":"WebSite","@id":"https:\/\/www.allinclusivehotels.it\/fr#website","url":"https:\/\/www.allinclusivehotels.it\/fr","name":"All Inclusive Hotels","description":"","publisher":{"@id":"https:\/\/www.allinclusivehotels.it\/fr#organization"},"potentialAction":[{"@type":"SearchAction","target":{"@type":"EntryPoint","urlTemplate":"https:\/\/www.allinclusivehotels.it\/fr?s={search_term_string}"},"query-input":{"@type":"PropertyValueSpecification","valueRequired":true,"valueName":"search_term_string"}}],"inLanguage":"fr-FR"},{"@type":"Organization","@id":"https:\/\/www.allinclusivehotels.it\/fr#organization","name":"All Inclusive Hotels","url":"https:\/\/www.allinclusivehotels.it\/fr","logo":{"@type":"ImageObject","inLanguage":"fr-FR","@id":"https:\/\/www.allinclusivehotels.it\/fr#\/schema\/logo\/image\/","url":"","contentUrl":"","caption":"All Inclusive Hotels"},"image":{"@id":"https:\/\/www.allinclusivehotels.it\/fr#\/schema\/logo\/image\/"}}]}},"_links":{"self":[{"href":"https:\/\/www.allinclusivehotels.it\/fr\/wp-json\/wp\/v2\/pages\/8219","targetHints":{"allow":["GET"]}}],"collection":[{"href":"https:\/\/www.allinclusivehotels.it\/fr\/wp-json\/wp\/v2\/pages"}],"about":[{"href":"https:\/\/www.allinclusivehotels.it\/fr\/wp-json\/wp\/v2\/types\/page"}],"author":[{"embeddable":true,"href":"https:\/\/www.allinclusivehotels.it\/fr\/wp-json\/wp\/v2\/users\/1"}],"replies":[{"embeddable":true,"href":"https:\/\/www.allinclusivehotels.it\/fr\/wp-json\/wp\/v2\/comments?post=8219"}],"version-history":[{"count":8,"href":"https:\/\/www.allinclusivehotels.it\/fr\/wp-json\/wp\/v2\/pages\/8219\/revisions"}],"predecessor-version":[{"id":22924,"href":"https:\/\/www.allinclusivehotels.it\/fr\/wp-json\/wp\/v2\/pages\/8219\/revisions\/22924"}],"up":[{"embeddable":true,"href":"https:\/\/www.allinclusivehotels.it\/fr\/wp-json\/wp\/v2\/pages\/8167"}],"wp:attachment":[{"href":"https:\/\/www.allinclusivehotels.it\/fr\/wp-json\/wp\/v2\/media?parent=8219"}],"curies":[{"name":"wp","href":"https:\/\/api.w.org\/{rel}","templated":true}]}}