{"id":8215,"date":"2022-02-16T14:38:18","date_gmt":"2022-02-16T13:38:18","guid":{"rendered":"https:\/\/www.allinclusivehotels.it\/destinations\/les-pouilles"},"modified":"2022-09-19T13:24:10","modified_gmt":"2022-09-19T11:24:10","slug":"les-pouilles","status":"publish","type":"page","link":"https:\/\/www.allinclusivehotels.it\/fr\/destinations\/les-pouilles","title":{"rendered":"Les Pouilles"},"content":{"rendered":"\n<p>Quel est le point commun entre un f\u00e9ru de vacances \u00e0 la mer, un passionn\u00e9 d\u2019art, un amoureux de la nature sauvage et un \u00ab\u00a0gastronaute\u00a0\u00bb\u00a0? Leur destination\u00a0favorite en Italie\u00a0: les <strong>Pouilles\u00a0<\/strong>! Cette r\u00e9gion incroyablement riche en ressources naturelles est la destination de vacances id\u00e9ale pour les familles, les couples ou les groupes d\u2019amis. Peu importe la saison, les Pouilles vous surprendront.<\/p>\n\n\n\n<hr class=\"wp-block-separator has-alpha-channel-opacity\"\/>\n\n\n\n<p><strong>Le Salento<\/strong> offre plus de 200\u00a0kilom\u00e8tres de plages pr\u00e9serv\u00e9es, telles que Marina d\u2019Ugento, Porto Selvaggio, Porto Cesareo, ou encore Torre dell\u2019Orso. Vous y trouverez \u00e9galement des villes d\u2019art comme <strong>Lecce<\/strong>, surnomm\u00e9e la Florence du Sud (son centre historique baroque regorge de chefs-d\u2019\u0153uvre) ou <strong>Otranto<\/strong> et son splendide <strong>Ch\u00e2teau Aragonais<\/strong>, v\u00e9ritable joyau surplombant la mer.<\/p>\n\n\n\n<!--more-->\n\n\n\n<p>Ne passez pas \u00e0 c\u00f4t\u00e9 de <strong>Ostuni<\/strong>. Situ\u00e9e \u00e0 proximit\u00e9 de Brindisi, cette superbe ville est surnomm\u00e9e la \u00ab\u00a0citt\u00e0 bianca\u00a0\u00bb (la ville blanche). Aventurez-vous dans la r\u00e9serve naturelle de <strong>Torre Guaceto<\/strong>. Vous y trouverez un v\u00e9ritable havre de paix.<\/p>\n\n\n\n<p>Le <strong>Gargano ravira les amoureux des<\/strong> <strong>plages<\/strong> avec notamment les plages de <strong>Peschici et de Vieste, \u00ab\u00a0la perla del Gargano\u00a0\u00bb<\/strong>. La v\u00e9g\u00e9tation luxuriante du<strong> parc national vaut aussi le d\u00e9tour<\/strong>. La r\u00e9gion poss\u00e8de \u00e9galement un important patrimoine arch\u00e9ologique et sa cuisine fait l&#8217;unanimit\u00e9.<\/p>\n\n\n\n<p>Les d\u00e9cors et les couleurs de la r\u00e9gion changent \u00e0 mesure que l\u2019on s\u2019aventure dans l\u2019arri\u00e8re-pays. C\u2019est dans cette r\u00e9gion du sud de l\u2019Italie que se trouvent la <strong>Valle d\u2019Itria, les trulli di Alberobello,<\/strong> et le <strong>Castel del Monte<\/strong>, tous inscrits au patrimoine mondial de l\u2019Unesco. Si vous aimez la montagne, vous pourrez partir \u00e0 la d\u00e9couverte de bourgs m\u00e9di\u00e9vaux comme la <strong>Murgia<\/strong> et explorer les villages de <strong>Fasano <\/strong>et <strong>Ceglie Messapica<\/strong>. L\u2019atmosph\u00e8re qui se d\u00e9gage des lieux et les paysages qui les composent sont uniques. M\u00eame si vous avez choisi de venir au sud de l&#8217;Italie pour profiter des plages, il serait vraiment dommage ne pas visiter ces lieux ne serait-ce que pour une excursion \u00e0 la journ\u00e9e.<\/p>\n","protected":false},"excerpt":{"rendered":"<p>Quel est le point commun entre un f\u00e9ru de vacances \u00e0 la mer, un passionn\u00e9 &hellip;<\/p>\n","protected":false},"author":1,"featured_media":0,"parent":8167,"menu_order":0,"comment_status":"closed","ping_status":"closed","template":"page-templates\/destinazione.php","meta":{"_acf_changed":false,"footnotes":""},"class_list":["post-8215","page","type-page","status-publish","hentry"],"acf":[],"yoast_head":"<!-- This site is optimized with the Yoast SEO plugin v27.0 - https:\/\/yoast.com\/product\/yoast-seo-wordpress\/ -->\n<title>H\u00f4tels All Inclusive dans les Pouilles | Offres forfaits vacances \u00e0 la mer<\/title>\n<meta name=\"description\" content=\"Vous cherchez des H\u00f4tels All Inclusive dans les Pouilles? D\u00e9couvrez la plus grande s\u00e9lection d&#039;h\u00f4tels tout compris avec offres avantageuses\" \/>\n<meta name=\"robots\" content=\"index, follow, max-snippet:-1, max-image-preview:large, max-video-preview:-1\" \/>\n<link rel=\"canonical\" href=\"https:\/\/www.allinclusivehotels.it\/fr\/destinations\/les-pouilles\" \/>\n<meta property=\"og:locale\" content=\"fr_FR\" \/>\n<meta property=\"og:type\" content=\"article\" \/>\n<meta property=\"og:title\" content=\"H\u00f4tels All Inclusive dans les Pouilles | Offres forfaits vacances \u00e0 la mer\" \/>\n<meta property=\"og:description\" content=\"Vous cherchez des H\u00f4tels All Inclusive dans les Pouilles? D\u00e9couvrez la plus grande s\u00e9lection d&#039;h\u00f4tels tout compris avec offres avantageuses\" \/>\n<meta property=\"og:url\" content=\"https:\/\/www.allinclusivehotels.it\/fr\/destinations\/les-pouilles\" \/>\n<meta property=\"og:site_name\" content=\"All Inclusive Hotels\" \/>\n<meta property=\"article:modified_time\" content=\"2022-09-19T11:24:10+00:00\" \/>\n<meta name=\"twitter:card\" content=\"summary_large_image\" \/>\n<meta name=\"twitter:label1\" content=\"Dur\u00e9e de lecture estim\u00e9e\" \/>\n\t<meta name=\"twitter:data1\" content=\"2 minutes\" \/>\n<script type=\"application\/ld+json\" class=\"yoast-schema-graph\">{\"@context\":\"https:\/\/schema.org\",\"@graph\":[{\"@type\":\"WebPage\",\"@id\":\"https:\/\/www.allinclusivehotels.it\/fr\/destinations\/les-pouilles\",\"url\":\"https:\/\/www.allinclusivehotels.it\/fr\/destinations\/les-pouilles\",\"name\":\"H\u00f4tels All Inclusive dans les Pouilles | Offres forfaits vacances \u00e0 la mer\",\"isPartOf\":{\"@id\":\"https:\/\/www.allinclusivehotels.it\/fr#website\"},\"datePublished\":\"2022-02-16T13:38:18+00:00\",\"dateModified\":\"2022-09-19T11:24:10+00:00\",\"description\":\"Vous cherchez des H\u00f4tels All Inclusive dans les Pouilles? D\u00e9couvrez la plus grande s\u00e9lection d'h\u00f4tels tout compris avec offres avantageuses\",\"breadcrumb\":{\"@id\":\"https:\/\/www.allinclusivehotels.it\/fr\/destinations\/les-pouilles#breadcrumb\"},\"inLanguage\":\"fr-FR\",\"potentialAction\":[{\"@type\":\"ReadAction\",\"target\":[\"https:\/\/www.allinclusivehotels.it\/fr\/destinations\/les-pouilles\"]}]},{\"@type\":\"BreadcrumbList\",\"@id\":\"https:\/\/www.allinclusivehotels.it\/fr\/destinations\/les-pouilles#breadcrumb\",\"itemListElement\":[{\"@type\":\"ListItem\",\"position\":1,\"name\":\"Home\",\"item\":\"https:\/\/www.allinclusivehotels.it\/fr\"},{\"@type\":\"ListItem\",\"position\":2,\"name\":\"Destinations\",\"item\":\"https:\/\/www.allinclusivehotels.it\/fr\/destinations\"},{\"@type\":\"ListItem\",\"position\":3,\"name\":\"Les Pouilles\"}]},{\"@type\":\"WebSite\",\"@id\":\"https:\/\/www.allinclusivehotels.it\/fr#website\",\"url\":\"https:\/\/www.allinclusivehotels.it\/fr\",\"name\":\"All Inclusive Hotels\",\"description\":\"\",\"publisher\":{\"@id\":\"https:\/\/www.allinclusivehotels.it\/fr#organization\"},\"potentialAction\":[{\"@type\":\"SearchAction\",\"target\":{\"@type\":\"EntryPoint\",\"urlTemplate\":\"https:\/\/www.allinclusivehotels.it\/fr?s={search_term_string}\"},\"query-input\":{\"@type\":\"PropertyValueSpecification\",\"valueRequired\":true,\"valueName\":\"search_term_string\"}}],\"inLanguage\":\"fr-FR\"},{\"@type\":\"Organization\",\"@id\":\"https:\/\/www.allinclusivehotels.it\/fr#organization\",\"name\":\"All Inclusive Hotels\",\"url\":\"https:\/\/www.allinclusivehotels.it\/fr\",\"logo\":{\"@type\":\"ImageObject\",\"inLanguage\":\"fr-FR\",\"@id\":\"https:\/\/www.allinclusivehotels.it\/fr#\/schema\/logo\/image\/\",\"url\":\"\",\"contentUrl\":\"\",\"caption\":\"All Inclusive Hotels\"},\"image\":{\"@id\":\"https:\/\/www.allinclusivehotels.it\/fr#\/schema\/logo\/image\/\"}}]}<\/script>\n<!-- \/ Yoast SEO plugin. -->","yoast_head_json":{"title":"H\u00f4tels All Inclusive dans les Pouilles | Offres forfaits vacances \u00e0 la mer","description":"Vous cherchez des H\u00f4tels All Inclusive dans les Pouilles? D\u00e9couvrez la plus grande s\u00e9lection d'h\u00f4tels tout compris avec offres avantageuses","robots":{"index":"index","follow":"follow","max-snippet":"max-snippet:-1","max-image-preview":"max-image-preview:large","max-video-preview":"max-video-preview:-1"},"canonical":"https:\/\/www.allinclusivehotels.it\/fr\/destinations\/les-pouilles","og_locale":"fr_FR","og_type":"article","og_title":"H\u00f4tels All Inclusive dans les Pouilles | Offres forfaits vacances \u00e0 la mer","og_description":"Vous cherchez des H\u00f4tels All Inclusive dans les Pouilles? D\u00e9couvrez la plus grande s\u00e9lection d'h\u00f4tels tout compris avec offres avantageuses","og_url":"https:\/\/www.allinclusivehotels.it\/fr\/destinations\/les-pouilles","og_site_name":"All Inclusive Hotels","article_modified_time":"2022-09-19T11:24:10+00:00","twitter_card":"summary_large_image","twitter_misc":{"Dur\u00e9e de lecture estim\u00e9e":"2 minutes"},"schema":{"@context":"https:\/\/schema.org","@graph":[{"@type":"WebPage","@id":"https:\/\/www.allinclusivehotels.it\/fr\/destinations\/les-pouilles","url":"https:\/\/www.allinclusivehotels.it\/fr\/destinations\/les-pouilles","name":"H\u00f4tels All Inclusive dans les Pouilles | Offres forfaits vacances \u00e0 la mer","isPartOf":{"@id":"https:\/\/www.allinclusivehotels.it\/fr#website"},"datePublished":"2022-02-16T13:38:18+00:00","dateModified":"2022-09-19T11:24:10+00:00","description":"Vous cherchez des H\u00f4tels All Inclusive dans les Pouilles? D\u00e9couvrez la plus grande s\u00e9lection d'h\u00f4tels tout compris avec offres avantageuses","breadcrumb":{"@id":"https:\/\/www.allinclusivehotels.it\/fr\/destinations\/les-pouilles#breadcrumb"},"inLanguage":"fr-FR","potentialAction":[{"@type":"ReadAction","target":["https:\/\/www.allinclusivehotels.it\/fr\/destinations\/les-pouilles"]}]},{"@type":"BreadcrumbList","@id":"https:\/\/www.allinclusivehotels.it\/fr\/destinations\/les-pouilles#breadcrumb","itemListElement":[{"@type":"ListItem","position":1,"name":"Home","item":"https:\/\/www.allinclusivehotels.it\/fr"},{"@type":"ListItem","position":2,"name":"Destinations","item":"https:\/\/www.allinclusivehotels.it\/fr\/destinations"},{"@type":"ListItem","position":3,"name":"Les Pouilles"}]},{"@type":"WebSite","@id":"https:\/\/www.allinclusivehotels.it\/fr#website","url":"https:\/\/www.allinclusivehotels.it\/fr","name":"All Inclusive Hotels","description":"","publisher":{"@id":"https:\/\/www.allinclusivehotels.it\/fr#organization"},"potentialAction":[{"@type":"SearchAction","target":{"@type":"EntryPoint","urlTemplate":"https:\/\/www.allinclusivehotels.it\/fr?s={search_term_string}"},"query-input":{"@type":"PropertyValueSpecification","valueRequired":true,"valueName":"search_term_string"}}],"inLanguage":"fr-FR"},{"@type":"Organization","@id":"https:\/\/www.allinclusivehotels.it\/fr#organization","name":"All Inclusive Hotels","url":"https:\/\/www.allinclusivehotels.it\/fr","logo":{"@type":"ImageObject","inLanguage":"fr-FR","@id":"https:\/\/www.allinclusivehotels.it\/fr#\/schema\/logo\/image\/","url":"","contentUrl":"","caption":"All Inclusive Hotels"},"image":{"@id":"https:\/\/www.allinclusivehotels.it\/fr#\/schema\/logo\/image\/"}}]}},"_links":{"self":[{"href":"https:\/\/www.allinclusivehotels.it\/fr\/wp-json\/wp\/v2\/pages\/8215","targetHints":{"allow":["GET"]}}],"collection":[{"href":"https:\/\/www.allinclusivehotels.it\/fr\/wp-json\/wp\/v2\/pages"}],"about":[{"href":"https:\/\/www.allinclusivehotels.it\/fr\/wp-json\/wp\/v2\/types\/page"}],"author":[{"embeddable":true,"href":"https:\/\/www.allinclusivehotels.it\/fr\/wp-json\/wp\/v2\/users\/1"}],"replies":[{"embeddable":true,"href":"https:\/\/www.allinclusivehotels.it\/fr\/wp-json\/wp\/v2\/comments?post=8215"}],"version-history":[{"count":14,"href":"https:\/\/www.allinclusivehotels.it\/fr\/wp-json\/wp\/v2\/pages\/8215\/revisions"}],"predecessor-version":[{"id":22919,"href":"https:\/\/www.allinclusivehotels.it\/fr\/wp-json\/wp\/v2\/pages\/8215\/revisions\/22919"}],"up":[{"embeddable":true,"href":"https:\/\/www.allinclusivehotels.it\/fr\/wp-json\/wp\/v2\/pages\/8167"}],"wp:attachment":[{"href":"https:\/\/www.allinclusivehotels.it\/fr\/wp-json\/wp\/v2\/media?parent=8215"}],"curies":[{"name":"wp","href":"https:\/\/api.w.org\/{rel}","templated":true}]}}