{"id":8213,"date":"2022-02-16T14:38:18","date_gmt":"2022-02-16T13:38:18","guid":{"rendered":"https:\/\/www.allinclusivehotels.it\/destinations\/emilie-romagne"},"modified":"2022-09-18T11:29:29","modified_gmt":"2022-09-18T09:29:29","slug":"emilie-romagne","status":"publish","type":"page","link":"https:\/\/www.allinclusivehotels.it\/fr\/destinations\/emilie-romagne","title":{"rendered":"\u00c9milie-Romagne"},"content":{"rendered":"\n<h2 class=\"wp-block-heading\">L&#8217;hospitalit\u00e9 avec un grand H<\/h2>\n\n\n\n<p>Les h\u00f4tels d\u2019<b>\u00c9milie-Romagne<\/b> sont connus et appr\u00e9ci\u00e9s pour leur hospitalit\u00e9. Partout \u00e0 travers cette r\u00e9gion du nord de l&#8217;Italie, les nombreux \u00e9tablissements modernes et avant-gardistes r\u00e9pondront aux exigences de n&#8217;importe quelle client\u00e8le.<\/p>\n\n\n\n<p><b>Les All Inclusive Hotels Family<\/b> proposent des services adapt\u00e9s aux familles avec enfants, quel que soit leur \u00e2ge. Tout est pr\u00e9vu pour accueillir les nouveau-n\u00e9s dans les meilleures conditions : chambres avec berceaux, lits \u00e0 barreaux, tables \u00e0 langer, chauffe-biberon, couvre-prises, veilleuses, baignoires adapt\u00e9es, chaises hautes au restaurant, et m\u00eame des kitchenettes pour permettre aux parents de pr\u00e9parer des repas. Les enfants plus \u00e2g\u00e9s s&#8217;amuseront en bonne compagnie dans les Minis Clubs des h\u00f4tels et les petits bassins. Ils pourront participer \u00e0 des animations en int\u00e9rieur comme \u00e0 la plage et d\u00e9gusteront des menus personnalis\u00e9s \u00e0 des horaires flexibles : tout est pr\u00e9vu pour qu&#8217;ils passent de bonnes vacances.<\/p>\n\n\n\n<!--more-->\n\n\n\n<h2 class=\"wp-block-heading\">Des h\u00f4tels adapt\u00e9s aux sportifs<\/h2>\n\n\n\n<p>Les <b>All Inclusive Hotels d&#8217;\u00c9milie-Romagne<\/b> r\u00e9servent aussi de nombreuses surprises aux amateurs de <b>vacances sportives<\/b> : les cyclistes appr\u00e9cieront les services de location de v\u00e9los et les excursions guid\u00e9es au cours desquelles ils d\u00e9couvriront un territoire aux mille facettes.<\/p>\n\n\n\n<p>Les <b>All Inclusive Hotels \u00c9milie-Romagne mer <\/b>offrent \u00e9galement la possibilit\u00e9 de pratiquer tous types de sports aquatiques dans les eaux non profondes et s\u00e9curis\u00e9es de la Riviera (id\u00e9ales pour pratiquer la planche \u00e0 voile, le windsurf et le kitesurf).<\/p>\n\n\n\n<h2 class=\"wp-block-heading\">Le sens du service client<\/h2>\n\n\n\n<p>Au m\u00eame titre que l&#8217;hospitalit\u00e9, ce qui caract\u00e9rise vraiment les <b>All Inclusive Hotels \u00c9milie-Romagne,<\/b> c\u2019est l&#8217;attention port\u00e9e aux clients. Le personnel des h\u00f4tels de la r\u00e9gion r\u00e9serve un accueil chaleureux et attentionn\u00e9 \u00e0 chacun des clients. Les touristes qui s\u00e9journent dans les h\u00f4tels de la r\u00e9gion seront toujours accueillis avec le sourire, ils se sentiront toujours \u00e0 l\u2019aise dans des h\u00f4tels o\u00f9 professionnalisme et courtoisie sont les ma\u00eetres mots.<\/p>\n","protected":false},"excerpt":{"rendered":"<p>L&#8217;hospitalit\u00e9 avec un grand H Les h\u00f4tels d\u2019\u00c9milie-Romagne sont connus et appr\u00e9ci\u00e9s pour leur hospitalit\u00e9. &hellip;<\/p>\n","protected":false},"author":1,"featured_media":0,"parent":8167,"menu_order":0,"comment_status":"closed","ping_status":"closed","template":"page-templates\/destinazione.php","meta":{"_acf_changed":false,"footnotes":""},"class_list":["post-8213","page","type-page","status-publish","hentry"],"acf":[],"yoast_head":"<!-- This site is optimized with the Yoast SEO plugin v27.0 - https:\/\/yoast.com\/product\/yoast-seo-wordpress\/ -->\n<title>H\u00f4tels All Inclusive en Romagne | Offres d&#039;h\u00f4tels 3 \u00e9toiles pour les familles<\/title>\n<meta name=\"description\" content=\"Les H\u00f4tels All Inclusive en Emilia Romagna offrent des propositions qui peuvent satisfaire tous les types de touristes\" \/>\n<meta name=\"robots\" content=\"index, follow, max-snippet:-1, max-image-preview:large, max-video-preview:-1\" \/>\n<link rel=\"canonical\" href=\"https:\/\/www.allinclusivehotels.it\/fr\/destinations\/emilie-romagne\" \/>\n<meta property=\"og:locale\" content=\"fr_FR\" \/>\n<meta property=\"og:type\" content=\"article\" \/>\n<meta property=\"og:title\" content=\"H\u00f4tels All Inclusive en Romagne | Offres d&#039;h\u00f4tels 3 \u00e9toiles pour les familles\" \/>\n<meta property=\"og:description\" content=\"Les H\u00f4tels All Inclusive en Emilia Romagna offrent des propositions qui peuvent satisfaire tous les types de touristes\" \/>\n<meta property=\"og:url\" content=\"https:\/\/www.allinclusivehotels.it\/fr\/destinations\/emilie-romagne\" \/>\n<meta property=\"og:site_name\" content=\"All Inclusive Hotels\" \/>\n<meta property=\"article:modified_time\" content=\"2022-09-18T09:29:29+00:00\" \/>\n<meta name=\"twitter:card\" content=\"summary_large_image\" \/>\n<meta name=\"twitter:label1\" content=\"Dur\u00e9e de lecture estim\u00e9e\" \/>\n\t<meta name=\"twitter:data1\" content=\"2 minutes\" \/>\n<script type=\"application\/ld+json\" class=\"yoast-schema-graph\">{\"@context\":\"https:\/\/schema.org\",\"@graph\":[{\"@type\":\"WebPage\",\"@id\":\"https:\/\/www.allinclusivehotels.it\/fr\/destinations\/emilie-romagne\",\"url\":\"https:\/\/www.allinclusivehotels.it\/fr\/destinations\/emilie-romagne\",\"name\":\"H\u00f4tels All Inclusive en Romagne | Offres d'h\u00f4tels 3 \u00e9toiles pour les familles\",\"isPartOf\":{\"@id\":\"https:\/\/www.allinclusivehotels.it\/fr#website\"},\"datePublished\":\"2022-02-16T13:38:18+00:00\",\"dateModified\":\"2022-09-18T09:29:29+00:00\",\"description\":\"Les H\u00f4tels All Inclusive en Emilia Romagna offrent des propositions qui peuvent satisfaire tous les types de touristes\",\"breadcrumb\":{\"@id\":\"https:\/\/www.allinclusivehotels.it\/fr\/destinations\/emilie-romagne#breadcrumb\"},\"inLanguage\":\"fr-FR\",\"potentialAction\":[{\"@type\":\"ReadAction\",\"target\":[\"https:\/\/www.allinclusivehotels.it\/fr\/destinations\/emilie-romagne\"]}]},{\"@type\":\"BreadcrumbList\",\"@id\":\"https:\/\/www.allinclusivehotels.it\/fr\/destinations\/emilie-romagne#breadcrumb\",\"itemListElement\":[{\"@type\":\"ListItem\",\"position\":1,\"name\":\"Home\",\"item\":\"https:\/\/www.allinclusivehotels.it\/fr\"},{\"@type\":\"ListItem\",\"position\":2,\"name\":\"Destinations\",\"item\":\"https:\/\/www.allinclusivehotels.it\/fr\/destinations\"},{\"@type\":\"ListItem\",\"position\":3,\"name\":\"\u00c9milie-Romagne\"}]},{\"@type\":\"WebSite\",\"@id\":\"https:\/\/www.allinclusivehotels.it\/fr#website\",\"url\":\"https:\/\/www.allinclusivehotels.it\/fr\",\"name\":\"All Inclusive Hotels\",\"description\":\"\",\"publisher\":{\"@id\":\"https:\/\/www.allinclusivehotels.it\/fr#organization\"},\"potentialAction\":[{\"@type\":\"SearchAction\",\"target\":{\"@type\":\"EntryPoint\",\"urlTemplate\":\"https:\/\/www.allinclusivehotels.it\/fr?s={search_term_string}\"},\"query-input\":{\"@type\":\"PropertyValueSpecification\",\"valueRequired\":true,\"valueName\":\"search_term_string\"}}],\"inLanguage\":\"fr-FR\"},{\"@type\":\"Organization\",\"@id\":\"https:\/\/www.allinclusivehotels.it\/fr#organization\",\"name\":\"All Inclusive Hotels\",\"url\":\"https:\/\/www.allinclusivehotels.it\/fr\",\"logo\":{\"@type\":\"ImageObject\",\"inLanguage\":\"fr-FR\",\"@id\":\"https:\/\/www.allinclusivehotels.it\/fr#\/schema\/logo\/image\/\",\"url\":\"\",\"contentUrl\":\"\",\"caption\":\"All Inclusive Hotels\"},\"image\":{\"@id\":\"https:\/\/www.allinclusivehotels.it\/fr#\/schema\/logo\/image\/\"}}]}<\/script>\n<!-- \/ Yoast SEO plugin. -->","yoast_head_json":{"title":"H\u00f4tels All Inclusive en Romagne | Offres d'h\u00f4tels 3 \u00e9toiles pour les familles","description":"Les H\u00f4tels All Inclusive en Emilia Romagna offrent des propositions qui peuvent satisfaire tous les types de touristes","robots":{"index":"index","follow":"follow","max-snippet":"max-snippet:-1","max-image-preview":"max-image-preview:large","max-video-preview":"max-video-preview:-1"},"canonical":"https:\/\/www.allinclusivehotels.it\/fr\/destinations\/emilie-romagne","og_locale":"fr_FR","og_type":"article","og_title":"H\u00f4tels All Inclusive en Romagne | Offres d'h\u00f4tels 3 \u00e9toiles pour les familles","og_description":"Les H\u00f4tels All Inclusive en Emilia Romagna offrent des propositions qui peuvent satisfaire tous les types de touristes","og_url":"https:\/\/www.allinclusivehotels.it\/fr\/destinations\/emilie-romagne","og_site_name":"All Inclusive Hotels","article_modified_time":"2022-09-18T09:29:29+00:00","twitter_card":"summary_large_image","twitter_misc":{"Dur\u00e9e de lecture estim\u00e9e":"2 minutes"},"schema":{"@context":"https:\/\/schema.org","@graph":[{"@type":"WebPage","@id":"https:\/\/www.allinclusivehotels.it\/fr\/destinations\/emilie-romagne","url":"https:\/\/www.allinclusivehotels.it\/fr\/destinations\/emilie-romagne","name":"H\u00f4tels All Inclusive en Romagne | Offres d'h\u00f4tels 3 \u00e9toiles pour les familles","isPartOf":{"@id":"https:\/\/www.allinclusivehotels.it\/fr#website"},"datePublished":"2022-02-16T13:38:18+00:00","dateModified":"2022-09-18T09:29:29+00:00","description":"Les H\u00f4tels All Inclusive en Emilia Romagna offrent des propositions qui peuvent satisfaire tous les types de touristes","breadcrumb":{"@id":"https:\/\/www.allinclusivehotels.it\/fr\/destinations\/emilie-romagne#breadcrumb"},"inLanguage":"fr-FR","potentialAction":[{"@type":"ReadAction","target":["https:\/\/www.allinclusivehotels.it\/fr\/destinations\/emilie-romagne"]}]},{"@type":"BreadcrumbList","@id":"https:\/\/www.allinclusivehotels.it\/fr\/destinations\/emilie-romagne#breadcrumb","itemListElement":[{"@type":"ListItem","position":1,"name":"Home","item":"https:\/\/www.allinclusivehotels.it\/fr"},{"@type":"ListItem","position":2,"name":"Destinations","item":"https:\/\/www.allinclusivehotels.it\/fr\/destinations"},{"@type":"ListItem","position":3,"name":"\u00c9milie-Romagne"}]},{"@type":"WebSite","@id":"https:\/\/www.allinclusivehotels.it\/fr#website","url":"https:\/\/www.allinclusivehotels.it\/fr","name":"All Inclusive Hotels","description":"","publisher":{"@id":"https:\/\/www.allinclusivehotels.it\/fr#organization"},"potentialAction":[{"@type":"SearchAction","target":{"@type":"EntryPoint","urlTemplate":"https:\/\/www.allinclusivehotels.it\/fr?s={search_term_string}"},"query-input":{"@type":"PropertyValueSpecification","valueRequired":true,"valueName":"search_term_string"}}],"inLanguage":"fr-FR"},{"@type":"Organization","@id":"https:\/\/www.allinclusivehotels.it\/fr#organization","name":"All Inclusive Hotels","url":"https:\/\/www.allinclusivehotels.it\/fr","logo":{"@type":"ImageObject","inLanguage":"fr-FR","@id":"https:\/\/www.allinclusivehotels.it\/fr#\/schema\/logo\/image\/","url":"","contentUrl":"","caption":"All Inclusive Hotels"},"image":{"@id":"https:\/\/www.allinclusivehotels.it\/fr#\/schema\/logo\/image\/"}}]}},"_links":{"self":[{"href":"https:\/\/www.allinclusivehotels.it\/fr\/wp-json\/wp\/v2\/pages\/8213","targetHints":{"allow":["GET"]}}],"collection":[{"href":"https:\/\/www.allinclusivehotels.it\/fr\/wp-json\/wp\/v2\/pages"}],"about":[{"href":"https:\/\/www.allinclusivehotels.it\/fr\/wp-json\/wp\/v2\/types\/page"}],"author":[{"embeddable":true,"href":"https:\/\/www.allinclusivehotels.it\/fr\/wp-json\/wp\/v2\/users\/1"}],"replies":[{"embeddable":true,"href":"https:\/\/www.allinclusivehotels.it\/fr\/wp-json\/wp\/v2\/comments?post=8213"}],"version-history":[{"count":14,"href":"https:\/\/www.allinclusivehotels.it\/fr\/wp-json\/wp\/v2\/pages\/8213\/revisions"}],"predecessor-version":[{"id":22898,"href":"https:\/\/www.allinclusivehotels.it\/fr\/wp-json\/wp\/v2\/pages\/8213\/revisions\/22898"}],"up":[{"embeddable":true,"href":"https:\/\/www.allinclusivehotels.it\/fr\/wp-json\/wp\/v2\/pages\/8167"}],"wp:attachment":[{"href":"https:\/\/www.allinclusivehotels.it\/fr\/wp-json\/wp\/v2\/media?parent=8213"}],"curies":[{"name":"wp","href":"https:\/\/api.w.org\/{rel}","templated":true}]}}