{"id":8211,"date":"2022-02-16T14:38:17","date_gmt":"2022-02-16T13:38:17","guid":{"rendered":"https:\/\/www.allinclusivehotels.it\/destinations\/les-abruzzes"},"modified":"2022-09-18T11:59:14","modified_gmt":"2022-09-18T09:59:14","slug":"les-abruzzes","status":"publish","type":"page","link":"https:\/\/www.allinclusivehotels.it\/fr\/destinations\/les-abruzzes","title":{"rendered":"Les Abruzzes"},"content":{"rendered":"\n<h2 class=\"wp-block-heading\">Mer et nature<\/h2>\n\n\n\n<p><strong>D\u00e9couvrez<\/strong> <b>les Abruzzes, une r\u00e9gion splendide extr\u00eamement riche, une v\u00e9ritable mosa\u00efque de parcs et de r\u00e9serves naturelles donnant sur la mer. La r\u00e9gion comprend  trois parcs nationaux<\/b> (Parco Nazionale d\u2019Abruzzo, Gran Sasso e Monti della Laga, Majella), <b>un parc r\u00e9gional <\/b>(Sirente-Velino), et un ensemble de <b>r\u00e9serves naturelles<\/b>.<\/p>\n\n\n\n<p>La <b>mer<strong> <\/strong><\/b>de la r\u00e9gion est l\u2019une des plus propres d\u2019Italie. Les \u00e9tablissements parfaitement am\u00e9nag\u00e9s, les baies et criques aux fonds sableux et aux eaux non profondes font de cette r\u00e9gion une destination id\u00e9ale pour les familles avec enfants et pour tous ceux qui souhaitent passer des vacances tranquilles, sous le signe du soleil et de la d\u00e9tente. Au sud, la c\u00f4te rocheuse offre des vues \u00e0 couper le souffle.<\/p>\n\n\n\n<!--more-->\n\n\n\n<p>Derri\u00e8re les plages votre regard sera attir\u00e9 par une ligne de collines spectaculaire, des champs d\u2019oliviers et des vignobles \u00e0 perte de vue. Au loin, vous apercevrez les majestueux reliefs du <b>Gran Sasso, de la Maiella, des Monti della<\/b> <b>Laga<\/b> ; un \u00e9crin de nature sauvage, paradis des excursionnistes et amateurs de la nature.<\/p>\n\n\n\n<h2 class=\"wp-block-heading\">Une gastronomie d\u2019excellence et accueil de qualit\u00e9<\/h2>\n\n\n\n<p>Sans surprise, toutes ces richesses se refl\u00e8tent dans les traditions et la <b>gastronomie du territoire<\/b>. Les <b>Abruzzes <\/b>poss\u00e8dent un large \u00e9ventail de produits typiques et sp\u00e9cialit\u00e9s culinaires. Les Abruzzes sont la patrie des maccheroni alla chitarra, du brodetto alla giuliese ou alla vastese, des scrippelle \u2018mbusse, des pappici, du scapece\u2026Tous ces mets sont le r\u00e9sultat de l&#8217;harmonie entre terre et mer, le cadre idyllique dans lequel les <b>All Inclusive Hotels des Abruzzes<\/b> invitent leurs clients.<\/p>\n\n\n\n<p>Les <strong>All Inclusive Hotels des Abruzzes<\/strong> font partie d&#8217;un <b>consortium d\u2019h\u00f4tels<\/b> appr\u00e9ci\u00e9 depuis ses d\u00e9buts pour leur large gamme de <b>produits typiques et de services, <\/b>et leurs <b>offres<\/b> <b>tout compris <\/b>alliant le plaisir des vacances \u00e0 la d\u00e9couverte du territoire pour faire le plein de nature, d\u2019histoire, de traditions et de saveurs.<\/p>\n\n\n\n<p>Une exp\u00e9rience \u00e0 360 degr\u00e9s bas\u00e9e sur un accueil de qualit\u00e9, des \u00e9quipes chaleureuses et passionn\u00e9es aux petits soins de clients exigeants.<\/p>\n","protected":false},"excerpt":{"rendered":"<p>Mer et nature D\u00e9couvrez les Abruzzes, une r\u00e9gion splendide extr\u00eamement riche, une v\u00e9ritable mosa\u00efque de &hellip;<\/p>\n","protected":false},"author":1,"featured_media":0,"parent":8167,"menu_order":0,"comment_status":"closed","ping_status":"closed","template":"page-templates\/destinazione.php","meta":{"_acf_changed":false,"footnotes":""},"class_list":["post-8211","page","type-page","status-publish","hentry"],"acf":[],"yoast_head":"<!-- This site is optimized with the Yoast SEO plugin v27.0 - https:\/\/yoast.com\/product\/yoast-seo-wordpress\/ -->\n<title>H\u00f4tels All Inclusive en Abruzzes | Offres forfaits vacances \u00e0 la mer<\/title>\n<meta name=\"description\" content=\"Vous cherchez des H\u00f4tels All Inclusive en Abruzzes? D\u00e9couvrez la plus grande s\u00e9lection d&#039;h\u00f4tels tout compris avec offres avantageuses\" \/>\n<meta name=\"robots\" content=\"index, follow, max-snippet:-1, max-image-preview:large, max-video-preview:-1\" \/>\n<link rel=\"canonical\" href=\"https:\/\/www.allinclusivehotels.it\/fr\/destinations\/les-abruzzes\" \/>\n<meta property=\"og:locale\" content=\"fr_FR\" \/>\n<meta property=\"og:type\" content=\"article\" \/>\n<meta property=\"og:title\" content=\"H\u00f4tels All Inclusive en Abruzzes | Offres forfaits vacances \u00e0 la mer\" \/>\n<meta property=\"og:description\" content=\"Vous cherchez des H\u00f4tels All Inclusive en Abruzzes? D\u00e9couvrez la plus grande s\u00e9lection d&#039;h\u00f4tels tout compris avec offres avantageuses\" \/>\n<meta property=\"og:url\" content=\"https:\/\/www.allinclusivehotels.it\/fr\/destinations\/les-abruzzes\" \/>\n<meta property=\"og:site_name\" content=\"All Inclusive Hotels\" \/>\n<meta property=\"article:modified_time\" content=\"2022-09-18T09:59:14+00:00\" \/>\n<meta name=\"twitter:card\" content=\"summary_large_image\" \/>\n<meta name=\"twitter:label1\" content=\"Dur\u00e9e de lecture estim\u00e9e\" \/>\n\t<meta name=\"twitter:data1\" content=\"2 minutes\" \/>\n<script type=\"application\/ld+json\" class=\"yoast-schema-graph\">{\"@context\":\"https:\/\/schema.org\",\"@graph\":[{\"@type\":\"WebPage\",\"@id\":\"https:\/\/www.allinclusivehotels.it\/fr\/destinations\/les-abruzzes\",\"url\":\"https:\/\/www.allinclusivehotels.it\/fr\/destinations\/les-abruzzes\",\"name\":\"H\u00f4tels All Inclusive en Abruzzes | Offres forfaits vacances \u00e0 la mer\",\"isPartOf\":{\"@id\":\"https:\/\/www.allinclusivehotels.it\/fr#website\"},\"datePublished\":\"2022-02-16T13:38:17+00:00\",\"dateModified\":\"2022-09-18T09:59:14+00:00\",\"description\":\"Vous cherchez des H\u00f4tels All Inclusive en Abruzzes? D\u00e9couvrez la plus grande s\u00e9lection d'h\u00f4tels tout compris avec offres avantageuses\",\"breadcrumb\":{\"@id\":\"https:\/\/www.allinclusivehotels.it\/fr\/destinations\/les-abruzzes#breadcrumb\"},\"inLanguage\":\"fr-FR\",\"potentialAction\":[{\"@type\":\"ReadAction\",\"target\":[\"https:\/\/www.allinclusivehotels.it\/fr\/destinations\/les-abruzzes\"]}]},{\"@type\":\"BreadcrumbList\",\"@id\":\"https:\/\/www.allinclusivehotels.it\/fr\/destinations\/les-abruzzes#breadcrumb\",\"itemListElement\":[{\"@type\":\"ListItem\",\"position\":1,\"name\":\"Home\",\"item\":\"https:\/\/www.allinclusivehotels.it\/fr\"},{\"@type\":\"ListItem\",\"position\":2,\"name\":\"Destinations\",\"item\":\"https:\/\/www.allinclusivehotels.it\/fr\/destinations\"},{\"@type\":\"ListItem\",\"position\":3,\"name\":\"Les Abruzzes\"}]},{\"@type\":\"WebSite\",\"@id\":\"https:\/\/www.allinclusivehotels.it\/fr#website\",\"url\":\"https:\/\/www.allinclusivehotels.it\/fr\",\"name\":\"All Inclusive Hotels\",\"description\":\"\",\"publisher\":{\"@id\":\"https:\/\/www.allinclusivehotels.it\/fr#organization\"},\"potentialAction\":[{\"@type\":\"SearchAction\",\"target\":{\"@type\":\"EntryPoint\",\"urlTemplate\":\"https:\/\/www.allinclusivehotels.it\/fr?s={search_term_string}\"},\"query-input\":{\"@type\":\"PropertyValueSpecification\",\"valueRequired\":true,\"valueName\":\"search_term_string\"}}],\"inLanguage\":\"fr-FR\"},{\"@type\":\"Organization\",\"@id\":\"https:\/\/www.allinclusivehotels.it\/fr#organization\",\"name\":\"All Inclusive Hotels\",\"url\":\"https:\/\/www.allinclusivehotels.it\/fr\",\"logo\":{\"@type\":\"ImageObject\",\"inLanguage\":\"fr-FR\",\"@id\":\"https:\/\/www.allinclusivehotels.it\/fr#\/schema\/logo\/image\/\",\"url\":\"\",\"contentUrl\":\"\",\"caption\":\"All Inclusive Hotels\"},\"image\":{\"@id\":\"https:\/\/www.allinclusivehotels.it\/fr#\/schema\/logo\/image\/\"}}]}<\/script>\n<!-- \/ Yoast SEO plugin. -->","yoast_head_json":{"title":"H\u00f4tels All Inclusive en Abruzzes | Offres forfaits vacances \u00e0 la mer","description":"Vous cherchez des H\u00f4tels All Inclusive en Abruzzes? D\u00e9couvrez la plus grande s\u00e9lection d'h\u00f4tels tout compris avec offres avantageuses","robots":{"index":"index","follow":"follow","max-snippet":"max-snippet:-1","max-image-preview":"max-image-preview:large","max-video-preview":"max-video-preview:-1"},"canonical":"https:\/\/www.allinclusivehotels.it\/fr\/destinations\/les-abruzzes","og_locale":"fr_FR","og_type":"article","og_title":"H\u00f4tels All Inclusive en Abruzzes | Offres forfaits vacances \u00e0 la mer","og_description":"Vous cherchez des H\u00f4tels All Inclusive en Abruzzes? D\u00e9couvrez la plus grande s\u00e9lection d'h\u00f4tels tout compris avec offres avantageuses","og_url":"https:\/\/www.allinclusivehotels.it\/fr\/destinations\/les-abruzzes","og_site_name":"All Inclusive Hotels","article_modified_time":"2022-09-18T09:59:14+00:00","twitter_card":"summary_large_image","twitter_misc":{"Dur\u00e9e de lecture estim\u00e9e":"2 minutes"},"schema":{"@context":"https:\/\/schema.org","@graph":[{"@type":"WebPage","@id":"https:\/\/www.allinclusivehotels.it\/fr\/destinations\/les-abruzzes","url":"https:\/\/www.allinclusivehotels.it\/fr\/destinations\/les-abruzzes","name":"H\u00f4tels All Inclusive en Abruzzes | Offres forfaits vacances \u00e0 la mer","isPartOf":{"@id":"https:\/\/www.allinclusivehotels.it\/fr#website"},"datePublished":"2022-02-16T13:38:17+00:00","dateModified":"2022-09-18T09:59:14+00:00","description":"Vous cherchez des H\u00f4tels All Inclusive en Abruzzes? D\u00e9couvrez la plus grande s\u00e9lection d'h\u00f4tels tout compris avec offres avantageuses","breadcrumb":{"@id":"https:\/\/www.allinclusivehotels.it\/fr\/destinations\/les-abruzzes#breadcrumb"},"inLanguage":"fr-FR","potentialAction":[{"@type":"ReadAction","target":["https:\/\/www.allinclusivehotels.it\/fr\/destinations\/les-abruzzes"]}]},{"@type":"BreadcrumbList","@id":"https:\/\/www.allinclusivehotels.it\/fr\/destinations\/les-abruzzes#breadcrumb","itemListElement":[{"@type":"ListItem","position":1,"name":"Home","item":"https:\/\/www.allinclusivehotels.it\/fr"},{"@type":"ListItem","position":2,"name":"Destinations","item":"https:\/\/www.allinclusivehotels.it\/fr\/destinations"},{"@type":"ListItem","position":3,"name":"Les Abruzzes"}]},{"@type":"WebSite","@id":"https:\/\/www.allinclusivehotels.it\/fr#website","url":"https:\/\/www.allinclusivehotels.it\/fr","name":"All Inclusive Hotels","description":"","publisher":{"@id":"https:\/\/www.allinclusivehotels.it\/fr#organization"},"potentialAction":[{"@type":"SearchAction","target":{"@type":"EntryPoint","urlTemplate":"https:\/\/www.allinclusivehotels.it\/fr?s={search_term_string}"},"query-input":{"@type":"PropertyValueSpecification","valueRequired":true,"valueName":"search_term_string"}}],"inLanguage":"fr-FR"},{"@type":"Organization","@id":"https:\/\/www.allinclusivehotels.it\/fr#organization","name":"All Inclusive Hotels","url":"https:\/\/www.allinclusivehotels.it\/fr","logo":{"@type":"ImageObject","inLanguage":"fr-FR","@id":"https:\/\/www.allinclusivehotels.it\/fr#\/schema\/logo\/image\/","url":"","contentUrl":"","caption":"All Inclusive Hotels"},"image":{"@id":"https:\/\/www.allinclusivehotels.it\/fr#\/schema\/logo\/image\/"}}]}},"_links":{"self":[{"href":"https:\/\/www.allinclusivehotels.it\/fr\/wp-json\/wp\/v2\/pages\/8211","targetHints":{"allow":["GET"]}}],"collection":[{"href":"https:\/\/www.allinclusivehotels.it\/fr\/wp-json\/wp\/v2\/pages"}],"about":[{"href":"https:\/\/www.allinclusivehotels.it\/fr\/wp-json\/wp\/v2\/types\/page"}],"author":[{"embeddable":true,"href":"https:\/\/www.allinclusivehotels.it\/fr\/wp-json\/wp\/v2\/users\/1"}],"replies":[{"embeddable":true,"href":"https:\/\/www.allinclusivehotels.it\/fr\/wp-json\/wp\/v2\/comments?post=8211"}],"version-history":[{"count":10,"href":"https:\/\/www.allinclusivehotels.it\/fr\/wp-json\/wp\/v2\/pages\/8211\/revisions"}],"predecessor-version":[{"id":22905,"href":"https:\/\/www.allinclusivehotels.it\/fr\/wp-json\/wp\/v2\/pages\/8211\/revisions\/22905"}],"up":[{"embeddable":true,"href":"https:\/\/www.allinclusivehotels.it\/fr\/wp-json\/wp\/v2\/pages\/8167"}],"wp:attachment":[{"href":"https:\/\/www.allinclusivehotels.it\/fr\/wp-json\/wp\/v2\/media?parent=8211"}],"curies":[{"name":"wp","href":"https:\/\/api.w.org\/{rel}","templated":true}]}}