{"id":8209,"date":"2022-02-16T14:38:16","date_gmt":"2022-02-16T13:38:16","guid":{"rendered":"https:\/\/www.allinclusivehotels.it\/destinations\/alba-adriatica"},"modified":"2022-04-12T10:46:44","modified_gmt":"2022-04-12T08:46:44","slug":"alba-adriatica","status":"publish","type":"page","link":"https:\/\/www.allinclusivehotels.it\/fr\/destinations\/alba-adriatica","title":{"rendered":"Alba Adriatica"},"content":{"rendered":"\n<p>Au c\u0153ur de la c\u00f4te de Teramo et de la Riviera des Abruzzes, <b>Alba Adriatica<\/b> est un v\u00e9ritable bijou naturel. Elle fait partie des \u201c<b>sette sorelle<\/b>\u201d (sept s\u0153uers) qui se succ\u00e8dent le long des 60 kilom\u00e8tres du littoral, et qui sont depuis plusieurs ann\u00e9es laur\u00e9ates du <b>Pavillon Bleu pour la propret\u00e9 des plages et de la mer. <\/b><\/p>\n\n\n\n<p><b>Alba Adriatica<\/b> est aussi nomm\u00e9e <b>plage d\u2019argent<\/b>, en raison de la couleur singuli\u00e8re de son sable qui fait d\u2019elle une de plus belles localit\u00e9s de la c\u00f4te des Abruzzes.<\/p>\n\n\n\n<!--more-->\n\n\n\n<p>Si vous aimez les activit\u00e9s en plein air, \u00e0 la plage vous pourrez pratiquer de la voile ou du windsurf&nbsp;; en alternative, 25 kilom\u00e8tres de piste cyclables le long de la mer vous attendent. Vous pourrez aussi profiter des patinoires ou, juste derri\u00e8re la plage, d\u2019une promenade de 3 kilom\u00e8tres parmi les palmiers, les pins et les lauriers. Cette m\u00eame promenade se transforme, le soir, en un tourbillon de folklore et musique.<\/p>\n\n\n\n<p>Des vacances \u00e0 Alba Adriatica ne sont pas qu\u2019une bouff\u00e9e de mer et de soleil, mais aussi de <b>nature pr\u00e9serv\u00e9e\u00a0:<\/b> il suffit de rejoindre le trait de plage sauvage entre Giulianova et Roseto degli Abruzzi, ou celui de Pineto, avec ses grands\u00a0<b>pins maritimes, pour le constater. <\/b><\/p>\n\n\n\n<p>Pour le divertissement des adultes et des enfants, pendant tout l\u2019\u00e9t\u00e9 <b>l&#8217;Acquapark Ondablu<\/b> vous accueille \u00e0 Tortoreto (TE), 120 000 m\u00e8tres carr\u00e9s de jeux aquatiques aussi pour les plus petits.<\/p>\n\n\n\n<p>Durant l\u2019\u00e9t\u00e9 Alba Adriatica est anim\u00e9e par des \u00e9v\u00e9nements pour les familles, comme le <b>Carnevale Estivo<\/b> (carnaval d\u2019\u00e9t\u00e9) en ao\u00fbt, avec les chars all\u00e9goriques et les masques qui d\u00e9filent sur le lungomare, les petits march\u00e9s d\u2019antiquaires, les tournois de beach volley, beach rugby et beach tennis dans l\u2019ar\u00e8ne am\u00e9nag\u00e9e sur la plage libre entre juillet et ao\u00fbt.<\/p>\n\n\n\n<p>Si vous \u00eates en vacances \u00e0 Alba Adriatica, visitez aussi son centre historique et ses <b>villas bourgeoises<\/b>, anciennes r\u00e9sidences estivales des familles nobles d\u2019autrefois et pr\u00e9cieux patrimoine architectural.<\/p>\n","protected":false},"excerpt":{"rendered":"<p>Au c\u0153ur de la c\u00f4te de Teramo et de la Riviera des Abruzzes, Alba Adriatica &hellip;<\/p>\n","protected":false},"author":1,"featured_media":0,"parent":8167,"menu_order":0,"comment_status":"closed","ping_status":"closed","template":"page-templates\/destinazione.php","meta":{"_acf_changed":false,"footnotes":""},"class_list":["post-8209","page","type-page","status-publish","hentry"],"acf":[],"yoast_head":"<!-- This site is optimized with the Yoast SEO plugin v27.0 - https:\/\/yoast.com\/product\/yoast-seo-wordpress\/ -->\n<title>H\u00f4tel All Inclusive Alba Adriatica | Offres H\u00f4tel 4 \u00e9toiles pour les familles<\/title>\n<meta name=\"description\" content=\"Vous cherchez un H\u00f4tel All Inclusive \u00e0 Alba Adriatica? D\u00e9couvrez la plus grande s\u00e9lection d&#039;h\u00f4tels tout compris en Italie. Voyez les offres\" \/>\n<meta name=\"robots\" content=\"index, follow, max-snippet:-1, max-image-preview:large, max-video-preview:-1\" \/>\n<link rel=\"canonical\" href=\"https:\/\/www.allinclusivehotels.it\/fr\/destinations\/alba-adriatica\" \/>\n<meta property=\"og:locale\" content=\"fr_FR\" \/>\n<meta property=\"og:type\" content=\"article\" \/>\n<meta property=\"og:title\" content=\"H\u00f4tel All Inclusive Alba Adriatica | Offres H\u00f4tel 4 \u00e9toiles pour les familles\" \/>\n<meta property=\"og:description\" content=\"Vous cherchez un H\u00f4tel All Inclusive \u00e0 Alba Adriatica? D\u00e9couvrez la plus grande s\u00e9lection d&#039;h\u00f4tels tout compris en Italie. Voyez les offres\" \/>\n<meta property=\"og:url\" content=\"https:\/\/www.allinclusivehotels.it\/fr\/destinations\/alba-adriatica\" \/>\n<meta property=\"og:site_name\" content=\"All Inclusive Hotels\" \/>\n<meta property=\"article:modified_time\" content=\"2022-04-12T08:46:44+00:00\" \/>\n<meta name=\"twitter:card\" content=\"summary_large_image\" \/>\n<meta name=\"twitter:label1\" content=\"Dur\u00e9e de lecture estim\u00e9e\" \/>\n\t<meta name=\"twitter:data1\" content=\"2 minutes\" \/>\n<script type=\"application\/ld+json\" class=\"yoast-schema-graph\">{\"@context\":\"https:\/\/schema.org\",\"@graph\":[{\"@type\":\"WebPage\",\"@id\":\"https:\/\/www.allinclusivehotels.it\/fr\/destinations\/alba-adriatica\",\"url\":\"https:\/\/www.allinclusivehotels.it\/fr\/destinations\/alba-adriatica\",\"name\":\"H\u00f4tel All Inclusive Alba Adriatica | Offres H\u00f4tel 4 \u00e9toiles pour les familles\",\"isPartOf\":{\"@id\":\"https:\/\/www.allinclusivehotels.it\/fr#website\"},\"datePublished\":\"2022-02-16T13:38:16+00:00\",\"dateModified\":\"2022-04-12T08:46:44+00:00\",\"description\":\"Vous cherchez un H\u00f4tel All Inclusive \u00e0 Alba Adriatica? D\u00e9couvrez la plus grande s\u00e9lection d'h\u00f4tels tout compris en Italie. Voyez les offres\",\"breadcrumb\":{\"@id\":\"https:\/\/www.allinclusivehotels.it\/fr\/destinations\/alba-adriatica#breadcrumb\"},\"inLanguage\":\"fr-FR\",\"potentialAction\":[{\"@type\":\"ReadAction\",\"target\":[\"https:\/\/www.allinclusivehotels.it\/fr\/destinations\/alba-adriatica\"]}]},{\"@type\":\"BreadcrumbList\",\"@id\":\"https:\/\/www.allinclusivehotels.it\/fr\/destinations\/alba-adriatica#breadcrumb\",\"itemListElement\":[{\"@type\":\"ListItem\",\"position\":1,\"name\":\"Home\",\"item\":\"https:\/\/www.allinclusivehotels.it\/fr\"},{\"@type\":\"ListItem\",\"position\":2,\"name\":\"Destinations\",\"item\":\"https:\/\/www.allinclusivehotels.it\/fr\/destinations\"},{\"@type\":\"ListItem\",\"position\":3,\"name\":\"Alba Adriatica\"}]},{\"@type\":\"WebSite\",\"@id\":\"https:\/\/www.allinclusivehotels.it\/fr#website\",\"url\":\"https:\/\/www.allinclusivehotels.it\/fr\",\"name\":\"All Inclusive Hotels\",\"description\":\"\",\"publisher\":{\"@id\":\"https:\/\/www.allinclusivehotels.it\/fr#organization\"},\"potentialAction\":[{\"@type\":\"SearchAction\",\"target\":{\"@type\":\"EntryPoint\",\"urlTemplate\":\"https:\/\/www.allinclusivehotels.it\/fr?s={search_term_string}\"},\"query-input\":{\"@type\":\"PropertyValueSpecification\",\"valueRequired\":true,\"valueName\":\"search_term_string\"}}],\"inLanguage\":\"fr-FR\"},{\"@type\":\"Organization\",\"@id\":\"https:\/\/www.allinclusivehotels.it\/fr#organization\",\"name\":\"All Inclusive Hotels\",\"url\":\"https:\/\/www.allinclusivehotels.it\/fr\",\"logo\":{\"@type\":\"ImageObject\",\"inLanguage\":\"fr-FR\",\"@id\":\"https:\/\/www.allinclusivehotels.it\/fr#\/schema\/logo\/image\/\",\"url\":\"\",\"contentUrl\":\"\",\"caption\":\"All Inclusive Hotels\"},\"image\":{\"@id\":\"https:\/\/www.allinclusivehotels.it\/fr#\/schema\/logo\/image\/\"}}]}<\/script>\n<!-- \/ Yoast SEO plugin. -->","yoast_head_json":{"title":"H\u00f4tel All Inclusive Alba Adriatica | Offres H\u00f4tel 4 \u00e9toiles pour les familles","description":"Vous cherchez un H\u00f4tel All Inclusive \u00e0 Alba Adriatica? D\u00e9couvrez la plus grande s\u00e9lection d'h\u00f4tels tout compris en Italie. Voyez les offres","robots":{"index":"index","follow":"follow","max-snippet":"max-snippet:-1","max-image-preview":"max-image-preview:large","max-video-preview":"max-video-preview:-1"},"canonical":"https:\/\/www.allinclusivehotels.it\/fr\/destinations\/alba-adriatica","og_locale":"fr_FR","og_type":"article","og_title":"H\u00f4tel All Inclusive Alba Adriatica | Offres H\u00f4tel 4 \u00e9toiles pour les familles","og_description":"Vous cherchez un H\u00f4tel All Inclusive \u00e0 Alba Adriatica? D\u00e9couvrez la plus grande s\u00e9lection d'h\u00f4tels tout compris en Italie. Voyez les offres","og_url":"https:\/\/www.allinclusivehotels.it\/fr\/destinations\/alba-adriatica","og_site_name":"All Inclusive Hotels","article_modified_time":"2022-04-12T08:46:44+00:00","twitter_card":"summary_large_image","twitter_misc":{"Dur\u00e9e de lecture estim\u00e9e":"2 minutes"},"schema":{"@context":"https:\/\/schema.org","@graph":[{"@type":"WebPage","@id":"https:\/\/www.allinclusivehotels.it\/fr\/destinations\/alba-adriatica","url":"https:\/\/www.allinclusivehotels.it\/fr\/destinations\/alba-adriatica","name":"H\u00f4tel All Inclusive Alba Adriatica | Offres H\u00f4tel 4 \u00e9toiles pour les familles","isPartOf":{"@id":"https:\/\/www.allinclusivehotels.it\/fr#website"},"datePublished":"2022-02-16T13:38:16+00:00","dateModified":"2022-04-12T08:46:44+00:00","description":"Vous cherchez un H\u00f4tel All Inclusive \u00e0 Alba Adriatica? D\u00e9couvrez la plus grande s\u00e9lection d'h\u00f4tels tout compris en Italie. Voyez les offres","breadcrumb":{"@id":"https:\/\/www.allinclusivehotels.it\/fr\/destinations\/alba-adriatica#breadcrumb"},"inLanguage":"fr-FR","potentialAction":[{"@type":"ReadAction","target":["https:\/\/www.allinclusivehotels.it\/fr\/destinations\/alba-adriatica"]}]},{"@type":"BreadcrumbList","@id":"https:\/\/www.allinclusivehotels.it\/fr\/destinations\/alba-adriatica#breadcrumb","itemListElement":[{"@type":"ListItem","position":1,"name":"Home","item":"https:\/\/www.allinclusivehotels.it\/fr"},{"@type":"ListItem","position":2,"name":"Destinations","item":"https:\/\/www.allinclusivehotels.it\/fr\/destinations"},{"@type":"ListItem","position":3,"name":"Alba Adriatica"}]},{"@type":"WebSite","@id":"https:\/\/www.allinclusivehotels.it\/fr#website","url":"https:\/\/www.allinclusivehotels.it\/fr","name":"All Inclusive Hotels","description":"","publisher":{"@id":"https:\/\/www.allinclusivehotels.it\/fr#organization"},"potentialAction":[{"@type":"SearchAction","target":{"@type":"EntryPoint","urlTemplate":"https:\/\/www.allinclusivehotels.it\/fr?s={search_term_string}"},"query-input":{"@type":"PropertyValueSpecification","valueRequired":true,"valueName":"search_term_string"}}],"inLanguage":"fr-FR"},{"@type":"Organization","@id":"https:\/\/www.allinclusivehotels.it\/fr#organization","name":"All Inclusive Hotels","url":"https:\/\/www.allinclusivehotels.it\/fr","logo":{"@type":"ImageObject","inLanguage":"fr-FR","@id":"https:\/\/www.allinclusivehotels.it\/fr#\/schema\/logo\/image\/","url":"","contentUrl":"","caption":"All Inclusive Hotels"},"image":{"@id":"https:\/\/www.allinclusivehotels.it\/fr#\/schema\/logo\/image\/"}}]}},"_links":{"self":[{"href":"https:\/\/www.allinclusivehotels.it\/fr\/wp-json\/wp\/v2\/pages\/8209","targetHints":{"allow":["GET"]}}],"collection":[{"href":"https:\/\/www.allinclusivehotels.it\/fr\/wp-json\/wp\/v2\/pages"}],"about":[{"href":"https:\/\/www.allinclusivehotels.it\/fr\/wp-json\/wp\/v2\/types\/page"}],"author":[{"embeddable":true,"href":"https:\/\/www.allinclusivehotels.it\/fr\/wp-json\/wp\/v2\/users\/1"}],"replies":[{"embeddable":true,"href":"https:\/\/www.allinclusivehotels.it\/fr\/wp-json\/wp\/v2\/comments?post=8209"}],"version-history":[{"count":4,"href":"https:\/\/www.allinclusivehotels.it\/fr\/wp-json\/wp\/v2\/pages\/8209\/revisions"}],"predecessor-version":[{"id":18318,"href":"https:\/\/www.allinclusivehotels.it\/fr\/wp-json\/wp\/v2\/pages\/8209\/revisions\/18318"}],"up":[{"embeddable":true,"href":"https:\/\/www.allinclusivehotels.it\/fr\/wp-json\/wp\/v2\/pages\/8167"}],"wp:attachment":[{"href":"https:\/\/www.allinclusivehotels.it\/fr\/wp-json\/wp\/v2\/media?parent=8209"}],"curies":[{"name":"wp","href":"https:\/\/api.w.org\/{rel}","templated":true}]}}