{"id":8207,"date":"2022-02-16T14:38:16","date_gmt":"2022-02-16T13:38:16","guid":{"rendered":"https:\/\/www.allinclusivehotels.it\/destinations\/villa-rosa-et-martinsicuro"},"modified":"2022-04-12T11:01:19","modified_gmt":"2022-04-12T09:01:19","slug":"villa-rosa-et-martinsicuro","status":"publish","type":"page","link":"https:\/\/www.allinclusivehotels.it\/fr\/destinations\/villa-rosa-et-martinsicuro","title":{"rendered":"Villa Rosa et Martinsicuro"},"content":{"rendered":"\n<p><b>Frazione de la commune de Martinsicuro (TE), Villa Rosa<\/b> est une station baln\u00e9aire du littoral des Abruzzes particuli\u00e8rement appr\u00e9ci\u00e9e par ceux qui aiment <b>le repos, le calme et des eaux cristallines.<\/b><\/p>\n\n\n\n<p><b>Martinsicuro <\/b>est consid\u00e9r\u00e9e comme la premi\u00e8re des &#8220;sette sorelle&#8221; (sept s\u0153urs) de la province de Teramo et, avec <b>Alba Adriatica<\/b> et <b>Villarosa<\/b>, elle est la destination pr\u00e9f\u00e9r\u00e9e des familles.<\/p>\n\n\n\n<p>Sa longue <b>plage de sable fin, <\/b>sa mer qui devient profonde en douceur, ses \u00e9quipements <b>pour petits et grands<\/b>, la tranquillit\u00e9 de sa <b>piste cyclable<\/b> qui depuis le lungomare de Villa Rosa conduit jusqu\u2019\u00e0 Giulianova Lido, son centre historique riche de monuments anciens, sa proximit\u00e9 avec d\u2019autres localit\u00e9s maritimes r\u00e9put\u00e9es, mais aussi avec les <b>montagnes des Abruzzes<\/b>, font de <b>Villa Rosa di Martinsicuro<\/b> l\u2019endroit qu\u2019il faut pour ceux qui veulent des vacances riches et vari\u00e9es.<\/p>\n\n\n\n<!--more-->\n\n\n\n<p>Au-del\u00e0 des plages, ce qui s\u00e9duit les touristes, c\u2019est <b>l\u2019histoire ancienne de Martinsicuro<\/b>, notamment son <b>Torrione di Carlo V (tour de Charles V) qui date du XVI<\/b><b><sup>e<\/sup><\/b><b> si\u00e8cle, ainsi que les vestiges retrouv\u00e9s sur le site de Case Feriozzi.<\/b><\/p>\n\n\n\n<p>Dans le centre historique, on peut \u00e9galement visiter deux \u00e9glises datant du XIX<sup>e<\/sup> si\u00e8cle&nbsp;: <b>l\u2019\u00e9glise de la Madonna di Loreto <\/b>et celle <b>de l&#8217;Addolorata.<\/b><\/p>\n\n\n\n<p>Pour les amateurs de nature, on recommande vivement une balade jusqu\u2019au <b>biotipo costiero di Martinsicuro<\/b> (biotype de la c\u00f4te de Martinsicuro), <b>une zone prot\u00e9g\u00e9e d\u2019une grande valeur \u00e9cologique <\/b>caract\u00e9ris\u00e9e par ses dunes et plages de sable.<\/p>\n","protected":false},"excerpt":{"rendered":"<p>Frazione de la commune de Martinsicuro (TE), Villa Rosa est une station baln\u00e9aire du littoral &hellip;<\/p>\n","protected":false},"author":1,"featured_media":0,"parent":8167,"menu_order":0,"comment_status":"closed","ping_status":"closed","template":"page-templates\/destinazione.php","meta":{"_acf_changed":false,"footnotes":""},"class_list":["post-8207","page","type-page","status-publish","hentry"],"acf":[],"yoast_head":"<!-- This site is optimized with the Yoast SEO plugin v27.6 - https:\/\/yoast.com\/product\/yoast-seo-wordpress\/ -->\n<title>H\u00f4tels All Inclusive \u00e0 Villa Rosa Martinsicuro | Forfaits Vacances \u00e0 la mer<\/title>\n<meta name=\"description\" content=\"Vous cherchez des H\u00f4tels All Inclusive \u00e0 Villa Rosa Martinsicuro en Abruzzes? Voici la plus grande s\u00e9lection des meilleurs h\u00f4tels\" \/>\n<meta name=\"robots\" content=\"index, follow, max-snippet:-1, max-image-preview:large, max-video-preview:-1\" \/>\n<link rel=\"canonical\" href=\"https:\/\/www.allinclusivehotels.it\/fr\/destinations\/villa-rosa-et-martinsicuro\" \/>\n<meta property=\"og:locale\" content=\"fr_FR\" \/>\n<meta property=\"og:type\" content=\"article\" \/>\n<meta property=\"og:title\" content=\"H\u00f4tels All Inclusive \u00e0 Villa Rosa Martinsicuro | Forfaits Vacances \u00e0 la mer\" \/>\n<meta property=\"og:description\" content=\"Vous cherchez des H\u00f4tels All Inclusive \u00e0 Villa Rosa Martinsicuro en Abruzzes? Voici la plus grande s\u00e9lection des meilleurs h\u00f4tels\" \/>\n<meta property=\"og:url\" content=\"https:\/\/www.allinclusivehotels.it\/fr\/destinations\/villa-rosa-et-martinsicuro\" \/>\n<meta property=\"og:site_name\" content=\"All Inclusive Hotels\" \/>\n<meta property=\"article:modified_time\" content=\"2022-04-12T09:01:19+00:00\" \/>\n<meta name=\"twitter:card\" content=\"summary_large_image\" \/>\n<meta name=\"twitter:label1\" content=\"Dur\u00e9e de lecture estim\u00e9e\" \/>\n\t<meta name=\"twitter:data1\" content=\"2 minutes\" \/>\n<script type=\"application\/ld+json\" class=\"yoast-schema-graph\">{\"@context\":\"https:\\\/\\\/schema.org\",\"@graph\":[{\"@type\":\"WebPage\",\"@id\":\"https:\\\/\\\/www.allinclusivehotels.it\\\/fr\\\/destinations\\\/villa-rosa-et-martinsicuro\",\"url\":\"https:\\\/\\\/www.allinclusivehotels.it\\\/fr\\\/destinations\\\/villa-rosa-et-martinsicuro\",\"name\":\"H\u00f4tels All Inclusive \u00e0 Villa Rosa Martinsicuro | Forfaits Vacances \u00e0 la mer\",\"isPartOf\":{\"@id\":\"https:\\\/\\\/www.allinclusivehotels.it\\\/fr#website\"},\"datePublished\":\"2022-02-16T13:38:16+00:00\",\"dateModified\":\"2022-04-12T09:01:19+00:00\",\"description\":\"Vous cherchez des H\u00f4tels All Inclusive \u00e0 Villa Rosa Martinsicuro en Abruzzes? Voici la plus grande s\u00e9lection des meilleurs h\u00f4tels\",\"breadcrumb\":{\"@id\":\"https:\\\/\\\/www.allinclusivehotels.it\\\/fr\\\/destinations\\\/villa-rosa-et-martinsicuro#breadcrumb\"},\"inLanguage\":\"fr-FR\",\"potentialAction\":[{\"@type\":\"ReadAction\",\"target\":[\"https:\\\/\\\/www.allinclusivehotels.it\\\/fr\\\/destinations\\\/villa-rosa-et-martinsicuro\"]}]},{\"@type\":\"BreadcrumbList\",\"@id\":\"https:\\\/\\\/www.allinclusivehotels.it\\\/fr\\\/destinations\\\/villa-rosa-et-martinsicuro#breadcrumb\",\"itemListElement\":[{\"@type\":\"ListItem\",\"position\":1,\"name\":\"Home\",\"item\":\"https:\\\/\\\/www.allinclusivehotels.it\\\/fr\"},{\"@type\":\"ListItem\",\"position\":2,\"name\":\"Destinations\",\"item\":\"https:\\\/\\\/www.allinclusivehotels.it\\\/fr\\\/destinations\"},{\"@type\":\"ListItem\",\"position\":3,\"name\":\"Villa Rosa et Martinsicuro\"}]},{\"@type\":\"WebSite\",\"@id\":\"https:\\\/\\\/www.allinclusivehotels.it\\\/fr#website\",\"url\":\"https:\\\/\\\/www.allinclusivehotels.it\\\/fr\",\"name\":\"All Inclusive Hotels\",\"description\":\"\",\"publisher\":{\"@id\":\"https:\\\/\\\/www.allinclusivehotels.it\\\/fr#organization\"},\"potentialAction\":[{\"@type\":\"SearchAction\",\"target\":{\"@type\":\"EntryPoint\",\"urlTemplate\":\"https:\\\/\\\/www.allinclusivehotels.it\\\/fr?s={search_term_string}\"},\"query-input\":{\"@type\":\"PropertyValueSpecification\",\"valueRequired\":true,\"valueName\":\"search_term_string\"}}],\"inLanguage\":\"fr-FR\"},{\"@type\":\"Organization\",\"@id\":\"https:\\\/\\\/www.allinclusivehotels.it\\\/fr#organization\",\"name\":\"All Inclusive Hotels\",\"url\":\"https:\\\/\\\/www.allinclusivehotels.it\\\/fr\",\"logo\":{\"@type\":\"ImageObject\",\"inLanguage\":\"fr-FR\",\"@id\":\"https:\\\/\\\/www.allinclusivehotels.it\\\/fr#\\\/schema\\\/logo\\\/image\\\/\",\"url\":\"\",\"contentUrl\":\"\",\"caption\":\"All Inclusive Hotels\"},\"image\":{\"@id\":\"https:\\\/\\\/www.allinclusivehotels.it\\\/fr#\\\/schema\\\/logo\\\/image\\\/\"}}]}<\/script>\n<!-- \/ Yoast SEO plugin. -->","yoast_head_json":{"title":"H\u00f4tels All Inclusive \u00e0 Villa Rosa Martinsicuro | Forfaits Vacances \u00e0 la mer","description":"Vous cherchez des H\u00f4tels All Inclusive \u00e0 Villa Rosa Martinsicuro en Abruzzes? Voici la plus grande s\u00e9lection des meilleurs h\u00f4tels","robots":{"index":"index","follow":"follow","max-snippet":"max-snippet:-1","max-image-preview":"max-image-preview:large","max-video-preview":"max-video-preview:-1"},"canonical":"https:\/\/www.allinclusivehotels.it\/fr\/destinations\/villa-rosa-et-martinsicuro","og_locale":"fr_FR","og_type":"article","og_title":"H\u00f4tels All Inclusive \u00e0 Villa Rosa Martinsicuro | Forfaits Vacances \u00e0 la mer","og_description":"Vous cherchez des H\u00f4tels All Inclusive \u00e0 Villa Rosa Martinsicuro en Abruzzes? Voici la plus grande s\u00e9lection des meilleurs h\u00f4tels","og_url":"https:\/\/www.allinclusivehotels.it\/fr\/destinations\/villa-rosa-et-martinsicuro","og_site_name":"All Inclusive Hotels","article_modified_time":"2022-04-12T09:01:19+00:00","twitter_card":"summary_large_image","twitter_misc":{"Dur\u00e9e de lecture estim\u00e9e":"2 minutes"},"schema":{"@context":"https:\/\/schema.org","@graph":[{"@type":"WebPage","@id":"https:\/\/www.allinclusivehotels.it\/fr\/destinations\/villa-rosa-et-martinsicuro","url":"https:\/\/www.allinclusivehotels.it\/fr\/destinations\/villa-rosa-et-martinsicuro","name":"H\u00f4tels All Inclusive \u00e0 Villa Rosa Martinsicuro | Forfaits Vacances \u00e0 la mer","isPartOf":{"@id":"https:\/\/www.allinclusivehotels.it\/fr#website"},"datePublished":"2022-02-16T13:38:16+00:00","dateModified":"2022-04-12T09:01:19+00:00","description":"Vous cherchez des H\u00f4tels All Inclusive \u00e0 Villa Rosa Martinsicuro en Abruzzes? Voici la plus grande s\u00e9lection des meilleurs h\u00f4tels","breadcrumb":{"@id":"https:\/\/www.allinclusivehotels.it\/fr\/destinations\/villa-rosa-et-martinsicuro#breadcrumb"},"inLanguage":"fr-FR","potentialAction":[{"@type":"ReadAction","target":["https:\/\/www.allinclusivehotels.it\/fr\/destinations\/villa-rosa-et-martinsicuro"]}]},{"@type":"BreadcrumbList","@id":"https:\/\/www.allinclusivehotels.it\/fr\/destinations\/villa-rosa-et-martinsicuro#breadcrumb","itemListElement":[{"@type":"ListItem","position":1,"name":"Home","item":"https:\/\/www.allinclusivehotels.it\/fr"},{"@type":"ListItem","position":2,"name":"Destinations","item":"https:\/\/www.allinclusivehotels.it\/fr\/destinations"},{"@type":"ListItem","position":3,"name":"Villa Rosa et Martinsicuro"}]},{"@type":"WebSite","@id":"https:\/\/www.allinclusivehotels.it\/fr#website","url":"https:\/\/www.allinclusivehotels.it\/fr","name":"All Inclusive Hotels","description":"","publisher":{"@id":"https:\/\/www.allinclusivehotels.it\/fr#organization"},"potentialAction":[{"@type":"SearchAction","target":{"@type":"EntryPoint","urlTemplate":"https:\/\/www.allinclusivehotels.it\/fr?s={search_term_string}"},"query-input":{"@type":"PropertyValueSpecification","valueRequired":true,"valueName":"search_term_string"}}],"inLanguage":"fr-FR"},{"@type":"Organization","@id":"https:\/\/www.allinclusivehotels.it\/fr#organization","name":"All Inclusive Hotels","url":"https:\/\/www.allinclusivehotels.it\/fr","logo":{"@type":"ImageObject","inLanguage":"fr-FR","@id":"https:\/\/www.allinclusivehotels.it\/fr#\/schema\/logo\/image\/","url":"","contentUrl":"","caption":"All Inclusive Hotels"},"image":{"@id":"https:\/\/www.allinclusivehotels.it\/fr#\/schema\/logo\/image\/"}}]}},"_links":{"self":[{"href":"https:\/\/www.allinclusivehotels.it\/fr\/wp-json\/wp\/v2\/pages\/8207","targetHints":{"allow":["GET"]}}],"collection":[{"href":"https:\/\/www.allinclusivehotels.it\/fr\/wp-json\/wp\/v2\/pages"}],"about":[{"href":"https:\/\/www.allinclusivehotels.it\/fr\/wp-json\/wp\/v2\/types\/page"}],"author":[{"embeddable":true,"href":"https:\/\/www.allinclusivehotels.it\/fr\/wp-json\/wp\/v2\/users\/1"}],"replies":[{"embeddable":true,"href":"https:\/\/www.allinclusivehotels.it\/fr\/wp-json\/wp\/v2\/comments?post=8207"}],"version-history":[{"count":6,"href":"https:\/\/www.allinclusivehotels.it\/fr\/wp-json\/wp\/v2\/pages\/8207\/revisions"}],"predecessor-version":[{"id":18359,"href":"https:\/\/www.allinclusivehotels.it\/fr\/wp-json\/wp\/v2\/pages\/8207\/revisions\/18359"}],"up":[{"embeddable":true,"href":"https:\/\/www.allinclusivehotels.it\/fr\/wp-json\/wp\/v2\/pages\/8167"}],"wp:attachment":[{"href":"https:\/\/www.allinclusivehotels.it\/fr\/wp-json\/wp\/v2\/media?parent=8207"}],"curies":[{"name":"wp","href":"https:\/\/api.w.org\/{rel}","templated":true}]}}