{"id":8205,"date":"2022-02-16T14:38:15","date_gmt":"2022-02-16T13:38:15","guid":{"rendered":"https:\/\/www.allinclusivehotels.it\/destinations\/tortoreto-lido"},"modified":"2022-04-12T11:00:57","modified_gmt":"2022-04-12T09:00:57","slug":"tortoreto-lido","status":"publish","type":"page","link":"https:\/\/www.allinclusivehotels.it\/fr\/destinations\/tortoreto-lido","title":{"rendered":"Tortoreto Lido"},"content":{"rendered":"\n<p>Vous ne le savez sans doute pas, mais&nbsp;<b>Tortoreto Lido<\/b>, dans la province de&nbsp;<b>Teramo<\/b>, est une des&nbsp;<b>stations baln\u00e9aires les plus r\u00e9put\u00e9es <\/b>de la <b>c\u00f4te adriatique des Abruzzes<\/b>, et fait partie des c\u00e9l\u00e8bres&nbsp;<b>\u201cSette Sorelle\u201d (sept s\u0153ur)<\/b>. Caract\u00e9ris\u00e9e par des eaux non profondes, un sable tr\u00e8s fin et de vastes plages s\u00e9curis\u00e9es, elle re\u00e7oit r\u00e9guli\u00e8rement depuis vingt ans le label <b>Pavillons Bleu pour sa mer propre, ainsi que la<\/b> <b>Bandiera Verde (pavillon vert) des p\u00e9diatres pour ses plages \u00e0 hauteur d\u2019enfant&nbsp;! <\/b>Son <b>lungomare <\/b>de 4 kilom\u00e8tres est bord\u00e9 d\u2019une promenade qui tout le littoral avec des pistes cyclables, des espaces verts et des services pour ceux qui aiment la d\u00e9tente autant que le divertissement.<\/p>\n\n\n\n<p>Tortoreto Lido a aussi d\u00e9croch\u00e9 le titre de <b>Bandiera Gialla di Comune Ciclabile (pavillon jeune des communes cyclables).<\/b> Les passionn\u00e9s de sport pourront quant \u00e0 eux parcourir le <b>Corridoio Verde dell&#8217;Adriatico (couloir vert de l\u2019Adriatique)<\/b>, une piste cyclable et pietonn\u00e9e qui offre des magnifiques paysages et se relie \u00e0 d\u2019autres parcours pr\u00e9sents dans toute la c\u00f4te.<\/p>\n\n\n\n<!--more-->\n\n\n\n<p>La ville est aussi tr\u00e8s proche de bourgs <b>riche<\/b> <b>d\u2019histoire, d\u2019art et de culture<\/b>, sans oublier l\u2019offre<b> \u0153nogastronomique exceptionnelle du territoire&nbsp;!<\/b> <b>Tortoreto &#8220;alto&#8221; (le haut Tortoreto) est lui-m\u00eame un bourg maritime parmi les plus caract\u00e9ristique de la r\u00e9gion. <\/b>Et pour le divertissement des adultes et des enfants, enfin, pendant toute l\u2019\u00e9t\u00e9 on peut compter sur l\u2019Acquapark Ondablu&nbsp;de Tortoreto, 120 000 m\u00e8tres carr\u00e9s de jeux aquatiques pour tous les \u00e2ges.<\/p>\n","protected":false},"excerpt":{"rendered":"<p>Vous ne le savez sans doute pas, mais&nbsp;Tortoreto Lido, dans la province de&nbsp;Teramo, est une &hellip;<\/p>\n","protected":false},"author":1,"featured_media":0,"parent":8167,"menu_order":0,"comment_status":"closed","ping_status":"closed","template":"page-templates\/destinazione.php","meta":{"_acf_changed":false,"footnotes":""},"class_list":["post-8205","page","type-page","status-publish","hentry"],"acf":[],"yoast_head":"<!-- This site is optimized with the Yoast SEO plugin v27.0 - https:\/\/yoast.com\/product\/yoast-seo-wordpress\/ -->\n<title>H\u00f4tels All Inclusive \u00e0 Tortoreto Lido | Forfaits Vacances \u00e0 la mer en Italie<\/title>\n<meta name=\"description\" content=\"Vous cherchez des H\u00f4tels All Inclusive \u00e0 Tortoreto Lido sur la C\u00f4te Adriatique? Voici la plus grande s\u00e9lection des meilleurs h\u00f4tels\" \/>\n<meta name=\"robots\" content=\"index, follow, max-snippet:-1, max-image-preview:large, max-video-preview:-1\" \/>\n<link rel=\"canonical\" href=\"https:\/\/www.allinclusivehotels.it\/fr\/destinations\/tortoreto-lido\" \/>\n<meta property=\"og:locale\" content=\"fr_FR\" \/>\n<meta property=\"og:type\" content=\"article\" \/>\n<meta property=\"og:title\" content=\"H\u00f4tels All Inclusive \u00e0 Tortoreto Lido | Forfaits Vacances \u00e0 la mer en Italie\" \/>\n<meta property=\"og:description\" content=\"Vous cherchez des H\u00f4tels All Inclusive \u00e0 Tortoreto Lido sur la C\u00f4te Adriatique? Voici la plus grande s\u00e9lection des meilleurs h\u00f4tels\" \/>\n<meta property=\"og:url\" content=\"https:\/\/www.allinclusivehotels.it\/fr\/destinations\/tortoreto-lido\" \/>\n<meta property=\"og:site_name\" content=\"All Inclusive Hotels\" \/>\n<meta property=\"article:modified_time\" content=\"2022-04-12T09:00:57+00:00\" \/>\n<meta name=\"twitter:card\" content=\"summary_large_image\" \/>\n<meta name=\"twitter:label1\" content=\"Dur\u00e9e de lecture estim\u00e9e\" \/>\n\t<meta name=\"twitter:data1\" content=\"2 minutes\" \/>\n<script type=\"application\/ld+json\" class=\"yoast-schema-graph\">{\"@context\":\"https:\/\/schema.org\",\"@graph\":[{\"@type\":\"WebPage\",\"@id\":\"https:\/\/www.allinclusivehotels.it\/fr\/destinations\/tortoreto-lido\",\"url\":\"https:\/\/www.allinclusivehotels.it\/fr\/destinations\/tortoreto-lido\",\"name\":\"H\u00f4tels All Inclusive \u00e0 Tortoreto Lido | Forfaits Vacances \u00e0 la mer en Italie\",\"isPartOf\":{\"@id\":\"https:\/\/www.allinclusivehotels.it\/fr#website\"},\"datePublished\":\"2022-02-16T13:38:15+00:00\",\"dateModified\":\"2022-04-12T09:00:57+00:00\",\"description\":\"Vous cherchez des H\u00f4tels All Inclusive \u00e0 Tortoreto Lido sur la C\u00f4te Adriatique? Voici la plus grande s\u00e9lection des meilleurs h\u00f4tels\",\"breadcrumb\":{\"@id\":\"https:\/\/www.allinclusivehotels.it\/fr\/destinations\/tortoreto-lido#breadcrumb\"},\"inLanguage\":\"fr-FR\",\"potentialAction\":[{\"@type\":\"ReadAction\",\"target\":[\"https:\/\/www.allinclusivehotels.it\/fr\/destinations\/tortoreto-lido\"]}]},{\"@type\":\"BreadcrumbList\",\"@id\":\"https:\/\/www.allinclusivehotels.it\/fr\/destinations\/tortoreto-lido#breadcrumb\",\"itemListElement\":[{\"@type\":\"ListItem\",\"position\":1,\"name\":\"Home\",\"item\":\"https:\/\/www.allinclusivehotels.it\/fr\"},{\"@type\":\"ListItem\",\"position\":2,\"name\":\"Destinations\",\"item\":\"https:\/\/www.allinclusivehotels.it\/fr\/destinations\"},{\"@type\":\"ListItem\",\"position\":3,\"name\":\"Tortoreto Lido\"}]},{\"@type\":\"WebSite\",\"@id\":\"https:\/\/www.allinclusivehotels.it\/fr#website\",\"url\":\"https:\/\/www.allinclusivehotels.it\/fr\",\"name\":\"All Inclusive Hotels\",\"description\":\"\",\"publisher\":{\"@id\":\"https:\/\/www.allinclusivehotels.it\/fr#organization\"},\"potentialAction\":[{\"@type\":\"SearchAction\",\"target\":{\"@type\":\"EntryPoint\",\"urlTemplate\":\"https:\/\/www.allinclusivehotels.it\/fr?s={search_term_string}\"},\"query-input\":{\"@type\":\"PropertyValueSpecification\",\"valueRequired\":true,\"valueName\":\"search_term_string\"}}],\"inLanguage\":\"fr-FR\"},{\"@type\":\"Organization\",\"@id\":\"https:\/\/www.allinclusivehotels.it\/fr#organization\",\"name\":\"All Inclusive Hotels\",\"url\":\"https:\/\/www.allinclusivehotels.it\/fr\",\"logo\":{\"@type\":\"ImageObject\",\"inLanguage\":\"fr-FR\",\"@id\":\"https:\/\/www.allinclusivehotels.it\/fr#\/schema\/logo\/image\/\",\"url\":\"\",\"contentUrl\":\"\",\"caption\":\"All Inclusive Hotels\"},\"image\":{\"@id\":\"https:\/\/www.allinclusivehotels.it\/fr#\/schema\/logo\/image\/\"}}]}<\/script>\n<!-- \/ Yoast SEO plugin. -->","yoast_head_json":{"title":"H\u00f4tels All Inclusive \u00e0 Tortoreto Lido | Forfaits Vacances \u00e0 la mer en Italie","description":"Vous cherchez des H\u00f4tels All Inclusive \u00e0 Tortoreto Lido sur la C\u00f4te Adriatique? Voici la plus grande s\u00e9lection des meilleurs h\u00f4tels","robots":{"index":"index","follow":"follow","max-snippet":"max-snippet:-1","max-image-preview":"max-image-preview:large","max-video-preview":"max-video-preview:-1"},"canonical":"https:\/\/www.allinclusivehotels.it\/fr\/destinations\/tortoreto-lido","og_locale":"fr_FR","og_type":"article","og_title":"H\u00f4tels All Inclusive \u00e0 Tortoreto Lido | Forfaits Vacances \u00e0 la mer en Italie","og_description":"Vous cherchez des H\u00f4tels All Inclusive \u00e0 Tortoreto Lido sur la C\u00f4te Adriatique? Voici la plus grande s\u00e9lection des meilleurs h\u00f4tels","og_url":"https:\/\/www.allinclusivehotels.it\/fr\/destinations\/tortoreto-lido","og_site_name":"All Inclusive Hotels","article_modified_time":"2022-04-12T09:00:57+00:00","twitter_card":"summary_large_image","twitter_misc":{"Dur\u00e9e de lecture estim\u00e9e":"2 minutes"},"schema":{"@context":"https:\/\/schema.org","@graph":[{"@type":"WebPage","@id":"https:\/\/www.allinclusivehotels.it\/fr\/destinations\/tortoreto-lido","url":"https:\/\/www.allinclusivehotels.it\/fr\/destinations\/tortoreto-lido","name":"H\u00f4tels All Inclusive \u00e0 Tortoreto Lido | Forfaits Vacances \u00e0 la mer en Italie","isPartOf":{"@id":"https:\/\/www.allinclusivehotels.it\/fr#website"},"datePublished":"2022-02-16T13:38:15+00:00","dateModified":"2022-04-12T09:00:57+00:00","description":"Vous cherchez des H\u00f4tels All Inclusive \u00e0 Tortoreto Lido sur la C\u00f4te Adriatique? Voici la plus grande s\u00e9lection des meilleurs h\u00f4tels","breadcrumb":{"@id":"https:\/\/www.allinclusivehotels.it\/fr\/destinations\/tortoreto-lido#breadcrumb"},"inLanguage":"fr-FR","potentialAction":[{"@type":"ReadAction","target":["https:\/\/www.allinclusivehotels.it\/fr\/destinations\/tortoreto-lido"]}]},{"@type":"BreadcrumbList","@id":"https:\/\/www.allinclusivehotels.it\/fr\/destinations\/tortoreto-lido#breadcrumb","itemListElement":[{"@type":"ListItem","position":1,"name":"Home","item":"https:\/\/www.allinclusivehotels.it\/fr"},{"@type":"ListItem","position":2,"name":"Destinations","item":"https:\/\/www.allinclusivehotels.it\/fr\/destinations"},{"@type":"ListItem","position":3,"name":"Tortoreto Lido"}]},{"@type":"WebSite","@id":"https:\/\/www.allinclusivehotels.it\/fr#website","url":"https:\/\/www.allinclusivehotels.it\/fr","name":"All Inclusive Hotels","description":"","publisher":{"@id":"https:\/\/www.allinclusivehotels.it\/fr#organization"},"potentialAction":[{"@type":"SearchAction","target":{"@type":"EntryPoint","urlTemplate":"https:\/\/www.allinclusivehotels.it\/fr?s={search_term_string}"},"query-input":{"@type":"PropertyValueSpecification","valueRequired":true,"valueName":"search_term_string"}}],"inLanguage":"fr-FR"},{"@type":"Organization","@id":"https:\/\/www.allinclusivehotels.it\/fr#organization","name":"All Inclusive Hotels","url":"https:\/\/www.allinclusivehotels.it\/fr","logo":{"@type":"ImageObject","inLanguage":"fr-FR","@id":"https:\/\/www.allinclusivehotels.it\/fr#\/schema\/logo\/image\/","url":"","contentUrl":"","caption":"All Inclusive Hotels"},"image":{"@id":"https:\/\/www.allinclusivehotels.it\/fr#\/schema\/logo\/image\/"}}]}},"_links":{"self":[{"href":"https:\/\/www.allinclusivehotels.it\/fr\/wp-json\/wp\/v2\/pages\/8205","targetHints":{"allow":["GET"]}}],"collection":[{"href":"https:\/\/www.allinclusivehotels.it\/fr\/wp-json\/wp\/v2\/pages"}],"about":[{"href":"https:\/\/www.allinclusivehotels.it\/fr\/wp-json\/wp\/v2\/types\/page"}],"author":[{"embeddable":true,"href":"https:\/\/www.allinclusivehotels.it\/fr\/wp-json\/wp\/v2\/users\/1"}],"replies":[{"embeddable":true,"href":"https:\/\/www.allinclusivehotels.it\/fr\/wp-json\/wp\/v2\/comments?post=8205"}],"version-history":[{"count":6,"href":"https:\/\/www.allinclusivehotels.it\/fr\/wp-json\/wp\/v2\/pages\/8205\/revisions"}],"predecessor-version":[{"id":18355,"href":"https:\/\/www.allinclusivehotels.it\/fr\/wp-json\/wp\/v2\/pages\/8205\/revisions\/18355"}],"up":[{"embeddable":true,"href":"https:\/\/www.allinclusivehotels.it\/fr\/wp-json\/wp\/v2\/pages\/8167"}],"wp:attachment":[{"href":"https:\/\/www.allinclusivehotels.it\/fr\/wp-json\/wp\/v2\/media?parent=8205"}],"curies":[{"name":"wp","href":"https:\/\/api.w.org\/{rel}","templated":true}]}}