{"id":8203,"date":"2022-02-16T14:38:15","date_gmt":"2022-02-16T13:38:15","guid":{"rendered":"https:\/\/www.allinclusivehotels.it\/destinations\/senigallia"},"modified":"2022-04-12T11:00:39","modified_gmt":"2022-04-12T09:00:39","slug":"senigallia","status":"publish","type":"page","link":"https:\/\/www.allinclusivehotels.it\/fr\/destinations\/senigallia","title":{"rendered":"Senigallia"},"content":{"rendered":"\n<h2 class=\"wp-block-heading\">Plages de velours et saveurs gourmandes<\/h2>\n\n\n\n<p><b>Senigallia<\/b> est une des stations baln\u00e9aires les plus en vue du littoral des Marches, gr\u00e2ce non seulement \u00e0 sa mer propre, plusieurs fois laur\u00e9ate du <b>Pavillon Bleu d&#8217;Europe<\/b>, mais aussi \u00e0 sa <b>Spiaggia di Velluto (plage de velours)<\/b>, avec son sable doux et chaud, o\u00f9 il est tr\u00e8s agr\u00e9able de se promener pieds nus.<\/p>\n\n\n\n<p>Des vacances <b> All Inclusive<\/b> \u00e0 <b>Senigallia,<\/b> c\u2019est aussi d\u00e9couvrir une gastronomie d\u2019excellence, faite de mets traditionnels et de sp\u00e9cialit\u00e9s qui ont su s\u2019imposer \u00e0 travers le monde\u00a0: Brodetto alla Senigalliese (bouillon de poisson) avec 13 diff\u00e9rents types de poissons mijot\u00e9s \u00e0 feu doux\u00a0; cannelloni, vincisgrassi, porchetta, pizza au fromage et d\u2019autres gourmandises \u00e0 accompagner avec des vins DOC de la r\u00e9gion comme le <b>Verdicchio<\/b> ou le <b>Lacrima di Morro<\/b> <b>d&#8217;Alba<\/b>.<\/p>\n\n\n\n<!--more-->\n\n\n\n<h2 class=\"wp-block-heading\">Le centre historique et La Terra del Duca<\/h2>\n\n\n\n<p>Les <b>All Inclusive Hotels Senigallia<\/b> recommandent vivement d\u2019aller visiter le centre historique de la ville, riche de monuments et de petits coins d\u2019une rare beaut\u00e9&nbsp;: la <b>Rocca Roveresca, le Foro Annonario,<\/b> <b>Piazza Roma,<\/b> <b>Palazzo del Duca<\/b>, la&nbsp;<b>Fontana delle Anatre (fontaine aux canards)<\/b>, les&nbsp;<b>Portici Ercolani<\/b>.&nbsp;<b>Senigallia<\/b> participe \u00e9galement au projet <b>La Terra del Duca <\/b>avec Pesaro, Urbin et Gubbio, afin de pr\u00e9server l\u2019immense h\u00e9ritage culturel que la Renaissance a l\u00e9gu\u00e9 \u00e0 ces lieux et que les visiteurs peuvent d\u00e9couvrir gr\u00e2ce aux nombreux \u00e9v\u00e9nements de la saison touristique&nbsp;: d\u00e9fil\u00e9s et reconstitutions historiques, banquets dans le style de la Renaissance, expositions d\u2019artisanat d\u2019orf\u00e8vrerie inspir\u00e9es \u00e0 la tradition des Della Rovere, entre autres.<\/p>\n\n\n\n<h2 class=\"wp-block-heading\">Un paradis pour cyclotouristes<\/h2>\n\n\n\n<p><b>Senigallia<\/b> et ses alentours sont une petite Mecque pour les passionn\u00e9es de cyclotourisme. Les guides des <b>All Inclusive Hotels<\/b>&nbsp;sont \u00e0 m\u00eame de leur conseiller des beaux parcours parmi les collines parcourus d\u2019ancien bourgs, ch\u00e2teaux m\u00e9di\u00e9vaux et petits villages typiques, comme <b>Corinaldo, Jesi, Piticchio, Nidastore, Morro d&#8217;Alba.<\/b><\/p>\n\n\n\n<h2 class=\"wp-block-heading\">Des vacances family friendly<\/h2>\n\n\n\n<p>Un<b> All Inclusive<\/b> <b>Hotel Senigallia <\/b>est l\u2019id\u00e9al aussi pour les familles avec enfants. Tous les \u00e9tablissements proposent des services d\u2019animations et Mini Club \u00e0 l\u2019h\u00f4tel et \u00e0 la plage, un restaurant avec menu personnalis\u00e9s et horaires flexibles, des go\u00fbters gourmands, des \u00e9quipements pour b\u00e9b\u00e9 dans les chambres, un coin am\u00e9nag\u00e9 pour pr\u00e9parer leur repas et bien plus. Sans oublier que <b>Senigallia&nbsp;<\/b>a le m\u00e9rite d\u2019avoir d\u00e9croch\u00e9 la&nbsp;<b>Bandiera Verde&nbsp;(pavillon vert) <\/b>pour sa <b>mer<\/b> <b>amie des enfants<\/b>, une prestigieuse distinction qui lui a \u00e9t\u00e9 attribu\u00e9 par un groupe de p\u00e9diatres italiens. Cela veut dire&nbsp;: eaux non profondes et limpides, sable tr\u00e8s propre, parasols bien distanci\u00e9s, services de sauvetage, \u00e9tablissements avec espaces pour l\u2019allaitement et le changement de couches, aires de jeu et bien plus.<\/p>\n","protected":false},"excerpt":{"rendered":"<p>Plages de velours et saveurs gourmandes Senigallia est une des stations baln\u00e9aires les plus en &hellip;<\/p>\n","protected":false},"author":1,"featured_media":0,"parent":8167,"menu_order":0,"comment_status":"closed","ping_status":"closed","template":"page-templates\/destinazione.php","meta":{"_acf_changed":false,"footnotes":""},"class_list":["post-8203","page","type-page","status-publish","hentry"],"acf":[],"yoast_head":"<!-- This site is optimized with the Yoast SEO plugin v27.6 - https:\/\/yoast.com\/product\/yoast-seo-wordpress\/ -->\n<title>H\u00f4tels All Inclusive \u00e0 Senigallia | Offres forfaits vacances \u00e0 la mer<\/title>\n<meta name=\"description\" content=\"Vous cherchez des H\u00f4tels All Inclusive \u00e0 Senigallia sur la C\u00f4te Adriatique? Voici la plus grande s\u00e9lection des meilleurs h\u00f4tels\" \/>\n<meta name=\"robots\" content=\"index, follow, max-snippet:-1, max-image-preview:large, max-video-preview:-1\" \/>\n<link rel=\"canonical\" href=\"https:\/\/www.allinclusivehotels.it\/fr\/destinations\/senigallia\" \/>\n<meta property=\"og:locale\" content=\"fr_FR\" \/>\n<meta property=\"og:type\" content=\"article\" \/>\n<meta property=\"og:title\" content=\"H\u00f4tels All Inclusive \u00e0 Senigallia | Offres forfaits vacances \u00e0 la mer\" \/>\n<meta property=\"og:description\" content=\"Vous cherchez des H\u00f4tels All Inclusive \u00e0 Senigallia sur la C\u00f4te Adriatique? Voici la plus grande s\u00e9lection des meilleurs h\u00f4tels\" \/>\n<meta property=\"og:url\" content=\"https:\/\/www.allinclusivehotels.it\/fr\/destinations\/senigallia\" \/>\n<meta property=\"og:site_name\" content=\"All Inclusive Hotels\" \/>\n<meta property=\"article:modified_time\" content=\"2022-04-12T09:00:39+00:00\" \/>\n<meta name=\"twitter:card\" content=\"summary_large_image\" \/>\n<meta name=\"twitter:label1\" content=\"Dur\u00e9e de lecture estim\u00e9e\" \/>\n\t<meta name=\"twitter:data1\" content=\"3 minutes\" \/>\n<script type=\"application\/ld+json\" class=\"yoast-schema-graph\">{\"@context\":\"https:\\\/\\\/schema.org\",\"@graph\":[{\"@type\":\"WebPage\",\"@id\":\"https:\\\/\\\/www.allinclusivehotels.it\\\/fr\\\/destinations\\\/senigallia\",\"url\":\"https:\\\/\\\/www.allinclusivehotels.it\\\/fr\\\/destinations\\\/senigallia\",\"name\":\"H\u00f4tels All Inclusive \u00e0 Senigallia | Offres forfaits vacances \u00e0 la mer\",\"isPartOf\":{\"@id\":\"https:\\\/\\\/www.allinclusivehotels.it\\\/fr#website\"},\"datePublished\":\"2022-02-16T13:38:15+00:00\",\"dateModified\":\"2022-04-12T09:00:39+00:00\",\"description\":\"Vous cherchez des H\u00f4tels All Inclusive \u00e0 Senigallia sur la C\u00f4te Adriatique? Voici la plus grande s\u00e9lection des meilleurs h\u00f4tels\",\"breadcrumb\":{\"@id\":\"https:\\\/\\\/www.allinclusivehotels.it\\\/fr\\\/destinations\\\/senigallia#breadcrumb\"},\"inLanguage\":\"fr-FR\",\"potentialAction\":[{\"@type\":\"ReadAction\",\"target\":[\"https:\\\/\\\/www.allinclusivehotels.it\\\/fr\\\/destinations\\\/senigallia\"]}]},{\"@type\":\"BreadcrumbList\",\"@id\":\"https:\\\/\\\/www.allinclusivehotels.it\\\/fr\\\/destinations\\\/senigallia#breadcrumb\",\"itemListElement\":[{\"@type\":\"ListItem\",\"position\":1,\"name\":\"Home\",\"item\":\"https:\\\/\\\/www.allinclusivehotels.it\\\/fr\"},{\"@type\":\"ListItem\",\"position\":2,\"name\":\"Destinations\",\"item\":\"https:\\\/\\\/www.allinclusivehotels.it\\\/fr\\\/destinations\"},{\"@type\":\"ListItem\",\"position\":3,\"name\":\"Senigallia\"}]},{\"@type\":\"WebSite\",\"@id\":\"https:\\\/\\\/www.allinclusivehotels.it\\\/fr#website\",\"url\":\"https:\\\/\\\/www.allinclusivehotels.it\\\/fr\",\"name\":\"All Inclusive Hotels\",\"description\":\"\",\"publisher\":{\"@id\":\"https:\\\/\\\/www.allinclusivehotels.it\\\/fr#organization\"},\"potentialAction\":[{\"@type\":\"SearchAction\",\"target\":{\"@type\":\"EntryPoint\",\"urlTemplate\":\"https:\\\/\\\/www.allinclusivehotels.it\\\/fr?s={search_term_string}\"},\"query-input\":{\"@type\":\"PropertyValueSpecification\",\"valueRequired\":true,\"valueName\":\"search_term_string\"}}],\"inLanguage\":\"fr-FR\"},{\"@type\":\"Organization\",\"@id\":\"https:\\\/\\\/www.allinclusivehotels.it\\\/fr#organization\",\"name\":\"All Inclusive Hotels\",\"url\":\"https:\\\/\\\/www.allinclusivehotels.it\\\/fr\",\"logo\":{\"@type\":\"ImageObject\",\"inLanguage\":\"fr-FR\",\"@id\":\"https:\\\/\\\/www.allinclusivehotels.it\\\/fr#\\\/schema\\\/logo\\\/image\\\/\",\"url\":\"\",\"contentUrl\":\"\",\"caption\":\"All Inclusive Hotels\"},\"image\":{\"@id\":\"https:\\\/\\\/www.allinclusivehotels.it\\\/fr#\\\/schema\\\/logo\\\/image\\\/\"}}]}<\/script>\n<!-- \/ Yoast SEO plugin. -->","yoast_head_json":{"title":"H\u00f4tels All Inclusive \u00e0 Senigallia | Offres forfaits vacances \u00e0 la mer","description":"Vous cherchez des H\u00f4tels All Inclusive \u00e0 Senigallia sur la C\u00f4te Adriatique? Voici la plus grande s\u00e9lection des meilleurs h\u00f4tels","robots":{"index":"index","follow":"follow","max-snippet":"max-snippet:-1","max-image-preview":"max-image-preview:large","max-video-preview":"max-video-preview:-1"},"canonical":"https:\/\/www.allinclusivehotels.it\/fr\/destinations\/senigallia","og_locale":"fr_FR","og_type":"article","og_title":"H\u00f4tels All Inclusive \u00e0 Senigallia | Offres forfaits vacances \u00e0 la mer","og_description":"Vous cherchez des H\u00f4tels All Inclusive \u00e0 Senigallia sur la C\u00f4te Adriatique? Voici la plus grande s\u00e9lection des meilleurs h\u00f4tels","og_url":"https:\/\/www.allinclusivehotels.it\/fr\/destinations\/senigallia","og_site_name":"All Inclusive Hotels","article_modified_time":"2022-04-12T09:00:39+00:00","twitter_card":"summary_large_image","twitter_misc":{"Dur\u00e9e de lecture estim\u00e9e":"3 minutes"},"schema":{"@context":"https:\/\/schema.org","@graph":[{"@type":"WebPage","@id":"https:\/\/www.allinclusivehotels.it\/fr\/destinations\/senigallia","url":"https:\/\/www.allinclusivehotels.it\/fr\/destinations\/senigallia","name":"H\u00f4tels All Inclusive \u00e0 Senigallia | Offres forfaits vacances \u00e0 la mer","isPartOf":{"@id":"https:\/\/www.allinclusivehotels.it\/fr#website"},"datePublished":"2022-02-16T13:38:15+00:00","dateModified":"2022-04-12T09:00:39+00:00","description":"Vous cherchez des H\u00f4tels All Inclusive \u00e0 Senigallia sur la C\u00f4te Adriatique? Voici la plus grande s\u00e9lection des meilleurs h\u00f4tels","breadcrumb":{"@id":"https:\/\/www.allinclusivehotels.it\/fr\/destinations\/senigallia#breadcrumb"},"inLanguage":"fr-FR","potentialAction":[{"@type":"ReadAction","target":["https:\/\/www.allinclusivehotels.it\/fr\/destinations\/senigallia"]}]},{"@type":"BreadcrumbList","@id":"https:\/\/www.allinclusivehotels.it\/fr\/destinations\/senigallia#breadcrumb","itemListElement":[{"@type":"ListItem","position":1,"name":"Home","item":"https:\/\/www.allinclusivehotels.it\/fr"},{"@type":"ListItem","position":2,"name":"Destinations","item":"https:\/\/www.allinclusivehotels.it\/fr\/destinations"},{"@type":"ListItem","position":3,"name":"Senigallia"}]},{"@type":"WebSite","@id":"https:\/\/www.allinclusivehotels.it\/fr#website","url":"https:\/\/www.allinclusivehotels.it\/fr","name":"All Inclusive Hotels","description":"","publisher":{"@id":"https:\/\/www.allinclusivehotels.it\/fr#organization"},"potentialAction":[{"@type":"SearchAction","target":{"@type":"EntryPoint","urlTemplate":"https:\/\/www.allinclusivehotels.it\/fr?s={search_term_string}"},"query-input":{"@type":"PropertyValueSpecification","valueRequired":true,"valueName":"search_term_string"}}],"inLanguage":"fr-FR"},{"@type":"Organization","@id":"https:\/\/www.allinclusivehotels.it\/fr#organization","name":"All Inclusive Hotels","url":"https:\/\/www.allinclusivehotels.it\/fr","logo":{"@type":"ImageObject","inLanguage":"fr-FR","@id":"https:\/\/www.allinclusivehotels.it\/fr#\/schema\/logo\/image\/","url":"","contentUrl":"","caption":"All Inclusive Hotels"},"image":{"@id":"https:\/\/www.allinclusivehotels.it\/fr#\/schema\/logo\/image\/"}}]}},"_links":{"self":[{"href":"https:\/\/www.allinclusivehotels.it\/fr\/wp-json\/wp\/v2\/pages\/8203","targetHints":{"allow":["GET"]}}],"collection":[{"href":"https:\/\/www.allinclusivehotels.it\/fr\/wp-json\/wp\/v2\/pages"}],"about":[{"href":"https:\/\/www.allinclusivehotels.it\/fr\/wp-json\/wp\/v2\/types\/page"}],"author":[{"embeddable":true,"href":"https:\/\/www.allinclusivehotels.it\/fr\/wp-json\/wp\/v2\/users\/1"}],"replies":[{"embeddable":true,"href":"https:\/\/www.allinclusivehotels.it\/fr\/wp-json\/wp\/v2\/comments?post=8203"}],"version-history":[{"count":6,"href":"https:\/\/www.allinclusivehotels.it\/fr\/wp-json\/wp\/v2\/pages\/8203\/revisions"}],"predecessor-version":[{"id":18353,"href":"https:\/\/www.allinclusivehotels.it\/fr\/wp-json\/wp\/v2\/pages\/8203\/revisions\/18353"}],"up":[{"embeddable":true,"href":"https:\/\/www.allinclusivehotels.it\/fr\/wp-json\/wp\/v2\/pages\/8167"}],"wp:attachment":[{"href":"https:\/\/www.allinclusivehotels.it\/fr\/wp-json\/wp\/v2\/media?parent=8203"}],"curies":[{"name":"wp","href":"https:\/\/api.w.org\/{rel}","templated":true}]}}