{"id":8201,"date":"2022-02-16T14:38:14","date_gmt":"2022-02-16T13:38:14","guid":{"rendered":"https:\/\/www.allinclusivehotels.it\/destinations\/san-mauro-mare"},"modified":"2022-04-12T11:03:13","modified_gmt":"2022-04-12T09:03:13","slug":"san-mauro-mare","status":"publish","type":"page","link":"https:\/\/www.allinclusivehotels.it\/fr\/destinations\/san-mauro-mare","title":{"rendered":"San Mauro Mare"},"content":{"rendered":"\n<p>Petit et paisible centre baln\u00e9aire de la Riviera Romagnole entre Rimini et Cesenatico, <b>San Mauro Mare<\/b> (FC) b\u00e9n\u00e9ficie de <b>belles<\/b> <b>plages am\u00e9nag\u00e9es<\/b> qui re\u00e7oivent tous les ans le label <b>Pavillon Bleu<\/b>, ainsi que des jardins et des espaces verts soigneusement entretenus. Pour ceux qui aiment le sport, de nombreux \u00e9tablissement proposent des terrains de beach volley et beach tennis, une \u00e9cole de natation et de voile, et tous les jours sont organis\u00e9es des activit\u00e9s en plein comme de l\u2019Acquagym et du r\u00e9veil musculaire.<\/p>\n\n\n\n<p><b>\u00c0 seulement 7 kilom\u00e8tres se trouve San Mauro Pascoli<\/b>, qui doit son nom au grand po\u00e8te. Le centre historique au c\u0153ur du village abrite un h\u00f4tel ville de datant du XVIII<sup>e<\/sup> si\u00e8cle, l\u2019ancienne \u00e9glise de San Sebastiano, le petit mus\u00e9e Casa Pascoli (devenu monument national) et la <b>Villa Torlonia<\/b>, autre r\u00e9sidence de la famille Pascoli et rare mod\u00e8le original de l\u2019architecture romagnole des XVII<sup>e<\/sup> et XVIII<sup>e<\/sup> si\u00e8cles.<\/p>\n\n\n\n<!--more-->\n\n\n\n<p>\u00c0 ne pas rater&nbsp;: les <b>Itineraires Pascoliani<\/b>, pour d\u00e9couvrir les tr\u00e9sors artistiques et les produits \u0153no-gastronomiques de la Romagne tels que l\u2019Olio Extra Vergine d\u2019oliva (huile d\u2019olive extra vierge), les vins (Sangiovese et Albana DOC), les fromages (squacquerone, raveggiolo, formaggio di fossa) et les g\u00e2teaux (saba et savor).<\/p>\n\n\n\n<p>Sans oublier les <b>\u00e9v\u00e9nements<\/b> de l\u2019\u00e9t\u00e9, <b>comme la Fiera della Conchiglia<\/b> (foire du coquillage) le premier weekend de juillet, avec ses march\u00e9s aux puces typiques, et le <b>Concerto all\u2019alba<\/b> au mois d\u2019ao\u00fbt qui a lieu directement sur la plage. \u00c0 cette p\u00e9riode se d\u00e9roule \u00e9galement le <b>Giardino della Poesia (Jardin de la po\u00e9sie)<\/b>, riche de manifestations th\u00e9\u00e2trales et musicales sur les sites du po\u00e8te Pascoli.<\/p>\n\n\n\n<p>De San Mauro on peut rejoindre facilement <b>Cesenatico<\/b> et le c\u00e9l\u00e8bre Port-Canal de L\u00e9onard de Vinci (\u00e0 peine 8 kilom\u00e8tres), Rimini (\u00e0 15 kilom\u00e8tres) ainsi que les fameux parcs \u00e0 th\u00e8mes comme <b>Mirabilandia<\/b> \u00e0 Ravenne (20 kilom\u00e8tres), <b>Fiabilandia<\/b> (25 kilom\u00e8tres), <b>Italia in Miniatura \u00e0 Rimini<\/b> (14 kilom\u00e8tres), <b>Oltremare et Aquafan<\/b> \u00e0 Riccione (30 kilom\u00e8tres).<\/p>\n","protected":false},"excerpt":{"rendered":"<p>Petit et paisible centre baln\u00e9aire de la Riviera Romagnole entre Rimini et Cesenatico, San Mauro &hellip;<\/p>\n","protected":false},"author":1,"featured_media":0,"parent":8167,"menu_order":0,"comment_status":"closed","ping_status":"closed","template":"page-templates\/destinazione.php","meta":{"_acf_changed":false,"footnotes":""},"class_list":["post-8201","page","type-page","status-publish","hentry"],"acf":[],"yoast_head":"<!-- This site is optimized with the Yoast SEO plugin v27.0 - https:\/\/yoast.com\/product\/yoast-seo-wordpress\/ -->\n<title>H\u00f4tels All Inclusive \u00e0 San Mauro Mare | Offres forfaits vacances \u00e0 la mer<\/title>\n<meta name=\"description\" content=\"Vous cherchez des H\u00f4tels All Inclusive \u00e0 San Mauro sur la C\u00f4te Adriatique? Voici la plus grande s\u00e9lection des meilleurs h\u00f4tels\" \/>\n<meta name=\"robots\" content=\"index, follow, max-snippet:-1, max-image-preview:large, max-video-preview:-1\" \/>\n<link rel=\"canonical\" href=\"https:\/\/www.allinclusivehotels.it\/fr\/destinations\/san-mauro-mare\" \/>\n<meta property=\"og:locale\" content=\"fr_FR\" \/>\n<meta property=\"og:type\" content=\"article\" \/>\n<meta property=\"og:title\" content=\"H\u00f4tels All Inclusive \u00e0 San Mauro Mare | Offres forfaits vacances \u00e0 la mer\" \/>\n<meta property=\"og:description\" content=\"Vous cherchez des H\u00f4tels All Inclusive \u00e0 San Mauro sur la C\u00f4te Adriatique? Voici la plus grande s\u00e9lection des meilleurs h\u00f4tels\" \/>\n<meta property=\"og:url\" content=\"https:\/\/www.allinclusivehotels.it\/fr\/destinations\/san-mauro-mare\" \/>\n<meta property=\"og:site_name\" content=\"All Inclusive Hotels\" \/>\n<meta property=\"article:modified_time\" content=\"2022-04-12T09:03:13+00:00\" \/>\n<meta name=\"twitter:card\" content=\"summary_large_image\" \/>\n<meta name=\"twitter:label1\" content=\"Dur\u00e9e de lecture estim\u00e9e\" \/>\n\t<meta name=\"twitter:data1\" content=\"2 minutes\" \/>\n<script type=\"application\/ld+json\" class=\"yoast-schema-graph\">{\"@context\":\"https:\/\/schema.org\",\"@graph\":[{\"@type\":\"WebPage\",\"@id\":\"https:\/\/www.allinclusivehotels.it\/fr\/destinations\/san-mauro-mare\",\"url\":\"https:\/\/www.allinclusivehotels.it\/fr\/destinations\/san-mauro-mare\",\"name\":\"H\u00f4tels All Inclusive \u00e0 San Mauro Mare | Offres forfaits vacances \u00e0 la mer\",\"isPartOf\":{\"@id\":\"https:\/\/www.allinclusivehotels.it\/fr#website\"},\"datePublished\":\"2022-02-16T13:38:14+00:00\",\"dateModified\":\"2022-04-12T09:03:13+00:00\",\"description\":\"Vous cherchez des H\u00f4tels All Inclusive \u00e0 San Mauro sur la C\u00f4te Adriatique? Voici la plus grande s\u00e9lection des meilleurs h\u00f4tels\",\"breadcrumb\":{\"@id\":\"https:\/\/www.allinclusivehotels.it\/fr\/destinations\/san-mauro-mare#breadcrumb\"},\"inLanguage\":\"fr-FR\",\"potentialAction\":[{\"@type\":\"ReadAction\",\"target\":[\"https:\/\/www.allinclusivehotels.it\/fr\/destinations\/san-mauro-mare\"]}]},{\"@type\":\"BreadcrumbList\",\"@id\":\"https:\/\/www.allinclusivehotels.it\/fr\/destinations\/san-mauro-mare#breadcrumb\",\"itemListElement\":[{\"@type\":\"ListItem\",\"position\":1,\"name\":\"Home\",\"item\":\"https:\/\/www.allinclusivehotels.it\/fr\"},{\"@type\":\"ListItem\",\"position\":2,\"name\":\"Destinations\",\"item\":\"https:\/\/www.allinclusivehotels.it\/fr\/destinations\"},{\"@type\":\"ListItem\",\"position\":3,\"name\":\"San Mauro Mare\"}]},{\"@type\":\"WebSite\",\"@id\":\"https:\/\/www.allinclusivehotels.it\/fr#website\",\"url\":\"https:\/\/www.allinclusivehotels.it\/fr\",\"name\":\"All Inclusive Hotels\",\"description\":\"\",\"publisher\":{\"@id\":\"https:\/\/www.allinclusivehotels.it\/fr#organization\"},\"potentialAction\":[{\"@type\":\"SearchAction\",\"target\":{\"@type\":\"EntryPoint\",\"urlTemplate\":\"https:\/\/www.allinclusivehotels.it\/fr?s={search_term_string}\"},\"query-input\":{\"@type\":\"PropertyValueSpecification\",\"valueRequired\":true,\"valueName\":\"search_term_string\"}}],\"inLanguage\":\"fr-FR\"},{\"@type\":\"Organization\",\"@id\":\"https:\/\/www.allinclusivehotels.it\/fr#organization\",\"name\":\"All Inclusive Hotels\",\"url\":\"https:\/\/www.allinclusivehotels.it\/fr\",\"logo\":{\"@type\":\"ImageObject\",\"inLanguage\":\"fr-FR\",\"@id\":\"https:\/\/www.allinclusivehotels.it\/fr#\/schema\/logo\/image\/\",\"url\":\"\",\"contentUrl\":\"\",\"caption\":\"All Inclusive Hotels\"},\"image\":{\"@id\":\"https:\/\/www.allinclusivehotels.it\/fr#\/schema\/logo\/image\/\"}}]}<\/script>\n<!-- \/ Yoast SEO plugin. -->","yoast_head_json":{"title":"H\u00f4tels All Inclusive \u00e0 San Mauro Mare | Offres forfaits vacances \u00e0 la mer","description":"Vous cherchez des H\u00f4tels All Inclusive \u00e0 San Mauro sur la C\u00f4te Adriatique? Voici la plus grande s\u00e9lection des meilleurs h\u00f4tels","robots":{"index":"index","follow":"follow","max-snippet":"max-snippet:-1","max-image-preview":"max-image-preview:large","max-video-preview":"max-video-preview:-1"},"canonical":"https:\/\/www.allinclusivehotels.it\/fr\/destinations\/san-mauro-mare","og_locale":"fr_FR","og_type":"article","og_title":"H\u00f4tels All Inclusive \u00e0 San Mauro Mare | Offres forfaits vacances \u00e0 la mer","og_description":"Vous cherchez des H\u00f4tels All Inclusive \u00e0 San Mauro sur la C\u00f4te Adriatique? Voici la plus grande s\u00e9lection des meilleurs h\u00f4tels","og_url":"https:\/\/www.allinclusivehotels.it\/fr\/destinations\/san-mauro-mare","og_site_name":"All Inclusive Hotels","article_modified_time":"2022-04-12T09:03:13+00:00","twitter_card":"summary_large_image","twitter_misc":{"Dur\u00e9e de lecture estim\u00e9e":"2 minutes"},"schema":{"@context":"https:\/\/schema.org","@graph":[{"@type":"WebPage","@id":"https:\/\/www.allinclusivehotels.it\/fr\/destinations\/san-mauro-mare","url":"https:\/\/www.allinclusivehotels.it\/fr\/destinations\/san-mauro-mare","name":"H\u00f4tels All Inclusive \u00e0 San Mauro Mare | Offres forfaits vacances \u00e0 la mer","isPartOf":{"@id":"https:\/\/www.allinclusivehotels.it\/fr#website"},"datePublished":"2022-02-16T13:38:14+00:00","dateModified":"2022-04-12T09:03:13+00:00","description":"Vous cherchez des H\u00f4tels All Inclusive \u00e0 San Mauro sur la C\u00f4te Adriatique? Voici la plus grande s\u00e9lection des meilleurs h\u00f4tels","breadcrumb":{"@id":"https:\/\/www.allinclusivehotels.it\/fr\/destinations\/san-mauro-mare#breadcrumb"},"inLanguage":"fr-FR","potentialAction":[{"@type":"ReadAction","target":["https:\/\/www.allinclusivehotels.it\/fr\/destinations\/san-mauro-mare"]}]},{"@type":"BreadcrumbList","@id":"https:\/\/www.allinclusivehotels.it\/fr\/destinations\/san-mauro-mare#breadcrumb","itemListElement":[{"@type":"ListItem","position":1,"name":"Home","item":"https:\/\/www.allinclusivehotels.it\/fr"},{"@type":"ListItem","position":2,"name":"Destinations","item":"https:\/\/www.allinclusivehotels.it\/fr\/destinations"},{"@type":"ListItem","position":3,"name":"San Mauro Mare"}]},{"@type":"WebSite","@id":"https:\/\/www.allinclusivehotels.it\/fr#website","url":"https:\/\/www.allinclusivehotels.it\/fr","name":"All Inclusive Hotels","description":"","publisher":{"@id":"https:\/\/www.allinclusivehotels.it\/fr#organization"},"potentialAction":[{"@type":"SearchAction","target":{"@type":"EntryPoint","urlTemplate":"https:\/\/www.allinclusivehotels.it\/fr?s={search_term_string}"},"query-input":{"@type":"PropertyValueSpecification","valueRequired":true,"valueName":"search_term_string"}}],"inLanguage":"fr-FR"},{"@type":"Organization","@id":"https:\/\/www.allinclusivehotels.it\/fr#organization","name":"All Inclusive Hotels","url":"https:\/\/www.allinclusivehotels.it\/fr","logo":{"@type":"ImageObject","inLanguage":"fr-FR","@id":"https:\/\/www.allinclusivehotels.it\/fr#\/schema\/logo\/image\/","url":"","contentUrl":"","caption":"All Inclusive Hotels"},"image":{"@id":"https:\/\/www.allinclusivehotels.it\/fr#\/schema\/logo\/image\/"}}]}},"_links":{"self":[{"href":"https:\/\/www.allinclusivehotels.it\/fr\/wp-json\/wp\/v2\/pages\/8201","targetHints":{"allow":["GET"]}}],"collection":[{"href":"https:\/\/www.allinclusivehotels.it\/fr\/wp-json\/wp\/v2\/pages"}],"about":[{"href":"https:\/\/www.allinclusivehotels.it\/fr\/wp-json\/wp\/v2\/types\/page"}],"author":[{"embeddable":true,"href":"https:\/\/www.allinclusivehotels.it\/fr\/wp-json\/wp\/v2\/users\/1"}],"replies":[{"embeddable":true,"href":"https:\/\/www.allinclusivehotels.it\/fr\/wp-json\/wp\/v2\/comments?post=8201"}],"version-history":[{"count":7,"href":"https:\/\/www.allinclusivehotels.it\/fr\/wp-json\/wp\/v2\/pages\/8201\/revisions"}],"predecessor-version":[{"id":18394,"href":"https:\/\/www.allinclusivehotels.it\/fr\/wp-json\/wp\/v2\/pages\/8201\/revisions\/18394"}],"up":[{"embeddable":true,"href":"https:\/\/www.allinclusivehotels.it\/fr\/wp-json\/wp\/v2\/pages\/8167"}],"wp:attachment":[{"href":"https:\/\/www.allinclusivehotels.it\/fr\/wp-json\/wp\/v2\/media?parent=8201"}],"curies":[{"name":"wp","href":"https:\/\/api.w.org\/{rel}","templated":true}]}}