{"id":8197,"date":"2022-02-16T14:38:13","date_gmt":"2022-02-16T13:38:13","guid":{"rendered":"https:\/\/www.allinclusivehotels.it\/destinations\/riccione"},"modified":"2022-04-12T11:03:05","modified_gmt":"2022-04-12T09:03:05","slug":"riccione","status":"publish","type":"page","link":"https:\/\/www.allinclusivehotels.it\/fr\/destinations\/riccione","title":{"rendered":"Riccione"},"content":{"rendered":"\n<h2 class=\"wp-block-heading\">La Perle de la Riviera<\/h2>\n\n\n\n<p>Moderne et raffin\u00e9e,<b> Riccione<\/b> est sans aucun doute la perle de la <b>Riviera Romagnole<\/b>. La promenade et les boutiques chics sur <b>Viale Ceccarini et Viale Dante<\/b>, les \u201cville\u201d au style Liberty, les clubs \u00e0 la mode, les pistes cyclables et les structures sportives modernes, les <b>25 eco-plages<\/b> sans barri\u00e8res architecturales avec un grand nombre de services pour les jeunes et pour les familles \u2013 aires de jeu, sports, animations, ateliers ludiques et cr\u00e9atifs \u2013 en font une destination au charme intemporel.<\/p>\n\n\n\n<!--more-->\n\n\n\n<h2 class=\"wp-block-heading\">Thermes, parcs et movida<\/h2>\n\n\n\n<p>Les amateurs du bien-\u00eatre trouveront aux <b>Thermes de Riccione<\/b> un lieu parfait pour les soins, les massages et les traitements esth\u00e9tiques adapt\u00e9s \u00e0 tous les \u00e2ges. Tandis que ceux qui recherchent du divertissement \u00e0 360 degr\u00e9s n\u2019auront qu\u2019\u00e0 choisir entre <b>parcs aquatiques et parcs \u00e0 th\u00e8mes en journ\u00e9e<\/b> \u2013 de <b>Aquafan<\/b> au <b>Parco Oltremare,<\/b> avec les incroyables acrobaties de ses dauphins&nbsp;; du <b>Beach Village,<\/b> avec sa piscine d\u2019eau sal\u00e9e, au fantasmagorique parc d\u2019attractions de <b>Ricciolandia<\/b> \u2013 et <b>discoth\u00e8ques<\/b> aux noms mythiques sur les collines alentours&nbsp;: le Byblos, le Pasci\u00e0, le Cocoric\u00f2, le Prince, le Peter Pan et Villa delle Rose.&nbsp;Mais la derni\u00e8re tendance est de <b>vivre la mer 24 heures sur 24,<\/b> gr\u00e2ce aux clubs de la zone du <b>Marano<\/b>, o\u00f9 l\u2019on fait \u00e9tape pour un ap\u00e9ro, un d\u00eener \u00e9toil\u00e9 et bien s\u00fbr danser sur le sable.<\/p>\n\n\n\n<h2 class=\"wp-block-heading\">Une hospitalit\u00e9 sur mesure<\/h2>\n\n\n\n<p>Les <b>All Inclusive Hotels Riccione<\/b> veillent \u00e0 tout le reste<b>, gr\u00e2ce \u00e0 leur<\/b> accueil soign\u00e9 et des <b>offres<\/b> <b>adapt\u00e9es aux familles et aux sportifs<\/b>, \u00e0 qui l\u2019on propose des guides cyclotouristiques pour d\u00e9couvrir les charmants bourgs de l\u2019arri\u00e8re-pays, ou profiter des cours de tennis, de voile, de windsurf et de kitesurf.<\/p>\n","protected":false},"excerpt":{"rendered":"<p>La Perle de la Riviera Moderne et raffin\u00e9e, Riccione est sans aucun doute la perle &hellip;<\/p>\n","protected":false},"author":1,"featured_media":0,"parent":8167,"menu_order":0,"comment_status":"closed","ping_status":"closed","template":"page-templates\/destinazione.php","meta":{"_acf_changed":false,"footnotes":""},"class_list":["post-8197","page","type-page","status-publish","hentry"],"acf":[],"yoast_head":"<!-- This site is optimized with the Yoast SEO plugin v27.0 - https:\/\/yoast.com\/product\/yoast-seo-wordpress\/ -->\n<title>H\u00f4tels All Inclusive \u00e0 Riccione | Offres forfaits vacances \u00e0 la mer<\/title>\n<meta name=\"description\" content=\"Vous cherchez des H\u00f4tels All Inclusive \u00e0 Riccione sur la C\u00f4te Adriatique? Voici la plus grande s\u00e9lection des meilleurs h\u00f4tels\" \/>\n<meta name=\"robots\" content=\"index, follow, max-snippet:-1, max-image-preview:large, max-video-preview:-1\" \/>\n<link rel=\"canonical\" href=\"https:\/\/www.allinclusivehotels.it\/fr\/destinations\/riccione\" \/>\n<meta property=\"og:locale\" content=\"fr_FR\" \/>\n<meta property=\"og:type\" content=\"article\" \/>\n<meta property=\"og:title\" content=\"H\u00f4tels All Inclusive \u00e0 Riccione | Offres forfaits vacances \u00e0 la mer\" \/>\n<meta property=\"og:description\" content=\"Vous cherchez des H\u00f4tels All Inclusive \u00e0 Riccione sur la C\u00f4te Adriatique? Voici la plus grande s\u00e9lection des meilleurs h\u00f4tels\" \/>\n<meta property=\"og:url\" content=\"https:\/\/www.allinclusivehotels.it\/fr\/destinations\/riccione\" \/>\n<meta property=\"og:site_name\" content=\"All Inclusive Hotels\" \/>\n<meta property=\"article:modified_time\" content=\"2022-04-12T09:03:05+00:00\" \/>\n<meta name=\"twitter:card\" content=\"summary_large_image\" \/>\n<meta name=\"twitter:label1\" content=\"Dur\u00e9e de lecture estim\u00e9e\" \/>\n\t<meta name=\"twitter:data1\" content=\"2 minutes\" \/>\n<script type=\"application\/ld+json\" class=\"yoast-schema-graph\">{\"@context\":\"https:\/\/schema.org\",\"@graph\":[{\"@type\":\"WebPage\",\"@id\":\"https:\/\/www.allinclusivehotels.it\/fr\/destinations\/riccione\",\"url\":\"https:\/\/www.allinclusivehotels.it\/fr\/destinations\/riccione\",\"name\":\"H\u00f4tels All Inclusive \u00e0 Riccione | Offres forfaits vacances \u00e0 la mer\",\"isPartOf\":{\"@id\":\"https:\/\/www.allinclusivehotels.it\/fr#website\"},\"datePublished\":\"2022-02-16T13:38:13+00:00\",\"dateModified\":\"2022-04-12T09:03:05+00:00\",\"description\":\"Vous cherchez des H\u00f4tels All Inclusive \u00e0 Riccione sur la C\u00f4te Adriatique? Voici la plus grande s\u00e9lection des meilleurs h\u00f4tels\",\"breadcrumb\":{\"@id\":\"https:\/\/www.allinclusivehotels.it\/fr\/destinations\/riccione#breadcrumb\"},\"inLanguage\":\"fr-FR\",\"potentialAction\":[{\"@type\":\"ReadAction\",\"target\":[\"https:\/\/www.allinclusivehotels.it\/fr\/destinations\/riccione\"]}]},{\"@type\":\"BreadcrumbList\",\"@id\":\"https:\/\/www.allinclusivehotels.it\/fr\/destinations\/riccione#breadcrumb\",\"itemListElement\":[{\"@type\":\"ListItem\",\"position\":1,\"name\":\"Home\",\"item\":\"https:\/\/www.allinclusivehotels.it\/fr\"},{\"@type\":\"ListItem\",\"position\":2,\"name\":\"Destinations\",\"item\":\"https:\/\/www.allinclusivehotels.it\/fr\/destinations\"},{\"@type\":\"ListItem\",\"position\":3,\"name\":\"Riccione\"}]},{\"@type\":\"WebSite\",\"@id\":\"https:\/\/www.allinclusivehotels.it\/fr#website\",\"url\":\"https:\/\/www.allinclusivehotels.it\/fr\",\"name\":\"All Inclusive Hotels\",\"description\":\"\",\"publisher\":{\"@id\":\"https:\/\/www.allinclusivehotels.it\/fr#organization\"},\"potentialAction\":[{\"@type\":\"SearchAction\",\"target\":{\"@type\":\"EntryPoint\",\"urlTemplate\":\"https:\/\/www.allinclusivehotels.it\/fr?s={search_term_string}\"},\"query-input\":{\"@type\":\"PropertyValueSpecification\",\"valueRequired\":true,\"valueName\":\"search_term_string\"}}],\"inLanguage\":\"fr-FR\"},{\"@type\":\"Organization\",\"@id\":\"https:\/\/www.allinclusivehotels.it\/fr#organization\",\"name\":\"All Inclusive Hotels\",\"url\":\"https:\/\/www.allinclusivehotels.it\/fr\",\"logo\":{\"@type\":\"ImageObject\",\"inLanguage\":\"fr-FR\",\"@id\":\"https:\/\/www.allinclusivehotels.it\/fr#\/schema\/logo\/image\/\",\"url\":\"\",\"contentUrl\":\"\",\"caption\":\"All Inclusive Hotels\"},\"image\":{\"@id\":\"https:\/\/www.allinclusivehotels.it\/fr#\/schema\/logo\/image\/\"}}]}<\/script>\n<!-- \/ Yoast SEO plugin. -->","yoast_head_json":{"title":"H\u00f4tels All Inclusive \u00e0 Riccione | Offres forfaits vacances \u00e0 la mer","description":"Vous cherchez des H\u00f4tels All Inclusive \u00e0 Riccione sur la C\u00f4te Adriatique? Voici la plus grande s\u00e9lection des meilleurs h\u00f4tels","robots":{"index":"index","follow":"follow","max-snippet":"max-snippet:-1","max-image-preview":"max-image-preview:large","max-video-preview":"max-video-preview:-1"},"canonical":"https:\/\/www.allinclusivehotels.it\/fr\/destinations\/riccione","og_locale":"fr_FR","og_type":"article","og_title":"H\u00f4tels All Inclusive \u00e0 Riccione | Offres forfaits vacances \u00e0 la mer","og_description":"Vous cherchez des H\u00f4tels All Inclusive \u00e0 Riccione sur la C\u00f4te Adriatique? Voici la plus grande s\u00e9lection des meilleurs h\u00f4tels","og_url":"https:\/\/www.allinclusivehotels.it\/fr\/destinations\/riccione","og_site_name":"All Inclusive Hotels","article_modified_time":"2022-04-12T09:03:05+00:00","twitter_card":"summary_large_image","twitter_misc":{"Dur\u00e9e de lecture estim\u00e9e":"2 minutes"},"schema":{"@context":"https:\/\/schema.org","@graph":[{"@type":"WebPage","@id":"https:\/\/www.allinclusivehotels.it\/fr\/destinations\/riccione","url":"https:\/\/www.allinclusivehotels.it\/fr\/destinations\/riccione","name":"H\u00f4tels All Inclusive \u00e0 Riccione | Offres forfaits vacances \u00e0 la mer","isPartOf":{"@id":"https:\/\/www.allinclusivehotels.it\/fr#website"},"datePublished":"2022-02-16T13:38:13+00:00","dateModified":"2022-04-12T09:03:05+00:00","description":"Vous cherchez des H\u00f4tels All Inclusive \u00e0 Riccione sur la C\u00f4te Adriatique? Voici la plus grande s\u00e9lection des meilleurs h\u00f4tels","breadcrumb":{"@id":"https:\/\/www.allinclusivehotels.it\/fr\/destinations\/riccione#breadcrumb"},"inLanguage":"fr-FR","potentialAction":[{"@type":"ReadAction","target":["https:\/\/www.allinclusivehotels.it\/fr\/destinations\/riccione"]}]},{"@type":"BreadcrumbList","@id":"https:\/\/www.allinclusivehotels.it\/fr\/destinations\/riccione#breadcrumb","itemListElement":[{"@type":"ListItem","position":1,"name":"Home","item":"https:\/\/www.allinclusivehotels.it\/fr"},{"@type":"ListItem","position":2,"name":"Destinations","item":"https:\/\/www.allinclusivehotels.it\/fr\/destinations"},{"@type":"ListItem","position":3,"name":"Riccione"}]},{"@type":"WebSite","@id":"https:\/\/www.allinclusivehotels.it\/fr#website","url":"https:\/\/www.allinclusivehotels.it\/fr","name":"All Inclusive Hotels","description":"","publisher":{"@id":"https:\/\/www.allinclusivehotels.it\/fr#organization"},"potentialAction":[{"@type":"SearchAction","target":{"@type":"EntryPoint","urlTemplate":"https:\/\/www.allinclusivehotels.it\/fr?s={search_term_string}"},"query-input":{"@type":"PropertyValueSpecification","valueRequired":true,"valueName":"search_term_string"}}],"inLanguage":"fr-FR"},{"@type":"Organization","@id":"https:\/\/www.allinclusivehotels.it\/fr#organization","name":"All Inclusive Hotels","url":"https:\/\/www.allinclusivehotels.it\/fr","logo":{"@type":"ImageObject","inLanguage":"fr-FR","@id":"https:\/\/www.allinclusivehotels.it\/fr#\/schema\/logo\/image\/","url":"","contentUrl":"","caption":"All Inclusive Hotels"},"image":{"@id":"https:\/\/www.allinclusivehotels.it\/fr#\/schema\/logo\/image\/"}}]}},"_links":{"self":[{"href":"https:\/\/www.allinclusivehotels.it\/fr\/wp-json\/wp\/v2\/pages\/8197","targetHints":{"allow":["GET"]}}],"collection":[{"href":"https:\/\/www.allinclusivehotels.it\/fr\/wp-json\/wp\/v2\/pages"}],"about":[{"href":"https:\/\/www.allinclusivehotels.it\/fr\/wp-json\/wp\/v2\/types\/page"}],"author":[{"embeddable":true,"href":"https:\/\/www.allinclusivehotels.it\/fr\/wp-json\/wp\/v2\/users\/1"}],"replies":[{"embeddable":true,"href":"https:\/\/www.allinclusivehotels.it\/fr\/wp-json\/wp\/v2\/comments?post=8197"}],"version-history":[{"count":8,"href":"https:\/\/www.allinclusivehotels.it\/fr\/wp-json\/wp\/v2\/pages\/8197\/revisions"}],"predecessor-version":[{"id":18393,"href":"https:\/\/www.allinclusivehotels.it\/fr\/wp-json\/wp\/v2\/pages\/8197\/revisions\/18393"}],"up":[{"embeddable":true,"href":"https:\/\/www.allinclusivehotels.it\/fr\/wp-json\/wp\/v2\/pages\/8167"}],"wp:attachment":[{"href":"https:\/\/www.allinclusivehotels.it\/fr\/wp-json\/wp\/v2\/media?parent=8197"}],"curies":[{"name":"wp","href":"https:\/\/api.w.org\/{rel}","templated":true}]}}