{"id":8193,"date":"2022-02-16T14:38:12","date_gmt":"2022-02-16T13:38:12","guid":{"rendered":"https:\/\/www.allinclusivehotels.it\/destinations\/milano-marittima"},"modified":"2022-04-12T11:02:59","modified_gmt":"2022-04-12T09:02:59","slug":"milano-marittima","status":"publish","type":"page","link":"https:\/\/www.allinclusivehotels.it\/fr\/destinations\/milano-marittima","title":{"rendered":"Milano Marittima"},"content":{"rendered":"\n<h2 class=\"wp-block-heading\">Mondaine et \u00e0 la mode<\/h2>\n\n\n\n<p><b>Milano Marittima<\/b> est une des localit\u00e9s baln\u00e9aires les plus trendy et \u00e9l\u00e9gantes de la <b>Riviera<\/b> <b>Romagnole<\/b>. C\u2019est une station baln\u00e9aire branch\u00e9e, gr\u00e2ce notamment \u00e0 la beaut\u00e9 du littoral, \u00e0 la grande qualit\u00e9 des services et sa penchant inn\u00e9 pour le divertissement. Ses <b>9 kilom\u00e8tres de plages<\/b> offrent quelque 200 \u00e9tablissements face aux eaux limpides et s\u00e9curis\u00e9es, id\u00e9ales pour les familles avec enfants et plus g\u00e9n\u00e9ralement pour des vacances de qualit\u00e9.<\/p>\n\n\n\n<p>Le centre-ville est travers\u00e9 par des all\u00e9es arbor\u00e9es, bord\u00e9es de boutiques \u00e9l\u00e9gantes, de caf\u00e9s et clubs \u00e0 la mode, de restaurants chics et des discoth\u00e8ques les plus branch\u00e9es de la <b>Riviera Romagnole.<\/b> Parce qu\u2019\u00e0 <b>Milano Marittima<\/b> on vit le jour, mais aussi toute la nuit.<\/p>\n\n\n\n<!--more-->\n\n\n\n<h2 class=\"wp-block-heading\">Pour les sportifs et les familles<\/h2>\n\n\n\n<p>Le lieu est \u00e9galement une v\u00e9ritable Mecque pour les sportifs, gr\u00e2ce \u00e0 des \u00e9quipements \u00e0 la pointe et \u00e0 des \u00e9v\u00e9nements \u00e0 ne pas rater comme le <b>Vip Master Tennis<\/b> en juillet, avec la participation de diff\u00e9rentes c\u00e9l\u00e9brit\u00e9s et personnalit\u00e9s du spectacle.<\/p>\n\n\n\n<p>Mais <b>Milano Marittima<\/b> n\u2019est pas seulement cool et branch\u00e9e&nbsp;: elle est aussi l\u2019alli\u00e9e des familles, et ses <b>All Inclusive Hotels<\/b> incarnent au mieux cette vocation. Services adapt\u00e9s, animations \u00e0 la plage et \u00e0 l\u2019h\u00f4tel, d\u00e9tente et bien-\u00eatre, ainsi que des nombreuses occasions pour d\u00e9couvrir la richesse du territoire&nbsp;: tout cela fait partie de l\u2019accueil chaleureux et soign\u00e9 des <b>All Inclusive Hotels Milano Marittima.<\/b><\/p>\n\n\n\n<h2 class=\"wp-block-heading\">La pin\u00e8de et le parc des salines<\/h2>\n\n\n\n<p>Pour ceux qui aiment la nature et les vacances actives, la <b>pin\u00e8de s\u00e9culaire <\/b>d<b>e Cervia<\/b> est un pr\u00e9cieux poumon vert de la r\u00e9gion avec des parcours \u00e0 pied ou \u00e0 v\u00e9lo, des aires de stationnement et de pique-nique, et surtout <b>Cervia<\/b> <b>Avventura<\/b>, le parc o\u00f9 les enfants, munis de casque et de harnais de s\u00e9curit\u00e9, peuvent jouer les funambules parmi les arbres. Dans le <b>parc des Salines<\/b>, vous pourrez d\u00e9couvrir en outre une zone humide avec beaucoup de charme, royaume des flamants roses, tadornes de Belon, sternes, \u00e9chasses blanches et d\u2019autres esp\u00e8ces d\u2019oiseaux migrateurs et s\u00e9dentaires. Enfin il y a la <b>Casa delle Farfalle (Maison des papillons)<\/b>, une serre climatis\u00e9e de 500 m\u00e8tres carr\u00e9s o\u00f9 vivent ces merveilleuses cr\u00e9atures ail\u00e9es et multicolores provenant de toute la plan\u00e8te, ainsi que plusieurs sp\u00e9cimens d\u2019insectes et d\u2019invert\u00e9br\u00e9s. Tout cela dans un jardin botanique aux mille senteurs.<\/p>\n","protected":false},"excerpt":{"rendered":"<p>Mondaine et \u00e0 la mode Milano Marittima est une des localit\u00e9s baln\u00e9aires les plus trendy &hellip;<\/p>\n","protected":false},"author":1,"featured_media":0,"parent":8167,"menu_order":0,"comment_status":"closed","ping_status":"closed","template":"page-templates\/destinazione.php","meta":{"_acf_changed":false,"footnotes":""},"class_list":["post-8193","page","type-page","status-publish","hentry"],"acf":[],"yoast_head":"<!-- This site is optimized with the Yoast SEO plugin v27.0 - https:\/\/yoast.com\/product\/yoast-seo-wordpress\/ -->\n<title>H\u00f4tel All Inclusive Milano Marittima | Offres H\u00f4tel 3 \u00e9toiles pour les familles<\/title>\n<meta name=\"description\" content=\"Vous cherchez un H\u00f4tel All Inclusive \u00e0 Milano Marittima? D\u00e9couvrez la plus grande s\u00e9lection d&#039;h\u00f4tels avec offres tout compris!\" \/>\n<meta name=\"robots\" content=\"index, follow, max-snippet:-1, max-image-preview:large, max-video-preview:-1\" \/>\n<link rel=\"canonical\" href=\"https:\/\/www.allinclusivehotels.it\/fr\/destinations\/milano-marittima\" \/>\n<meta property=\"og:locale\" content=\"fr_FR\" \/>\n<meta property=\"og:type\" content=\"article\" \/>\n<meta property=\"og:title\" content=\"H\u00f4tel All Inclusive Milano Marittima | Offres H\u00f4tel 3 \u00e9toiles pour les familles\" \/>\n<meta property=\"og:description\" content=\"Vous cherchez un H\u00f4tel All Inclusive \u00e0 Milano Marittima? D\u00e9couvrez la plus grande s\u00e9lection d&#039;h\u00f4tels avec offres tout compris!\" \/>\n<meta property=\"og:url\" content=\"https:\/\/www.allinclusivehotels.it\/fr\/destinations\/milano-marittima\" \/>\n<meta property=\"og:site_name\" content=\"All Inclusive Hotels\" \/>\n<meta property=\"article:modified_time\" content=\"2022-04-12T09:02:59+00:00\" \/>\n<meta name=\"twitter:card\" content=\"summary_large_image\" \/>\n<meta name=\"twitter:label1\" content=\"Dur\u00e9e de lecture estim\u00e9e\" \/>\n\t<meta name=\"twitter:data1\" content=\"3 minutes\" \/>\n<script type=\"application\/ld+json\" class=\"yoast-schema-graph\">{\"@context\":\"https:\/\/schema.org\",\"@graph\":[{\"@type\":\"WebPage\",\"@id\":\"https:\/\/www.allinclusivehotels.it\/fr\/destinations\/milano-marittima\",\"url\":\"https:\/\/www.allinclusivehotels.it\/fr\/destinations\/milano-marittima\",\"name\":\"H\u00f4tel All Inclusive Milano Marittima | Offres H\u00f4tel 3 \u00e9toiles pour les familles\",\"isPartOf\":{\"@id\":\"https:\/\/www.allinclusivehotels.it\/fr#website\"},\"datePublished\":\"2022-02-16T13:38:12+00:00\",\"dateModified\":\"2022-04-12T09:02:59+00:00\",\"description\":\"Vous cherchez un H\u00f4tel All Inclusive \u00e0 Milano Marittima? D\u00e9couvrez la plus grande s\u00e9lection d'h\u00f4tels avec offres tout compris!\",\"breadcrumb\":{\"@id\":\"https:\/\/www.allinclusivehotels.it\/fr\/destinations\/milano-marittima#breadcrumb\"},\"inLanguage\":\"fr-FR\",\"potentialAction\":[{\"@type\":\"ReadAction\",\"target\":[\"https:\/\/www.allinclusivehotels.it\/fr\/destinations\/milano-marittima\"]}]},{\"@type\":\"BreadcrumbList\",\"@id\":\"https:\/\/www.allinclusivehotels.it\/fr\/destinations\/milano-marittima#breadcrumb\",\"itemListElement\":[{\"@type\":\"ListItem\",\"position\":1,\"name\":\"Home\",\"item\":\"https:\/\/www.allinclusivehotels.it\/fr\"},{\"@type\":\"ListItem\",\"position\":2,\"name\":\"Destinations\",\"item\":\"https:\/\/www.allinclusivehotels.it\/fr\/destinations\"},{\"@type\":\"ListItem\",\"position\":3,\"name\":\"Milano Marittima\"}]},{\"@type\":\"WebSite\",\"@id\":\"https:\/\/www.allinclusivehotels.it\/fr#website\",\"url\":\"https:\/\/www.allinclusivehotels.it\/fr\",\"name\":\"All Inclusive Hotels\",\"description\":\"\",\"publisher\":{\"@id\":\"https:\/\/www.allinclusivehotels.it\/fr#organization\"},\"potentialAction\":[{\"@type\":\"SearchAction\",\"target\":{\"@type\":\"EntryPoint\",\"urlTemplate\":\"https:\/\/www.allinclusivehotels.it\/fr?s={search_term_string}\"},\"query-input\":{\"@type\":\"PropertyValueSpecification\",\"valueRequired\":true,\"valueName\":\"search_term_string\"}}],\"inLanguage\":\"fr-FR\"},{\"@type\":\"Organization\",\"@id\":\"https:\/\/www.allinclusivehotels.it\/fr#organization\",\"name\":\"All Inclusive Hotels\",\"url\":\"https:\/\/www.allinclusivehotels.it\/fr\",\"logo\":{\"@type\":\"ImageObject\",\"inLanguage\":\"fr-FR\",\"@id\":\"https:\/\/www.allinclusivehotels.it\/fr#\/schema\/logo\/image\/\",\"url\":\"\",\"contentUrl\":\"\",\"caption\":\"All Inclusive Hotels\"},\"image\":{\"@id\":\"https:\/\/www.allinclusivehotels.it\/fr#\/schema\/logo\/image\/\"}}]}<\/script>\n<!-- \/ Yoast SEO plugin. -->","yoast_head_json":{"title":"H\u00f4tel All Inclusive Milano Marittima | Offres H\u00f4tel 3 \u00e9toiles pour les familles","description":"Vous cherchez un H\u00f4tel All Inclusive \u00e0 Milano Marittima? D\u00e9couvrez la plus grande s\u00e9lection d'h\u00f4tels avec offres tout compris!","robots":{"index":"index","follow":"follow","max-snippet":"max-snippet:-1","max-image-preview":"max-image-preview:large","max-video-preview":"max-video-preview:-1"},"canonical":"https:\/\/www.allinclusivehotels.it\/fr\/destinations\/milano-marittima","og_locale":"fr_FR","og_type":"article","og_title":"H\u00f4tel All Inclusive Milano Marittima | Offres H\u00f4tel 3 \u00e9toiles pour les familles","og_description":"Vous cherchez un H\u00f4tel All Inclusive \u00e0 Milano Marittima? D\u00e9couvrez la plus grande s\u00e9lection d'h\u00f4tels avec offres tout compris!","og_url":"https:\/\/www.allinclusivehotels.it\/fr\/destinations\/milano-marittima","og_site_name":"All Inclusive Hotels","article_modified_time":"2022-04-12T09:02:59+00:00","twitter_card":"summary_large_image","twitter_misc":{"Dur\u00e9e de lecture estim\u00e9e":"3 minutes"},"schema":{"@context":"https:\/\/schema.org","@graph":[{"@type":"WebPage","@id":"https:\/\/www.allinclusivehotels.it\/fr\/destinations\/milano-marittima","url":"https:\/\/www.allinclusivehotels.it\/fr\/destinations\/milano-marittima","name":"H\u00f4tel All Inclusive Milano Marittima | Offres H\u00f4tel 3 \u00e9toiles pour les familles","isPartOf":{"@id":"https:\/\/www.allinclusivehotels.it\/fr#website"},"datePublished":"2022-02-16T13:38:12+00:00","dateModified":"2022-04-12T09:02:59+00:00","description":"Vous cherchez un H\u00f4tel All Inclusive \u00e0 Milano Marittima? D\u00e9couvrez la plus grande s\u00e9lection d'h\u00f4tels avec offres tout compris!","breadcrumb":{"@id":"https:\/\/www.allinclusivehotels.it\/fr\/destinations\/milano-marittima#breadcrumb"},"inLanguage":"fr-FR","potentialAction":[{"@type":"ReadAction","target":["https:\/\/www.allinclusivehotels.it\/fr\/destinations\/milano-marittima"]}]},{"@type":"BreadcrumbList","@id":"https:\/\/www.allinclusivehotels.it\/fr\/destinations\/milano-marittima#breadcrumb","itemListElement":[{"@type":"ListItem","position":1,"name":"Home","item":"https:\/\/www.allinclusivehotels.it\/fr"},{"@type":"ListItem","position":2,"name":"Destinations","item":"https:\/\/www.allinclusivehotels.it\/fr\/destinations"},{"@type":"ListItem","position":3,"name":"Milano Marittima"}]},{"@type":"WebSite","@id":"https:\/\/www.allinclusivehotels.it\/fr#website","url":"https:\/\/www.allinclusivehotels.it\/fr","name":"All Inclusive Hotels","description":"","publisher":{"@id":"https:\/\/www.allinclusivehotels.it\/fr#organization"},"potentialAction":[{"@type":"SearchAction","target":{"@type":"EntryPoint","urlTemplate":"https:\/\/www.allinclusivehotels.it\/fr?s={search_term_string}"},"query-input":{"@type":"PropertyValueSpecification","valueRequired":true,"valueName":"search_term_string"}}],"inLanguage":"fr-FR"},{"@type":"Organization","@id":"https:\/\/www.allinclusivehotels.it\/fr#organization","name":"All Inclusive Hotels","url":"https:\/\/www.allinclusivehotels.it\/fr","logo":{"@type":"ImageObject","inLanguage":"fr-FR","@id":"https:\/\/www.allinclusivehotels.it\/fr#\/schema\/logo\/image\/","url":"","contentUrl":"","caption":"All Inclusive Hotels"},"image":{"@id":"https:\/\/www.allinclusivehotels.it\/fr#\/schema\/logo\/image\/"}}]}},"_links":{"self":[{"href":"https:\/\/www.allinclusivehotels.it\/fr\/wp-json\/wp\/v2\/pages\/8193","targetHints":{"allow":["GET"]}}],"collection":[{"href":"https:\/\/www.allinclusivehotels.it\/fr\/wp-json\/wp\/v2\/pages"}],"about":[{"href":"https:\/\/www.allinclusivehotels.it\/fr\/wp-json\/wp\/v2\/types\/page"}],"author":[{"embeddable":true,"href":"https:\/\/www.allinclusivehotels.it\/fr\/wp-json\/wp\/v2\/users\/1"}],"replies":[{"embeddable":true,"href":"https:\/\/www.allinclusivehotels.it\/fr\/wp-json\/wp\/v2\/comments?post=8193"}],"version-history":[{"count":5,"href":"https:\/\/www.allinclusivehotels.it\/fr\/wp-json\/wp\/v2\/pages\/8193\/revisions"}],"predecessor-version":[{"id":18392,"href":"https:\/\/www.allinclusivehotels.it\/fr\/wp-json\/wp\/v2\/pages\/8193\/revisions\/18392"}],"up":[{"embeddable":true,"href":"https:\/\/www.allinclusivehotels.it\/fr\/wp-json\/wp\/v2\/pages\/8167"}],"wp:attachment":[{"href":"https:\/\/www.allinclusivehotels.it\/fr\/wp-json\/wp\/v2\/media?parent=8193"}],"curies":[{"name":"wp","href":"https:\/\/api.w.org\/{rel}","templated":true}]}}