{"id":8191,"date":"2022-02-16T14:38:11","date_gmt":"2022-02-16T13:38:11","guid":{"rendered":"https:\/\/www.allinclusivehotels.it\/destinations\/marina-romea"},"modified":"2022-04-12T10:59:46","modified_gmt":"2022-04-12T08:59:46","slug":"marina-romea","status":"publish","type":"page","link":"https:\/\/www.allinclusivehotels.it\/fr\/destinations\/marina-romea","title":{"rendered":"Marina Romea"},"content":{"rendered":"\n<h2 class=\"wp-block-heading\">Une plage entre le bleu de la mer et le vert de la pin\u00e8de<\/h2>\n\n\n\n<p>Les <b>plages<\/b> de Marina Romea sont <b>sablonneuses et deviennent profondes tr\u00e8s progressivement<\/b>. Les zones \u00e9quip\u00e9es alternent avec zones libres. Ces plages sont parfaites pour les familles avec enfants en bas \u00e2ge, <b>les couples<\/b>, les <b>seniors, et les groupes d\u2019amis qui veulent se d\u00e9tendre. <\/b>En parcourant les ravissants <b>sentiers arbor\u00e9s de la pin\u00e8de<\/b>, on rejoint la plage caract\u00e9ris\u00e9e par <b>ses dunes, ses plantes et une mer limpide<\/b> o\u00f9 se baigner en toute s\u00e9curit\u00e9.<\/p>\n\n\n\n<!--more-->\n\n\n\n<p>\u00c0 deux pas de la mer, se situe <b>Pialassa Baiona, la lagune saum\u00e2tre du parc du delta du P\u00f4, qui offre les<\/b> <b>meilleures vues pour en mettre plein les yeux de l\u2019aube<\/b> <b>au coucher du soleil<\/b>. La r\u00e9gion poss\u00e8de une riche vari\u00e9t\u00e9 de faune et de flore \u00e0 explorer&nbsp;: une destination parfaite pour <b>les amateurs de la nature et les passionn\u00e9s de birdwatching<\/b>. Avec ses longues pattes, son bec courb\u00e9 et son d\u00e9licat plumage, le <b>flamant rose <\/b>est le roi de ce territoire. Trouver une de ses plumes au sol est un r\u00e9gal pour les yeux et pour le c\u0153ur&nbsp;: un doux souvenir \u00e0 garder da son journal intime, un accessoire pour sa coiffure, de quoi stimuler son \u00e2me artistique une fois rentr\u00e9 des vacances.<\/p>\n\n\n\n<p>Marina Romea offre aussi de nombreuses opportunit\u00e9s aux <b>sportifs&nbsp;<\/b>: <b>excursions \u00e0 cheval, parcours \u00e0 v\u00e9l\u00f2, randonn\u00e9es paisibles, sorties en cano\u00eb ou en bateau pour visiter les magnifiques cabanes de p\u00eacheurs qui ont fait l\u2019histoire de ces lieux. <\/b><\/p>\n\n\n\n<p>Beaucoup de nature donc, mais d\u2019autres surprises sont \u00e0 d\u00e9couvrir.<\/p>\n\n\n\n<h2 class=\"wp-block-heading\">L\u2019art et la culture au coin de la rue<\/h2>\n\n\n\n<p><b>On peut rejoindre Ravenne en seulement 20 minutes&nbsp;:<\/b> une visite des mosa\u00efques saura impressionner les plus grands mais aussi les plus petits. <b>Des ateliers pour enfants, des mus\u00e9es, le tombeau de Dante <\/b>et de nombreuses manifestations en lien avec la figure du Po\u00e8te sont au programme. L\u2019architecture et les couleurs de <b>Ravenne<\/b>, <b>qui fut capitale de l\u2019Empire romain d\u2019Occident<\/b>, sont toujours aussi vives et impressionnantes qu\u2019autrefois.<\/p>\n\n\n\n<h2 class=\"wp-block-heading\">Un divertissement sensationnel<\/h2>\n\n\n\n<p>Voyez comme on s\u2019\u00e9clate ici, allez-y essayez&nbsp;! Allez faire un tour sur <b>les joyaux<\/b> <b>du plus c\u00e9l\u00e8bre des parcs d\u2019attractions&nbsp;: Mirabilandia<\/b>. Si c\u2019est l\u2019<b>adr\u00e9naline <\/b>que vous recherchez, <b>vous serez servi, gr\u00e2ce aux<\/b> innombrables attractions, aussi amusantes pour les adolescents que pour les enfants&nbsp;: le divertissement ici n\u2019a pas d\u2019\u00e2ge&nbsp;!<\/p>\n","protected":false},"excerpt":{"rendered":"<p>Une plage entre le bleu de la mer et le vert de la pin\u00e8de Les &hellip;<\/p>\n","protected":false},"author":1,"featured_media":0,"parent":8167,"menu_order":0,"comment_status":"closed","ping_status":"closed","template":"page-templates\/destinazione.php","meta":{"_acf_changed":false,"footnotes":""},"class_list":["post-8191","page","type-page","status-publish","hentry"],"acf":[],"yoast_head":"<!-- This site is optimized with the Yoast SEO plugin v27.0 - https:\/\/yoast.com\/product\/yoast-seo-wordpress\/ -->\n<title>H\u00f4tel All Inclusive Marina Romea | Offres H\u00f4tel 3 \u00e9toiles pour les familles<\/title>\n<meta name=\"description\" content=\"Vous cherchez un H\u00f4tel All Inclusive \u00e0 Marina Romea? D\u00e9couvrez la plus grande s\u00e9lection d&#039;h\u00f4tels avec offres tout compris!\" \/>\n<meta name=\"robots\" content=\"index, follow, max-snippet:-1, max-image-preview:large, max-video-preview:-1\" \/>\n<link rel=\"canonical\" href=\"https:\/\/www.allinclusivehotels.it\/fr\/destinations\/marina-romea\" \/>\n<meta property=\"og:locale\" content=\"fr_FR\" \/>\n<meta property=\"og:type\" content=\"article\" \/>\n<meta property=\"og:title\" content=\"H\u00f4tel All Inclusive Marina Romea | Offres H\u00f4tel 3 \u00e9toiles pour les familles\" \/>\n<meta property=\"og:description\" content=\"Vous cherchez un H\u00f4tel All Inclusive \u00e0 Marina Romea? D\u00e9couvrez la plus grande s\u00e9lection d&#039;h\u00f4tels avec offres tout compris!\" \/>\n<meta property=\"og:url\" content=\"https:\/\/www.allinclusivehotels.it\/fr\/destinations\/marina-romea\" \/>\n<meta property=\"og:site_name\" content=\"All Inclusive Hotels\" \/>\n<meta property=\"article:modified_time\" content=\"2022-04-12T08:59:46+00:00\" \/>\n<meta name=\"twitter:card\" content=\"summary_large_image\" \/>\n<meta name=\"twitter:label1\" content=\"Dur\u00e9e de lecture estim\u00e9e\" \/>\n\t<meta name=\"twitter:data1\" content=\"3 minutes\" \/>\n<script type=\"application\/ld+json\" class=\"yoast-schema-graph\">{\"@context\":\"https:\/\/schema.org\",\"@graph\":[{\"@type\":\"WebPage\",\"@id\":\"https:\/\/www.allinclusivehotels.it\/fr\/destinations\/marina-romea\",\"url\":\"https:\/\/www.allinclusivehotels.it\/fr\/destinations\/marina-romea\",\"name\":\"H\u00f4tel All Inclusive Marina Romea | Offres H\u00f4tel 3 \u00e9toiles pour les familles\",\"isPartOf\":{\"@id\":\"https:\/\/www.allinclusivehotels.it\/fr#website\"},\"datePublished\":\"2022-02-16T13:38:11+00:00\",\"dateModified\":\"2022-04-12T08:59:46+00:00\",\"description\":\"Vous cherchez un H\u00f4tel All Inclusive \u00e0 Marina Romea? D\u00e9couvrez la plus grande s\u00e9lection d'h\u00f4tels avec offres tout compris!\",\"breadcrumb\":{\"@id\":\"https:\/\/www.allinclusivehotels.it\/fr\/destinations\/marina-romea#breadcrumb\"},\"inLanguage\":\"fr-FR\",\"potentialAction\":[{\"@type\":\"ReadAction\",\"target\":[\"https:\/\/www.allinclusivehotels.it\/fr\/destinations\/marina-romea\"]}]},{\"@type\":\"BreadcrumbList\",\"@id\":\"https:\/\/www.allinclusivehotels.it\/fr\/destinations\/marina-romea#breadcrumb\",\"itemListElement\":[{\"@type\":\"ListItem\",\"position\":1,\"name\":\"Home\",\"item\":\"https:\/\/www.allinclusivehotels.it\/fr\"},{\"@type\":\"ListItem\",\"position\":2,\"name\":\"Destinations\",\"item\":\"https:\/\/www.allinclusivehotels.it\/fr\/destinations\"},{\"@type\":\"ListItem\",\"position\":3,\"name\":\"Marina Romea\"}]},{\"@type\":\"WebSite\",\"@id\":\"https:\/\/www.allinclusivehotels.it\/fr#website\",\"url\":\"https:\/\/www.allinclusivehotels.it\/fr\",\"name\":\"All Inclusive Hotels\",\"description\":\"\",\"publisher\":{\"@id\":\"https:\/\/www.allinclusivehotels.it\/fr#organization\"},\"potentialAction\":[{\"@type\":\"SearchAction\",\"target\":{\"@type\":\"EntryPoint\",\"urlTemplate\":\"https:\/\/www.allinclusivehotels.it\/fr?s={search_term_string}\"},\"query-input\":{\"@type\":\"PropertyValueSpecification\",\"valueRequired\":true,\"valueName\":\"search_term_string\"}}],\"inLanguage\":\"fr-FR\"},{\"@type\":\"Organization\",\"@id\":\"https:\/\/www.allinclusivehotels.it\/fr#organization\",\"name\":\"All Inclusive Hotels\",\"url\":\"https:\/\/www.allinclusivehotels.it\/fr\",\"logo\":{\"@type\":\"ImageObject\",\"inLanguage\":\"fr-FR\",\"@id\":\"https:\/\/www.allinclusivehotels.it\/fr#\/schema\/logo\/image\/\",\"url\":\"\",\"contentUrl\":\"\",\"caption\":\"All Inclusive Hotels\"},\"image\":{\"@id\":\"https:\/\/www.allinclusivehotels.it\/fr#\/schema\/logo\/image\/\"}}]}<\/script>\n<!-- \/ Yoast SEO plugin. -->","yoast_head_json":{"title":"H\u00f4tel All Inclusive Marina Romea | Offres H\u00f4tel 3 \u00e9toiles pour les familles","description":"Vous cherchez un H\u00f4tel All Inclusive \u00e0 Marina Romea? D\u00e9couvrez la plus grande s\u00e9lection d'h\u00f4tels avec offres tout compris!","robots":{"index":"index","follow":"follow","max-snippet":"max-snippet:-1","max-image-preview":"max-image-preview:large","max-video-preview":"max-video-preview:-1"},"canonical":"https:\/\/www.allinclusivehotels.it\/fr\/destinations\/marina-romea","og_locale":"fr_FR","og_type":"article","og_title":"H\u00f4tel All Inclusive Marina Romea | Offres H\u00f4tel 3 \u00e9toiles pour les familles","og_description":"Vous cherchez un H\u00f4tel All Inclusive \u00e0 Marina Romea? D\u00e9couvrez la plus grande s\u00e9lection d'h\u00f4tels avec offres tout compris!","og_url":"https:\/\/www.allinclusivehotels.it\/fr\/destinations\/marina-romea","og_site_name":"All Inclusive Hotels","article_modified_time":"2022-04-12T08:59:46+00:00","twitter_card":"summary_large_image","twitter_misc":{"Dur\u00e9e de lecture estim\u00e9e":"3 minutes"},"schema":{"@context":"https:\/\/schema.org","@graph":[{"@type":"WebPage","@id":"https:\/\/www.allinclusivehotels.it\/fr\/destinations\/marina-romea","url":"https:\/\/www.allinclusivehotels.it\/fr\/destinations\/marina-romea","name":"H\u00f4tel All Inclusive Marina Romea | Offres H\u00f4tel 3 \u00e9toiles pour les familles","isPartOf":{"@id":"https:\/\/www.allinclusivehotels.it\/fr#website"},"datePublished":"2022-02-16T13:38:11+00:00","dateModified":"2022-04-12T08:59:46+00:00","description":"Vous cherchez un H\u00f4tel All Inclusive \u00e0 Marina Romea? D\u00e9couvrez la plus grande s\u00e9lection d'h\u00f4tels avec offres tout compris!","breadcrumb":{"@id":"https:\/\/www.allinclusivehotels.it\/fr\/destinations\/marina-romea#breadcrumb"},"inLanguage":"fr-FR","potentialAction":[{"@type":"ReadAction","target":["https:\/\/www.allinclusivehotels.it\/fr\/destinations\/marina-romea"]}]},{"@type":"BreadcrumbList","@id":"https:\/\/www.allinclusivehotels.it\/fr\/destinations\/marina-romea#breadcrumb","itemListElement":[{"@type":"ListItem","position":1,"name":"Home","item":"https:\/\/www.allinclusivehotels.it\/fr"},{"@type":"ListItem","position":2,"name":"Destinations","item":"https:\/\/www.allinclusivehotels.it\/fr\/destinations"},{"@type":"ListItem","position":3,"name":"Marina Romea"}]},{"@type":"WebSite","@id":"https:\/\/www.allinclusivehotels.it\/fr#website","url":"https:\/\/www.allinclusivehotels.it\/fr","name":"All Inclusive Hotels","description":"","publisher":{"@id":"https:\/\/www.allinclusivehotels.it\/fr#organization"},"potentialAction":[{"@type":"SearchAction","target":{"@type":"EntryPoint","urlTemplate":"https:\/\/www.allinclusivehotels.it\/fr?s={search_term_string}"},"query-input":{"@type":"PropertyValueSpecification","valueRequired":true,"valueName":"search_term_string"}}],"inLanguage":"fr-FR"},{"@type":"Organization","@id":"https:\/\/www.allinclusivehotels.it\/fr#organization","name":"All Inclusive Hotels","url":"https:\/\/www.allinclusivehotels.it\/fr","logo":{"@type":"ImageObject","inLanguage":"fr-FR","@id":"https:\/\/www.allinclusivehotels.it\/fr#\/schema\/logo\/image\/","url":"","contentUrl":"","caption":"All Inclusive Hotels"},"image":{"@id":"https:\/\/www.allinclusivehotels.it\/fr#\/schema\/logo\/image\/"}}]}},"_links":{"self":[{"href":"https:\/\/www.allinclusivehotels.it\/fr\/wp-json\/wp\/v2\/pages\/8191","targetHints":{"allow":["GET"]}}],"collection":[{"href":"https:\/\/www.allinclusivehotels.it\/fr\/wp-json\/wp\/v2\/pages"}],"about":[{"href":"https:\/\/www.allinclusivehotels.it\/fr\/wp-json\/wp\/v2\/types\/page"}],"author":[{"embeddable":true,"href":"https:\/\/www.allinclusivehotels.it\/fr\/wp-json\/wp\/v2\/users\/1"}],"replies":[{"embeddable":true,"href":"https:\/\/www.allinclusivehotels.it\/fr\/wp-json\/wp\/v2\/comments?post=8191"}],"version-history":[{"count":5,"href":"https:\/\/www.allinclusivehotels.it\/fr\/wp-json\/wp\/v2\/pages\/8191\/revisions"}],"predecessor-version":[{"id":18346,"href":"https:\/\/www.allinclusivehotels.it\/fr\/wp-json\/wp\/v2\/pages\/8191\/revisions\/18346"}],"up":[{"embeddable":true,"href":"https:\/\/www.allinclusivehotels.it\/fr\/wp-json\/wp\/v2\/pages\/8167"}],"wp:attachment":[{"href":"https:\/\/www.allinclusivehotels.it\/fr\/wp-json\/wp\/v2\/media?parent=8191"}],"curies":[{"name":"wp","href":"https:\/\/api.w.org\/{rel}","templated":true}]}}